{"id":3332,"date":"2024-06-05T21:18:06","date_gmt":"2024-06-05T13:18:06","guid":{"rendered":"https:\/\/www.distribution-transformer.com\/?post_type=product&#038;p=3332"},"modified":"2024-10-20T18:05:52","modified_gmt":"2024-10-20T10:05:52","slug":"transformer-substation","status":"publish","type":"product","link":"http:\/\/www.distribution-transformer.com\/pt\/product\/subestacao-transformadora\/","title":{"rendered":"subesta\u00e7\u00e3o transformadora"},"content":{"rendered":"<p>A Faraday Electric foi fundada em 1993, especializando-se na produ\u00e7\u00e3o de equipamentos de transmiss\u00e3o e distribui\u00e7\u00e3o de alta e baixa tens\u00e3o, e sempre se concentrou na integra\u00e7\u00e3o de pesquisa e desenvolvimento, design, OEM, ODM e com\u00e9rcio como um de seus neg\u00f3cios. Ap\u00f3s mais de 20 anos de inova\u00e7\u00e3o e esfor\u00e7o, a empresa forneceu energia para mais de 90 pa\u00edses e 50 empresas de servi\u00e7os p\u00fablicos.<\/p>\n<p>Ao mesmo tempo, tamb\u00e9m ganhamos reconhecimento e elogios do governo no mercado chin\u00eas. Nossos produtos incluem RMU e pain\u00e9is de distribui\u00e7\u00e3o, transformadores de pot\u00eancia, interruptores internos e externos, etc., e foram aprovados nas certifica\u00e7\u00f5es ISO, KEMA, ASTA, CE e outras. Acreditamos que nossos produtos podem satisfazer os clientes. A empresa tem a satisfa\u00e7\u00e3o do cliente como seu objetivo, a orienta\u00e7\u00e3o para as pessoas e a inova\u00e7\u00e3o tecnol\u00f3gica como sua filosofia de neg\u00f3cios.<\/p>\n<p><iframe loading=\"lazy\" width=\"560\" height=\"315\" src=\"https:\/\/www.youtube.com\/embed\/TFTAHgcCZiA?si=SLwXKMvOKOzGyvsl\" title=\"Reprodutor de v\u00eddeo do YouTube\" frameborder=\"0\" allow=\"accelerometer; autoplay; clipboard-write; encrypted-media; gyroscope; picture-in-picture; web-share\" referrerpolicy=\"strict-origin-when-cross-origin\" allowfullscreen><\/iframe><\/p>\n<table class=\"table  table-bordered text-center\">\n<thead>\n<\/thead>\n<tbody>\n<tr>\n<td><span style=\"font-family: Poppins, Helvetica, sans-serif; font-size: 13px; font-style: normal; font-variant-ligatures: normal; font-variant-caps: normal; font-weight: 400; letter-spacing: 0.16px;\">Nome do produto<\/span><\/td>\n<td><span style=\"font-family: Poppins, Helvetica, sans-serif; font-size: 13px; font-style: normal; font-variant-ligatures: normal; font-variant-caps: normal; font-weight: 400; letter-spacing: 0.16px;\">subesta\u00e7\u00e3o transformadora<\/span><\/td>\n<\/tr>\n<tr>\n<td>Local de origem<\/td>\n<td><span style=\"font-family: Poppins, Helvetica, sans-serif; font-size: 13px; font-style: normal; font-variant-ligatures: normal; font-variant-caps: normal; font-weight: 400; letter-spacing: 0.16px;\">China<\/span><\/td>\n<\/tr>\n<tr>\n<td>Nome da marca<\/td>\n<td>Farady<\/td>\n<\/tr>\n<tr>\n<td>Aplicativo<\/td>\n<td>pr\u00e9dio alto, unidade de bairro... etc<\/td>\n<\/tr>\n<tr>\n<td>Certifica\u00e7\u00e3o<\/td>\n<td>KEMA, ASTA... etc<\/td>\n<\/tr>\n<tr>\n<td>Uso<\/td>\n<td>PODER<\/td>\n<\/tr>\n<tr>\n<td><span style=\"font-family: Poppins, Helvetica, sans-serif; font-size: 13px; font-style: normal; font-variant-ligatures: normal; font-variant-caps: normal; font-weight: 400; letter-spacing: 0.16px;\">Detalhes da embalagem<\/span><\/td>\n<td>Embalado em caixas de madeira compensada<\/td>\n<\/tr>\n<tr>\n<td><span style=\"font-family: Poppins, Helvetica, sans-serif; font-size: 13px; font-style: normal; font-variant-ligatures: normal; font-variant-caps: normal; font-weight: 400; letter-spacing: 0.16px; text-align: left;\">Prazo de entrega (dias)<\/span><\/td>\n<td><span style=\"font-family: Poppins, Helvetica, sans-serif; font-size: 13px; font-style: normal; font-variant-ligatures: normal; font-variant-caps: normal; font-weight: 400; letter-spacing: 0.16px; text-align: left;\">10-30 (a ser negociado)<\/span><\/td>\n<\/tr>\n<tr>\n<td>Capacidade de fornecimento<\/td>\n<td>100 conjuntos\/conjuntos por m\u00eas<\/td>\n<\/tr>\n<\/tbody>\n<\/table>\n<p><font color=\"#0000ff\"><b>&nbsp;Observe<\/b><\/font>: Os dados da tabela acima s\u00e3o apenas para refer\u00eancia. Para obter informa\u00e7\u00f5es espec\u00edficas, entre em contato conosco.<\/p>\n<p><strong><\/strong><\/p>\n<p style=\"text-align:center;\"><img decoding=\"async\" src=\"https:\/\/www.distribution-transformer.com\/wp-content\/uploads\/2024\/04\/Farady-1.jpg\" atl=\"transformer substation\" title=\"subesta\u00e7\u00e3o transformadora\"><\/p>\n<p style=\"text-align: center;\"><b>O workshop mostra a subesta\u00e7\u00e3o do transformador<\/b><\/p>\n<p style=\"text-align:center;\"><img decoding=\"async\" src=\"https:\/\/www.distribution-transformer.com\/wp-content\/uploads\/2024\/04\/Farady-2.jpg\" atl=\"transformer substation\" title=\"subesta\u00e7\u00e3o transformadora\"><\/p>\n<p><strong><\/strong><\/p>\n<p style=\"text-align:center;\"><img decoding=\"async\" src=\"https:\/\/www.distribution-transformer.com\/wp-content\/uploads\/2024\/04\/Farady-3.jpg\" atl=\"transformer substation\" title=\"subesta\u00e7\u00e3o transformadora\"><\/p>\n<p style=\"text-align: center;\"><b>Nossos clientes v\u00eam visitar os produtos da subesta\u00e7\u00e3o de transformadores<\/b><\/p>\n<p style=\"text-align:center;\"><img decoding=\"async\" src=\"https:\/\/www.distribution-transformer.com\/wp-content\/uploads\/2024\/04\/Farady-3-1.jpg\" atl=\"transformer substation\" title=\"subesta\u00e7\u00e3o transformadora\"><\/p>\n<p style=\"text-align: center;\"><b>Trata-se de uma subesta\u00e7\u00e3o de transformadores e outros produtos<\/b><\/p>\n<p style=\"text-align:center;\"><img decoding=\"async\" src=\"https:\/\/www.distribution-transformer.com\/wp-content\/uploads\/2024\/04\/Farady-4.jpg\" atl=\"transformer substation\" title=\"subesta\u00e7\u00e3o transformadora\"><\/p>\n<p><strong><\/strong><\/p>\n<p style=\"text-align:center;\"><img decoding=\"async\" src=\"https:\/\/www.distribution-transformer.com\/wp-content\/uploads\/2024\/04\/Farady-5.jpg\" atl=\"transformer substation\" title=\"subesta\u00e7\u00e3o transformadora\"><\/p>\n<p><strong><\/strong><\/p>\n<p style=\"text-align:center;\"><img decoding=\"async\" src=\"https:\/\/www.distribution-transformer.com\/wp-content\/uploads\/2024\/04\/Farady-6.jpg\" atl=\"transformer substation\" title=\"subesta\u00e7\u00e3o transformadora\"><\/p>\n<p style=\"text-align: center;\"><b>Este \u00e9 o nosso mostru\u00e1rio de instala\u00e7\u00e3o de produtos de subesta\u00e7\u00e3o de transformadores<\/b><\/p>\n<p style=\"text-align:center;\"><img decoding=\"async\" src=\"https:\/\/www.distribution-transformer.com\/wp-content\/uploads\/2024\/04\/Farady-7.jpg\" atl=\"transformer substation\" title=\"subesta\u00e7\u00e3o transformadora\"><\/p>\n<p><strong><\/strong><\/p>\n<p style=\"text-align:center;\"><img decoding=\"async\" src=\"https:\/\/www.distribution-transformer.com\/wp-content\/uploads\/2024\/04\/Farady-8.jpg\" atl=\"transformer substation\" title=\"subesta\u00e7\u00e3o transformadora\"><\/p>\n<p><strong><\/strong><\/p>\n<p style=\"text-align:center;\"><img decoding=\"async\" src=\"https:\/\/www.distribution-transformer.com\/wp-content\/uploads\/2024\/04\/Farady-9.jpg\" atl=\"transformer substation\" title=\"subesta\u00e7\u00e3o transformadora\"><\/p>\n<p><strong><\/strong><\/p>\n<p style=\"text-align:center;\"><img decoding=\"async\" src=\"https:\/\/www.distribution-transformer.com\/wp-content\/uploads\/2024\/04\/Farady-10.jpg\" atl=\"transformer substation\" title=\"subesta\u00e7\u00e3o transformadora\"><\/p>\n<p><strong><\/strong><\/p>\n<p style=\"text-align:center;\"><img decoding=\"async\" src=\"https:\/\/www.distribution-transformer.com\/wp-content\/uploads\/2024\/04\/Farady-11.jpg\" atl=\"transformer substation\" title=\"subesta\u00e7\u00e3o transformadora\"><\/p>\n<p><strong><\/strong><\/p>\n<p style=\"text-align:center;\"><img decoding=\"async\" src=\"https:\/\/www.distribution-transformer.com\/wp-content\/uploads\/2024\/04\/Farady-12.jpg\" atl=\"transformer substation\" title=\"subesta\u00e7\u00e3o transformadora\"><\/p>\n<p><\/p>","protected":false},"excerpt":{"rendered":"<p>Faraday Electric was founded in 1993, specializing in the production of high and low voltage transmission and distribution equipment, and has always focused on integrating research and development, design, OEM, ODM, and trade as one of its businesses. After more than 20 years of innovation and effort, it has supplied power to more than 90 [&hellip;]<\/p>","protected":false},"featured_media":3015,"comment_status":"open","ping_status":"closed","template":"","meta":[],"product_cat":[55],"product_tag":[],"class_list":["post-3332","product","type-product","status-publish","has-post-thumbnail","hentry","product_cat-other"],"yoast_head":"<!-- This site is optimized with the Yoast SEO plugin v22.3 - https:\/\/yoast.com\/wordpress\/plugins\/seo\/ -->\n<title>transformer substation - Farady<\/title>\n<meta name=\"description\" content=\"Farady produces transformer substation and other series of transformer to meet the needs of different scenarios in various industries.\" \/>\n<meta name=\"robots\" content=\"index, follow, max-snippet:-1, max-image-preview:large, max-video-preview:-1\" \/>\n<link rel=\"canonical\" href=\"http:\/\/www.distribution-transformer.com\/pt\/produto\/subestacao-transformadora\/\" \/>\n<meta property=\"og:locale\" content=\"pt_BR\" \/>\n<meta property=\"og:type\" content=\"article\" \/>\n<meta property=\"og:title\" content=\"transformer substation - Farady\" \/>\n<meta property=\"og:description\" content=\"Farady produces transformer substation and other series of transformer to meet the needs of different scenarios in various industries.\" \/>\n<meta property=\"og:url\" content=\"http:\/\/www.distribution-transformer.com\/pt\/produto\/subestacao-transformadora\/\" \/>\n<meta property=\"og:site_name\" content=\"FARADY\" \/>\n<meta property=\"article:modified_time\" content=\"2024-10-20T10:05:52+00:00\" \/>\n<meta property=\"og:image\" content=\"https:\/\/www.distribution-transformer.com\/wp-content\/uploads\/2024\/03\/icon_2.jpeg\" \/>\n\t<meta property=\"og:image:width\" content=\"400\" \/>\n\t<meta property=\"og:image:height\" content=\"270\" \/>\n\t<meta property=\"og:image:type\" content=\"image\/jpeg\" \/>\n<meta name=\"twitter:card\" content=\"summary_large_image\" \/>\n<meta name=\"twitter:label1\" content=\"Est. tempo de leitura\" \/>\n\t<meta name=\"twitter:data1\" content=\"4 minutos\" \/>\n<script type=\"application\/ld+json\" class=\"yoast-schema-graph\">{\"@context\":\"https:\/\/schema.org\",\"@graph\":[{\"@type\":\"WebPage\",\"@id\":\"https:\/\/www.distribution-transformer.com\/product\/transformer-substation\/\",\"url\":\"https:\/\/www.distribution-transformer.com\/product\/transformer-substation\/\",\"name\":\"transformer substation - Farady\",\"isPartOf\":{\"@id\":\"https:\/\/www.distribution-transformer.com\/#website\"},\"primaryImageOfPage\":{\"@id\":\"https:\/\/www.distribution-transformer.com\/product\/transformer-substation\/#primaryimage\"},\"image\":{\"@id\":\"https:\/\/www.distribution-transformer.com\/product\/transformer-substation\/#primaryimage\"},\"thumbnailUrl\":\"https:\/\/www.distribution-transformer.com\/wp-content\/uploads\/2024\/03\/icon_2.jpeg\",\"datePublished\":\"2024-06-05T13:18:06+00:00\",\"dateModified\":\"2024-10-20T10:05:52+00:00\",\"description\":\"Farady produces transformer substation and other series of transformer to meet the needs of different scenarios in various industries.\",\"breadcrumb\":{\"@id\":\"https:\/\/www.distribution-transformer.com\/product\/transformer-substation\/#breadcrumb\"},\"inLanguage\":\"pt-BR\",\"potentialAction\":[{\"@type\":\"ReadAction\",\"target\":[\"https:\/\/www.distribution-transformer.com\/product\/transformer-substation\/\"]}]},{\"@type\":\"ImageObject\",\"inLanguage\":\"pt-BR\",\"@id\":\"https:\/\/www.distribution-transformer.com\/product\/transformer-substation\/#primaryimage\",\"url\":\"https:\/\/www.distribution-transformer.com\/wp-content\/uploads\/2024\/03\/icon_2.jpeg\",\"contentUrl\":\"https:\/\/www.distribution-transformer.com\/wp-content\/uploads\/2024\/03\/icon_2.jpeg\",\"width\":400,\"height\":270},{\"@type\":\"BreadcrumbList\",\"@id\":\"https:\/\/www.distribution-transformer.com\/product\/transformer-substation\/#breadcrumb\",\"itemListElement\":[{\"@type\":\"ListItem\",\"position\":1,\"name\":\"\u9996\u9875\",\"item\":\"https:\/\/www.distribution-transformer.com\/\"},{\"@type\":\"ListItem\",\"position\":2,\"name\":\"Products\",\"item\":\"https:\/\/www.distribution-transformer.com\/products\/\"},{\"@type\":\"ListItem\",\"position\":3,\"name\":\"transformer substation\"}]},{\"@type\":\"WebSite\",\"@id\":\"https:\/\/www.distribution-transformer.com\/#website\",\"url\":\"https:\/\/www.distribution-transformer.com\/\",\"name\":\"FARADY\",\"description\":\"\",\"potentialAction\":[{\"@type\":\"SearchAction\",\"target\":{\"@type\":\"EntryPoint\",\"urlTemplate\":\"https:\/\/www.distribution-transformer.com\/?s={search_term_string}\"},\"query-input\":\"required name=search_term_string\"}],\"inLanguage\":\"pt-BR\"}]}<\/script>\n<!-- \/ Yoast SEO plugin. -->","yoast_head_json":{"title":"transformer substation - Farady","description":"Farady produces transformer substation and other series of transformer to meet the needs of different scenarios in various industries.","robots":{"index":"index","follow":"follow","max-snippet":"max-snippet:-1","max-image-preview":"max-image-preview:large","max-video-preview":"max-video-preview:-1"},"canonical":"http:\/\/www.distribution-transformer.com\/pt\/produto\/subestacao-transformadora\/","og_locale":"pt_BR","og_type":"article","og_title":"transformer substation - Farady","og_description":"Farady produces transformer substation and other series of transformer to meet the needs of different scenarios in various industries.","og_url":"http:\/\/www.distribution-transformer.com\/pt\/produto\/subestacao-transformadora\/","og_site_name":"FARADY","article_modified_time":"2024-10-20T10:05:52+00:00","og_image":[{"width":400,"height":270,"url":"https:\/\/www.distribution-transformer.com\/wp-content\/uploads\/2024\/03\/icon_2.jpeg","type":"image\/jpeg"}],"twitter_card":"summary_large_image","twitter_misc":{"Est. tempo de leitura":"4 minutos"},"schema":{"@context":"https:\/\/schema.org","@graph":[{"@type":"WebPage","@id":"https:\/\/www.distribution-transformer.com\/product\/transformer-substation\/","url":"https:\/\/www.distribution-transformer.com\/product\/transformer-substation\/","name":"transformer substation - Farady","isPartOf":{"@id":"https:\/\/www.distribution-transformer.com\/#website"},"primaryImageOfPage":{"@id":"https:\/\/www.distribution-transformer.com\/product\/transformer-substation\/#primaryimage"},"image":{"@id":"https:\/\/www.distribution-transformer.com\/product\/transformer-substation\/#primaryimage"},"thumbnailUrl":"https:\/\/www.distribution-transformer.com\/wp-content\/uploads\/2024\/03\/icon_2.jpeg","datePublished":"2024-06-05T13:18:06+00:00","dateModified":"2024-10-20T10:05:52+00:00","description":"Farady produces transformer substation and other series of transformer to meet the needs of different scenarios in various industries.","breadcrumb":{"@id":"https:\/\/www.distribution-transformer.com\/product\/transformer-substation\/#breadcrumb"},"inLanguage":"pt-BR","potentialAction":[{"@type":"ReadAction","target":["https:\/\/www.distribution-transformer.com\/product\/transformer-substation\/"]}]},{"@type":"ImageObject","inLanguage":"pt-BR","@id":"https:\/\/www.distribution-transformer.com\/product\/transformer-substation\/#primaryimage","url":"https:\/\/www.distribution-transformer.com\/wp-content\/uploads\/2024\/03\/icon_2.jpeg","contentUrl":"https:\/\/www.distribution-transformer.com\/wp-content\/uploads\/2024\/03\/icon_2.jpeg","width":400,"height":270},{"@type":"BreadcrumbList","@id":"https:\/\/www.distribution-transformer.com\/product\/transformer-substation\/#breadcrumb","itemListElement":[{"@type":"ListItem","position":1,"name":"\u9996\u9875","item":"https:\/\/www.distribution-transformer.com\/"},{"@type":"ListItem","position":2,"name":"Products","item":"https:\/\/www.distribution-transformer.com\/products\/"},{"@type":"ListItem","position":3,"name":"transformer substation"}]},{"@type":"WebSite","@id":"https:\/\/www.distribution-transformer.com\/#website","url":"https:\/\/www.distribution-transformer.com\/","name":"FARADY","description":"","potentialAction":[{"@type":"SearchAction","target":{"@type":"EntryPoint","urlTemplate":"https:\/\/www.distribution-transformer.com\/?s={search_term_string}"},"query-input":"required name=search_term_string"}],"inLanguage":"pt-BR"}]}},"_links":{"self":[{"href":"http:\/\/www.distribution-transformer.com\/pt\/wp-json\/wp\/v2\/product\/3332","targetHints":{"allow":["GET"]}}],"collection":[{"href":"http:\/\/www.distribution-transformer.com\/pt\/wp-json\/wp\/v2\/product"}],"about":[{"href":"http:\/\/www.distribution-transformer.com\/pt\/wp-json\/wp\/v2\/types\/product"}],"replies":[{"embeddable":true,"href":"http:\/\/www.distribution-transformer.com\/pt\/wp-json\/wp\/v2\/comments?post=3332"}],"wp:featuredmedia":[{"embeddable":true,"href":"http:\/\/www.distribution-transformer.com\/pt\/wp-json\/wp\/v2\/media\/3015"}],"wp:attachment":[{"href":"http:\/\/www.distribution-transformer.com\/pt\/wp-json\/wp\/v2\/media?parent=3332"}],"wp:term":[{"taxonomy":"product_cat","embeddable":true,"href":"http:\/\/www.distribution-transformer.com\/pt\/wp-json\/wp\/v2\/product_cat?post=3332"},{"taxonomy":"product_tag","embeddable":true,"href":"http:\/\/www.distribution-transformer.com\/pt\/wp-json\/wp\/v2\/product_tag?post=3332"}],"curies":[{"name":"wp","href":"https:\/\/api.w.org\/{rel}","templated":true}]}}