{"id":3294,"date":"2024-05-20T22:07:53","date_gmt":"2024-05-20T14:07:53","guid":{"rendered":"https:\/\/www.distribution-transformer.com\/?post_type=product&#038;p=3294"},"modified":"2024-10-20T18:11:19","modified_gmt":"2024-10-20T10:11:19","slug":"17-5-kv-indoor-switchgear","status":"publish","type":"product","link":"http:\/\/www.distribution-transformer.com\/pt\/product\/17-painel-de-distribuicao-interno-de-5-kv\/","title":{"rendered":"Painel de distribui\u00e7\u00e3o interno de 17,5 kv"},"content":{"rendered":"<p>A Faraday Electric \u00e9 uma empresa nacional de alta tecnologia especializada em equipamentos el\u00e9tricos industriais, com foco no desenvolvimento, no projeto, na produ\u00e7\u00e3o e nas vendas de transformadores de pot\u00eancia, reguladores de tens\u00e3o, interruptores internos e externos, RMU e comutadores. O produto \u00e9 amplamente utilizado em hot\u00e9is, locais de trabalho de grande escala, unidades de vizinhan\u00e7a, etc.<\/p>\n<p>Oferecemos aos clientes um processo de aquisi\u00e7\u00e3o simplificado que os ajuda a escolher a melhor solu\u00e7\u00e3o com base em suas necessidades espec\u00edficas. Fornecemos energia para mais de 90 pa\u00edses e 50 empresas de servi\u00e7os p\u00fablicos, e obtivemos as certifica\u00e7\u00f5es KEMA, ASTA, CE e outras. O produto foi exportado para a \u00c1frica, Europa, Am\u00e9rica e outras regi\u00f5es.<\/p>\n<p><iframe loading=\"lazy\" title=\"Reprodutor de v\u00eddeo do YouTube\" src=\"https:\/\/www.youtube.com\/embed\/TFTAHgcCZiA?si=SLwXKMvOKOzGyvsl\" width=\"560\" height=\"315\" frameborder=\"0\" allowfullscreen=\"allowfullscreen\"><\/iframe><\/p>\n<table class=\"table table-bordered text-center\" style=\"height: 291px;\" width=\"724\">\n<thead><\/thead>\n<tbody>\n<tr>\n<td>Nome do produto<\/td>\n<td>Painel de distribui\u00e7\u00e3o interno de 17,5 kv<\/td>\n<\/tr>\n<tr>\n<td><span style=\"font-family: Poppins, Helvetica, sans-serif; font-size: 13px; font-style: normal; font-variant-ligatures: normal; font-variant-caps: normal; font-weight: 400; letter-spacing: 0.16px;\">Nome da marca<\/span><\/td>\n<td>Farady<\/td>\n<\/tr>\n<tr>\n<td><span style=\"font-family: Poppins, Helvetica, sans-serif; font-size: 13px; font-style: normal; font-variant-ligatures: normal; font-variant-caps: normal; font-weight: 400; letter-spacing: 0.16px;\">Local de origem<\/span><\/td>\n<td><span style=\"font-family: Poppins, Helvetica, sans-serif; font-size: 13px; font-style: normal; font-variant-ligatures: normal; font-variant-caps: normal; font-weight: 400; letter-spacing: 0.16px;\">Yueqing, Zhejiang<\/span><\/td>\n<\/tr>\n<tr>\n<td>Condi\u00e7\u00e3o<\/td>\n<td>Novo<\/td>\n<\/tr>\n<tr>\n<td><span style=\"font-family: Poppins, Helvetica, sans-serif; font-size: 13px; font-style: normal; font-variant-ligatures: normal; font-variant-caps: normal; font-weight: 400; letter-spacing: 0.16px;\">Aplicativo<\/span><\/td>\n<td><span style=\"font-family: Poppins, Helvetica, sans-serif; font-size: 13px; font-style: normal; font-variant-ligatures: normal; font-variant-caps: normal; font-weight: 400; letter-spacing: 0.16px;\">pr\u00e9dio alto, unidade de bairro... etc<\/span><\/td>\n<\/tr>\n<tr>\n<td><span style=\"font-family: Poppins, Helvetica, sans-serif; font-size: 13px; font-style: normal; font-variant-ligatures: normal; font-variant-caps: normal; font-weight: 400; letter-spacing: 0.16px;\">Servi\u00e7o p\u00f3s-venda<\/span><\/td>\n<td>Suporte t\u00e9cnico on-line<\/td>\n<\/tr>\n<tr>\n<td>Parceiros<\/td>\n<td>MERALCO, NESCO, ISRAEL ELECTRIC...<\/td>\n<\/tr>\n<tr>\n<td>Pa\u00edses de exporta\u00e7\u00e3o<\/td>\n<td>Ir\u00e3, Om\u00e3, Afeganist\u00e3o, Costa do Marfim... etc<\/td>\n<\/tr>\n<tr>\n<td>Capacidade de fornecimento<\/td>\n<td>100 conjuntos\/conjuntos por m\u00eas<\/td>\n<\/tr>\n<\/tbody>\n<\/table>\n<p><span style=\"letter-spacing: 0.16px; color: #0000ff;\"><span style=\"font-weight: 600; font-size: 13px;\">Observe<\/span><\/span><span style=\"font-family: Poppins, Helvetica, sans-serif; font-size: 13px; font-style: normal; font-variant-ligatures: normal; font-variant-caps: normal; font-weight: 400; letter-spacing: 0.16px;\">: Os dados da tabela acima s\u00e3o apenas para refer\u00eancia. Para obter informa\u00e7\u00f5es espec\u00edficas, favor\u00a0<\/span>Entre em contato conosco<span style=\"font-family: Poppins, Helvetica, sans-serif; font-size: 13px; font-style: normal; font-variant-ligatures: normal; font-variant-caps: normal; font-weight: 400; letter-spacing: 0.16px;\">.<\/span><\/p>\n<p>&nbsp;<\/p>\n<p style=\"text-align: center;\"><img decoding=\"async\" title=\"Painel de distribui\u00e7\u00e3o interno de 17,5 kv\" src=\"https:\/\/www.distribution-transformer.com\/wp-content\/uploads\/2024\/04\/Farady-1.jpg\" \/><\/p>\n<p>&nbsp;<\/p>\n<p style=\"text-align: center;\"><b>O workshop mostra o painel de controle interno de 17,5 kv<\/b><\/p>\n<p style=\"text-align: center;\"><img decoding=\"async\" title=\"Painel de distribui\u00e7\u00e3o interno de 17,5 kv\" src=\"https:\/\/www.distribution-transformer.com\/wp-content\/uploads\/2024\/04\/Farady-2.jpg\" \/><\/p>\n<p>&nbsp;<\/p>\n<p style=\"text-align: center;\"><img decoding=\"async\" title=\"Painel de distribui\u00e7\u00e3o interno de 17,5 kv\" src=\"https:\/\/www.distribution-transformer.com\/wp-content\/uploads\/2024\/04\/Farady-3.jpg\" \/><\/p>\n<p>&nbsp;<\/p>\n<p style=\"text-align: center;\"><b>Nossos clientes v\u00eam visitar os produtos de painel de distribui\u00e7\u00e3o interna de 17,5 kv<\/b><\/p>\n<p style=\"text-align: center;\"><img decoding=\"async\" title=\"Painel de distribui\u00e7\u00e3o interno de 17,5 kv\" src=\"https:\/\/www.distribution-transformer.com\/wp-content\/uploads\/2024\/04\/Farady-3-1.jpg\" \/><\/p>\n<p>&nbsp;<\/p>\n<p style=\"text-align: center;\"><b>Este \u00e9 um painel de distribui\u00e7\u00e3o interno de 17,5 kv e outros produtos<\/b><\/p>\n<p style=\"text-align: center;\"><img decoding=\"async\" title=\"Painel de distribui\u00e7\u00e3o interno de 17,5 kv\" src=\"https:\/\/www.distribution-transformer.com\/wp-content\/uploads\/2024\/04\/Farady-4.jpg\" \/><\/p>\n<p>&nbsp;<\/p>\n<p style=\"text-align: center;\"><img decoding=\"async\" title=\"Painel de distribui\u00e7\u00e3o interno de 17,5 kv\" src=\"https:\/\/www.distribution-transformer.com\/wp-content\/uploads\/2024\/04\/Farady-5.jpg\" \/><\/p>\n<p>&nbsp;<\/p>\n<p style=\"text-align: center;\"><img decoding=\"async\" title=\"Painel de distribui\u00e7\u00e3o interno de 17,5 kv\" src=\"https:\/\/www.distribution-transformer.com\/wp-content\/uploads\/2024\/04\/Farady-6.jpg\" \/><\/p>\n<p>&nbsp;<\/p>\n<p style=\"text-align: center;\"><b>Este \u00e9 o nosso display de instala\u00e7\u00e3o de produto de painel de distribui\u00e7\u00e3o interno de 17,5 kv<\/b><\/p>\n<p style=\"text-align: center;\"><img decoding=\"async\" title=\"Painel de distribui\u00e7\u00e3o interno de 17,5 kv\" src=\"https:\/\/www.distribution-transformer.com\/wp-content\/uploads\/2024\/04\/Farady-7.jpg\" \/><\/p>\n<p>&nbsp;<\/p>\n<p style=\"text-align: center;\"><img decoding=\"async\" title=\"Painel de distribui\u00e7\u00e3o interno de 17,5 kv\" src=\"https:\/\/www.distribution-transformer.com\/wp-content\/uploads\/2024\/04\/Farady-8.jpg\" \/><\/p>\n<p>&nbsp;<\/p>\n<p style=\"text-align: center;\"><img decoding=\"async\" title=\"Painel de distribui\u00e7\u00e3o interno de 17,5 kv\" src=\"https:\/\/www.distribution-transformer.com\/wp-content\/uploads\/2024\/04\/Farady-9.jpg\" \/><\/p>\n<p>&nbsp;<\/p>\n<p style=\"text-align: center;\"><img decoding=\"async\" title=\"Painel de distribui\u00e7\u00e3o interno de 17,5 kv\" src=\"https:\/\/www.distribution-transformer.com\/wp-content\/uploads\/2024\/04\/Farady-10.jpg\" \/><\/p>\n<p>&nbsp;<\/p>\n<p style=\"text-align: center;\"><img decoding=\"async\" title=\"Painel de distribui\u00e7\u00e3o interno de 17,5 kv\" src=\"https:\/\/www.distribution-transformer.com\/wp-content\/uploads\/2024\/04\/Farady-11.jpg\" \/><\/p>\n<p>&nbsp;<\/p>\n<p style=\"text-align: center;\"><img decoding=\"async\" title=\"Painel de distribui\u00e7\u00e3o interno de 17,5 kv\" src=\"https:\/\/www.distribution-transformer.com\/wp-content\/uploads\/2024\/04\/Farady-12.jpg\" \/><\/p>\n<p>&nbsp;<\/p>","protected":false},"excerpt":{"rendered":"<p>Faraday Electric is a national high-tech enterprise specializing in industrial electrical equipment, focusing on the development, design, production, and sales of Power transformer,voltage regulator,indoor &amp; outdoor switch,RMU &amp; Switchgears. The product is widely used in hotel,large-scale work site,neighborhood unit, etc. We provide customers with a simplified procurement process that helps them choose the best solution [&hellip;]<\/p>","protected":false},"featured_media":3015,"comment_status":"open","ping_status":"closed","template":"","meta":[],"product_cat":[55],"product_tag":[],"class_list":["post-3294","product","type-product","status-publish","has-post-thumbnail","hentry","product_cat-other"],"yoast_head":"<!-- This site is optimized with the Yoast SEO plugin v22.3 - https:\/\/yoast.com\/wordpress\/plugins\/seo\/ -->\n<title>17.5 kv indoor switchgear - Farady<\/title>\n<meta name=\"description\" content=\"Farady produces 17.5 kv indoor switchgear and other series of transformer to meet the needs of different scenarios in various industries.\" \/>\n<meta name=\"robots\" content=\"index, follow, max-snippet:-1, max-image-preview:large, max-video-preview:-1\" \/>\n<link rel=\"canonical\" href=\"http:\/\/www.distribution-transformer.com\/pt\/produto\/17-painel-de-distribuicao-interno-de-5-kv\/\" \/>\n<meta property=\"og:locale\" content=\"pt_BR\" \/>\n<meta property=\"og:type\" content=\"article\" \/>\n<meta property=\"og:title\" content=\"17.5 kv indoor switchgear - Farady\" \/>\n<meta property=\"og:description\" content=\"Farady produces 17.5 kv indoor switchgear and other series of transformer to meet the needs of different scenarios in various industries.\" \/>\n<meta property=\"og:url\" content=\"http:\/\/www.distribution-transformer.com\/pt\/produto\/17-painel-de-distribuicao-interno-de-5-kv\/\" \/>\n<meta property=\"og:site_name\" content=\"FARADY\" \/>\n<meta property=\"article:modified_time\" content=\"2024-10-20T10:11:19+00:00\" \/>\n<meta property=\"og:image\" content=\"https:\/\/www.distribution-transformer.com\/wp-content\/uploads\/2024\/03\/icon_2.jpeg\" \/>\n\t<meta property=\"og:image:width\" content=\"400\" \/>\n\t<meta property=\"og:image:height\" content=\"270\" \/>\n\t<meta property=\"og:image:type\" content=\"image\/jpeg\" \/>\n<meta name=\"twitter:card\" content=\"summary_large_image\" \/>\n<meta name=\"twitter:label1\" content=\"Est. tempo de leitura\" \/>\n\t<meta name=\"twitter:data1\" content=\"4 minutos\" \/>\n<script type=\"application\/ld+json\" class=\"yoast-schema-graph\">{\"@context\":\"https:\/\/schema.org\",\"@graph\":[{\"@type\":\"WebPage\",\"@id\":\"https:\/\/www.distribution-transformer.com\/product\/17-5-kv-indoor-switchgear\/\",\"url\":\"https:\/\/www.distribution-transformer.com\/product\/17-5-kv-indoor-switchgear\/\",\"name\":\"17.5 kv indoor switchgear - Farady\",\"isPartOf\":{\"@id\":\"https:\/\/www.distribution-transformer.com\/#website\"},\"primaryImageOfPage\":{\"@id\":\"https:\/\/www.distribution-transformer.com\/product\/17-5-kv-indoor-switchgear\/#primaryimage\"},\"image\":{\"@id\":\"https:\/\/www.distribution-transformer.com\/product\/17-5-kv-indoor-switchgear\/#primaryimage\"},\"thumbnailUrl\":\"https:\/\/www.distribution-transformer.com\/wp-content\/uploads\/2024\/03\/icon_2.jpeg\",\"datePublished\":\"2024-05-20T14:07:53+00:00\",\"dateModified\":\"2024-10-20T10:11:19+00:00\",\"description\":\"Farady produces 17.5 kv indoor switchgear and other series of transformer to meet the needs of different scenarios in various industries.\",\"breadcrumb\":{\"@id\":\"https:\/\/www.distribution-transformer.com\/product\/17-5-kv-indoor-switchgear\/#breadcrumb\"},\"inLanguage\":\"pt-BR\",\"potentialAction\":[{\"@type\":\"ReadAction\",\"target\":[\"https:\/\/www.distribution-transformer.com\/product\/17-5-kv-indoor-switchgear\/\"]}]},{\"@type\":\"ImageObject\",\"inLanguage\":\"pt-BR\",\"@id\":\"https:\/\/www.distribution-transformer.com\/product\/17-5-kv-indoor-switchgear\/#primaryimage\",\"url\":\"https:\/\/www.distribution-transformer.com\/wp-content\/uploads\/2024\/03\/icon_2.jpeg\",\"contentUrl\":\"https:\/\/www.distribution-transformer.com\/wp-content\/uploads\/2024\/03\/icon_2.jpeg\",\"width\":400,\"height\":270},{\"@type\":\"BreadcrumbList\",\"@id\":\"https:\/\/www.distribution-transformer.com\/product\/17-5-kv-indoor-switchgear\/#breadcrumb\",\"itemListElement\":[{\"@type\":\"ListItem\",\"position\":1,\"name\":\"\u9996\u9875\",\"item\":\"https:\/\/www.distribution-transformer.com\/\"},{\"@type\":\"ListItem\",\"position\":2,\"name\":\"Products\",\"item\":\"https:\/\/www.distribution-transformer.com\/products\/\"},{\"@type\":\"ListItem\",\"position\":3,\"name\":\"17.5 kv indoor switchgear\"}]},{\"@type\":\"WebSite\",\"@id\":\"https:\/\/www.distribution-transformer.com\/#website\",\"url\":\"https:\/\/www.distribution-transformer.com\/\",\"name\":\"FARADY\",\"description\":\"\",\"potentialAction\":[{\"@type\":\"SearchAction\",\"target\":{\"@type\":\"EntryPoint\",\"urlTemplate\":\"https:\/\/www.distribution-transformer.com\/?s={search_term_string}\"},\"query-input\":\"required name=search_term_string\"}],\"inLanguage\":\"pt-BR\"}]}<\/script>\n<!-- \/ Yoast SEO plugin. -->","yoast_head_json":{"title":"17.5 kv indoor switchgear - Farady","description":"Farady produces 17.5 kv indoor switchgear and other series of transformer to meet the needs of different scenarios in various industries.","robots":{"index":"index","follow":"follow","max-snippet":"max-snippet:-1","max-image-preview":"max-image-preview:large","max-video-preview":"max-video-preview:-1"},"canonical":"http:\/\/www.distribution-transformer.com\/pt\/produto\/17-painel-de-distribuicao-interno-de-5-kv\/","og_locale":"pt_BR","og_type":"article","og_title":"17.5 kv indoor switchgear - Farady","og_description":"Farady produces 17.5 kv indoor switchgear and other series of transformer to meet the needs of different scenarios in various industries.","og_url":"http:\/\/www.distribution-transformer.com\/pt\/produto\/17-painel-de-distribuicao-interno-de-5-kv\/","og_site_name":"FARADY","article_modified_time":"2024-10-20T10:11:19+00:00","og_image":[{"width":400,"height":270,"url":"https:\/\/www.distribution-transformer.com\/wp-content\/uploads\/2024\/03\/icon_2.jpeg","type":"image\/jpeg"}],"twitter_card":"summary_large_image","twitter_misc":{"Est. tempo de leitura":"4 minutos"},"schema":{"@context":"https:\/\/schema.org","@graph":[{"@type":"WebPage","@id":"https:\/\/www.distribution-transformer.com\/product\/17-5-kv-indoor-switchgear\/","url":"https:\/\/www.distribution-transformer.com\/product\/17-5-kv-indoor-switchgear\/","name":"17.5 kv indoor switchgear - Farady","isPartOf":{"@id":"https:\/\/www.distribution-transformer.com\/#website"},"primaryImageOfPage":{"@id":"https:\/\/www.distribution-transformer.com\/product\/17-5-kv-indoor-switchgear\/#primaryimage"},"image":{"@id":"https:\/\/www.distribution-transformer.com\/product\/17-5-kv-indoor-switchgear\/#primaryimage"},"thumbnailUrl":"https:\/\/www.distribution-transformer.com\/wp-content\/uploads\/2024\/03\/icon_2.jpeg","datePublished":"2024-05-20T14:07:53+00:00","dateModified":"2024-10-20T10:11:19+00:00","description":"Farady produces 17.5 kv indoor switchgear and other series of transformer to meet the needs of different scenarios in various industries.","breadcrumb":{"@id":"https:\/\/www.distribution-transformer.com\/product\/17-5-kv-indoor-switchgear\/#breadcrumb"},"inLanguage":"pt-BR","potentialAction":[{"@type":"ReadAction","target":["https:\/\/www.distribution-transformer.com\/product\/17-5-kv-indoor-switchgear\/"]}]},{"@type":"ImageObject","inLanguage":"pt-BR","@id":"https:\/\/www.distribution-transformer.com\/product\/17-5-kv-indoor-switchgear\/#primaryimage","url":"https:\/\/www.distribution-transformer.com\/wp-content\/uploads\/2024\/03\/icon_2.jpeg","contentUrl":"https:\/\/www.distribution-transformer.com\/wp-content\/uploads\/2024\/03\/icon_2.jpeg","width":400,"height":270},{"@type":"BreadcrumbList","@id":"https:\/\/www.distribution-transformer.com\/product\/17-5-kv-indoor-switchgear\/#breadcrumb","itemListElement":[{"@type":"ListItem","position":1,"name":"\u9996\u9875","item":"https:\/\/www.distribution-transformer.com\/"},{"@type":"ListItem","position":2,"name":"Products","item":"https:\/\/www.distribution-transformer.com\/products\/"},{"@type":"ListItem","position":3,"name":"17.5 kv indoor switchgear"}]},{"@type":"WebSite","@id":"https:\/\/www.distribution-transformer.com\/#website","url":"https:\/\/www.distribution-transformer.com\/","name":"FARADY","description":"","potentialAction":[{"@type":"SearchAction","target":{"@type":"EntryPoint","urlTemplate":"https:\/\/www.distribution-transformer.com\/?s={search_term_string}"},"query-input":"required name=search_term_string"}],"inLanguage":"pt-BR"}]}},"_links":{"self":[{"href":"http:\/\/www.distribution-transformer.com\/pt\/wp-json\/wp\/v2\/product\/3294","targetHints":{"allow":["GET"]}}],"collection":[{"href":"http:\/\/www.distribution-transformer.com\/pt\/wp-json\/wp\/v2\/product"}],"about":[{"href":"http:\/\/www.distribution-transformer.com\/pt\/wp-json\/wp\/v2\/types\/product"}],"replies":[{"embeddable":true,"href":"http:\/\/www.distribution-transformer.com\/pt\/wp-json\/wp\/v2\/comments?post=3294"}],"wp:featuredmedia":[{"embeddable":true,"href":"http:\/\/www.distribution-transformer.com\/pt\/wp-json\/wp\/v2\/media\/3015"}],"wp:attachment":[{"href":"http:\/\/www.distribution-transformer.com\/pt\/wp-json\/wp\/v2\/media?parent=3294"}],"wp:term":[{"taxonomy":"product_cat","embeddable":true,"href":"http:\/\/www.distribution-transformer.com\/pt\/wp-json\/wp\/v2\/product_cat?post=3294"},{"taxonomy":"product_tag","embeddable":true,"href":"http:\/\/www.distribution-transformer.com\/pt\/wp-json\/wp\/v2\/product_tag?post=3294"}],"curies":[{"name":"wp","href":"https:\/\/api.w.org\/{rel}","templated":true}]}}