{"id":3261,"date":"2024-04-26T20:55:16","date_gmt":"2024-04-26T12:55:16","guid":{"rendered":"https:\/\/www.distribution-transformer.com\/?post_type=product&#038;p=3261"},"modified":"2024-10-16T15:21:27","modified_gmt":"2024-10-16T07:21:27","slug":"3-phase-480-to-240-transformer-wiring-diagram","status":"publish","type":"product","link":"http:\/\/www.distribution-transformer.com\/pt\/product\/diagrama-de-fiacao-do-transformador-trifasico-480-para-240\/","title":{"rendered":"Diagrama de fia\u00e7\u00e3o do transformador trif\u00e1sico 480 para 240"},"content":{"rendered":"<p>A Faraday Electric \u00e9 uma empresa l\u00edder no campo da fabrica\u00e7\u00e3o e distribui\u00e7\u00e3o de equipamentos el\u00e9tricos. O n\u00facleo do sucesso de uma empresa est\u00e1 em sua equipe dedicada e profissional. A equipe fornece desenhos de equipamentos personalizados e solu\u00e7\u00f5es de engenharia para garantir uma transi\u00e7\u00e3o perfeita do conceito \u00e0 implementa\u00e7\u00e3o. Al\u00e9m disso, eles t\u00eam o compromisso de garantir um excelente suporte p\u00f3s-venda, consolidando a satisfa\u00e7\u00e3o e a fidelidade do cliente.<\/p>\n<p>Our company was established in 2001 and is located in Leqing City, Zhejiang Province. We are a professional and leading manufacturer, focusing on producing advanced Power transformer,voltage regulator,indoor &amp; outdoor switch,RMU &amp; Switchgears, and other products. We adhere to customer demand orientation and technological innovation as the driving force. After 20 years of development, our products are widely used in , etc.<\/p>\n<p><iframe loading=\"lazy\" title=\"Reprodutor de v\u00eddeo do YouTube\" src=\"https:\/\/www.youtube.com\/embed\/GKXWQZlQwe4?si=cO-Jjc1i8R7ZZLZt\" width=\"560\" height=\"315\" frameborder=\"0\" allowfullscreen=\"allowfullscreen\"><\/iframe><\/p>\n<table class=\"table table-bordered text-center\">\n<thead><\/thead>\n<tbody>\n<tr>\n<td>Nome do produto<\/td>\n<td>Diagrama de fia\u00e7\u00e3o do transformador trif\u00e1sico 480 para 240<\/td>\n<\/tr>\n<tr>\n<td><span style=\"font-family: Poppins, Helvetica, sans-serif; font-size: 13px; font-style: normal; font-variant-ligatures: normal; font-variant-caps: normal; font-weight: 400; letter-spacing: 0.16px;\">Nome da marca<\/span><\/td>\n<td>Farady<\/td>\n<\/tr>\n<tr>\n<td><span style=\"font-family: Poppins, Helvetica, sans-serif; font-size: 13px; font-style: normal; font-variant-ligatures: normal; font-variant-caps: normal; font-weight: 400; letter-spacing: 0.16px;\">Local de origem<\/span><\/td>\n<td><span style=\"font-family: Poppins, Helvetica, sans-serif; font-size: 13px; font-style: normal; font-variant-ligatures: normal; font-variant-caps: normal; font-weight: 400; letter-spacing: 0.16px;\">Yueqing, Zhejiang<\/span><\/td>\n<\/tr>\n<tr>\n<td><span style=\"font-family: Poppins, Helvetica, sans-serif; font-size: 13px; font-style: normal; font-variant-ligatures: normal; font-variant-caps: normal; font-weight: 400; letter-spacing: 0.16px;\">Tipo de produto<\/span><\/td>\n<td>El\u00e9trica<\/td>\n<\/tr>\n<tr>\n<td><span style=\"font-family: Poppins, Helvetica, sans-serif; font-size: 13px; font-style: normal; font-variant-ligatures: normal; font-variant-caps: normal; font-weight: 400; letter-spacing: 0.16px;\">Certificado<\/span><\/td>\n<td><span style=\"font-family: Poppins, Helvetica, sans-serif; font-size: 13px; font-style: normal; font-variant-ligatures: normal; font-variant-caps: normal; font-weight: 400; letter-spacing: normal;\">ISO 9001, KEMA... etc<\/span><\/td>\n<\/tr>\n<tr>\n<td>Detalhes da embalagem<\/td>\n<td>Embalado em caixas de madeira compensada<\/td>\n<\/tr>\n<tr>\n<td>Porto<\/td>\n<td>Ningbo ou Xangai<\/td>\n<\/tr>\n<tr>\n<td><span style=\"font-family: Poppins, Helvetica, sans-serif; font-size: 13px; font-style: normal; font-variant-ligatures: normal; font-variant-caps: normal; font-weight: 400; letter-spacing: 0.16px;\">Aplicativo<\/span><\/td>\n<td><span style=\"font-family: Poppins, Helvetica, sans-serif; font-size: 13px; font-style: normal; font-variant-ligatures: normal; font-variant-caps: normal; font-weight: 400; letter-spacing: 0.16px;\">hotel, pr\u00e9dio alto... etc<\/span><\/td>\n<\/tr>\n<tr>\n<td><span style=\"font-family: Poppins, Helvetica, sans-serif; font-size: 13px; font-style: normal; font-variant-ligatures: normal; font-variant-caps: normal; font-weight: 400; letter-spacing: 0.16px;\">Servi\u00e7o p\u00f3s-venda<\/span><\/td>\n<td>Servi\u00e7o 24 horas<\/td>\n<\/tr>\n<tr>\n<td>Prazo de entrega (dias)<\/td>\n<td>10-30(A ser negociado)<\/td>\n<\/tr>\n<\/tbody>\n<\/table>\n<p><span style=\"letter-spacing: 0.16px; color: #0000ff;\"><span style=\"font-weight: 600; font-size: 13px;\">Observe<\/span><\/span><span style=\"font-family: Poppins, Helvetica, sans-serif; font-size: 13px; font-style: normal; font-variant-ligatures: normal; font-variant-caps: normal; font-weight: 400; letter-spacing: 0.16px;\">: Os dados da tabela acima s\u00e3o apenas para refer\u00eancia. Para obter informa\u00e7\u00f5es espec\u00edficas, favor\u00a0<\/span>Entre em contato conosco<span style=\"font-family: Poppins, Helvetica, sans-serif; font-size: 13px; font-style: normal; font-variant-ligatures: normal; font-variant-caps: normal; font-weight: 400; letter-spacing: 0.16px;\">.<\/span><\/p>\n<p>&nbsp;<\/p>\n<p style=\"text-align: center;\"><img decoding=\"async\" title=\"Diagrama de fia\u00e7\u00e3o do transformador trif\u00e1sico 480 para 240\" src=\"https:\/\/www.distribution-transformer.com\/wp-content\/uploads\/2024\/04\/Farady-1.jpg\" \/><\/p>\n<p>&nbsp;<\/p>\n<p style=\"text-align: center;\"><b>O workshop mostra o diagrama de fia\u00e7\u00e3o do transformador trif\u00e1sico 480 para 240<\/b><\/p>\n<p style=\"text-align: center;\"><img decoding=\"async\" title=\"Diagrama de fia\u00e7\u00e3o do transformador trif\u00e1sico 480 para 240\" src=\"https:\/\/www.distribution-transformer.com\/wp-content\/uploads\/2024\/04\/Farady-2.jpg\" \/><\/p>\n<p>&nbsp;<\/p>\n<p style=\"text-align: center;\"><img decoding=\"async\" title=\"Diagrama de fia\u00e7\u00e3o do transformador trif\u00e1sico 480 para 240\" src=\"https:\/\/www.distribution-transformer.com\/wp-content\/uploads\/2024\/04\/Farady-3.jpg\" \/><\/p>\n<p>&nbsp;<\/p>\n<p style=\"text-align: center;\"><b>Nossos clientes v\u00eam visitar os produtos Diagrama de fia\u00e7\u00e3o do transformador trif\u00e1sico 480 a 240<\/b><\/p>\n<p style=\"text-align: center;\"><img decoding=\"async\" title=\"Diagrama de fia\u00e7\u00e3o do transformador trif\u00e1sico 480 para 240\" src=\"https:\/\/www.distribution-transformer.com\/wp-content\/uploads\/2024\/04\/Farady-3-1.jpg\" \/><\/p>\n<p>&nbsp;<\/p>\n<p style=\"text-align: center;\"><b>Este \u00e9 o diagrama de fia\u00e7\u00e3o do transformador trif\u00e1sico 480 para 240 e outros produtos<\/b><\/p>\n<p style=\"text-align: center;\"><img decoding=\"async\" title=\"Diagrama de fia\u00e7\u00e3o do transformador trif\u00e1sico 480 para 240\" src=\"https:\/\/www.distribution-transformer.com\/wp-content\/uploads\/2024\/04\/Farady-4.jpg\" \/><\/p>\n<p>&nbsp;<\/p>\n<p style=\"text-align: center;\"><img decoding=\"async\" title=\"Diagrama de fia\u00e7\u00e3o do transformador trif\u00e1sico 480 para 240\" src=\"https:\/\/www.distribution-transformer.com\/wp-content\/uploads\/2024\/04\/Farady-5.jpg\" \/><\/p>\n<p>&nbsp;<\/p>\n<p style=\"text-align: center;\"><img decoding=\"async\" title=\"Diagrama de fia\u00e7\u00e3o do transformador trif\u00e1sico 480 para 240\" src=\"https:\/\/www.distribution-transformer.com\/wp-content\/uploads\/2024\/04\/Farady-6.jpg\" \/><\/p>\n<p>&nbsp;<\/p>\n<p style=\"text-align: center;\"><b>Este \u00e9 o nosso diagrama de instala\u00e7\u00e3o do produto com diagrama de fia\u00e7\u00e3o do transformador trif\u00e1sico 480 para 240<\/b><\/p>\n<p style=\"text-align: center;\"><img decoding=\"async\" title=\"Diagrama de fia\u00e7\u00e3o do transformador trif\u00e1sico 480 para 240\" src=\"https:\/\/www.distribution-transformer.com\/wp-content\/uploads\/2024\/04\/Farady-7.jpg\" \/><\/p>\n<p>&nbsp;<\/p>\n<p style=\"text-align: center;\"><img decoding=\"async\" title=\"Diagrama de fia\u00e7\u00e3o do transformador trif\u00e1sico 480 para 240\" src=\"https:\/\/www.distribution-transformer.com\/wp-content\/uploads\/2024\/04\/Farady-8.jpg\" \/><\/p>\n<p>&nbsp;<\/p>\n<p style=\"text-align: center;\"><img decoding=\"async\" title=\"Diagrama de fia\u00e7\u00e3o do transformador trif\u00e1sico 480 para 240\" src=\"https:\/\/www.distribution-transformer.com\/wp-content\/uploads\/2024\/04\/Farady-9.jpg\" \/><\/p>\n<p>&nbsp;<\/p>\n<p style=\"text-align: center;\"><img decoding=\"async\" title=\"Diagrama de fia\u00e7\u00e3o do transformador trif\u00e1sico 480 para 240\" src=\"https:\/\/www.distribution-transformer.com\/wp-content\/uploads\/2024\/04\/Farady-10.jpg\" \/><\/p>\n<p>&nbsp;<\/p>\n<p style=\"text-align: center;\"><img decoding=\"async\" title=\"Diagrama de fia\u00e7\u00e3o do transformador trif\u00e1sico 480 para 240\" src=\"https:\/\/www.distribution-transformer.com\/wp-content\/uploads\/2024\/04\/Farady-11.jpg\" \/><\/p>\n<p>&nbsp;<\/p>\n<p style=\"text-align: center;\"><img decoding=\"async\" title=\"Diagrama de fia\u00e7\u00e3o do transformador trif\u00e1sico 480 para 240\" src=\"https:\/\/www.distribution-transformer.com\/wp-content\/uploads\/2024\/04\/Farady-12.jpg\" \/><\/p>\n<p>&nbsp;<\/p>","protected":false},"excerpt":{"rendered":"<p>A Faraday Electric \u00e9 uma empresa l\u00edder no campo da fabrica\u00e7\u00e3o e distribui\u00e7\u00e3o de equipamentos el\u00e9tricos. O n\u00facleo do sucesso de uma empresa est\u00e1 em sua equipe dedicada e profissional. A equipe fornece desenhos de equipamentos personalizados e solu\u00e7\u00f5es de engenharia para garantir uma transi\u00e7\u00e3o perfeita do conceito \u00e0 implementa\u00e7\u00e3o. Al\u00e9m disso, eles est\u00e3o comprometidos em garantir um excelente servi\u00e7o p\u00f3s-venda [...]<\/p>","protected":false},"featured_media":2882,"comment_status":"open","ping_status":"closed","template":"","meta":[],"product_cat":[55],"product_tag":[],"class_list":["post-3261","product","type-product","status-publish","has-post-thumbnail","hentry","product_cat-other"],"yoast_head":"<!-- This site is optimized with the Yoast SEO plugin v22.3 - https:\/\/yoast.com\/wordpress\/plugins\/seo\/ -->\n<title>3 phase 480 to 240 transformer wiring diagram - Farady<\/title>\n<meta name=\"description\" content=\"Farady produces 3 phase 480 to 240 transformer wiring diagram and other series of transformer to meet the needs of different scenarios in various industries.\" \/>\n<meta name=\"robots\" content=\"index, follow, max-snippet:-1, max-image-preview:large, max-video-preview:-1\" \/>\n<link rel=\"canonical\" href=\"http:\/\/www.distribution-transformer.com\/pt\/produto\/diagrama-de-fiacao-do-transformador-trifasico-480-para-240\/\" \/>\n<meta property=\"og:locale\" content=\"pt_BR\" \/>\n<meta property=\"og:type\" content=\"article\" \/>\n<meta property=\"og:title\" content=\"3 phase 480 to 240 transformer wiring diagram - Farady\" \/>\n<meta property=\"og:description\" content=\"Farady produces 3 phase 480 to 240 transformer wiring diagram and other series of transformer to meet the needs of different scenarios in various industries.\" \/>\n<meta property=\"og:url\" content=\"http:\/\/www.distribution-transformer.com\/pt\/produto\/diagrama-de-fiacao-do-transformador-trifasico-480-para-240\/\" \/>\n<meta property=\"og:site_name\" content=\"FARADY\" \/>\n<meta property=\"article:modified_time\" content=\"2024-10-16T07:21:27+00:00\" \/>\n<meta property=\"og:image\" content=\"https:\/\/www.distribution-transformer.com\/wp-content\/uploads\/2024\/03\/thumbnail.jpg\" \/>\n\t<meta property=\"og:image:width\" content=\"550\" \/>\n\t<meta property=\"og:image:height\" content=\"550\" \/>\n\t<meta property=\"og:image:type\" content=\"image\/jpeg\" \/>\n<meta name=\"twitter:card\" content=\"summary_large_image\" \/>\n<meta name=\"twitter:label1\" content=\"Est. tempo de leitura\" \/>\n\t<meta name=\"twitter:data1\" content=\"5 minutos\" \/>\n<script type=\"application\/ld+json\" class=\"yoast-schema-graph\">{\"@context\":\"https:\/\/schema.org\",\"@graph\":[{\"@type\":\"WebPage\",\"@id\":\"https:\/\/www.distribution-transformer.com\/product\/3-phase-480-to-240-transformer-wiring-diagram\/\",\"url\":\"https:\/\/www.distribution-transformer.com\/product\/3-phase-480-to-240-transformer-wiring-diagram\/\",\"name\":\"3 phase 480 to 240 transformer wiring diagram - Farady\",\"isPartOf\":{\"@id\":\"https:\/\/www.distribution-transformer.com\/#website\"},\"primaryImageOfPage\":{\"@id\":\"https:\/\/www.distribution-transformer.com\/product\/3-phase-480-to-240-transformer-wiring-diagram\/#primaryimage\"},\"image\":{\"@id\":\"https:\/\/www.distribution-transformer.com\/product\/3-phase-480-to-240-transformer-wiring-diagram\/#primaryimage\"},\"thumbnailUrl\":\"https:\/\/www.distribution-transformer.com\/wp-content\/uploads\/2024\/03\/thumbnail.jpg\",\"datePublished\":\"2024-04-26T12:55:16+00:00\",\"dateModified\":\"2024-10-16T07:21:27+00:00\",\"description\":\"Farady produces 3 phase 480 to 240 transformer wiring diagram and other series of transformer to meet the needs of different scenarios in various industries.\",\"breadcrumb\":{\"@id\":\"https:\/\/www.distribution-transformer.com\/product\/3-phase-480-to-240-transformer-wiring-diagram\/#breadcrumb\"},\"inLanguage\":\"pt-BR\",\"potentialAction\":[{\"@type\":\"ReadAction\",\"target\":[\"https:\/\/www.distribution-transformer.com\/product\/3-phase-480-to-240-transformer-wiring-diagram\/\"]}]},{\"@type\":\"ImageObject\",\"inLanguage\":\"pt-BR\",\"@id\":\"https:\/\/www.distribution-transformer.com\/product\/3-phase-480-to-240-transformer-wiring-diagram\/#primaryimage\",\"url\":\"https:\/\/www.distribution-transformer.com\/wp-content\/uploads\/2024\/03\/thumbnail.jpg\",\"contentUrl\":\"https:\/\/www.distribution-transformer.com\/wp-content\/uploads\/2024\/03\/thumbnail.jpg\",\"width\":550,\"height\":550},{\"@type\":\"BreadcrumbList\",\"@id\":\"https:\/\/www.distribution-transformer.com\/product\/3-phase-480-to-240-transformer-wiring-diagram\/#breadcrumb\",\"itemListElement\":[{\"@type\":\"ListItem\",\"position\":1,\"name\":\"\u9996\u9875\",\"item\":\"https:\/\/www.distribution-transformer.com\/\"},{\"@type\":\"ListItem\",\"position\":2,\"name\":\"Products\",\"item\":\"https:\/\/www.distribution-transformer.com\/products\/\"},{\"@type\":\"ListItem\",\"position\":3,\"name\":\"3 phase 480 to 240 transformer wiring diagram\"}]},{\"@type\":\"WebSite\",\"@id\":\"https:\/\/www.distribution-transformer.com\/#website\",\"url\":\"https:\/\/www.distribution-transformer.com\/\",\"name\":\"FARADY\",\"description\":\"\",\"potentialAction\":[{\"@type\":\"SearchAction\",\"target\":{\"@type\":\"EntryPoint\",\"urlTemplate\":\"https:\/\/www.distribution-transformer.com\/?s={search_term_string}\"},\"query-input\":\"required name=search_term_string\"}],\"inLanguage\":\"pt-BR\"}]}<\/script>\n<!-- \/ Yoast SEO plugin. -->","yoast_head_json":{"title":"3 phase 480 to 240 transformer wiring diagram - Farady","description":"Farady produces 3 phase 480 to 240 transformer wiring diagram and other series of transformer to meet the needs of different scenarios in various industries.","robots":{"index":"index","follow":"follow","max-snippet":"max-snippet:-1","max-image-preview":"max-image-preview:large","max-video-preview":"max-video-preview:-1"},"canonical":"http:\/\/www.distribution-transformer.com\/pt\/produto\/diagrama-de-fiacao-do-transformador-trifasico-480-para-240\/","og_locale":"pt_BR","og_type":"article","og_title":"3 phase 480 to 240 transformer wiring diagram - Farady","og_description":"Farady produces 3 phase 480 to 240 transformer wiring diagram and other series of transformer to meet the needs of different scenarios in various industries.","og_url":"http:\/\/www.distribution-transformer.com\/pt\/produto\/diagrama-de-fiacao-do-transformador-trifasico-480-para-240\/","og_site_name":"FARADY","article_modified_time":"2024-10-16T07:21:27+00:00","og_image":[{"width":550,"height":550,"url":"https:\/\/www.distribution-transformer.com\/wp-content\/uploads\/2024\/03\/thumbnail.jpg","type":"image\/jpeg"}],"twitter_card":"summary_large_image","twitter_misc":{"Est. tempo de leitura":"5 minutos"},"schema":{"@context":"https:\/\/schema.org","@graph":[{"@type":"WebPage","@id":"https:\/\/www.distribution-transformer.com\/product\/3-phase-480-to-240-transformer-wiring-diagram\/","url":"https:\/\/www.distribution-transformer.com\/product\/3-phase-480-to-240-transformer-wiring-diagram\/","name":"3 phase 480 to 240 transformer wiring diagram - Farady","isPartOf":{"@id":"https:\/\/www.distribution-transformer.com\/#website"},"primaryImageOfPage":{"@id":"https:\/\/www.distribution-transformer.com\/product\/3-phase-480-to-240-transformer-wiring-diagram\/#primaryimage"},"image":{"@id":"https:\/\/www.distribution-transformer.com\/product\/3-phase-480-to-240-transformer-wiring-diagram\/#primaryimage"},"thumbnailUrl":"https:\/\/www.distribution-transformer.com\/wp-content\/uploads\/2024\/03\/thumbnail.jpg","datePublished":"2024-04-26T12:55:16+00:00","dateModified":"2024-10-16T07:21:27+00:00","description":"Farady produces 3 phase 480 to 240 transformer wiring diagram and other series of transformer to meet the needs of different scenarios in various industries.","breadcrumb":{"@id":"https:\/\/www.distribution-transformer.com\/product\/3-phase-480-to-240-transformer-wiring-diagram\/#breadcrumb"},"inLanguage":"pt-BR","potentialAction":[{"@type":"ReadAction","target":["https:\/\/www.distribution-transformer.com\/product\/3-phase-480-to-240-transformer-wiring-diagram\/"]}]},{"@type":"ImageObject","inLanguage":"pt-BR","@id":"https:\/\/www.distribution-transformer.com\/product\/3-phase-480-to-240-transformer-wiring-diagram\/#primaryimage","url":"https:\/\/www.distribution-transformer.com\/wp-content\/uploads\/2024\/03\/thumbnail.jpg","contentUrl":"https:\/\/www.distribution-transformer.com\/wp-content\/uploads\/2024\/03\/thumbnail.jpg","width":550,"height":550},{"@type":"BreadcrumbList","@id":"https:\/\/www.distribution-transformer.com\/product\/3-phase-480-to-240-transformer-wiring-diagram\/#breadcrumb","itemListElement":[{"@type":"ListItem","position":1,"name":"\u9996\u9875","item":"https:\/\/www.distribution-transformer.com\/"},{"@type":"ListItem","position":2,"name":"Products","item":"https:\/\/www.distribution-transformer.com\/products\/"},{"@type":"ListItem","position":3,"name":"3 phase 480 to 240 transformer wiring diagram"}]},{"@type":"WebSite","@id":"https:\/\/www.distribution-transformer.com\/#website","url":"https:\/\/www.distribution-transformer.com\/","name":"FARADY","description":"","potentialAction":[{"@type":"SearchAction","target":{"@type":"EntryPoint","urlTemplate":"https:\/\/www.distribution-transformer.com\/?s={search_term_string}"},"query-input":"required name=search_term_string"}],"inLanguage":"pt-BR"}]}},"_links":{"self":[{"href":"http:\/\/www.distribution-transformer.com\/pt\/wp-json\/wp\/v2\/product\/3261","targetHints":{"allow":["GET"]}}],"collection":[{"href":"http:\/\/www.distribution-transformer.com\/pt\/wp-json\/wp\/v2\/product"}],"about":[{"href":"http:\/\/www.distribution-transformer.com\/pt\/wp-json\/wp\/v2\/types\/product"}],"replies":[{"embeddable":true,"href":"http:\/\/www.distribution-transformer.com\/pt\/wp-json\/wp\/v2\/comments?post=3261"}],"wp:featuredmedia":[{"embeddable":true,"href":"http:\/\/www.distribution-transformer.com\/pt\/wp-json\/wp\/v2\/media\/2882"}],"wp:attachment":[{"href":"http:\/\/www.distribution-transformer.com\/pt\/wp-json\/wp\/v2\/media?parent=3261"}],"wp:term":[{"taxonomy":"product_cat","embeddable":true,"href":"http:\/\/www.distribution-transformer.com\/pt\/wp-json\/wp\/v2\/product_cat?post=3261"},{"taxonomy":"product_tag","embeddable":true,"href":"http:\/\/www.distribution-transformer.com\/pt\/wp-json\/wp\/v2\/product_tag?post=3261"}],"curies":[{"name":"wp","href":"https:\/\/api.w.org\/{rel}","templated":true}]}}