{"id":3329,"date":"2024-06-05T21:11:40","date_gmt":"2024-06-05T13:11:40","guid":{"rendered":"https:\/\/www.distribution-transformer.com\/?post_type=product&#038;p=3329"},"modified":"2024-10-20T18:08:20","modified_gmt":"2024-10-20T10:08:20","slug":"distribution-substation-transformer","status":"publish","type":"product","link":"http:\/\/www.distribution-transformer.com\/fr\/product\/transformateur-de-poste-de-distribution\/","title":{"rendered":"transformateur de poste de distribution"},"content":{"rendered":"<p>Farady propose une gamme de transformateurs de puissance, de r\u00e9gulateurs de tension, d'interrupteurs int\u00e9rieurs et ext\u00e9rieurs, de RMU et d'appareillages de commutation, etc. Notre objectif est de fournir la fiabilit\u00e9, la durabilit\u00e9 et l'efficacit\u00e9 requises pour les applications utilitaires, industrielles et commerciales. Nous avons environ 20 ans d'exp\u00e9rience dans le domaine de la moyenne tension et avons obtenu des certifications telles que KEMA\/Asta\/CE.<\/p>\n<p>Les valeurs de notre entreprise sont : . Nous nous engageons \u00e0 devenir un expert de classe mondiale dans le domaine des \u00e9quipements et de l'\u00e9lectricit\u00e9, \u00e0 donner \u00e0 nos employ\u00e9s un sentiment d'appartenance et \u00e0 cr\u00e9er en permanence de la valeur pour la soci\u00e9t\u00e9.<\/p>\n<p><iframe loading=\"lazy\" width=\"560\" height=\"315\" src=\"https:\/\/www.youtube.com\/embed\/dfVSrDSW1uc?si=1XxnDlTC8hrGPu5U\" title=\"Lecteur vid\u00e9o YouTube\" frameborder=\"0\" allow=\"accelerometer; autoplay; clipboard-write; encrypted-media; gyroscope; picture-in-picture; web-share\" referrerpolicy=\"strict-origin-when-cross-origin\" allowfullscreen><\/iframe><\/p>\n<table class=\"table  table-bordered text-center\">\n<thead>\n<\/thead>\n<tbody>\n<tr>\n<td>Nom du produit<\/td>\n<td>transformateur de poste de distribution<\/td>\n<\/tr>\n<tr>\n<td><span style=\"font-family: Poppins, Helvetica, sans-serif; font-size: 13px; font-style: normal; font-variant-ligatures: normal; font-variant-caps: normal; font-weight: 400; letter-spacing: 0.16px;\">Nom de la marque<\/span><\/td>\n<td>Farady<\/td>\n<\/tr>\n<tr>\n<td><span style=\"font-family: Poppins, Helvetica, sans-serif; font-size: 13px; font-style: normal; font-variant-ligatures: normal; font-variant-caps: normal; font-weight: 400; letter-spacing: 0.16px;\">Lieu d'origine<\/span><\/td>\n<td><span style=\"font-family: Poppins, Helvetica, sans-serif; font-size: 13px; font-style: normal; font-variant-ligatures: normal; font-variant-caps: normal; font-weight: 400; letter-spacing: 0.16px;\">Chine<\/span><\/td>\n<\/tr>\n<tr>\n<td>Condition<\/td>\n<td>Nouveau<\/td>\n<\/tr>\n<tr>\n<td><span style=\"font-family: Poppins, Helvetica, sans-serif; font-size: 13px; font-style: normal; font-variant-ligatures: normal; font-variant-caps: normal; font-weight: 400; letter-spacing: 0.16px;\">Application<\/span><\/td>\n<td><span style=\"font-family: Poppins, Helvetica, sans-serif; font-size: 13px; font-style: normal; font-variant-ligatures: normal; font-variant-caps: normal; font-weight: 400; letter-spacing: 0.16px;\">immeuble de grande hauteur, h\u00f4tel...etc<\/span><\/td>\n<\/tr>\n<tr>\n<td><span style=\"font-family: Poppins, Helvetica, sans-serif; font-size: 13px; font-style: normal; font-variant-ligatures: normal; font-variant-caps: normal; font-weight: 400; letter-spacing: 0.16px;\">Service apr\u00e8s-vente<\/span><\/td>\n<td>Assistance technique en ligne<\/td>\n<\/tr>\n<tr>\n<td>Partenaires<\/td>\n<td>ZESCO, ANDE, ISRAEL ELECTRIC...<\/td>\n<\/tr>\n<tr>\n<td>Pays d'exportation<\/td>\n<td>Oman, Bangladesh, C\u00f4te d'Ivoire, etc.<\/td>\n<\/tr>\n<tr>\n<td>Capacit\u00e9 d'approvisionnement<\/td>\n<td>100 Set\/Sets par mois<\/td>\n<\/tr>\n<\/tbody>\n<\/table>\n<p>&nbsp;<font color=\"#0000ff\" style=\"letter-spacing: 0.16px;\"><span style=\"font-weight: 600; font-size: 13px;\">A noter<\/span><\/font><span style=\"font-family: Poppins, Helvetica, sans-serif; font-size: 13px; font-style: normal; font-variant-ligatures: normal; font-variant-caps: normal; font-weight: 400; letter-spacing: 0.16px;\">: Les donn\u00e9es du tableau ci-dessus sont donn\u00e9es \u00e0 titre indicatif. Pour des informations sp\u00e9cifiques, veuillez&nbsp;<\/span>nous contacter<span style=\"font-family: Poppins, Helvetica, sans-serif; font-size: 13px; font-style: normal; font-variant-ligatures: normal; font-variant-caps: normal; font-weight: 400; letter-spacing: 0.16px;\">.<\/span><\/p>\n<p><strong><\/strong><\/p>\n<p style=\"text-align:center;\"><img decoding=\"async\" src=\"https:\/\/www.distribution-transformer.com\/wp-content\/uploads\/2024\/04\/Farady-1.jpg\" atl=\"distribution substation transformer\" title=\"transformateur de poste de distribution\"><\/p>\n<p style=\"text-align: center;\"><b>Le salon de l'atelier pour le transformateur de poste de distribution<\/b><\/p>\n<p style=\"text-align:center;\"><img decoding=\"async\" src=\"https:\/\/www.distribution-transformer.com\/wp-content\/uploads\/2024\/04\/Farady-2.jpg\" atl=\"distribution substation transformer\" title=\"transformateur de poste de distribution\"><\/p>\n<p><strong><\/strong><\/p>\n<p style=\"text-align:center;\"><img decoding=\"async\" src=\"https:\/\/www.distribution-transformer.com\/wp-content\/uploads\/2024\/04\/Farady-3.jpg\" atl=\"distribution substation transformer\" title=\"transformateur de poste de distribution\"><\/p>\n<p style=\"text-align: center;\"><b>Nos clients viennent visiter les produits de transformation des postes de distribution<\/b><\/p>\n<p style=\"text-align:center;\"><img decoding=\"async\" src=\"https:\/\/www.distribution-transformer.com\/wp-content\/uploads\/2024\/04\/Farady-3-1.jpg\" atl=\"distribution substation transformer\" title=\"transformateur de poste de distribution\"><\/p>\n<p style=\"text-align: center;\"><b>Il s'agit de transformateurs de postes de distribution et d'autres produits<\/b><\/p>\n<p style=\"text-align:center;\"><img decoding=\"async\" src=\"https:\/\/www.distribution-transformer.com\/wp-content\/uploads\/2024\/04\/Farady-4.jpg\" atl=\"distribution substation transformer\" title=\"transformateur de poste de distribution\"><\/p>\n<p><strong><\/strong><\/p>\n<p style=\"text-align:center;\"><img decoding=\"async\" src=\"https:\/\/www.distribution-transformer.com\/wp-content\/uploads\/2024\/04\/Farady-5.jpg\" atl=\"distribution substation transformer\" title=\"transformateur de poste de distribution\"><\/p>\n<p><strong><\/strong><\/p>\n<p style=\"text-align:center;\"><img decoding=\"async\" src=\"https:\/\/www.distribution-transformer.com\/wp-content\/uploads\/2024\/04\/Farady-6.jpg\" atl=\"distribution substation transformer\" title=\"transformateur de poste de distribution\"><\/p>\n<p style=\"text-align: center;\"><b>Il s'agit d'une pr\u00e9sentation de l'installation de notre transformateur de poste de distribution.<\/b><\/p>\n<p style=\"text-align:center;\"><img decoding=\"async\" src=\"https:\/\/www.distribution-transformer.com\/wp-content\/uploads\/2024\/04\/Farady-7.jpg\" atl=\"distribution substation transformer\" title=\"transformateur de poste de distribution\"><\/p>\n<p><strong><\/strong><\/p>\n<p style=\"text-align:center;\"><img decoding=\"async\" src=\"https:\/\/www.distribution-transformer.com\/wp-content\/uploads\/2024\/04\/Farady-8.jpg\" atl=\"distribution substation transformer\" title=\"transformateur de poste de distribution\"><\/p>\n<p><strong><\/strong><\/p>\n<p style=\"text-align:center;\"><img decoding=\"async\" src=\"https:\/\/www.distribution-transformer.com\/wp-content\/uploads\/2024\/04\/Farady-9.jpg\" atl=\"distribution substation transformer\" title=\"transformateur de poste de distribution\"><\/p>\n<p><strong><\/strong><\/p>\n<p style=\"text-align:center;\"><img decoding=\"async\" src=\"https:\/\/www.distribution-transformer.com\/wp-content\/uploads\/2024\/04\/Farady-10.jpg\" atl=\"distribution substation transformer\" title=\"transformateur de poste de distribution\"><\/p>\n<p><strong><\/strong><\/p>\n<p style=\"text-align:center;\"><img decoding=\"async\" src=\"https:\/\/www.distribution-transformer.com\/wp-content\/uploads\/2024\/04\/Farady-11.jpg\" atl=\"distribution substation transformer\" title=\"transformateur de poste de distribution\"><\/p>\n<p><strong><\/strong><\/p>\n<p style=\"text-align:center;\"><img decoding=\"async\" src=\"https:\/\/www.distribution-transformer.com\/wp-content\/uploads\/2024\/04\/Farady-12.jpg\" atl=\"distribution substation transformer\" title=\"transformateur de poste de distribution\"><\/p>\n<p><\/p>","protected":false},"excerpt":{"rendered":"<p>Farady propose une gamme de transformateurs de puissance, de r\u00e9gulateurs de tension, d'interrupteurs int\u00e9rieurs et ext\u00e9rieurs, de RMU et d'appareillages de commutation, etc. Notre objectif est de fournir la fiabilit\u00e9, la durabilit\u00e9 et l'efficacit\u00e9 requises pour les applications utilitaires, industrielles et commerciales. Nous avons environ 20 ans d'exp\u00e9rience dans le domaine de la moyenne tension et avons obtenu des certifications telles que KEMA\/Asta\/CE. Les valeurs de notre entreprise sont les suivantes . Nous sommes [...]<\/p>","protected":false},"featured_media":3015,"comment_status":"open","ping_status":"closed","template":"","meta":[],"product_cat":[55],"product_tag":[],"class_list":["post-3329","product","type-product","status-publish","has-post-thumbnail","hentry","product_cat-other"],"yoast_head":"<!-- This site is optimized with the Yoast SEO plugin v22.3 - https:\/\/yoast.com\/wordpress\/plugins\/seo\/ -->\n<title>distribution substation transformer - Farady<\/title>\n<meta name=\"description\" content=\"Farady produces distribution substation transformer and other series of transformer to meet the needs of different scenarios in various industries.\" \/>\n<meta name=\"robots\" content=\"index, follow, max-snippet:-1, max-image-preview:large, max-video-preview:-1\" \/>\n<link rel=\"canonical\" href=\"http:\/\/www.distribution-transformer.com\/fr\/produit\/transformateur-de-poste-de-distribution\/\" \/>\n<meta property=\"og:locale\" content=\"fr_FR\" \/>\n<meta property=\"og:type\" content=\"article\" \/>\n<meta property=\"og:title\" content=\"distribution substation transformer - Farady\" \/>\n<meta property=\"og:description\" content=\"Farady produces distribution substation transformer and other series of transformer to meet the needs of different scenarios in various industries.\" \/>\n<meta property=\"og:url\" content=\"http:\/\/www.distribution-transformer.com\/fr\/produit\/transformateur-de-poste-de-distribution\/\" \/>\n<meta property=\"og:site_name\" content=\"FARADY\" \/>\n<meta property=\"article:modified_time\" content=\"2024-10-20T10:08:20+00:00\" \/>\n<meta property=\"og:image\" content=\"https:\/\/www.distribution-transformer.com\/wp-content\/uploads\/2024\/03\/icon_2.jpeg\" \/>\n\t<meta property=\"og:image:width\" content=\"400\" \/>\n\t<meta property=\"og:image:height\" content=\"270\" \/>\n\t<meta property=\"og:image:type\" content=\"image\/jpeg\" \/>\n<meta name=\"twitter:card\" content=\"summary_large_image\" \/>\n<meta name=\"twitter:label1\" content=\"Dur\u00e9e de lecture estim\u00e9e\" \/>\n\t<meta name=\"twitter:data1\" content=\"4 minutes\" \/>\n<script type=\"application\/ld+json\" class=\"yoast-schema-graph\">{\"@context\":\"https:\/\/schema.org\",\"@graph\":[{\"@type\":\"WebPage\",\"@id\":\"https:\/\/www.distribution-transformer.com\/product\/distribution-substation-transformer\/\",\"url\":\"https:\/\/www.distribution-transformer.com\/product\/distribution-substation-transformer\/\",\"name\":\"distribution substation transformer - Farady\",\"isPartOf\":{\"@id\":\"https:\/\/www.distribution-transformer.com\/#website\"},\"primaryImageOfPage\":{\"@id\":\"https:\/\/www.distribution-transformer.com\/product\/distribution-substation-transformer\/#primaryimage\"},\"image\":{\"@id\":\"https:\/\/www.distribution-transformer.com\/product\/distribution-substation-transformer\/#primaryimage\"},\"thumbnailUrl\":\"https:\/\/www.distribution-transformer.com\/wp-content\/uploads\/2024\/03\/icon_2.jpeg\",\"datePublished\":\"2024-06-05T13:11:40+00:00\",\"dateModified\":\"2024-10-20T10:08:20+00:00\",\"description\":\"Farady produces distribution substation transformer and other series of transformer to meet the needs of different scenarios in various industries.\",\"breadcrumb\":{\"@id\":\"https:\/\/www.distribution-transformer.com\/product\/distribution-substation-transformer\/#breadcrumb\"},\"inLanguage\":\"fr-FR\",\"potentialAction\":[{\"@type\":\"ReadAction\",\"target\":[\"https:\/\/www.distribution-transformer.com\/product\/distribution-substation-transformer\/\"]}]},{\"@type\":\"ImageObject\",\"inLanguage\":\"fr-FR\",\"@id\":\"https:\/\/www.distribution-transformer.com\/product\/distribution-substation-transformer\/#primaryimage\",\"url\":\"https:\/\/www.distribution-transformer.com\/wp-content\/uploads\/2024\/03\/icon_2.jpeg\",\"contentUrl\":\"https:\/\/www.distribution-transformer.com\/wp-content\/uploads\/2024\/03\/icon_2.jpeg\",\"width\":400,\"height\":270},{\"@type\":\"BreadcrumbList\",\"@id\":\"https:\/\/www.distribution-transformer.com\/product\/distribution-substation-transformer\/#breadcrumb\",\"itemListElement\":[{\"@type\":\"ListItem\",\"position\":1,\"name\":\"\u9996\u9875\",\"item\":\"https:\/\/www.distribution-transformer.com\/\"},{\"@type\":\"ListItem\",\"position\":2,\"name\":\"Products\",\"item\":\"https:\/\/www.distribution-transformer.com\/products\/\"},{\"@type\":\"ListItem\",\"position\":3,\"name\":\"distribution substation transformer\"}]},{\"@type\":\"WebSite\",\"@id\":\"https:\/\/www.distribution-transformer.com\/#website\",\"url\":\"https:\/\/www.distribution-transformer.com\/\",\"name\":\"FARADY\",\"description\":\"\",\"potentialAction\":[{\"@type\":\"SearchAction\",\"target\":{\"@type\":\"EntryPoint\",\"urlTemplate\":\"https:\/\/www.distribution-transformer.com\/?s={search_term_string}\"},\"query-input\":\"required name=search_term_string\"}],\"inLanguage\":\"fr-FR\"}]}<\/script>\n<!-- \/ Yoast SEO plugin. -->","yoast_head_json":{"title":"distribution substation transformer - Farady","description":"Farady produces distribution substation transformer and other series of transformer to meet the needs of different scenarios in various industries.","robots":{"index":"index","follow":"follow","max-snippet":"max-snippet:-1","max-image-preview":"max-image-preview:large","max-video-preview":"max-video-preview:-1"},"canonical":"http:\/\/www.distribution-transformer.com\/fr\/produit\/transformateur-de-poste-de-distribution\/","og_locale":"fr_FR","og_type":"article","og_title":"distribution substation transformer - Farady","og_description":"Farady produces distribution substation transformer and other series of transformer to meet the needs of different scenarios in various industries.","og_url":"http:\/\/www.distribution-transformer.com\/fr\/produit\/transformateur-de-poste-de-distribution\/","og_site_name":"FARADY","article_modified_time":"2024-10-20T10:08:20+00:00","og_image":[{"width":400,"height":270,"url":"https:\/\/www.distribution-transformer.com\/wp-content\/uploads\/2024\/03\/icon_2.jpeg","type":"image\/jpeg"}],"twitter_card":"summary_large_image","twitter_misc":{"Dur\u00e9e de lecture estim\u00e9e":"4 minutes"},"schema":{"@context":"https:\/\/schema.org","@graph":[{"@type":"WebPage","@id":"https:\/\/www.distribution-transformer.com\/product\/distribution-substation-transformer\/","url":"https:\/\/www.distribution-transformer.com\/product\/distribution-substation-transformer\/","name":"distribution substation transformer - Farady","isPartOf":{"@id":"https:\/\/www.distribution-transformer.com\/#website"},"primaryImageOfPage":{"@id":"https:\/\/www.distribution-transformer.com\/product\/distribution-substation-transformer\/#primaryimage"},"image":{"@id":"https:\/\/www.distribution-transformer.com\/product\/distribution-substation-transformer\/#primaryimage"},"thumbnailUrl":"https:\/\/www.distribution-transformer.com\/wp-content\/uploads\/2024\/03\/icon_2.jpeg","datePublished":"2024-06-05T13:11:40+00:00","dateModified":"2024-10-20T10:08:20+00:00","description":"Farady produces distribution substation transformer and other series of transformer to meet the needs of different scenarios in various industries.","breadcrumb":{"@id":"https:\/\/www.distribution-transformer.com\/product\/distribution-substation-transformer\/#breadcrumb"},"inLanguage":"fr-FR","potentialAction":[{"@type":"ReadAction","target":["https:\/\/www.distribution-transformer.com\/product\/distribution-substation-transformer\/"]}]},{"@type":"ImageObject","inLanguage":"fr-FR","@id":"https:\/\/www.distribution-transformer.com\/product\/distribution-substation-transformer\/#primaryimage","url":"https:\/\/www.distribution-transformer.com\/wp-content\/uploads\/2024\/03\/icon_2.jpeg","contentUrl":"https:\/\/www.distribution-transformer.com\/wp-content\/uploads\/2024\/03\/icon_2.jpeg","width":400,"height":270},{"@type":"BreadcrumbList","@id":"https:\/\/www.distribution-transformer.com\/product\/distribution-substation-transformer\/#breadcrumb","itemListElement":[{"@type":"ListItem","position":1,"name":"\u9996\u9875","item":"https:\/\/www.distribution-transformer.com\/"},{"@type":"ListItem","position":2,"name":"Products","item":"https:\/\/www.distribution-transformer.com\/products\/"},{"@type":"ListItem","position":3,"name":"distribution substation transformer"}]},{"@type":"WebSite","@id":"https:\/\/www.distribution-transformer.com\/#website","url":"https:\/\/www.distribution-transformer.com\/","name":"FARADY","description":"","potentialAction":[{"@type":"SearchAction","target":{"@type":"EntryPoint","urlTemplate":"https:\/\/www.distribution-transformer.com\/?s={search_term_string}"},"query-input":"required name=search_term_string"}],"inLanguage":"fr-FR"}]}},"_links":{"self":[{"href":"http:\/\/www.distribution-transformer.com\/fr\/wp-json\/wp\/v2\/product\/3329","targetHints":{"allow":["GET"]}}],"collection":[{"href":"http:\/\/www.distribution-transformer.com\/fr\/wp-json\/wp\/v2\/product"}],"about":[{"href":"http:\/\/www.distribution-transformer.com\/fr\/wp-json\/wp\/v2\/types\/product"}],"replies":[{"embeddable":true,"href":"http:\/\/www.distribution-transformer.com\/fr\/wp-json\/wp\/v2\/comments?post=3329"}],"wp:featuredmedia":[{"embeddable":true,"href":"http:\/\/www.distribution-transformer.com\/fr\/wp-json\/wp\/v2\/media\/3015"}],"wp:attachment":[{"href":"http:\/\/www.distribution-transformer.com\/fr\/wp-json\/wp\/v2\/media?parent=3329"}],"wp:term":[{"taxonomy":"product_cat","embeddable":true,"href":"http:\/\/www.distribution-transformer.com\/fr\/wp-json\/wp\/v2\/product_cat?post=3329"},{"taxonomy":"product_tag","embeddable":true,"href":"http:\/\/www.distribution-transformer.com\/fr\/wp-json\/wp\/v2\/product_tag?post=3329"}],"curies":[{"name":"wp","href":"https:\/\/api.w.org\/{rel}","templated":true}]}}