{"id":3304,"date":"2024-05-20T22:15:25","date_gmt":"2024-05-20T14:15:25","guid":{"rendered":"https:\/\/www.distribution-transformer.com\/?post_type=product&#038;p=3304"},"modified":"2024-10-20T18:08:42","modified_gmt":"2024-10-20T10:08:42","slug":"automatic-voltage-regulator-for-home","status":"publish","type":"product","link":"http:\/\/www.distribution-transformer.com\/fr\/product\/regulateur-de-tension-automatique-pour-la-maison\/","title":{"rendered":"r\u00e9gulateur de tension automatique pour la maison"},"content":{"rendered":"<p>Faraday Electric est une entreprise nationale de haute technologie sp\u00e9cialis\u00e9e dans les \u00e9quipements \u00e9lectriques industriels, qui se concentre sur le d\u00e9veloppement, la conception, la production et la vente de transformateurs de puissance, de r\u00e9gulateurs de tension, d'interrupteurs int\u00e9rieurs et ext\u00e9rieurs, de RMU et d'appareillages de commutation. Le produit est largement utilis\u00e9 dans les unit\u00e9s de voisinage, les h\u00f4tels, les sites de travail \u00e0 grande \u00e9chelle, les b\u00e2timents \u00e9lev\u00e9s, etc.<\/p>\n<p>Nous proposons \u00e0 nos clients un processus d'approvisionnement simplifi\u00e9 qui les aide \u00e0 choisir la meilleure solution en fonction de leurs besoins sp\u00e9cifiques. Nous avons fourni de l'\u00e9lectricit\u00e9 \u00e0 plus de 90 pays et 50 soci\u00e9t\u00e9s de services publics, et avons obtenu les certifications KEMA, ASTA, CE et autres. Nos produits ont \u00e9t\u00e9 export\u00e9s vers l'Europe, l'Oc\u00e9anie, l'Afrique, l'Am\u00e9rique et d'autres r\u00e9gions.<\/p>\n<p><iframe loading=\"lazy\" title=\"Lecteur vid\u00e9o YouTube\" src=\"https:\/\/www.youtube.com\/embed\/TFTAHgcCZiA?si=SLwXKMvOKOzGyvsl\" width=\"560\" height=\"315\" frameborder=\"0\" allowfullscreen=\"allowfullscreen\"><\/iframe><\/p>\n<table class=\"table table-bordered text-center\" style=\"height: 276px;\" width=\"744\">\n<thead><\/thead>\n<tbody>\n<tr>\n<td><span style=\"font-family: Poppins, Helvetica, sans-serif; font-size: 13px; font-style: normal; font-variant-ligatures: normal; font-variant-caps: normal; font-weight: 400; letter-spacing: 0.16px;\">Nom du produit<\/span><\/td>\n<td><span style=\"font-family: Poppins, Helvetica, sans-serif; font-size: 13px; font-style: normal; font-variant-ligatures: normal; font-variant-caps: normal; font-weight: 400; letter-spacing: 0.16px;\">r\u00e9gulateur de tension automatique pour la maison<\/span><\/td>\n<\/tr>\n<tr>\n<td>Lieu d'origine<\/td>\n<td><span style=\"font-family: Poppins, Helvetica, sans-serif; font-size: 13px; font-style: normal; font-variant-ligatures: normal; font-variant-caps: normal; font-weight: 400; letter-spacing: 0.16px;\">Zhejiang, Chine<\/span><\/td>\n<\/tr>\n<tr>\n<td>Nom de la marque<\/td>\n<td>Farady<\/td>\n<\/tr>\n<tr>\n<td>Application<\/td>\n<td>chantier \u00e0 grande \u00e9chelle, h\u00f4tel...etc<\/td>\n<\/tr>\n<tr>\n<td>Certification<\/td>\n<td>ASTA, ISO 9001...etc<\/td>\n<\/tr>\n<tr>\n<td>Utilisation<\/td>\n<td>PUISSANCE<\/td>\n<\/tr>\n<tr>\n<td><span style=\"font-family: Poppins, Helvetica, sans-serif; font-size: 13px; font-style: normal; font-variant-ligatures: normal; font-variant-caps: normal; font-weight: 400; letter-spacing: 0.16px;\">D\u00e9tails de l'emballage<\/span><\/td>\n<td>Emball\u00e9s dans des bo\u00eetes en contreplaqu\u00e9<\/td>\n<\/tr>\n<tr>\n<td><span style=\"font-family: Poppins, Helvetica, sans-serif; font-size: 13px; font-style: normal; font-variant-ligatures: normal; font-variant-caps: normal; font-weight: 400; letter-spacing: 0.16px; text-align: left;\">D\u00e9lai d'ex\u00e9cution (jours)<\/span><\/td>\n<td><span style=\"font-family: Poppins, Helvetica, sans-serif; font-size: 13px; font-style: normal; font-variant-ligatures: normal; font-variant-caps: normal; font-weight: 400; letter-spacing: 0.16px; text-align: left;\">10-30 (\u00e0 n\u00e9gocier)<\/span><\/td>\n<\/tr>\n<tr>\n<td>Capacit\u00e9 d'approvisionnement<\/td>\n<td>100 Set\/Sets par mois<\/td>\n<\/tr>\n<\/tbody>\n<\/table>\n<p><span style=\"color: #0000ff;\"><b>\u00a0A noter<\/b><\/span>: Les donn\u00e9es du tableau ci-dessus sont donn\u00e9es \u00e0 titre indicatif. Pour des informations sp\u00e9cifiques, veuillez nous contacter.<\/p>\n<p>&nbsp;<\/p>\n<p style=\"text-align: center;\"><img decoding=\"async\" title=\"r\u00e9gulateur de tension automatique pour la maison\" src=\"https:\/\/www.distribution-transformer.com\/wp-content\/uploads\/2024\/04\/Farady-1.jpg\" \/><\/p>\n<p>&nbsp;<\/p>\n<p style=\"text-align: center;\"><b>Le salon de l'atelier pour le r\u00e9gulateur de tension automatique pour la maison<\/b><\/p>\n<p style=\"text-align: center;\"><img decoding=\"async\" title=\"r\u00e9gulateur de tension automatique pour la maison\" src=\"https:\/\/www.distribution-transformer.com\/wp-content\/uploads\/2024\/04\/Farady-2.jpg\" \/><\/p>\n<p>&nbsp;<\/p>\n<p style=\"text-align: center;\"><img decoding=\"async\" title=\"r\u00e9gulateur de tension automatique pour la maison\" src=\"https:\/\/www.distribution-transformer.com\/wp-content\/uploads\/2024\/04\/Farady-3.jpg\" \/><\/p>\n<p>&nbsp;<\/p>\n<p style=\"text-align: center;\"><b>Nos clients viennent visiter le r\u00e9gulateur de tension automatique pour les produits domestiques<\/b><\/p>\n<p style=\"text-align: center;\"><img decoding=\"async\" title=\"r\u00e9gulateur de tension automatique pour la maison\" src=\"https:\/\/www.distribution-transformer.com\/wp-content\/uploads\/2024\/04\/Farady-3-1.jpg\" \/><\/p>\n<p>&nbsp;<\/p>\n<p style=\"text-align: center;\"><b>Il s'agit d'un r\u00e9gulateur de tension automatique pour la maison et d'autres produits.<\/b><\/p>\n<p style=\"text-align: center;\"><img decoding=\"async\" title=\"r\u00e9gulateur de tension automatique pour la maison\" src=\"https:\/\/www.distribution-transformer.com\/wp-content\/uploads\/2024\/04\/Farady-4.jpg\" \/><\/p>\n<p>&nbsp;<\/p>\n<p style=\"text-align: center;\"><img decoding=\"async\" title=\"r\u00e9gulateur de tension automatique pour la maison\" src=\"https:\/\/www.distribution-transformer.com\/wp-content\/uploads\/2024\/04\/Farady-5.jpg\" \/><\/p>\n<p>&nbsp;<\/p>\n<p style=\"text-align: center;\"><img decoding=\"async\" title=\"r\u00e9gulateur de tension automatique pour la maison\" src=\"https:\/\/www.distribution-transformer.com\/wp-content\/uploads\/2024\/04\/Farady-6.jpg\" \/><\/p>\n<p>&nbsp;<\/p>\n<p style=\"text-align: center;\"><b>Il s'agit de notre r\u00e9gulateur de tension automatique pour l'affichage de l'installation des produits domestiques.<\/b><\/p>\n<p style=\"text-align: center;\"><img decoding=\"async\" title=\"r\u00e9gulateur de tension automatique pour la maison\" src=\"https:\/\/www.distribution-transformer.com\/wp-content\/uploads\/2024\/04\/Farady-7.jpg\" \/><\/p>\n<p>&nbsp;<\/p>\n<p style=\"text-align: center;\"><img decoding=\"async\" title=\"r\u00e9gulateur de tension automatique pour la maison\" src=\"https:\/\/www.distribution-transformer.com\/wp-content\/uploads\/2024\/04\/Farady-8.jpg\" \/><\/p>\n<p>&nbsp;<\/p>\n<p style=\"text-align: center;\"><img decoding=\"async\" title=\"r\u00e9gulateur de tension automatique pour la maison\" src=\"https:\/\/www.distribution-transformer.com\/wp-content\/uploads\/2024\/04\/Farady-9.jpg\" \/><\/p>\n<p>&nbsp;<\/p>\n<p style=\"text-align: center;\"><img decoding=\"async\" title=\"r\u00e9gulateur de tension automatique pour la maison\" src=\"https:\/\/www.distribution-transformer.com\/wp-content\/uploads\/2024\/04\/Farady-10.jpg\" \/><\/p>\n<p>&nbsp;<\/p>\n<p style=\"text-align: center;\"><img decoding=\"async\" title=\"r\u00e9gulateur de tension automatique pour la maison\" src=\"https:\/\/www.distribution-transformer.com\/wp-content\/uploads\/2024\/04\/Farady-11.jpg\" \/><\/p>\n<p>&nbsp;<\/p>\n<p style=\"text-align: center;\"><img decoding=\"async\" title=\"r\u00e9gulateur de tension automatique pour la maison\" src=\"https:\/\/www.distribution-transformer.com\/wp-content\/uploads\/2024\/04\/Farady-12.jpg\" \/><\/p>\n<p>&nbsp;<\/p>","protected":false},"excerpt":{"rendered":"<p>Faraday Electric est une entreprise nationale de haute technologie sp\u00e9cialis\u00e9e dans les \u00e9quipements \u00e9lectriques industriels, qui se concentre sur le d\u00e9veloppement, la conception, la production et la vente de transformateurs de puissance, de r\u00e9gulateurs de tension, d'interrupteurs int\u00e9rieurs et ext\u00e9rieurs, de RMU et d'appareillages de commutation. Le produit est largement utilis\u00e9 dans les unit\u00e9s de voisinage, les h\u00f4tels, les sites de travail \u00e0 grande \u00e9chelle, les b\u00e2timents \u00e9lev\u00e9s, etc. Nous fournissons aux clients un processus d'approvisionnement simplifi\u00e9 qui les aide \u00e0 choisir les meilleurs [...]<\/p>","protected":false},"featured_media":3015,"comment_status":"open","ping_status":"closed","template":"","meta":[],"product_cat":[55],"product_tag":[],"class_list":["post-3304","product","type-product","status-publish","has-post-thumbnail","hentry","product_cat-other"],"yoast_head":"<!-- This site is optimized with the Yoast SEO plugin v22.3 - https:\/\/yoast.com\/wordpress\/plugins\/seo\/ -->\n<title>automatic voltage regulator for home - Farady<\/title>\n<meta name=\"description\" content=\"Farady produces automatic voltage regulator for home and other series of transformer to meet the needs of different scenarios in various industries.\" \/>\n<meta name=\"robots\" content=\"index, follow, max-snippet:-1, max-image-preview:large, max-video-preview:-1\" \/>\n<link rel=\"canonical\" href=\"http:\/\/www.distribution-transformer.com\/fr\/produit\/regulateur-de-tension-automatique-pour-la-maison\/\" \/>\n<meta property=\"og:locale\" content=\"fr_FR\" \/>\n<meta property=\"og:type\" content=\"article\" \/>\n<meta property=\"og:title\" content=\"automatic voltage regulator for home - Farady\" \/>\n<meta property=\"og:description\" content=\"Farady produces automatic voltage regulator for home and other series of transformer to meet the needs of different scenarios in various industries.\" \/>\n<meta property=\"og:url\" content=\"http:\/\/www.distribution-transformer.com\/fr\/produit\/regulateur-de-tension-automatique-pour-la-maison\/\" \/>\n<meta property=\"og:site_name\" content=\"FARADY\" \/>\n<meta property=\"article:modified_time\" content=\"2024-10-20T10:08:42+00:00\" \/>\n<meta property=\"og:image\" content=\"https:\/\/www.distribution-transformer.com\/wp-content\/uploads\/2024\/03\/icon_2.jpeg\" \/>\n\t<meta property=\"og:image:width\" content=\"400\" \/>\n\t<meta property=\"og:image:height\" content=\"270\" \/>\n\t<meta property=\"og:image:type\" content=\"image\/jpeg\" \/>\n<meta name=\"twitter:card\" content=\"summary_large_image\" \/>\n<meta name=\"twitter:label1\" content=\"Dur\u00e9e de lecture estim\u00e9e\" \/>\n\t<meta name=\"twitter:data1\" content=\"4 minutes\" \/>\n<script type=\"application\/ld+json\" class=\"yoast-schema-graph\">{\"@context\":\"https:\/\/schema.org\",\"@graph\":[{\"@type\":\"WebPage\",\"@id\":\"https:\/\/www.distribution-transformer.com\/product\/automatic-voltage-regulator-for-home\/\",\"url\":\"https:\/\/www.distribution-transformer.com\/product\/automatic-voltage-regulator-for-home\/\",\"name\":\"automatic voltage regulator for home - Farady\",\"isPartOf\":{\"@id\":\"https:\/\/www.distribution-transformer.com\/#website\"},\"primaryImageOfPage\":{\"@id\":\"https:\/\/www.distribution-transformer.com\/product\/automatic-voltage-regulator-for-home\/#primaryimage\"},\"image\":{\"@id\":\"https:\/\/www.distribution-transformer.com\/product\/automatic-voltage-regulator-for-home\/#primaryimage\"},\"thumbnailUrl\":\"https:\/\/www.distribution-transformer.com\/wp-content\/uploads\/2024\/03\/icon_2.jpeg\",\"datePublished\":\"2024-05-20T14:15:25+00:00\",\"dateModified\":\"2024-10-20T10:08:42+00:00\",\"description\":\"Farady produces automatic voltage regulator for home and other series of transformer to meet the needs of different scenarios in various industries.\",\"breadcrumb\":{\"@id\":\"https:\/\/www.distribution-transformer.com\/product\/automatic-voltage-regulator-for-home\/#breadcrumb\"},\"inLanguage\":\"fr-FR\",\"potentialAction\":[{\"@type\":\"ReadAction\",\"target\":[\"https:\/\/www.distribution-transformer.com\/product\/automatic-voltage-regulator-for-home\/\"]}]},{\"@type\":\"ImageObject\",\"inLanguage\":\"fr-FR\",\"@id\":\"https:\/\/www.distribution-transformer.com\/product\/automatic-voltage-regulator-for-home\/#primaryimage\",\"url\":\"https:\/\/www.distribution-transformer.com\/wp-content\/uploads\/2024\/03\/icon_2.jpeg\",\"contentUrl\":\"https:\/\/www.distribution-transformer.com\/wp-content\/uploads\/2024\/03\/icon_2.jpeg\",\"width\":400,\"height\":270},{\"@type\":\"BreadcrumbList\",\"@id\":\"https:\/\/www.distribution-transformer.com\/product\/automatic-voltage-regulator-for-home\/#breadcrumb\",\"itemListElement\":[{\"@type\":\"ListItem\",\"position\":1,\"name\":\"\u9996\u9875\",\"item\":\"https:\/\/www.distribution-transformer.com\/\"},{\"@type\":\"ListItem\",\"position\":2,\"name\":\"Products\",\"item\":\"https:\/\/www.distribution-transformer.com\/products\/\"},{\"@type\":\"ListItem\",\"position\":3,\"name\":\"automatic voltage regulator for home\"}]},{\"@type\":\"WebSite\",\"@id\":\"https:\/\/www.distribution-transformer.com\/#website\",\"url\":\"https:\/\/www.distribution-transformer.com\/\",\"name\":\"FARADY\",\"description\":\"\",\"potentialAction\":[{\"@type\":\"SearchAction\",\"target\":{\"@type\":\"EntryPoint\",\"urlTemplate\":\"https:\/\/www.distribution-transformer.com\/?s={search_term_string}\"},\"query-input\":\"required name=search_term_string\"}],\"inLanguage\":\"fr-FR\"}]}<\/script>\n<!-- \/ Yoast SEO plugin. -->","yoast_head_json":{"title":"automatic voltage regulator for home - Farady","description":"Farady produces automatic voltage regulator for home and other series of transformer to meet the needs of different scenarios in various industries.","robots":{"index":"index","follow":"follow","max-snippet":"max-snippet:-1","max-image-preview":"max-image-preview:large","max-video-preview":"max-video-preview:-1"},"canonical":"http:\/\/www.distribution-transformer.com\/fr\/produit\/regulateur-de-tension-automatique-pour-la-maison\/","og_locale":"fr_FR","og_type":"article","og_title":"automatic voltage regulator for home - Farady","og_description":"Farady produces automatic voltage regulator for home and other series of transformer to meet the needs of different scenarios in various industries.","og_url":"http:\/\/www.distribution-transformer.com\/fr\/produit\/regulateur-de-tension-automatique-pour-la-maison\/","og_site_name":"FARADY","article_modified_time":"2024-10-20T10:08:42+00:00","og_image":[{"width":400,"height":270,"url":"https:\/\/www.distribution-transformer.com\/wp-content\/uploads\/2024\/03\/icon_2.jpeg","type":"image\/jpeg"}],"twitter_card":"summary_large_image","twitter_misc":{"Dur\u00e9e de lecture estim\u00e9e":"4 minutes"},"schema":{"@context":"https:\/\/schema.org","@graph":[{"@type":"WebPage","@id":"https:\/\/www.distribution-transformer.com\/product\/automatic-voltage-regulator-for-home\/","url":"https:\/\/www.distribution-transformer.com\/product\/automatic-voltage-regulator-for-home\/","name":"automatic voltage regulator for home - Farady","isPartOf":{"@id":"https:\/\/www.distribution-transformer.com\/#website"},"primaryImageOfPage":{"@id":"https:\/\/www.distribution-transformer.com\/product\/automatic-voltage-regulator-for-home\/#primaryimage"},"image":{"@id":"https:\/\/www.distribution-transformer.com\/product\/automatic-voltage-regulator-for-home\/#primaryimage"},"thumbnailUrl":"https:\/\/www.distribution-transformer.com\/wp-content\/uploads\/2024\/03\/icon_2.jpeg","datePublished":"2024-05-20T14:15:25+00:00","dateModified":"2024-10-20T10:08:42+00:00","description":"Farady produces automatic voltage regulator for home and other series of transformer to meet the needs of different scenarios in various industries.","breadcrumb":{"@id":"https:\/\/www.distribution-transformer.com\/product\/automatic-voltage-regulator-for-home\/#breadcrumb"},"inLanguage":"fr-FR","potentialAction":[{"@type":"ReadAction","target":["https:\/\/www.distribution-transformer.com\/product\/automatic-voltage-regulator-for-home\/"]}]},{"@type":"ImageObject","inLanguage":"fr-FR","@id":"https:\/\/www.distribution-transformer.com\/product\/automatic-voltage-regulator-for-home\/#primaryimage","url":"https:\/\/www.distribution-transformer.com\/wp-content\/uploads\/2024\/03\/icon_2.jpeg","contentUrl":"https:\/\/www.distribution-transformer.com\/wp-content\/uploads\/2024\/03\/icon_2.jpeg","width":400,"height":270},{"@type":"BreadcrumbList","@id":"https:\/\/www.distribution-transformer.com\/product\/automatic-voltage-regulator-for-home\/#breadcrumb","itemListElement":[{"@type":"ListItem","position":1,"name":"\u9996\u9875","item":"https:\/\/www.distribution-transformer.com\/"},{"@type":"ListItem","position":2,"name":"Products","item":"https:\/\/www.distribution-transformer.com\/products\/"},{"@type":"ListItem","position":3,"name":"automatic voltage regulator for home"}]},{"@type":"WebSite","@id":"https:\/\/www.distribution-transformer.com\/#website","url":"https:\/\/www.distribution-transformer.com\/","name":"FARADY","description":"","potentialAction":[{"@type":"SearchAction","target":{"@type":"EntryPoint","urlTemplate":"https:\/\/www.distribution-transformer.com\/?s={search_term_string}"},"query-input":"required name=search_term_string"}],"inLanguage":"fr-FR"}]}},"_links":{"self":[{"href":"http:\/\/www.distribution-transformer.com\/fr\/wp-json\/wp\/v2\/product\/3304","targetHints":{"allow":["GET"]}}],"collection":[{"href":"http:\/\/www.distribution-transformer.com\/fr\/wp-json\/wp\/v2\/product"}],"about":[{"href":"http:\/\/www.distribution-transformer.com\/fr\/wp-json\/wp\/v2\/types\/product"}],"replies":[{"embeddable":true,"href":"http:\/\/www.distribution-transformer.com\/fr\/wp-json\/wp\/v2\/comments?post=3304"}],"wp:featuredmedia":[{"embeddable":true,"href":"http:\/\/www.distribution-transformer.com\/fr\/wp-json\/wp\/v2\/media\/3015"}],"wp:attachment":[{"href":"http:\/\/www.distribution-transformer.com\/fr\/wp-json\/wp\/v2\/media?parent=3304"}],"wp:term":[{"taxonomy":"product_cat","embeddable":true,"href":"http:\/\/www.distribution-transformer.com\/fr\/wp-json\/wp\/v2\/product_cat?post=3304"},{"taxonomy":"product_tag","embeddable":true,"href":"http:\/\/www.distribution-transformer.com\/fr\/wp-json\/wp\/v2\/product_tag?post=3304"}],"curies":[{"name":"wp","href":"https:\/\/api.w.org\/{rel}","templated":true}]}}