{"id":3300,"date":"2024-05-20T22:12:27","date_gmt":"2024-05-20T14:12:27","guid":{"rendered":"https:\/\/www.distribution-transformer.com\/?post_type=product&#038;p=3300"},"modified":"2024-10-20T18:09:31","modified_gmt":"2024-10-20T10:09:31","slug":"air-break-switch-vs-load-break-switch","status":"publish","type":"product","link":"http:\/\/www.distribution-transformer.com\/fr\/product\/interrupteur-de-coupure-dair-vs-interrupteur-de-coupure-de-charge\/","title":{"rendered":"interrupteur de coupure d'air vs interrupteur de coupure de charge"},"content":{"rendered":"<p>Faraday est situ\u00e9e \u00e0 Leqing, Zhejiang, en Chine. Fond\u00e9e en 1999, elle est l'un des principaux fabricants d'\u00e9quipements de transmission et de transformation de l'\u00e9nergie en Chine. Nous disposons d'experts \u00e9lectrom\u00e9caniques, de techniciens et d'ouvriers qualifi\u00e9s de premier ordre. Actuellement, nous produisons principalement des transformateurs de puissance, des r\u00e9gulateurs de tension, des interrupteurs int\u00e9rieurs et ext\u00e9rieurs, des RMU et des appareillages de commutation, etc.<\/p>\n<p>Nous disposons d'\u00e9quipements d'usine et de processus de production avanc\u00e9s. Nous avons successivement introduit des lignes de production enti\u00e8rement automatiques, des syst\u00e8mes de coul\u00e9e num\u00e9rique enti\u00e8rement automatiques, des bobineuses automatiques et d'autres \u00e9quipements \u00e9trangers. Nos produits ont obtenu les certifications ISO, KEMA, ASTA, CE, etc. Nos partenaires incluent ENSD, PDVSA, SESB, ISRAEL ELECTRIC, etc.<\/p>\n<p><iframe loading=\"lazy\" title=\"Lecteur vid\u00e9o YouTube\" src=\"https:\/\/www.youtube.com\/embed\/TFTAHgcCZiA?si=SLwXKMvOKOzGyvsl\" width=\"560\" height=\"315\" frameborder=\"0\" allowfullscreen=\"allowfullscreen\"><\/iframe><\/p>\n<table class=\"table table-bordered text-center\" style=\"height: 278px;\" width=\"947\">\n<thead><\/thead>\n<tbody>\n<tr>\n<td>Nom du produit<\/td>\n<td>interrupteur de coupure d'air vs interrupteur de coupure de charge<\/td>\n<\/tr>\n<tr>\n<td><span style=\"font-family: Poppins, Helvetica, sans-serif; font-size: 13px; font-style: normal; font-variant-ligatures: normal; font-variant-caps: normal; font-weight: 400; letter-spacing: 0.16px;\">Nom de la marque<\/span><\/td>\n<td>Farady<\/td>\n<\/tr>\n<tr>\n<td><span style=\"font-family: Poppins, Helvetica, sans-serif; font-size: 13px; font-style: normal; font-variant-ligatures: normal; font-variant-caps: normal; font-weight: 400; letter-spacing: 0.16px;\">Lieu d'origine<\/span><\/td>\n<td><span style=\"font-family: Poppins, Helvetica, sans-serif; font-size: 13px; font-style: normal; font-variant-ligatures: normal; font-variant-caps: normal; font-weight: 400; letter-spacing: 0.16px;\">Zhejiang, Chine<\/span><\/td>\n<\/tr>\n<tr>\n<td>Condition<\/td>\n<td>Nouveau<\/td>\n<\/tr>\n<tr>\n<td><span style=\"font-family: Poppins, Helvetica, sans-serif; font-size: 13px; font-style: normal; font-variant-ligatures: normal; font-variant-caps: normal; font-weight: 400; letter-spacing: 0.16px;\">Application<\/span><\/td>\n<td><span style=\"font-family: Poppins, Helvetica, sans-serif; font-size: 13px; font-style: normal; font-variant-ligatures: normal; font-variant-caps: normal; font-weight: 400; letter-spacing: 0.16px;\">chantier \u00e0 grande \u00e9chelle, h\u00f4tel...etc<\/span><\/td>\n<\/tr>\n<tr>\n<td><span style=\"font-family: Poppins, Helvetica, sans-serif; font-size: 13px; font-style: normal; font-variant-ligatures: normal; font-variant-caps: normal; font-weight: 400; letter-spacing: 0.16px;\">Service apr\u00e8s-vente<\/span><\/td>\n<td>Assistance technique en ligne<\/td>\n<\/tr>\n<tr>\n<td>Partenaires<\/td>\n<td>ANDE, POWERCHINA, PDVSA...<\/td>\n<\/tr>\n<tr>\n<td>Pays d'exportation<\/td>\n<td>C\u00f4te d'Ivoire, Oman, Bangladesh, etc.<\/td>\n<\/tr>\n<tr>\n<td>Capacit\u00e9 d'approvisionnement<\/td>\n<td>100 Set\/Sets par mois<\/td>\n<\/tr>\n<\/tbody>\n<\/table>\n<p><span style=\"letter-spacing: 0.16px; color: #0000ff;\"><span style=\"font-weight: 600; font-size: 13px;\">A noter<\/span><\/span><span style=\"font-family: Poppins, Helvetica, sans-serif; font-size: 13px; font-style: normal; font-variant-ligatures: normal; font-variant-caps: normal; font-weight: 400; letter-spacing: 0.16px;\">: Les donn\u00e9es du tableau ci-dessus sont donn\u00e9es \u00e0 titre indicatif. Pour des informations sp\u00e9cifiques, veuillez\u00a0<\/span>nous contacter<span style=\"font-family: Poppins, Helvetica, sans-serif; font-size: 13px; font-style: normal; font-variant-ligatures: normal; font-variant-caps: normal; font-weight: 400; letter-spacing: 0.16px;\">.<\/span><\/p>\n<p>&nbsp;<\/p>\n<p style=\"text-align: center;\"><img decoding=\"async\" title=\"interrupteur de coupure d&#039;air vs interrupteur de coupure de charge\" src=\"https:\/\/www.distribution-transformer.com\/wp-content\/uploads\/2024\/04\/Farady-1.jpg\" \/><\/p>\n<p>&nbsp;<\/p>\n<p style=\"text-align: center;\"><b>Le spectacle de l'atelier pour le commutateur de coupure d'air par rapport au commutateur de coupure de charge<\/b><\/p>\n<p style=\"text-align: center;\"><img decoding=\"async\" title=\"interrupteur de coupure d&#039;air vs interrupteur de coupure de charge\" src=\"https:\/\/www.distribution-transformer.com\/wp-content\/uploads\/2024\/04\/Farady-2.jpg\" \/><\/p>\n<p>&nbsp;<\/p>\n<p style=\"text-align: center;\"><img decoding=\"async\" title=\"interrupteur de coupure d&#039;air vs interrupteur de coupure de charge\" src=\"https:\/\/www.distribution-transformer.com\/wp-content\/uploads\/2024\/04\/Farady-3.jpg\" \/><\/p>\n<p>&nbsp;<\/p>\n<p style=\"text-align: center;\"><b>Nos clients viennent visiter les produits des interrupteurs \u00e0 coupure d'air et des interrupteurs \u00e0 coupure de charge.<\/b><\/p>\n<p style=\"text-align: center;\"><img decoding=\"async\" title=\"interrupteur de coupure d&#039;air vs interrupteur de coupure de charge\" src=\"https:\/\/www.distribution-transformer.com\/wp-content\/uploads\/2024\/04\/Farady-3-1.jpg\" \/><\/p>\n<p>&nbsp;<\/p>\n<p style=\"text-align: center;\"><b>Il s'agit d'un interrupteur \u00e0 coupure d'air par rapport \u00e0 un interrupteur \u00e0 coupure de charge et d'autres produits.<\/b><\/p>\n<p style=\"text-align: center;\"><img decoding=\"async\" title=\"interrupteur de coupure d&#039;air vs interrupteur de coupure de charge\" src=\"https:\/\/www.distribution-transformer.com\/wp-content\/uploads\/2024\/04\/Farady-4.jpg\" \/><\/p>\n<p>&nbsp;<\/p>\n<p style=\"text-align: center;\"><img decoding=\"async\" title=\"interrupteur de coupure d&#039;air vs interrupteur de coupure de charge\" src=\"https:\/\/www.distribution-transformer.com\/wp-content\/uploads\/2024\/04\/Farady-5.jpg\" \/><\/p>\n<p>&nbsp;<\/p>\n<p style=\"text-align: center;\"><img decoding=\"async\" title=\"interrupteur de coupure d&#039;air vs interrupteur de coupure de charge\" src=\"https:\/\/www.distribution-transformer.com\/wp-content\/uploads\/2024\/04\/Farady-6.jpg\" \/><\/p>\n<p>&nbsp;<\/p>\n<p style=\"text-align: center;\"><b>Voici notre pr\u00e9sentation de l'installation de notre interrupteur \u00e0 coupure d'air par rapport \u00e0 l'interrupteur \u00e0 coupure de charge.<\/b><\/p>\n<p style=\"text-align: center;\"><img decoding=\"async\" title=\"interrupteur de coupure d&#039;air vs interrupteur de coupure de charge\" src=\"https:\/\/www.distribution-transformer.com\/wp-content\/uploads\/2024\/04\/Farady-7.jpg\" \/><\/p>\n<p>&nbsp;<\/p>\n<p style=\"text-align: center;\"><img decoding=\"async\" title=\"interrupteur de coupure d&#039;air vs interrupteur de coupure de charge\" src=\"https:\/\/www.distribution-transformer.com\/wp-content\/uploads\/2024\/04\/Farady-8.jpg\" \/><\/p>\n<p>&nbsp;<\/p>\n<p style=\"text-align: center;\"><img decoding=\"async\" title=\"interrupteur de coupure d&#039;air vs interrupteur de coupure de charge\" src=\"https:\/\/www.distribution-transformer.com\/wp-content\/uploads\/2024\/04\/Farady-9.jpg\" \/><\/p>\n<p>&nbsp;<\/p>\n<p style=\"text-align: center;\"><img decoding=\"async\" title=\"interrupteur de coupure d&#039;air vs interrupteur de coupure de charge\" src=\"https:\/\/www.distribution-transformer.com\/wp-content\/uploads\/2024\/04\/Farady-10.jpg\" \/><\/p>\n<p>&nbsp;<\/p>\n<p style=\"text-align: center;\"><img decoding=\"async\" title=\"interrupteur de coupure d&#039;air vs interrupteur de coupure de charge\" src=\"https:\/\/www.distribution-transformer.com\/wp-content\/uploads\/2024\/04\/Farady-11.jpg\" \/><\/p>\n<p>&nbsp;<\/p>\n<p style=\"text-align: center;\"><img decoding=\"async\" title=\"interrupteur de coupure d&#039;air vs interrupteur de coupure de charge\" src=\"https:\/\/www.distribution-transformer.com\/wp-content\/uploads\/2024\/04\/Farady-12.jpg\" \/><\/p>\n<p>&nbsp;<\/p>","protected":false},"excerpt":{"rendered":"<p>Faraday est situ\u00e9e \u00e0 Leqing, Zhejiang, en Chine. Fond\u00e9e en 1999, elle est l'un des principaux fabricants d'\u00e9quipements de transmission et de transformation de l'\u00e9nergie en Chine. Nous disposons d'experts \u00e9lectrom\u00e9caniques, de techniciens et d'ouvriers qualifi\u00e9s de premier ordre. Actuellement, nous produisons principalement des transformateurs de puissance, des r\u00e9gulateurs de tension, des interrupteurs int\u00e9rieurs et ext\u00e9rieurs, des RMU et des appareillages de commutation, etc. Nous disposons d'\u00e9quipements d'usine avanc\u00e9s et [...]<\/p>","protected":false},"featured_media":3015,"comment_status":"open","ping_status":"closed","template":"","meta":[],"product_cat":[55],"product_tag":[],"class_list":["post-3300","product","type-product","status-publish","has-post-thumbnail","hentry","product_cat-other"],"yoast_head":"<!-- This site is optimized with the Yoast SEO plugin v22.3 - https:\/\/yoast.com\/wordpress\/plugins\/seo\/ -->\n<title>air break switch vs load break switch - Farady<\/title>\n<meta name=\"description\" content=\"Farady produces air break switch vs load break switch and other series of transformer to meet the needs of different scenarios in various industries.\" \/>\n<meta name=\"robots\" content=\"index, follow, max-snippet:-1, max-image-preview:large, max-video-preview:-1\" \/>\n<link rel=\"canonical\" href=\"http:\/\/www.distribution-transformer.com\/fr\/produit\/interrupteur-de-coupure-dair-vs-interrupteur-de-coupure-de-charge\/\" \/>\n<meta property=\"og:locale\" content=\"fr_FR\" \/>\n<meta property=\"og:type\" content=\"article\" \/>\n<meta property=\"og:title\" content=\"air break switch vs load break switch - Farady\" \/>\n<meta property=\"og:description\" content=\"Farady produces air break switch vs load break switch and other series of transformer to meet the needs of different scenarios in various industries.\" \/>\n<meta property=\"og:url\" content=\"http:\/\/www.distribution-transformer.com\/fr\/produit\/interrupteur-de-coupure-dair-vs-interrupteur-de-coupure-de-charge\/\" \/>\n<meta property=\"og:site_name\" content=\"FARADY\" \/>\n<meta property=\"article:modified_time\" content=\"2024-10-20T10:09:31+00:00\" \/>\n<meta property=\"og:image\" content=\"https:\/\/www.distribution-transformer.com\/wp-content\/uploads\/2024\/03\/icon_2.jpeg\" \/>\n\t<meta property=\"og:image:width\" content=\"400\" \/>\n\t<meta property=\"og:image:height\" content=\"270\" \/>\n\t<meta property=\"og:image:type\" content=\"image\/jpeg\" \/>\n<meta name=\"twitter:card\" content=\"summary_large_image\" \/>\n<meta name=\"twitter:label1\" content=\"Dur\u00e9e de lecture estim\u00e9e\" \/>\n\t<meta name=\"twitter:data1\" content=\"4 minutes\" \/>\n<script type=\"application\/ld+json\" class=\"yoast-schema-graph\">{\"@context\":\"https:\/\/schema.org\",\"@graph\":[{\"@type\":\"WebPage\",\"@id\":\"https:\/\/www.distribution-transformer.com\/product\/air-break-switch-vs-load-break-switch\/\",\"url\":\"https:\/\/www.distribution-transformer.com\/product\/air-break-switch-vs-load-break-switch\/\",\"name\":\"air break switch vs load break switch - Farady\",\"isPartOf\":{\"@id\":\"https:\/\/www.distribution-transformer.com\/#website\"},\"primaryImageOfPage\":{\"@id\":\"https:\/\/www.distribution-transformer.com\/product\/air-break-switch-vs-load-break-switch\/#primaryimage\"},\"image\":{\"@id\":\"https:\/\/www.distribution-transformer.com\/product\/air-break-switch-vs-load-break-switch\/#primaryimage\"},\"thumbnailUrl\":\"https:\/\/www.distribution-transformer.com\/wp-content\/uploads\/2024\/03\/icon_2.jpeg\",\"datePublished\":\"2024-05-20T14:12:27+00:00\",\"dateModified\":\"2024-10-20T10:09:31+00:00\",\"description\":\"Farady produces air break switch vs load break switch and other series of transformer to meet the needs of different scenarios in various industries.\",\"breadcrumb\":{\"@id\":\"https:\/\/www.distribution-transformer.com\/product\/air-break-switch-vs-load-break-switch\/#breadcrumb\"},\"inLanguage\":\"fr-FR\",\"potentialAction\":[{\"@type\":\"ReadAction\",\"target\":[\"https:\/\/www.distribution-transformer.com\/product\/air-break-switch-vs-load-break-switch\/\"]}]},{\"@type\":\"ImageObject\",\"inLanguage\":\"fr-FR\",\"@id\":\"https:\/\/www.distribution-transformer.com\/product\/air-break-switch-vs-load-break-switch\/#primaryimage\",\"url\":\"https:\/\/www.distribution-transformer.com\/wp-content\/uploads\/2024\/03\/icon_2.jpeg\",\"contentUrl\":\"https:\/\/www.distribution-transformer.com\/wp-content\/uploads\/2024\/03\/icon_2.jpeg\",\"width\":400,\"height\":270},{\"@type\":\"BreadcrumbList\",\"@id\":\"https:\/\/www.distribution-transformer.com\/product\/air-break-switch-vs-load-break-switch\/#breadcrumb\",\"itemListElement\":[{\"@type\":\"ListItem\",\"position\":1,\"name\":\"\u9996\u9875\",\"item\":\"https:\/\/www.distribution-transformer.com\/\"},{\"@type\":\"ListItem\",\"position\":2,\"name\":\"Products\",\"item\":\"https:\/\/www.distribution-transformer.com\/products\/\"},{\"@type\":\"ListItem\",\"position\":3,\"name\":\"air break switch vs load break switch\"}]},{\"@type\":\"WebSite\",\"@id\":\"https:\/\/www.distribution-transformer.com\/#website\",\"url\":\"https:\/\/www.distribution-transformer.com\/\",\"name\":\"FARADY\",\"description\":\"\",\"potentialAction\":[{\"@type\":\"SearchAction\",\"target\":{\"@type\":\"EntryPoint\",\"urlTemplate\":\"https:\/\/www.distribution-transformer.com\/?s={search_term_string}\"},\"query-input\":\"required name=search_term_string\"}],\"inLanguage\":\"fr-FR\"}]}<\/script>\n<!-- \/ Yoast SEO plugin. -->","yoast_head_json":{"title":"air break switch vs load break switch - Farady","description":"Farady produces air break switch vs load break switch and other series of transformer to meet the needs of different scenarios in various industries.","robots":{"index":"index","follow":"follow","max-snippet":"max-snippet:-1","max-image-preview":"max-image-preview:large","max-video-preview":"max-video-preview:-1"},"canonical":"http:\/\/www.distribution-transformer.com\/fr\/produit\/interrupteur-de-coupure-dair-vs-interrupteur-de-coupure-de-charge\/","og_locale":"fr_FR","og_type":"article","og_title":"air break switch vs load break switch - Farady","og_description":"Farady produces air break switch vs load break switch and other series of transformer to meet the needs of different scenarios in various industries.","og_url":"http:\/\/www.distribution-transformer.com\/fr\/produit\/interrupteur-de-coupure-dair-vs-interrupteur-de-coupure-de-charge\/","og_site_name":"FARADY","article_modified_time":"2024-10-20T10:09:31+00:00","og_image":[{"width":400,"height":270,"url":"https:\/\/www.distribution-transformer.com\/wp-content\/uploads\/2024\/03\/icon_2.jpeg","type":"image\/jpeg"}],"twitter_card":"summary_large_image","twitter_misc":{"Dur\u00e9e de lecture estim\u00e9e":"4 minutes"},"schema":{"@context":"https:\/\/schema.org","@graph":[{"@type":"WebPage","@id":"https:\/\/www.distribution-transformer.com\/product\/air-break-switch-vs-load-break-switch\/","url":"https:\/\/www.distribution-transformer.com\/product\/air-break-switch-vs-load-break-switch\/","name":"air break switch vs load break switch - Farady","isPartOf":{"@id":"https:\/\/www.distribution-transformer.com\/#website"},"primaryImageOfPage":{"@id":"https:\/\/www.distribution-transformer.com\/product\/air-break-switch-vs-load-break-switch\/#primaryimage"},"image":{"@id":"https:\/\/www.distribution-transformer.com\/product\/air-break-switch-vs-load-break-switch\/#primaryimage"},"thumbnailUrl":"https:\/\/www.distribution-transformer.com\/wp-content\/uploads\/2024\/03\/icon_2.jpeg","datePublished":"2024-05-20T14:12:27+00:00","dateModified":"2024-10-20T10:09:31+00:00","description":"Farady produces air break switch vs load break switch and other series of transformer to meet the needs of different scenarios in various industries.","breadcrumb":{"@id":"https:\/\/www.distribution-transformer.com\/product\/air-break-switch-vs-load-break-switch\/#breadcrumb"},"inLanguage":"fr-FR","potentialAction":[{"@type":"ReadAction","target":["https:\/\/www.distribution-transformer.com\/product\/air-break-switch-vs-load-break-switch\/"]}]},{"@type":"ImageObject","inLanguage":"fr-FR","@id":"https:\/\/www.distribution-transformer.com\/product\/air-break-switch-vs-load-break-switch\/#primaryimage","url":"https:\/\/www.distribution-transformer.com\/wp-content\/uploads\/2024\/03\/icon_2.jpeg","contentUrl":"https:\/\/www.distribution-transformer.com\/wp-content\/uploads\/2024\/03\/icon_2.jpeg","width":400,"height":270},{"@type":"BreadcrumbList","@id":"https:\/\/www.distribution-transformer.com\/product\/air-break-switch-vs-load-break-switch\/#breadcrumb","itemListElement":[{"@type":"ListItem","position":1,"name":"\u9996\u9875","item":"https:\/\/www.distribution-transformer.com\/"},{"@type":"ListItem","position":2,"name":"Products","item":"https:\/\/www.distribution-transformer.com\/products\/"},{"@type":"ListItem","position":3,"name":"air break switch vs load break switch"}]},{"@type":"WebSite","@id":"https:\/\/www.distribution-transformer.com\/#website","url":"https:\/\/www.distribution-transformer.com\/","name":"FARADY","description":"","potentialAction":[{"@type":"SearchAction","target":{"@type":"EntryPoint","urlTemplate":"https:\/\/www.distribution-transformer.com\/?s={search_term_string}"},"query-input":"required name=search_term_string"}],"inLanguage":"fr-FR"}]}},"_links":{"self":[{"href":"http:\/\/www.distribution-transformer.com\/fr\/wp-json\/wp\/v2\/product\/3300","targetHints":{"allow":["GET"]}}],"collection":[{"href":"http:\/\/www.distribution-transformer.com\/fr\/wp-json\/wp\/v2\/product"}],"about":[{"href":"http:\/\/www.distribution-transformer.com\/fr\/wp-json\/wp\/v2\/types\/product"}],"replies":[{"embeddable":true,"href":"http:\/\/www.distribution-transformer.com\/fr\/wp-json\/wp\/v2\/comments?post=3300"}],"wp:featuredmedia":[{"embeddable":true,"href":"http:\/\/www.distribution-transformer.com\/fr\/wp-json\/wp\/v2\/media\/3015"}],"wp:attachment":[{"href":"http:\/\/www.distribution-transformer.com\/fr\/wp-json\/wp\/v2\/media?parent=3300"}],"wp:term":[{"taxonomy":"product_cat","embeddable":true,"href":"http:\/\/www.distribution-transformer.com\/fr\/wp-json\/wp\/v2\/product_cat?post=3300"},{"taxonomy":"product_tag","embeddable":true,"href":"http:\/\/www.distribution-transformer.com\/fr\/wp-json\/wp\/v2\/product_tag?post=3300"}],"curies":[{"name":"wp","href":"https:\/\/api.w.org\/{rel}","templated":true}]}}