{"id":3289,"date":"2024-05-20T21:51:53","date_gmt":"2024-05-20T13:51:53","guid":{"rendered":"https:\/\/www.distribution-transformer.com\/?post_type=product&#038;p=3289"},"modified":"2024-10-20T18:12:14","modified_gmt":"2024-10-20T10:12:14","slug":"3-phase-transformer-wiring-schematic","status":"publish","type":"product","link":"http:\/\/www.distribution-transformer.com\/fr\/product\/schema-de-cablage-du-transformateur-triphase\/","title":{"rendered":"Sch\u00e9ma de c\u00e2blage du transformateur triphas\u00e9"},"content":{"rendered":"<p>Faraday Electric Co. a \u00e9t\u00e9 cr\u00e9\u00e9e en 1999. L'atelier de fabrication d'appareillages et de transformateurs a \u00e9t\u00e9 achev\u00e9 en 2000. En 2001, le premier r\u00e9enclencheur automatique et le premier LBS ont \u00e9t\u00e9 mis au point. En 2002, l'entreprise a obtenu la certification ISO 9001 et s'est lanc\u00e9e dans l'exportation internationale en 2003. Apr\u00e8s pr\u00e8s de 20 ans de cr\u00e9ation et de d\u00e9veloppement, Faraday est progressivement devenue une entreprise leader dans la fabrication de transformateurs de puissance en Chine.<\/p>\n<p>Nos produits comprennent principalement des transformateurs de puissance, des r\u00e9gulateurs de tension, des interrupteurs int\u00e9rieurs et ext\u00e9rieurs, des RMU et des appareillages de commutation, etc. Le produit est largement accept\u00e9 et utilis\u00e9 pour ses caract\u00e9ristiques parfaites, sa haute qualit\u00e9 et son design moderne. Jusqu'\u00e0 pr\u00e9sent, il a fourni de l'\u00e9nergie \u00e0 plus de 90 pays et 50 soci\u00e9t\u00e9s de services publics.<\/p>\n<p><iframe loading=\"lazy\" title=\"Lecteur vid\u00e9o YouTube\" src=\"https:\/\/www.youtube.com\/embed\/TFTAHgcCZiA?si=SLwXKMvOKOzGyvsl\" width=\"560\" height=\"315\" frameborder=\"0\" allowfullscreen=\"allowfullscreen\"><\/iframe><\/p>\n<table class=\"table table-bordered text-center\" style=\"height: 260px;\" width=\"742\">\n<thead><\/thead>\n<tbody>\n<tr>\n<td>Nom du produit<\/td>\n<td>Sch\u00e9ma de c\u00e2blage du transformateur triphas\u00e9<\/td>\n<\/tr>\n<tr>\n<td><span style=\"font-family: Poppins, Helvetica, sans-serif; font-size: 13px; font-style: normal; font-variant-ligatures: normal; font-variant-caps: normal; font-weight: 400; letter-spacing: 0.16px;\">Nom de la marque<\/span><\/td>\n<td>Farady<\/td>\n<\/tr>\n<tr>\n<td><span style=\"font-family: Poppins, Helvetica, sans-serif; font-size: 13px; font-style: normal; font-variant-ligatures: normal; font-variant-caps: normal; font-weight: 400; letter-spacing: 0.16px;\">Lieu d'origine<\/span><\/td>\n<td><span style=\"font-family: Poppins, Helvetica, sans-serif; font-size: 13px; font-style: normal; font-variant-ligatures: normal; font-variant-caps: normal; font-weight: 400; letter-spacing: 0.16px;\">Chine<\/span><\/td>\n<\/tr>\n<tr>\n<td>Condition<\/td>\n<td>Nouveau<\/td>\n<\/tr>\n<tr>\n<td><span style=\"font-family: Poppins, Helvetica, sans-serif; font-size: 13px; font-style: normal; font-variant-ligatures: normal; font-variant-caps: normal; font-weight: 400; letter-spacing: 0.16px;\">Application<\/span><\/td>\n<td><span style=\"font-family: Poppins, Helvetica, sans-serif; font-size: 13px; font-style: normal; font-variant-ligatures: normal; font-variant-caps: normal; font-weight: 400; letter-spacing: 0.16px;\">h\u00f4tel, unit\u00e9 de voisinage...etc<\/span><\/td>\n<\/tr>\n<tr>\n<td><span style=\"font-family: Poppins, Helvetica, sans-serif; font-size: 13px; font-style: normal; font-variant-ligatures: normal; font-variant-caps: normal; font-weight: 400; letter-spacing: 0.16px;\">Service apr\u00e8s-vente<\/span><\/td>\n<td>Assistance technique en ligne<\/td>\n<\/tr>\n<tr>\n<td>Partenaires<\/td>\n<td>STATE GRID, MERALCO, NESCO...<\/td>\n<\/tr>\n<tr>\n<td>Pays d'exportation<\/td>\n<td>C\u00f4te d'Ivoire, Bangladesh, Oman, Iran, etc.<\/td>\n<\/tr>\n<tr>\n<td>Capacit\u00e9 d'approvisionnement<\/td>\n<td>100 Set\/Sets par mois<\/td>\n<\/tr>\n<\/tbody>\n<\/table>\n<p><span style=\"letter-spacing: 0.16px; color: #0000ff;\"><span style=\"font-weight: 600; font-size: 13px;\">A noter<\/span><\/span><span style=\"font-family: Poppins, Helvetica, sans-serif; font-size: 13px; font-style: normal; font-variant-ligatures: normal; font-variant-caps: normal; font-weight: 400; letter-spacing: 0.16px;\">: Les donn\u00e9es du tableau ci-dessus sont donn\u00e9es \u00e0 titre indicatif. Pour des informations sp\u00e9cifiques, veuillez\u00a0<\/span>nous contacter<span style=\"font-family: Poppins, Helvetica, sans-serif; font-size: 13px; font-style: normal; font-variant-ligatures: normal; font-variant-caps: normal; font-weight: 400; letter-spacing: 0.16px;\">.<\/span><\/p>\n<p>&nbsp;<\/p>\n<p style=\"text-align: center;\"><img decoding=\"async\" title=\"Sch\u00e9ma de c\u00e2blage du transformateur triphas\u00e9\" src=\"https:\/\/www.distribution-transformer.com\/wp-content\/uploads\/2024\/04\/Farady-1.jpg\" \/><\/p>\n<p>&nbsp;<\/p>\n<p style=\"text-align: center;\"><b>Le salon de l'atelier pour le sch\u00e9ma de c\u00e2blage du transformateur triphas\u00e9<\/b><\/p>\n<p style=\"text-align: center;\"><img decoding=\"async\" title=\"Sch\u00e9ma de c\u00e2blage du transformateur triphas\u00e9\" src=\"https:\/\/www.distribution-transformer.com\/wp-content\/uploads\/2024\/04\/Farady-2.jpg\" \/><\/p>\n<p>&nbsp;<\/p>\n<p style=\"text-align: center;\"><img decoding=\"async\" title=\"Sch\u00e9ma de c\u00e2blage du transformateur triphas\u00e9\" src=\"https:\/\/www.distribution-transformer.com\/wp-content\/uploads\/2024\/04\/Farady-3.jpg\" \/><\/p>\n<p>&nbsp;<\/p>\n<p style=\"text-align: center;\"><b>Nos clients viennent visiter les produits du sch\u00e9ma de c\u00e2blage du transformateur triphas\u00e9.<\/b><\/p>\n<p style=\"text-align: center;\"><img decoding=\"async\" title=\"Sch\u00e9ma de c\u00e2blage du transformateur triphas\u00e9\" src=\"https:\/\/www.distribution-transformer.com\/wp-content\/uploads\/2024\/04\/Farady-3-1.jpg\" \/><\/p>\n<p>&nbsp;<\/p>\n<p style=\"text-align: center;\"><b>Il s'agit du sch\u00e9ma de c\u00e2blage du transformateur triphas\u00e9 et d'autres produits.<\/b><\/p>\n<p style=\"text-align: center;\"><img decoding=\"async\" title=\"Sch\u00e9ma de c\u00e2blage du transformateur triphas\u00e9\" src=\"https:\/\/www.distribution-transformer.com\/wp-content\/uploads\/2024\/04\/Farady-4.jpg\" \/><\/p>\n<p>&nbsp;<\/p>\n<p style=\"text-align: center;\"><img decoding=\"async\" title=\"Sch\u00e9ma de c\u00e2blage du transformateur triphas\u00e9\" src=\"https:\/\/www.distribution-transformer.com\/wp-content\/uploads\/2024\/04\/Farady-5.jpg\" \/><\/p>\n<p>&nbsp;<\/p>\n<p style=\"text-align: center;\"><img decoding=\"async\" title=\"Sch\u00e9ma de c\u00e2blage du transformateur triphas\u00e9\" src=\"https:\/\/www.distribution-transformer.com\/wp-content\/uploads\/2024\/04\/Farady-6.jpg\" \/><\/p>\n<p>&nbsp;<\/p>\n<p style=\"text-align: center;\"><b>Il s'agit du sch\u00e9ma de c\u00e2blage du transformateur triphas\u00e9, de l'affichage de l'installation du produit.<\/b><\/p>\n<p style=\"text-align: center;\"><img decoding=\"async\" title=\"Sch\u00e9ma de c\u00e2blage du transformateur triphas\u00e9\" src=\"https:\/\/www.distribution-transformer.com\/wp-content\/uploads\/2024\/04\/Farady-7.jpg\" \/><\/p>\n<p>&nbsp;<\/p>\n<p style=\"text-align: center;\"><img decoding=\"async\" title=\"Sch\u00e9ma de c\u00e2blage du transformateur triphas\u00e9\" src=\"https:\/\/www.distribution-transformer.com\/wp-content\/uploads\/2024\/04\/Farady-8.jpg\" \/><\/p>\n<p>&nbsp;<\/p>\n<p style=\"text-align: center;\"><img decoding=\"async\" title=\"Sch\u00e9ma de c\u00e2blage du transformateur triphas\u00e9\" src=\"https:\/\/www.distribution-transformer.com\/wp-content\/uploads\/2024\/04\/Farady-9.jpg\" \/><\/p>\n<p>&nbsp;<\/p>\n<p style=\"text-align: center;\"><img decoding=\"async\" title=\"Sch\u00e9ma de c\u00e2blage du transformateur triphas\u00e9\" src=\"https:\/\/www.distribution-transformer.com\/wp-content\/uploads\/2024\/04\/Farady-10.jpg\" \/><\/p>\n<p>&nbsp;<\/p>\n<p style=\"text-align: center;\"><img decoding=\"async\" title=\"Sch\u00e9ma de c\u00e2blage du transformateur triphas\u00e9\" src=\"https:\/\/www.distribution-transformer.com\/wp-content\/uploads\/2024\/04\/Farady-11.jpg\" \/><\/p>\n<p>&nbsp;<\/p>\n<p style=\"text-align: center;\"><img decoding=\"async\" title=\"Sch\u00e9ma de c\u00e2blage du transformateur triphas\u00e9\" src=\"https:\/\/www.distribution-transformer.com\/wp-content\/uploads\/2024\/04\/Farady-12.jpg\" \/><\/p>\n<p>&nbsp;<\/p>","protected":false},"excerpt":{"rendered":"<p>Faraday Electric Co. a \u00e9t\u00e9 cr\u00e9\u00e9e en 1999. L'atelier de fabrication d'appareillages de commutation et de transformateurs a \u00e9t\u00e9 achev\u00e9 en 2000. En 2001, le premier r\u00e9enclencheur automatique et le premier LBS ont \u00e9t\u00e9 mis au point. En 2002, l'entreprise a obtenu la certification ISO 9001 et s'est lanc\u00e9e dans l'exportation internationale en 2003. Apr\u00e8s pr\u00e8s de 20 ans de cr\u00e9ation et de d\u00e9veloppement, Faraday s'est progressivement transform\u00e9 en [...]<\/p>","protected":false},"featured_media":3015,"comment_status":"open","ping_status":"closed","template":"","meta":[],"product_cat":[55],"product_tag":[],"class_list":["post-3289","product","type-product","status-publish","has-post-thumbnail","hentry","product_cat-other"],"yoast_head":"<!-- This site is optimized with the Yoast SEO plugin v22.3 - https:\/\/yoast.com\/wordpress\/plugins\/seo\/ -->\n<title>3 phase transformer wiring schematic - Farady<\/title>\n<meta name=\"description\" content=\"Farady produces 3 phase transformer wiring schematic and other series of transformer to meet the needs of different scenarios in various industries.\" \/>\n<meta name=\"robots\" content=\"index, follow, max-snippet:-1, max-image-preview:large, max-video-preview:-1\" \/>\n<link rel=\"canonical\" href=\"http:\/\/www.distribution-transformer.com\/fr\/produit\/schema-de-cablage-du-transformateur-triphase\/\" \/>\n<meta property=\"og:locale\" content=\"fr_FR\" \/>\n<meta property=\"og:type\" content=\"article\" \/>\n<meta property=\"og:title\" content=\"3 phase transformer wiring schematic - Farady\" \/>\n<meta property=\"og:description\" content=\"Farady produces 3 phase transformer wiring schematic and other series of transformer to meet the needs of different scenarios in various industries.\" \/>\n<meta property=\"og:url\" content=\"http:\/\/www.distribution-transformer.com\/fr\/produit\/schema-de-cablage-du-transformateur-triphase\/\" \/>\n<meta property=\"og:site_name\" content=\"FARADY\" \/>\n<meta property=\"article:modified_time\" content=\"2024-10-20T10:12:14+00:00\" \/>\n<meta property=\"og:image\" content=\"https:\/\/www.distribution-transformer.com\/wp-content\/uploads\/2024\/03\/icon_2.jpeg\" \/>\n\t<meta property=\"og:image:width\" content=\"400\" \/>\n\t<meta property=\"og:image:height\" content=\"270\" \/>\n\t<meta property=\"og:image:type\" content=\"image\/jpeg\" \/>\n<meta name=\"twitter:card\" content=\"summary_large_image\" \/>\n<meta name=\"twitter:label1\" content=\"Dur\u00e9e de lecture estim\u00e9e\" \/>\n\t<meta name=\"twitter:data1\" content=\"4 minutes\" \/>\n<script type=\"application\/ld+json\" class=\"yoast-schema-graph\">{\"@context\":\"https:\/\/schema.org\",\"@graph\":[{\"@type\":\"WebPage\",\"@id\":\"https:\/\/www.distribution-transformer.com\/product\/3-phase-transformer-wiring-schematic\/\",\"url\":\"https:\/\/www.distribution-transformer.com\/product\/3-phase-transformer-wiring-schematic\/\",\"name\":\"3 phase transformer wiring schematic - Farady\",\"isPartOf\":{\"@id\":\"https:\/\/www.distribution-transformer.com\/#website\"},\"primaryImageOfPage\":{\"@id\":\"https:\/\/www.distribution-transformer.com\/product\/3-phase-transformer-wiring-schematic\/#primaryimage\"},\"image\":{\"@id\":\"https:\/\/www.distribution-transformer.com\/product\/3-phase-transformer-wiring-schematic\/#primaryimage\"},\"thumbnailUrl\":\"https:\/\/www.distribution-transformer.com\/wp-content\/uploads\/2024\/03\/icon_2.jpeg\",\"datePublished\":\"2024-05-20T13:51:53+00:00\",\"dateModified\":\"2024-10-20T10:12:14+00:00\",\"description\":\"Farady produces 3 phase transformer wiring schematic and other series of transformer to meet the needs of different scenarios in various industries.\",\"breadcrumb\":{\"@id\":\"https:\/\/www.distribution-transformer.com\/product\/3-phase-transformer-wiring-schematic\/#breadcrumb\"},\"inLanguage\":\"fr-FR\",\"potentialAction\":[{\"@type\":\"ReadAction\",\"target\":[\"https:\/\/www.distribution-transformer.com\/product\/3-phase-transformer-wiring-schematic\/\"]}]},{\"@type\":\"ImageObject\",\"inLanguage\":\"fr-FR\",\"@id\":\"https:\/\/www.distribution-transformer.com\/product\/3-phase-transformer-wiring-schematic\/#primaryimage\",\"url\":\"https:\/\/www.distribution-transformer.com\/wp-content\/uploads\/2024\/03\/icon_2.jpeg\",\"contentUrl\":\"https:\/\/www.distribution-transformer.com\/wp-content\/uploads\/2024\/03\/icon_2.jpeg\",\"width\":400,\"height\":270},{\"@type\":\"BreadcrumbList\",\"@id\":\"https:\/\/www.distribution-transformer.com\/product\/3-phase-transformer-wiring-schematic\/#breadcrumb\",\"itemListElement\":[{\"@type\":\"ListItem\",\"position\":1,\"name\":\"\u9996\u9875\",\"item\":\"https:\/\/www.distribution-transformer.com\/\"},{\"@type\":\"ListItem\",\"position\":2,\"name\":\"Products\",\"item\":\"https:\/\/www.distribution-transformer.com\/products\/\"},{\"@type\":\"ListItem\",\"position\":3,\"name\":\"3 phase transformer wiring schematic\"}]},{\"@type\":\"WebSite\",\"@id\":\"https:\/\/www.distribution-transformer.com\/#website\",\"url\":\"https:\/\/www.distribution-transformer.com\/\",\"name\":\"FARADY\",\"description\":\"\",\"potentialAction\":[{\"@type\":\"SearchAction\",\"target\":{\"@type\":\"EntryPoint\",\"urlTemplate\":\"https:\/\/www.distribution-transformer.com\/?s={search_term_string}\"},\"query-input\":\"required name=search_term_string\"}],\"inLanguage\":\"fr-FR\"}]}<\/script>\n<!-- \/ Yoast SEO plugin. -->","yoast_head_json":{"title":"3 phase transformer wiring schematic - Farady","description":"Farady produces 3 phase transformer wiring schematic and other series of transformer to meet the needs of different scenarios in various industries.","robots":{"index":"index","follow":"follow","max-snippet":"max-snippet:-1","max-image-preview":"max-image-preview:large","max-video-preview":"max-video-preview:-1"},"canonical":"http:\/\/www.distribution-transformer.com\/fr\/produit\/schema-de-cablage-du-transformateur-triphase\/","og_locale":"fr_FR","og_type":"article","og_title":"3 phase transformer wiring schematic - Farady","og_description":"Farady produces 3 phase transformer wiring schematic and other series of transformer to meet the needs of different scenarios in various industries.","og_url":"http:\/\/www.distribution-transformer.com\/fr\/produit\/schema-de-cablage-du-transformateur-triphase\/","og_site_name":"FARADY","article_modified_time":"2024-10-20T10:12:14+00:00","og_image":[{"width":400,"height":270,"url":"https:\/\/www.distribution-transformer.com\/wp-content\/uploads\/2024\/03\/icon_2.jpeg","type":"image\/jpeg"}],"twitter_card":"summary_large_image","twitter_misc":{"Dur\u00e9e de lecture estim\u00e9e":"4 minutes"},"schema":{"@context":"https:\/\/schema.org","@graph":[{"@type":"WebPage","@id":"https:\/\/www.distribution-transformer.com\/product\/3-phase-transformer-wiring-schematic\/","url":"https:\/\/www.distribution-transformer.com\/product\/3-phase-transformer-wiring-schematic\/","name":"3 phase transformer wiring schematic - Farady","isPartOf":{"@id":"https:\/\/www.distribution-transformer.com\/#website"},"primaryImageOfPage":{"@id":"https:\/\/www.distribution-transformer.com\/product\/3-phase-transformer-wiring-schematic\/#primaryimage"},"image":{"@id":"https:\/\/www.distribution-transformer.com\/product\/3-phase-transformer-wiring-schematic\/#primaryimage"},"thumbnailUrl":"https:\/\/www.distribution-transformer.com\/wp-content\/uploads\/2024\/03\/icon_2.jpeg","datePublished":"2024-05-20T13:51:53+00:00","dateModified":"2024-10-20T10:12:14+00:00","description":"Farady produces 3 phase transformer wiring schematic and other series of transformer to meet the needs of different scenarios in various industries.","breadcrumb":{"@id":"https:\/\/www.distribution-transformer.com\/product\/3-phase-transformer-wiring-schematic\/#breadcrumb"},"inLanguage":"fr-FR","potentialAction":[{"@type":"ReadAction","target":["https:\/\/www.distribution-transformer.com\/product\/3-phase-transformer-wiring-schematic\/"]}]},{"@type":"ImageObject","inLanguage":"fr-FR","@id":"https:\/\/www.distribution-transformer.com\/product\/3-phase-transformer-wiring-schematic\/#primaryimage","url":"https:\/\/www.distribution-transformer.com\/wp-content\/uploads\/2024\/03\/icon_2.jpeg","contentUrl":"https:\/\/www.distribution-transformer.com\/wp-content\/uploads\/2024\/03\/icon_2.jpeg","width":400,"height":270},{"@type":"BreadcrumbList","@id":"https:\/\/www.distribution-transformer.com\/product\/3-phase-transformer-wiring-schematic\/#breadcrumb","itemListElement":[{"@type":"ListItem","position":1,"name":"\u9996\u9875","item":"https:\/\/www.distribution-transformer.com\/"},{"@type":"ListItem","position":2,"name":"Products","item":"https:\/\/www.distribution-transformer.com\/products\/"},{"@type":"ListItem","position":3,"name":"3 phase transformer wiring schematic"}]},{"@type":"WebSite","@id":"https:\/\/www.distribution-transformer.com\/#website","url":"https:\/\/www.distribution-transformer.com\/","name":"FARADY","description":"","potentialAction":[{"@type":"SearchAction","target":{"@type":"EntryPoint","urlTemplate":"https:\/\/www.distribution-transformer.com\/?s={search_term_string}"},"query-input":"required name=search_term_string"}],"inLanguage":"fr-FR"}]}},"_links":{"self":[{"href":"http:\/\/www.distribution-transformer.com\/fr\/wp-json\/wp\/v2\/product\/3289","targetHints":{"allow":["GET"]}}],"collection":[{"href":"http:\/\/www.distribution-transformer.com\/fr\/wp-json\/wp\/v2\/product"}],"about":[{"href":"http:\/\/www.distribution-transformer.com\/fr\/wp-json\/wp\/v2\/types\/product"}],"replies":[{"embeddable":true,"href":"http:\/\/www.distribution-transformer.com\/fr\/wp-json\/wp\/v2\/comments?post=3289"}],"wp:featuredmedia":[{"embeddable":true,"href":"http:\/\/www.distribution-transformer.com\/fr\/wp-json\/wp\/v2\/media\/3015"}],"wp:attachment":[{"href":"http:\/\/www.distribution-transformer.com\/fr\/wp-json\/wp\/v2\/media?parent=3289"}],"wp:term":[{"taxonomy":"product_cat","embeddable":true,"href":"http:\/\/www.distribution-transformer.com\/fr\/wp-json\/wp\/v2\/product_cat?post=3289"},{"taxonomy":"product_tag","embeddable":true,"href":"http:\/\/www.distribution-transformer.com\/fr\/wp-json\/wp\/v2\/product_tag?post=3289"}],"curies":[{"name":"wp","href":"https:\/\/api.w.org\/{rel}","templated":true}]}}