{"id":2961,"date":"2024-03-25T11:55:21","date_gmt":"2024-03-25T03:55:21","guid":{"rendered":"http:\/\/www.distribution-transformer.com\/?post_type=product&#038;p=2961"},"modified":"2024-04-20T14:48:47","modified_gmt":"2024-04-20T06:48:47","slug":"eco-air-rmu","status":"publish","type":"product","link":"http:\/\/www.distribution-transformer.com\/fr\/product\/eco-air-rmu\/","title":{"rendered":"ECO AIR RMU"},"content":{"rendered":"<div class=\"col-12\">\n<h2 id=\"general\">G\u00e9n\u00e9ral<\/h2>\n<p><img loading=\"lazy\" decoding=\"async\" class=\"alignnone size-full wp-image-2966\" src=\"http:\/\/www.distribution-transformer.com\/wp-content\/uploads\/2024\/03\/new.jpg\" alt=\"\" width=\"500\" height=\"500\" srcset=\"https:\/\/www.distribution-transformer.com\/wp-content\/uploads\/2024\/03\/new.jpg 500w, https:\/\/www.distribution-transformer.com\/wp-content\/uploads\/2024\/03\/new-300x300.jpg 300w, https:\/\/www.distribution-transformer.com\/wp-content\/uploads\/2024\/03\/new-150x150.jpg 150w, https:\/\/www.distribution-transformer.com\/wp-content\/uploads\/2024\/03\/new-12x12.jpg 12w, https:\/\/www.distribution-transformer.com\/wp-content\/uploads\/2024\/03\/new-75x75.jpg 75w, https:\/\/www.distribution-transformer.com\/wp-content\/uploads\/2024\/03\/new-100x100.jpg 100w\" sizes=\"auto, (max-width: 500px) 100vw, 500px\" \/><\/p>\n<p>L'unit\u00e9 principale d'anneau \u00e0 isolation solide est une unit\u00e9 principale d'anneau qui utilise des mat\u00e9riaux isol\u00e9s solides comme principal moyen d'isolation.<\/p>\n<p>Connecter la chambre d'extinction de l'arc sous vide \u00e0 sa conduction \u00e9lectrique, au sectionneur, aux interrupteurs de mise \u00e0 la terre, au bus principal, au bus principal de d\u00e9rivation et \u00e0 d'autres circuits \u00e9lectriques dominants.<\/p>\n<p>Une fois le mod\u00e8le unique ou combin\u00e9, il est recouvert d'un support solide isol\u00e9 sous la forme d'un ou de plusieurs mod\u00e8les fonctionnels, recombinants ou r\u00e9extensibles, totalement isol\u00e9s ou \u00e9tanches \u00e0 l'air. La surface du mod\u00e8le tactile est recouverte d'une couche de blindage conductrice ou semi-conductrice qui peut \u00eatre mise \u00e0 la terre directement et solidement \u00e0 l'unit\u00e9 principale de l'anneau.<\/p>\n<p>L'appareillage de commutation \u00e0 isolation solide de la s\u00e9rie FSRMU est d\u00e9velopp\u00e9 ind\u00e9pendamment par Farady Electric.<\/p>\n<p>De conception modulaire, cet appareil de commutation est de petite taille, sans entretien, facile \u00e0 utiliser, s\u00fbr et fiable, respectueux de l'environnement et peut r\u00e9pondre au mieux \u00e0 la demande de diff\u00e9rents plans d'alimentation \u00e9lectrique. L'appareillage peut \u00eatre install\u00e9 \u00e0 l'int\u00e9rieur d'un transformateur compact ou directement \u00e0 l'ext\u00e9rieur dans une bo\u00eete.<\/p>\n<h2 id=\"service-environment\">Environnement des services<\/h2>\n<p>a) Temp\u00e9rature de l'air:Temp\u00e9rature maximale : +40\u2103 ; Temp\u00e9rature minimale:-20\u2103<\/p>\n<p>b) Humidit\u00e9 : Humidit\u00e9 moyenne mensuelle 95% ; Humidit\u00e9 moyenne journali\u00e8re 90%.<\/p>\n<p>c) Altitude au-dessus du niveau de la mer : altitude maximale de l'installation : 2000m<\/p>\n<p>d) L'air ambiant ne semble pas \u00eatre pollu\u00e9 par des gaz, des vapeurs, etc. corrosifs et inflammables.<\/p>\n<p>e) Pas de secousses violentes fr\u00e9quentes<\/p>\n<h2 id=\"application-standard\">Norme d'application<\/h2>\n<p>l IEC62271-100 : Partie 100 : Disjoncteurs \u00e0 courant alternatif<\/p>\n<p>l <em>IEC 62271<\/em>&#8211;<em>200<\/em>: Partie 200 : Appareillage \u00e0 courant alternatif sous enveloppe m\u00e9tallique pour des tensions nominales sup\u00e9rieures \u00e0 1 kV et inf\u00e9rieures ou \u00e9gales \u00e0 52 kV<\/p>\n<p>l IEC 62271-102 : Partie 102 : Sectionneurs de courant alternatif et interrupteurs de mise \u00e0 la terre.<\/p>\n<p>l <em>IEC 62271<\/em>&#8211;<em>103<\/em> Partie 103 : Interrupteurs pour des tensions nominales sup\u00e9rieures \u00e0 1 kV et inf\u00e9rieures ou \u00e9gales \u00e0 52 kV<\/p>\n<p>l <em>IEC 62271<\/em>&#8211;<em>105<\/em>: Partie 105 - Combinaisons interrupteur-fusible \u00e0 courant alternatif<\/p>\n<h2 id=\"features\">Caract\u00e9ristiques<\/h2>\n<ol>\n<li>\u00c9liminer l'utilisation du gaz SF6, r\u00e9duisant ainsi les \u00e9missions de gaz \u00e0 effet de serre et les fuites de gaz dangereux g\u00e9n\u00e9r\u00e9s par la d\u00e9composition du gaz SF6 et r\u00e9alisant une application v\u00e9ritablement s\u00fbre, respectueuse de l'environnement, inoffensive et sans danger.<\/li>\n<li>\u00c9viter la conception de r\u00e9servoirs de gaz sous pression, en \u00e9liminant la possibilit\u00e9 d'accidents dangereux caus\u00e9s par la d\u00e9gradation de la capacit\u00e9 d'isolation due \u00e0 une fuite de gaz SF6.<\/li>\n<li>Le mode d'isolation par l'air est adopt\u00e9 de mani\u00e8re \u00e0 \u00e9viter les fuites d'air et la d\u00e9gradation de la capacit\u00e9 d'isolation.<\/li>\n<li>Les parties sous tension sont scell\u00e9es avec de l'\u00e9poxy pour former une structure enti\u00e8rement isol\u00e9e et scell\u00e9e de haute qualit\u00e9 IP.<\/li>\n<li>Le m\u00e9canisme de fonctionnement simple et fiable am\u00e9liore consid\u00e9rablement la s\u00e9curit\u00e9.<\/li>\n<li>Le renforcement de l'isolation entre les phases et la conception de l'isolation de la phase divis\u00e9e peuvent pr\u00e9venir les d\u00e9fauts entre les phases.<\/li>\n<li>La conception de l'isolation sup\u00e9rieure permet de fermer et d'ouvrir le sol par l'interm\u00e9diaire de la chambre d'extinction de l'arc, ce qui est conforme \u00e0 la conception de la s\u00e9curit\u00e9 de la grille.<\/li>\n<li>La structure modulaire permet d'\u00e9tendre la boucle, de changer d'unit\u00e9 et de modifier le plan.<\/li>\n<li>Les trois phases de la coupure d'isolement sont ind\u00e9pendantes et claires, les sites de contact sont directement visibles et l'\u00e9clairage est assur\u00e9 par des LED.<\/li>\n<li>Fonction d'interverrouillage m\u00e9canique compl\u00e8te, r\u00e9pondant parfaitement aux exigences de protection de l'interverrouillage. Assurer la s\u00e9curit\u00e9 des op\u00e9rations.<\/li>\n<li>Recouvert d'une couche de blindage semi-conductrice et mis \u00e0 la terre de mani\u00e8re fiable, le module peut \u00eatre touch\u00e9 avec une plus grande s\u00e9curit\u00e9.<\/li>\n<li>Le c\u00e2ble de bus adopte un c\u00e2ble blind\u00e9 flexible sp\u00e9cial, \u00e9vitant les tensions g\u00e9n\u00e9r\u00e9es par une installation incorrecte, ce qui am\u00e9liore la fiabilit\u00e9 op\u00e9rationnelle.<\/li>\n<li>La structure de l'armoire est raisonnablement con\u00e7ue et un transformateur \u00e0 douille est utilis\u00e9. Cela r\u00e9duit consid\u00e9rablement le niveau de difficult\u00e9 pour l'installation d'une entr\u00e9e et d'une sortie \u00e0 double c\u00e2ble.<\/li>\n<\/ol>\n<h2 id=\"technical-data\">Donn\u00e9es techniques<\/h2>\n<p><img loading=\"lazy\" decoding=\"async\" class=\"alignnone size-full wp-image-2967\" src=\"http:\/\/www.distribution-transformer.com\/wp-content\/uploads\/2024\/03\/image-20220326141235141.png\" alt=\"\" width=\"730\" height=\"885\" srcset=\"https:\/\/www.distribution-transformer.com\/wp-content\/uploads\/2024\/03\/image-20220326141235141.png 730w, https:\/\/www.distribution-transformer.com\/wp-content\/uploads\/2024\/03\/image-20220326141235141-247x300.png 247w, https:\/\/www.distribution-transformer.com\/wp-content\/uploads\/2024\/03\/image-20220326141235141-10x12.png 10w, https:\/\/www.distribution-transformer.com\/wp-content\/uploads\/2024\/03\/image-20220326141235141-600x727.png 600w\" sizes=\"auto, (max-width: 730px) 100vw, 730px\" \/><\/p>\n<h2 id=\"product-structure\">Structure du produit<\/h2>\n<table>\n<thead>\n<tr>\n<th>Structure principale<\/th>\n<th><img loading=\"lazy\" decoding=\"async\" class=\"alignnone size-full wp-image-2969\" src=\"http:\/\/www.distribution-transformer.com\/wp-content\/uploads\/2024\/03\/image-20220326140918298.png\" alt=\"\" width=\"428\" height=\"493\" srcset=\"https:\/\/www.distribution-transformer.com\/wp-content\/uploads\/2024\/03\/image-20220326140918298.png 428w, https:\/\/www.distribution-transformer.com\/wp-content\/uploads\/2024\/03\/image-20220326140918298-260x300.png 260w, https:\/\/www.distribution-transformer.com\/wp-content\/uploads\/2024\/03\/image-20220326140918298-10x12.png 10w\" sizes=\"auto, (max-width: 428px) 100vw, 428px\" \/><img decoding=\"async\" src=\"image-20220326140918298.png\" alt=\"\" \/><\/th>\n<\/tr>\n<\/thead>\n<tbody>\n<tr>\n<td><strong>Interrupteur de vide pas de gaz SF6<\/strong><\/td>\n<td><img decoding=\"async\" src=\"image-20220326140925041.png\" alt=\"\" \/><img loading=\"lazy\" decoding=\"async\" class=\"alignnone size-full wp-image-2970\" src=\"http:\/\/www.distribution-transformer.com\/wp-content\/uploads\/2024\/03\/image-20220326140925041.png\" alt=\"\" width=\"319\" height=\"279\" srcset=\"https:\/\/www.distribution-transformer.com\/wp-content\/uploads\/2024\/03\/image-20220326140925041.png 319w, https:\/\/www.distribution-transformer.com\/wp-content\/uploads\/2024\/03\/image-20220326140925041-300x262.png 300w, https:\/\/www.distribution-transformer.com\/wp-content\/uploads\/2024\/03\/image-20220326140925041-14x12.png 14w\" sizes=\"auto, (max-width: 319px) 100vw, 319px\" \/><\/td>\n<\/tr>\n<tr>\n<td>**Connexion principale Encastr\u00e9e dans un isolant solide **<\/td>\n<td><img decoding=\"async\" src=\"image-20220326140929373.png\" alt=\"\" \/><img loading=\"lazy\" decoding=\"async\" class=\"alignnone size-full wp-image-2971\" src=\"http:\/\/www.distribution-transformer.com\/wp-content\/uploads\/2024\/03\/image-20220326143812414.png\" alt=\"\" width=\"400\" height=\"406\" srcset=\"https:\/\/www.distribution-transformer.com\/wp-content\/uploads\/2024\/03\/image-20220326143812414.png 400w, https:\/\/www.distribution-transformer.com\/wp-content\/uploads\/2024\/03\/image-20220326143812414-296x300.png 296w, https:\/\/www.distribution-transformer.com\/wp-content\/uploads\/2024\/03\/image-20220326143812414-12x12.png 12w, https:\/\/www.distribution-transformer.com\/wp-content\/uploads\/2024\/03\/image-20220326143812414-75x75.png 75w\" sizes=\"auto, (max-width: 400px) 100vw, 400px\" \/><\/td>\n<\/tr>\n<\/tbody>\n<\/table>\n<\/div>","protected":false},"excerpt":{"rendered":"<p>G\u00e9n\u00e9ralit\u00e9s L'unit\u00e9 principale annulaire \u00e0 isolation solide est une unit\u00e9 RMU qui utilise des mat\u00e9riaux isol\u00e9s solides comme principal moyen d'isolation. Elle relie la chambre d'extinction d'arc sous vide \u00e0 sa conduction \u00e9lectrique, au sectionneur, aux interrupteurs de mise \u00e0 la terre, au bus principal, au bus principal de d\u00e9rivation et \u00e0 d'autres circuits \u00e9lectriques dominants. Apr\u00e8s avoir \u00e9t\u00e9 isol\u00e9e ou combin\u00e9e, elle est recouverte d'un mat\u00e9riau solide isol\u00e9 en tant qu'\u00e9l\u00e9ment fonctionnel unique ou multiple, [...]<\/p>","protected":false},"featured_media":2966,"comment_status":"open","ping_status":"closed","template":"","meta":[],"product_cat":[54],"product_tag":[],"class_list":["post-2961","product","type-product","status-publish","has-post-thumbnail","hentry","product_cat-indoor-switchgear"],"yoast_head":"<!-- This site is optimized with the Yoast SEO plugin v22.3 - https:\/\/yoast.com\/wordpress\/plugins\/seo\/ -->\n<title>ECO AIR RMU - Farady<\/title>\n<meta name=\"description\" content=\"Farady Electric enjoys about 20 years\u2019 experience in medium voltage section, with KEMA\/ASTA\/CE certificated, we supply ECO AIR RMU with Competitive price and top quality.\" \/>\n<meta name=\"robots\" content=\"index, follow, max-snippet:-1, max-image-preview:large, max-video-preview:-1\" \/>\n<link rel=\"canonical\" href=\"http:\/\/www.distribution-transformer.com\/fr\/produit\/eco-air-rmu\/\" \/>\n<meta property=\"og:locale\" content=\"fr_FR\" \/>\n<meta property=\"og:type\" content=\"article\" \/>\n<meta property=\"og:title\" content=\"ECO AIR RMU - Farady\" \/>\n<meta property=\"og:description\" content=\"Farady Electric enjoys about 20 years\u2019 experience in medium voltage section, with KEMA\/ASTA\/CE certificated, we supply ECO AIR RMU with Competitive price and top quality.\" \/>\n<meta property=\"og:url\" content=\"http:\/\/www.distribution-transformer.com\/fr\/produit\/eco-air-rmu\/\" \/>\n<meta property=\"og:site_name\" content=\"FARADY\" \/>\n<meta property=\"article:modified_time\" content=\"2024-04-20T06:48:47+00:00\" \/>\n<meta property=\"og:image\" content=\"https:\/\/www.distribution-transformer.com\/wp-content\/uploads\/2024\/03\/new.jpg\" \/>\n\t<meta property=\"og:image:width\" content=\"500\" \/>\n\t<meta property=\"og:image:height\" content=\"500\" \/>\n\t<meta property=\"og:image:type\" content=\"image\/jpeg\" \/>\n<meta name=\"twitter:card\" content=\"summary_large_image\" \/>\n<meta name=\"twitter:label1\" content=\"Dur\u00e9e de lecture estim\u00e9e\" \/>\n\t<meta name=\"twitter:data1\" content=\"5 minutes\" \/>\n<script type=\"application\/ld+json\" class=\"yoast-schema-graph\">{\"@context\":\"https:\/\/schema.org\",\"@graph\":[{\"@type\":\"WebPage\",\"@id\":\"https:\/\/www.distribution-transformer.com\/product\/eco-air-rmu\/\",\"url\":\"https:\/\/www.distribution-transformer.com\/product\/eco-air-rmu\/\",\"name\":\"ECO AIR RMU - Farady\",\"isPartOf\":{\"@id\":\"https:\/\/www.distribution-transformer.com\/#website\"},\"primaryImageOfPage\":{\"@id\":\"https:\/\/www.distribution-transformer.com\/product\/eco-air-rmu\/#primaryimage\"},\"image\":{\"@id\":\"https:\/\/www.distribution-transformer.com\/product\/eco-air-rmu\/#primaryimage\"},\"thumbnailUrl\":\"https:\/\/www.distribution-transformer.com\/wp-content\/uploads\/2024\/03\/new.jpg\",\"datePublished\":\"2024-03-25T03:55:21+00:00\",\"dateModified\":\"2024-04-20T06:48:47+00:00\",\"description\":\"Farady Electric enjoys about 20 years\u2019 experience in medium voltage section, with KEMA\/ASTA\/CE certificated, we supply ECO AIR RMU with Competitive price and top quality.\",\"breadcrumb\":{\"@id\":\"https:\/\/www.distribution-transformer.com\/product\/eco-air-rmu\/#breadcrumb\"},\"inLanguage\":\"fr-FR\",\"potentialAction\":[{\"@type\":\"ReadAction\",\"target\":[\"https:\/\/www.distribution-transformer.com\/product\/eco-air-rmu\/\"]}]},{\"@type\":\"ImageObject\",\"inLanguage\":\"fr-FR\",\"@id\":\"https:\/\/www.distribution-transformer.com\/product\/eco-air-rmu\/#primaryimage\",\"url\":\"https:\/\/www.distribution-transformer.com\/wp-content\/uploads\/2024\/03\/new.jpg\",\"contentUrl\":\"https:\/\/www.distribution-transformer.com\/wp-content\/uploads\/2024\/03\/new.jpg\",\"width\":500,\"height\":500},{\"@type\":\"BreadcrumbList\",\"@id\":\"https:\/\/www.distribution-transformer.com\/product\/eco-air-rmu\/#breadcrumb\",\"itemListElement\":[{\"@type\":\"ListItem\",\"position\":1,\"name\":\"\u9996\u9875\",\"item\":\"https:\/\/www.distribution-transformer.com\/\"},{\"@type\":\"ListItem\",\"position\":2,\"name\":\"Products\",\"item\":\"https:\/\/www.distribution-transformer.com\/products\/\"},{\"@type\":\"ListItem\",\"position\":3,\"name\":\"ECO AIR RMU\"}]},{\"@type\":\"WebSite\",\"@id\":\"https:\/\/www.distribution-transformer.com\/#website\",\"url\":\"https:\/\/www.distribution-transformer.com\/\",\"name\":\"FARADY\",\"description\":\"\",\"potentialAction\":[{\"@type\":\"SearchAction\",\"target\":{\"@type\":\"EntryPoint\",\"urlTemplate\":\"https:\/\/www.distribution-transformer.com\/?s={search_term_string}\"},\"query-input\":\"required name=search_term_string\"}],\"inLanguage\":\"fr-FR\"}]}<\/script>\n<!-- \/ Yoast SEO plugin. -->","yoast_head_json":{"title":"ECO AIR RMU - Farady","description":"Farady Electric enjoys about 20 years\u2019 experience in medium voltage section, with KEMA\/ASTA\/CE certificated, we supply ECO AIR RMU with Competitive price and top quality.","robots":{"index":"index","follow":"follow","max-snippet":"max-snippet:-1","max-image-preview":"max-image-preview:large","max-video-preview":"max-video-preview:-1"},"canonical":"http:\/\/www.distribution-transformer.com\/fr\/produit\/eco-air-rmu\/","og_locale":"fr_FR","og_type":"article","og_title":"ECO AIR RMU - Farady","og_description":"Farady Electric enjoys about 20 years\u2019 experience in medium voltage section, with KEMA\/ASTA\/CE certificated, we supply ECO AIR RMU with Competitive price and top quality.","og_url":"http:\/\/www.distribution-transformer.com\/fr\/produit\/eco-air-rmu\/","og_site_name":"FARADY","article_modified_time":"2024-04-20T06:48:47+00:00","og_image":[{"width":500,"height":500,"url":"https:\/\/www.distribution-transformer.com\/wp-content\/uploads\/2024\/03\/new.jpg","type":"image\/jpeg"}],"twitter_card":"summary_large_image","twitter_misc":{"Dur\u00e9e de lecture estim\u00e9e":"5 minutes"},"schema":{"@context":"https:\/\/schema.org","@graph":[{"@type":"WebPage","@id":"https:\/\/www.distribution-transformer.com\/product\/eco-air-rmu\/","url":"https:\/\/www.distribution-transformer.com\/product\/eco-air-rmu\/","name":"ECO AIR RMU - Farady","isPartOf":{"@id":"https:\/\/www.distribution-transformer.com\/#website"},"primaryImageOfPage":{"@id":"https:\/\/www.distribution-transformer.com\/product\/eco-air-rmu\/#primaryimage"},"image":{"@id":"https:\/\/www.distribution-transformer.com\/product\/eco-air-rmu\/#primaryimage"},"thumbnailUrl":"https:\/\/www.distribution-transformer.com\/wp-content\/uploads\/2024\/03\/new.jpg","datePublished":"2024-03-25T03:55:21+00:00","dateModified":"2024-04-20T06:48:47+00:00","description":"Farady Electric enjoys about 20 years\u2019 experience in medium voltage section, with KEMA\/ASTA\/CE certificated, we supply ECO AIR RMU with Competitive price and top quality.","breadcrumb":{"@id":"https:\/\/www.distribution-transformer.com\/product\/eco-air-rmu\/#breadcrumb"},"inLanguage":"fr-FR","potentialAction":[{"@type":"ReadAction","target":["https:\/\/www.distribution-transformer.com\/product\/eco-air-rmu\/"]}]},{"@type":"ImageObject","inLanguage":"fr-FR","@id":"https:\/\/www.distribution-transformer.com\/product\/eco-air-rmu\/#primaryimage","url":"https:\/\/www.distribution-transformer.com\/wp-content\/uploads\/2024\/03\/new.jpg","contentUrl":"https:\/\/www.distribution-transformer.com\/wp-content\/uploads\/2024\/03\/new.jpg","width":500,"height":500},{"@type":"BreadcrumbList","@id":"https:\/\/www.distribution-transformer.com\/product\/eco-air-rmu\/#breadcrumb","itemListElement":[{"@type":"ListItem","position":1,"name":"\u9996\u9875","item":"https:\/\/www.distribution-transformer.com\/"},{"@type":"ListItem","position":2,"name":"Products","item":"https:\/\/www.distribution-transformer.com\/products\/"},{"@type":"ListItem","position":3,"name":"ECO AIR RMU"}]},{"@type":"WebSite","@id":"https:\/\/www.distribution-transformer.com\/#website","url":"https:\/\/www.distribution-transformer.com\/","name":"FARADY","description":"","potentialAction":[{"@type":"SearchAction","target":{"@type":"EntryPoint","urlTemplate":"https:\/\/www.distribution-transformer.com\/?s={search_term_string}"},"query-input":"required name=search_term_string"}],"inLanguage":"fr-FR"}]}},"_links":{"self":[{"href":"http:\/\/www.distribution-transformer.com\/fr\/wp-json\/wp\/v2\/product\/2961","targetHints":{"allow":["GET"]}}],"collection":[{"href":"http:\/\/www.distribution-transformer.com\/fr\/wp-json\/wp\/v2\/product"}],"about":[{"href":"http:\/\/www.distribution-transformer.com\/fr\/wp-json\/wp\/v2\/types\/product"}],"replies":[{"embeddable":true,"href":"http:\/\/www.distribution-transformer.com\/fr\/wp-json\/wp\/v2\/comments?post=2961"}],"wp:featuredmedia":[{"embeddable":true,"href":"http:\/\/www.distribution-transformer.com\/fr\/wp-json\/wp\/v2\/media\/2966"}],"wp:attachment":[{"href":"http:\/\/www.distribution-transformer.com\/fr\/wp-json\/wp\/v2\/media?parent=2961"}],"wp:term":[{"taxonomy":"product_cat","embeddable":true,"href":"http:\/\/www.distribution-transformer.com\/fr\/wp-json\/wp\/v2\/product_cat?post=2961"},{"taxonomy":"product_tag","embeddable":true,"href":"http:\/\/www.distribution-transformer.com\/fr\/wp-json\/wp\/v2\/product_tag?post=2961"}],"curies":[{"name":"wp","href":"https:\/\/api.w.org\/{rel}","templated":true}]}}