{"id":3304,"date":"2024-05-20T22:15:25","date_gmt":"2024-05-20T14:15:25","guid":{"rendered":"https:\/\/www.distribution-transformer.com\/?post_type=product&#038;p=3304"},"modified":"2024-10-20T18:08:42","modified_gmt":"2024-10-20T10:08:42","slug":"automatic-voltage-regulator-for-home","status":"publish","type":"product","link":"http:\/\/www.distribution-transformer.com\/es_ar\/product\/regulador-automatico-de-tension-para-el-hogar\/","title":{"rendered":"regulador autom\u00e1tico de tensi\u00f3n para el hogar"},"content":{"rendered":"<p>Faraday Electric es una empresa nacional de alta tecnolog\u00eda especializada en equipos el\u00e9ctricos industriales, centrada en el desarrollo, dise\u00f1o, producci\u00f3n y venta de transformadores de potencia, reguladores de tensi\u00f3n, interruptores de interior y exterior, RMU y conmutadores. El producto es ampliamente utilizado en la unidad de barrio, hotel, sitio de trabajo a gran escala, edificio alto, etc.<\/p>\n<p>Ofrecemos a los clientes un proceso de adquisici\u00f3n simplificado que les ayuda a elegir la mejor soluci\u00f3n en funci\u00f3n de sus necesidades espec\u00edficas. Hemos suministrado energ\u00eda a m\u00e1s de 90 pa\u00edses y 50 empresas de servicios p\u00fablicos, y hemos obtenido las certificaciones KEMA, ASTA, CE y otras. El producto se ha exportado a Europa, Ocean\u00eda, \u00c1frica, Am\u00e9rica y otras regiones.<\/p>\n<p><iframe loading=\"lazy\" title=\"Reproductor de v\u00eddeo YouTube\" src=\"https:\/\/www.youtube.com\/embed\/TFTAHgcCZiA?si=SLwXKMvOKOzGyvsl\" width=\"560\" height=\"315\" frameborder=\"0\" allowfullscreen=\"allowfullscreen\"><\/iframe><\/p>\n<table class=\"table table-bordered text-center\" style=\"height: 276px;\" width=\"744\">\n<thead><\/thead>\n<tbody>\n<tr>\n<td><span style=\"font-family: Poppins, Helvetica, sans-serif; font-size: 13px; font-style: normal; font-variant-ligatures: normal; font-variant-caps: normal; font-weight: 400; letter-spacing: 0.16px;\">Nombre del producto<\/span><\/td>\n<td><span style=\"font-family: Poppins, Helvetica, sans-serif; font-size: 13px; font-style: normal; font-variant-ligatures: normal; font-variant-caps: normal; font-weight: 400; letter-spacing: 0.16px;\">regulador autom\u00e1tico de tensi\u00f3n para el hogar<\/span><\/td>\n<\/tr>\n<tr>\n<td>Lugar de origen<\/td>\n<td><span style=\"font-family: Poppins, Helvetica, sans-serif; font-size: 13px; font-style: normal; font-variant-ligatures: normal; font-variant-caps: normal; font-weight: 400; letter-spacing: 0.16px;\">Zhejiang,China<\/span><\/td>\n<\/tr>\n<tr>\n<td>Marca<\/td>\n<td>Farady<\/td>\n<\/tr>\n<tr>\n<td>Aplicaci\u00f3n<\/td>\n<td>obras a gran escala,hotel...etc<\/td>\n<\/tr>\n<tr>\n<td>Certificaci\u00f3n<\/td>\n<td>ASTA,ISO 9001...etc<\/td>\n<\/tr>\n<tr>\n<td>Utilizaci\u00f3n<\/td>\n<td>POTENCIA<\/td>\n<\/tr>\n<tr>\n<td><span style=\"font-family: Poppins, Helvetica, sans-serif; font-size: 13px; font-style: normal; font-variant-ligatures: normal; font-variant-caps: normal; font-weight: 400; letter-spacing: 0.16px;\">Detalles del embalaje<\/span><\/td>\n<td>Embalado en cajas de madera contrachapada<\/td>\n<\/tr>\n<tr>\n<td><span style=\"font-family: Poppins, Helvetica, sans-serif; font-size: 13px; font-style: normal; font-variant-ligatures: normal; font-variant-caps: normal; font-weight: 400; letter-spacing: 0.16px; text-align: left;\">Plazo de entrega (d\u00edas)<\/span><\/td>\n<td><span style=\"font-family: Poppins, Helvetica, sans-serif; font-size: 13px; font-style: normal; font-variant-ligatures: normal; font-variant-caps: normal; font-weight: 400; letter-spacing: 0.16px; text-align: left;\">10-30 (A negociar)<\/span><\/td>\n<\/tr>\n<tr>\n<td>Capacidad de suministro<\/td>\n<td>100 juegos\/juegos al mes<\/td>\n<\/tr>\n<\/tbody>\n<\/table>\n<p><span style=\"color: #0000ff;\"><b>\u00a0Atenci\u00f3n<\/b><\/span>: Los datos de la tabla anterior son s\u00f3lo de referencia. Para obtener informaci\u00f3n espec\u00edfica, p\u00f3ngase en contacto con nosotros.<\/p>\n<p>&nbsp;<\/p>\n<p style=\"text-align: center;\"><img decoding=\"async\" title=\"regulador autom\u00e1tico de tensi\u00f3n para el hogar\" src=\"https:\/\/www.distribution-transformer.com\/wp-content\/uploads\/2024\/04\/Farady-1.jpg\" \/><\/p>\n<p>&nbsp;<\/p>\n<p style=\"text-align: center;\"><b>El espect\u00e1culo de taller para regulador autom\u00e1tico de tensi\u00f3n para el hogar<\/b><\/p>\n<p style=\"text-align: center;\"><img decoding=\"async\" title=\"regulador autom\u00e1tico de tensi\u00f3n para el hogar\" src=\"https:\/\/www.distribution-transformer.com\/wp-content\/uploads\/2024\/04\/Farady-2.jpg\" \/><\/p>\n<p>&nbsp;<\/p>\n<p style=\"text-align: center;\"><img decoding=\"async\" title=\"regulador autom\u00e1tico de tensi\u00f3n para el hogar\" src=\"https:\/\/www.distribution-transformer.com\/wp-content\/uploads\/2024\/04\/Farady-3.jpg\" \/><\/p>\n<p>&nbsp;<\/p>\n<p style=\"text-align: center;\"><b>Nuestros clientes vienen a visitar regulador autom\u00e1tico de tensi\u00f3n para productos del hogar<\/b><\/p>\n<p style=\"text-align: center;\"><img decoding=\"async\" title=\"regulador autom\u00e1tico de tensi\u00f3n para el hogar\" src=\"https:\/\/www.distribution-transformer.com\/wp-content\/uploads\/2024\/04\/Farady-3-1.jpg\" \/><\/p>\n<p>&nbsp;<\/p>\n<p style=\"text-align: center;\"><b>Se trata de un regulador de tensi\u00f3n autom\u00e1tico para el hogar y otros productos<\/b><\/p>\n<p style=\"text-align: center;\"><img decoding=\"async\" title=\"regulador autom\u00e1tico de tensi\u00f3n para el hogar\" src=\"https:\/\/www.distribution-transformer.com\/wp-content\/uploads\/2024\/04\/Farady-4.jpg\" \/><\/p>\n<p>&nbsp;<\/p>\n<p style=\"text-align: center;\"><img decoding=\"async\" title=\"regulador autom\u00e1tico de tensi\u00f3n para el hogar\" src=\"https:\/\/www.distribution-transformer.com\/wp-content\/uploads\/2024\/04\/Farady-5.jpg\" \/><\/p>\n<p>&nbsp;<\/p>\n<p style=\"text-align: center;\"><img decoding=\"async\" title=\"regulador autom\u00e1tico de tensi\u00f3n para el hogar\" src=\"https:\/\/www.distribution-transformer.com\/wp-content\/uploads\/2024\/04\/Farady-6.jpg\" \/><\/p>\n<p>&nbsp;<\/p>\n<p style=\"text-align: center;\"><b>Este es nuestro regulador de voltaje autom\u00e1tico para la pantalla de instalaci\u00f3n de productos para el hogar<\/b><\/p>\n<p style=\"text-align: center;\"><img decoding=\"async\" title=\"regulador autom\u00e1tico de tensi\u00f3n para el hogar\" src=\"https:\/\/www.distribution-transformer.com\/wp-content\/uploads\/2024\/04\/Farady-7.jpg\" \/><\/p>\n<p>&nbsp;<\/p>\n<p style=\"text-align: center;\"><img decoding=\"async\" title=\"regulador autom\u00e1tico de tensi\u00f3n para el hogar\" src=\"https:\/\/www.distribution-transformer.com\/wp-content\/uploads\/2024\/04\/Farady-8.jpg\" \/><\/p>\n<p>&nbsp;<\/p>\n<p style=\"text-align: center;\"><img decoding=\"async\" title=\"regulador autom\u00e1tico de tensi\u00f3n para el hogar\" src=\"https:\/\/www.distribution-transformer.com\/wp-content\/uploads\/2024\/04\/Farady-9.jpg\" \/><\/p>\n<p>&nbsp;<\/p>\n<p style=\"text-align: center;\"><img decoding=\"async\" title=\"regulador autom\u00e1tico de tensi\u00f3n para el hogar\" src=\"https:\/\/www.distribution-transformer.com\/wp-content\/uploads\/2024\/04\/Farady-10.jpg\" \/><\/p>\n<p>&nbsp;<\/p>\n<p style=\"text-align: center;\"><img decoding=\"async\" title=\"regulador autom\u00e1tico de tensi\u00f3n para el hogar\" src=\"https:\/\/www.distribution-transformer.com\/wp-content\/uploads\/2024\/04\/Farady-11.jpg\" \/><\/p>\n<p>&nbsp;<\/p>\n<p style=\"text-align: center;\"><img decoding=\"async\" title=\"regulador autom\u00e1tico de tensi\u00f3n para el hogar\" src=\"https:\/\/www.distribution-transformer.com\/wp-content\/uploads\/2024\/04\/Farady-12.jpg\" \/><\/p>\n<p>&nbsp;<\/p>","protected":false},"excerpt":{"rendered":"<p>Faraday Electric is a national high-tech enterprise specializing in industrial electrical equipment, focusing on the development, design, production, and sales of Power transformer,voltage regulator,indoor &amp; outdoor switch,RMU &amp; Switchgears. The product is widely used in neighborhood unit,hotel,large-scale work site,high building, etc. We provide customers with a simplified procurement process that helps them choose the best [&hellip;]<\/p>","protected":false},"featured_media":3015,"comment_status":"open","ping_status":"closed","template":"","meta":[],"product_cat":[55],"product_tag":[],"class_list":["post-3304","product","type-product","status-publish","has-post-thumbnail","hentry","product_cat-other"],"yoast_head":"<!-- This site is optimized with the Yoast SEO plugin v22.3 - https:\/\/yoast.com\/wordpress\/plugins\/seo\/ -->\n<title>automatic voltage regulator for home - Farady<\/title>\n<meta name=\"description\" content=\"Farady produces automatic voltage regulator for home and other series of transformer to meet the needs of different scenarios in various industries.\" \/>\n<meta name=\"robots\" content=\"index, follow, max-snippet:-1, max-image-preview:large, max-video-preview:-1\" \/>\n<link rel=\"canonical\" href=\"http:\/\/www.distribution-transformer.com\/es_ar\/producto\/regulador-automatico-de-tension-para-el-hogar\/\" \/>\n<meta property=\"og:locale\" content=\"es_ES\" \/>\n<meta property=\"og:type\" content=\"article\" \/>\n<meta property=\"og:title\" content=\"automatic voltage regulator for home - Farady\" \/>\n<meta property=\"og:description\" content=\"Farady produces automatic voltage regulator for home and other series of transformer to meet the needs of different scenarios in various industries.\" \/>\n<meta property=\"og:url\" content=\"http:\/\/www.distribution-transformer.com\/es_ar\/producto\/regulador-automatico-de-tension-para-el-hogar\/\" \/>\n<meta property=\"og:site_name\" content=\"FARADY\" \/>\n<meta property=\"article:modified_time\" content=\"2024-10-20T10:08:42+00:00\" \/>\n<meta property=\"og:image\" content=\"https:\/\/www.distribution-transformer.com\/wp-content\/uploads\/2024\/03\/icon_2.jpeg\" \/>\n\t<meta property=\"og:image:width\" content=\"400\" \/>\n\t<meta property=\"og:image:height\" content=\"270\" \/>\n\t<meta property=\"og:image:type\" content=\"image\/jpeg\" \/>\n<meta name=\"twitter:card\" content=\"summary_large_image\" \/>\n<meta name=\"twitter:label1\" content=\"Tiempo de lectura\" \/>\n\t<meta name=\"twitter:data1\" content=\"4 minutos\" \/>\n<script type=\"application\/ld+json\" class=\"yoast-schema-graph\">{\"@context\":\"https:\/\/schema.org\",\"@graph\":[{\"@type\":\"WebPage\",\"@id\":\"https:\/\/www.distribution-transformer.com\/product\/automatic-voltage-regulator-for-home\/\",\"url\":\"https:\/\/www.distribution-transformer.com\/product\/automatic-voltage-regulator-for-home\/\",\"name\":\"automatic voltage regulator for home - Farady\",\"isPartOf\":{\"@id\":\"https:\/\/www.distribution-transformer.com\/#website\"},\"primaryImageOfPage\":{\"@id\":\"https:\/\/www.distribution-transformer.com\/product\/automatic-voltage-regulator-for-home\/#primaryimage\"},\"image\":{\"@id\":\"https:\/\/www.distribution-transformer.com\/product\/automatic-voltage-regulator-for-home\/#primaryimage\"},\"thumbnailUrl\":\"https:\/\/www.distribution-transformer.com\/wp-content\/uploads\/2024\/03\/icon_2.jpeg\",\"datePublished\":\"2024-05-20T14:15:25+00:00\",\"dateModified\":\"2024-10-20T10:08:42+00:00\",\"description\":\"Farady produces automatic voltage regulator for home and other series of transformer to meet the needs of different scenarios in various industries.\",\"breadcrumb\":{\"@id\":\"https:\/\/www.distribution-transformer.com\/product\/automatic-voltage-regulator-for-home\/#breadcrumb\"},\"inLanguage\":\"es-AR\",\"potentialAction\":[{\"@type\":\"ReadAction\",\"target\":[\"https:\/\/www.distribution-transformer.com\/product\/automatic-voltage-regulator-for-home\/\"]}]},{\"@type\":\"ImageObject\",\"inLanguage\":\"es-AR\",\"@id\":\"https:\/\/www.distribution-transformer.com\/product\/automatic-voltage-regulator-for-home\/#primaryimage\",\"url\":\"https:\/\/www.distribution-transformer.com\/wp-content\/uploads\/2024\/03\/icon_2.jpeg\",\"contentUrl\":\"https:\/\/www.distribution-transformer.com\/wp-content\/uploads\/2024\/03\/icon_2.jpeg\",\"width\":400,\"height\":270},{\"@type\":\"BreadcrumbList\",\"@id\":\"https:\/\/www.distribution-transformer.com\/product\/automatic-voltage-regulator-for-home\/#breadcrumb\",\"itemListElement\":[{\"@type\":\"ListItem\",\"position\":1,\"name\":\"\u9996\u9875\",\"item\":\"https:\/\/www.distribution-transformer.com\/\"},{\"@type\":\"ListItem\",\"position\":2,\"name\":\"Products\",\"item\":\"https:\/\/www.distribution-transformer.com\/products\/\"},{\"@type\":\"ListItem\",\"position\":3,\"name\":\"automatic voltage regulator for home\"}]},{\"@type\":\"WebSite\",\"@id\":\"https:\/\/www.distribution-transformer.com\/#website\",\"url\":\"https:\/\/www.distribution-transformer.com\/\",\"name\":\"FARADY\",\"description\":\"\",\"potentialAction\":[{\"@type\":\"SearchAction\",\"target\":{\"@type\":\"EntryPoint\",\"urlTemplate\":\"https:\/\/www.distribution-transformer.com\/?s={search_term_string}\"},\"query-input\":\"required name=search_term_string\"}],\"inLanguage\":\"es-AR\"}]}<\/script>\n<!-- \/ Yoast SEO plugin. -->","yoast_head_json":{"title":"automatic voltage regulator for home - Farady","description":"Farady produces automatic voltage regulator for home and other series of transformer to meet the needs of different scenarios in various industries.","robots":{"index":"index","follow":"follow","max-snippet":"max-snippet:-1","max-image-preview":"max-image-preview:large","max-video-preview":"max-video-preview:-1"},"canonical":"http:\/\/www.distribution-transformer.com\/es_ar\/producto\/regulador-automatico-de-tension-para-el-hogar\/","og_locale":"es_ES","og_type":"article","og_title":"automatic voltage regulator for home - Farady","og_description":"Farady produces automatic voltage regulator for home and other series of transformer to meet the needs of different scenarios in various industries.","og_url":"http:\/\/www.distribution-transformer.com\/es_ar\/producto\/regulador-automatico-de-tension-para-el-hogar\/","og_site_name":"FARADY","article_modified_time":"2024-10-20T10:08:42+00:00","og_image":[{"width":400,"height":270,"url":"https:\/\/www.distribution-transformer.com\/wp-content\/uploads\/2024\/03\/icon_2.jpeg","type":"image\/jpeg"}],"twitter_card":"summary_large_image","twitter_misc":{"Tiempo de lectura":"4 minutos"},"schema":{"@context":"https:\/\/schema.org","@graph":[{"@type":"WebPage","@id":"https:\/\/www.distribution-transformer.com\/product\/automatic-voltage-regulator-for-home\/","url":"https:\/\/www.distribution-transformer.com\/product\/automatic-voltage-regulator-for-home\/","name":"automatic voltage regulator for home - Farady","isPartOf":{"@id":"https:\/\/www.distribution-transformer.com\/#website"},"primaryImageOfPage":{"@id":"https:\/\/www.distribution-transformer.com\/product\/automatic-voltage-regulator-for-home\/#primaryimage"},"image":{"@id":"https:\/\/www.distribution-transformer.com\/product\/automatic-voltage-regulator-for-home\/#primaryimage"},"thumbnailUrl":"https:\/\/www.distribution-transformer.com\/wp-content\/uploads\/2024\/03\/icon_2.jpeg","datePublished":"2024-05-20T14:15:25+00:00","dateModified":"2024-10-20T10:08:42+00:00","description":"Farady produces automatic voltage regulator for home and other series of transformer to meet the needs of different scenarios in various industries.","breadcrumb":{"@id":"https:\/\/www.distribution-transformer.com\/product\/automatic-voltage-regulator-for-home\/#breadcrumb"},"inLanguage":"es-AR","potentialAction":[{"@type":"ReadAction","target":["https:\/\/www.distribution-transformer.com\/product\/automatic-voltage-regulator-for-home\/"]}]},{"@type":"ImageObject","inLanguage":"es-AR","@id":"https:\/\/www.distribution-transformer.com\/product\/automatic-voltage-regulator-for-home\/#primaryimage","url":"https:\/\/www.distribution-transformer.com\/wp-content\/uploads\/2024\/03\/icon_2.jpeg","contentUrl":"https:\/\/www.distribution-transformer.com\/wp-content\/uploads\/2024\/03\/icon_2.jpeg","width":400,"height":270},{"@type":"BreadcrumbList","@id":"https:\/\/www.distribution-transformer.com\/product\/automatic-voltage-regulator-for-home\/#breadcrumb","itemListElement":[{"@type":"ListItem","position":1,"name":"\u9996\u9875","item":"https:\/\/www.distribution-transformer.com\/"},{"@type":"ListItem","position":2,"name":"Products","item":"https:\/\/www.distribution-transformer.com\/products\/"},{"@type":"ListItem","position":3,"name":"automatic voltage regulator for home"}]},{"@type":"WebSite","@id":"https:\/\/www.distribution-transformer.com\/#website","url":"https:\/\/www.distribution-transformer.com\/","name":"FARADY","description":"","potentialAction":[{"@type":"SearchAction","target":{"@type":"EntryPoint","urlTemplate":"https:\/\/www.distribution-transformer.com\/?s={search_term_string}"},"query-input":"required name=search_term_string"}],"inLanguage":"es-AR"}]}},"_links":{"self":[{"href":"http:\/\/www.distribution-transformer.com\/es_ar\/wp-json\/wp\/v2\/product\/3304","targetHints":{"allow":["GET"]}}],"collection":[{"href":"http:\/\/www.distribution-transformer.com\/es_ar\/wp-json\/wp\/v2\/product"}],"about":[{"href":"http:\/\/www.distribution-transformer.com\/es_ar\/wp-json\/wp\/v2\/types\/product"}],"replies":[{"embeddable":true,"href":"http:\/\/www.distribution-transformer.com\/es_ar\/wp-json\/wp\/v2\/comments?post=3304"}],"wp:featuredmedia":[{"embeddable":true,"href":"http:\/\/www.distribution-transformer.com\/es_ar\/wp-json\/wp\/v2\/media\/3015"}],"wp:attachment":[{"href":"http:\/\/www.distribution-transformer.com\/es_ar\/wp-json\/wp\/v2\/media?parent=3304"}],"wp:term":[{"taxonomy":"product_cat","embeddable":true,"href":"http:\/\/www.distribution-transformer.com\/es_ar\/wp-json\/wp\/v2\/product_cat?post=3304"},{"taxonomy":"product_tag","embeddable":true,"href":"http:\/\/www.distribution-transformer.com\/es_ar\/wp-json\/wp\/v2\/product_tag?post=3304"}],"curies":[{"name":"wp","href":"https:\/\/api.w.org\/{rel}","templated":true}]}}