{"id":3303,"date":"2024-05-20T22:14:42","date_gmt":"2024-05-20T14:14:42","guid":{"rendered":"https:\/\/www.distribution-transformer.com\/?post_type=product&#038;p=3303"},"modified":"2024-10-20T18:08:54","modified_gmt":"2024-10-20T10:08:54","slug":"apc-line-r-automatic-voltage-regulator","status":"publish","type":"product","link":"http:\/\/www.distribution-transformer.com\/es_ar\/product\/regulador-automatico-de-tension-apc-line-r\/","title":{"rendered":"regulador autom\u00e1tico de tensi\u00f3n apc line-r"},"content":{"rendered":"<p>Faraday cuenta con 20 a\u00f1os de experiencia en la producci\u00f3n profesional de equipos el\u00e9ctricos. Nuestros principales productos incluyen RMU y conmutadores, interruptores de interior y exterior, transformadores de potencia, etc. Hemos aprobado certificaciones como ISO, KEMA, ASTA, CE, etc.<\/p>\n<p>Con una calidad excelente, los precios m\u00e1s favorables y una entrega puntual, hemos recibido grandes elogios tanto en el mercado nacional como en el internacional. Hemos suministrado energ\u00eda a m\u00e1s de 90 pa\u00edses y 50 empresas de servicios p\u00fablicos. Bas\u00e1ndonos en los valores de , creemos que nuestro futuro ser\u00e1 a\u00fan mejor.<\/p>\n<p><iframe loading=\"lazy\" title=\"Reproductor de v\u00eddeo YouTube\" src=\"https:\/\/www.youtube.com\/embed\/TFTAHgcCZiA?si=SLwXKMvOKOzGyvsl\" width=\"560\" height=\"315\" frameborder=\"0\" allowfullscreen=\"allowfullscreen\"><\/iframe><\/p>\n<table class=\"table table-bordered text-center\" style=\"height: 308px;\" width=\"704\">\n<thead><\/thead>\n<tbody>\n<tr>\n<td>Nombre del producto<\/td>\n<td>regulador autom\u00e1tico de tensi\u00f3n apc line-r<\/td>\n<\/tr>\n<tr>\n<td><span style=\"font-family: Poppins, Helvetica, sans-serif; font-size: 13px; font-style: normal; font-variant-ligatures: normal; font-variant-caps: normal; font-weight: 400; letter-spacing: 0.16px;\">Marca<\/span><\/td>\n<td>Farady<\/td>\n<\/tr>\n<tr>\n<td><span style=\"font-family: Poppins, Helvetica, sans-serif; font-size: 13px; font-style: normal; font-variant-ligatures: normal; font-variant-caps: normal; font-weight: 400; letter-spacing: 0.16px;\">Lugar de origen<\/span><\/td>\n<td><span style=\"font-family: Poppins, Helvetica, sans-serif; font-size: 13px; font-style: normal; font-variant-ligatures: normal; font-variant-caps: normal; font-weight: 400; letter-spacing: 0.16px;\">Yueqing,Zhejiang<\/span><\/td>\n<\/tr>\n<tr>\n<td><span style=\"font-family: Poppins, Helvetica, sans-serif; font-size: 13px; font-style: normal; font-variant-ligatures: normal; font-variant-caps: normal; font-weight: 400; letter-spacing: 0.16px;\">Tipo de producto<\/span><\/td>\n<td>El\u00e9ctrico<\/td>\n<\/tr>\n<tr>\n<td><span style=\"font-family: Poppins, Helvetica, sans-serif; font-size: 13px; font-style: normal; font-variant-ligatures: normal; font-variant-caps: normal; font-weight: 400; letter-spacing: 0.16px;\">Certificado<\/span><\/td>\n<td><span style=\"font-family: Poppins, Helvetica, sans-serif; font-size: 13px; font-style: normal; font-variant-ligatures: normal; font-variant-caps: normal; font-weight: 400; letter-spacing: normal;\">ISO 9001,CE,KEMA...etc<\/span><\/td>\n<\/tr>\n<tr>\n<td>Detalles del embalaje<\/td>\n<td>Embalado en cajas de madera contrachapada<\/td>\n<\/tr>\n<tr>\n<td>Puerto<\/td>\n<td>Ningbo o Shanghai<\/td>\n<\/tr>\n<tr>\n<td><span style=\"font-family: Poppins, Helvetica, sans-serif; font-size: 13px; font-style: normal; font-variant-ligatures: normal; font-variant-caps: normal; font-weight: 400; letter-spacing: 0.16px;\">Aplicaci\u00f3n<\/span><\/td>\n<td><span style=\"font-family: Poppins, Helvetica, sans-serif; font-size: 13px; font-style: normal; font-variant-ligatures: normal; font-variant-caps: normal; font-weight: 400; letter-spacing: 0.16px;\">obra a gran escala,unidad de barrio...etc<\/span><\/td>\n<\/tr>\n<tr>\n<td><span style=\"font-family: Poppins, Helvetica, sans-serif; font-size: 13px; font-style: normal; font-variant-ligatures: normal; font-variant-caps: normal; font-weight: 400; letter-spacing: 0.16px;\">Servicio posventa<\/span><\/td>\n<td>Servicio 24 horas<\/td>\n<\/tr>\n<tr>\n<td>Plazo de entrega (d\u00edas)<\/td>\n<td>10-30(A negociar)<\/td>\n<\/tr>\n<\/tbody>\n<\/table>\n<p><span style=\"letter-spacing: 0.16px; color: #0000ff;\"><span style=\"font-weight: 600; font-size: 13px;\">Atenci\u00f3n<\/span><\/span><span style=\"font-family: Poppins, Helvetica, sans-serif; font-size: 13px; font-style: normal; font-variant-ligatures: normal; font-variant-caps: normal; font-weight: 400; letter-spacing: 0.16px;\">: Los datos de la tabla anterior son s\u00f3lo de referencia. Para informaci\u00f3n espec\u00edfica, por favor\u00a0<\/span>Contacto<span style=\"font-family: Poppins, Helvetica, sans-serif; font-size: 13px; font-style: normal; font-variant-ligatures: normal; font-variant-caps: normal; font-weight: 400; letter-spacing: 0.16px;\">.<\/span><\/p>\n<p>&nbsp;<\/p>\n<p style=\"text-align: center;\"><img decoding=\"async\" title=\"regulador autom\u00e1tico de tensi\u00f3n apc line-r\" src=\"https:\/\/www.distribution-transformer.com\/wp-content\/uploads\/2024\/04\/Farady-1.jpg\" \/><\/p>\n<p>&nbsp;<\/p>\n<p style=\"text-align: center;\"><b>El programa de taller para el regulador autom\u00e1tico de tensi\u00f3n apc line-r<\/b><\/p>\n<p style=\"text-align: center;\"><img decoding=\"async\" title=\"regulador autom\u00e1tico de tensi\u00f3n apc line-r\" src=\"https:\/\/www.distribution-transformer.com\/wp-content\/uploads\/2024\/04\/Farady-2.jpg\" \/><\/p>\n<p>&nbsp;<\/p>\n<p style=\"text-align: center;\"><img decoding=\"async\" title=\"regulador autom\u00e1tico de tensi\u00f3n apc line-r\" src=\"https:\/\/www.distribution-transformer.com\/wp-content\/uploads\/2024\/04\/Farady-3.jpg\" \/><\/p>\n<p>&nbsp;<\/p>\n<p style=\"text-align: center;\"><b>Nuestros clientes vienen a visitar apc line-r automatic voltage regulator products<\/b><\/p>\n<p style=\"text-align: center;\"><img decoding=\"async\" title=\"regulador autom\u00e1tico de tensi\u00f3n apc line-r\" src=\"https:\/\/www.distribution-transformer.com\/wp-content\/uploads\/2024\/04\/Farady-3-1.jpg\" \/><\/p>\n<p>&nbsp;<\/p>\n<p style=\"text-align: center;\"><b>Este es el regulador de voltaje autom\u00e1tico apc line-r y otros productos<\/b><\/p>\n<p style=\"text-align: center;\"><img decoding=\"async\" title=\"regulador autom\u00e1tico de tensi\u00f3n apc line-r\" src=\"https:\/\/www.distribution-transformer.com\/wp-content\/uploads\/2024\/04\/Farady-4.jpg\" \/><\/p>\n<p>&nbsp;<\/p>\n<p style=\"text-align: center;\"><img decoding=\"async\" title=\"regulador autom\u00e1tico de tensi\u00f3n apc line-r\" src=\"https:\/\/www.distribution-transformer.com\/wp-content\/uploads\/2024\/04\/Farady-5.jpg\" \/><\/p>\n<p>&nbsp;<\/p>\n<p style=\"text-align: center;\"><img decoding=\"async\" title=\"regulador autom\u00e1tico de tensi\u00f3n apc line-r\" src=\"https:\/\/www.distribution-transformer.com\/wp-content\/uploads\/2024\/04\/Farady-6.jpg\" \/><\/p>\n<p>&nbsp;<\/p>\n<p style=\"text-align: center;\"><b>Esta es nuestra pantalla de instalaci\u00f3n del regulador de tensi\u00f3n autom\u00e1tico apc line-r<\/b><\/p>\n<p style=\"text-align: center;\"><img decoding=\"async\" title=\"regulador autom\u00e1tico de tensi\u00f3n apc line-r\" src=\"https:\/\/www.distribution-transformer.com\/wp-content\/uploads\/2024\/04\/Farady-7.jpg\" \/><\/p>\n<p>&nbsp;<\/p>\n<p style=\"text-align: center;\"><img decoding=\"async\" title=\"regulador autom\u00e1tico de tensi\u00f3n apc line-r\" src=\"https:\/\/www.distribution-transformer.com\/wp-content\/uploads\/2024\/04\/Farady-8.jpg\" \/><\/p>\n<p>&nbsp;<\/p>\n<p style=\"text-align: center;\"><img decoding=\"async\" title=\"regulador autom\u00e1tico de tensi\u00f3n apc line-r\" src=\"https:\/\/www.distribution-transformer.com\/wp-content\/uploads\/2024\/04\/Farady-9.jpg\" \/><\/p>\n<p>&nbsp;<\/p>\n<p style=\"text-align: center;\"><img decoding=\"async\" title=\"regulador autom\u00e1tico de tensi\u00f3n apc line-r\" src=\"https:\/\/www.distribution-transformer.com\/wp-content\/uploads\/2024\/04\/Farady-10.jpg\" \/><\/p>\n<p>&nbsp;<\/p>\n<p style=\"text-align: center;\"><img decoding=\"async\" title=\"regulador autom\u00e1tico de tensi\u00f3n apc line-r\" src=\"https:\/\/www.distribution-transformer.com\/wp-content\/uploads\/2024\/04\/Farady-11.jpg\" \/><\/p>\n<p>&nbsp;<\/p>\n<p style=\"text-align: center;\"><img decoding=\"async\" title=\"regulador autom\u00e1tico de tensi\u00f3n apc line-r\" src=\"https:\/\/www.distribution-transformer.com\/wp-content\/uploads\/2024\/04\/Farady-12.jpg\" \/><\/p>\n<p>&nbsp;<\/p>","protected":false},"excerpt":{"rendered":"<p>Faraday cuenta con 20 a\u00f1os de experiencia en la producci\u00f3n profesional de equipos el\u00e9ctricos. Nuestros principales productos incluyen RMU y conmutadores, interruptores de interior y exterior, transformadores de potencia, etc. Hemos pasado certificaciones como ISO, KEMA, ASTA, CE, etc. Con una excelente calidad, los precios m\u00e1s favorables, y la entrega a tiempo, hemos recibido grandes elogios tanto en [...]<\/p>","protected":false},"featured_media":3015,"comment_status":"open","ping_status":"closed","template":"","meta":[],"product_cat":[55],"product_tag":[],"class_list":["post-3303","product","type-product","status-publish","has-post-thumbnail","hentry","product_cat-other"],"yoast_head":"<!-- This site is optimized with the Yoast SEO plugin v22.3 - https:\/\/yoast.com\/wordpress\/plugins\/seo\/ -->\n<title>apc line-r automatic voltage regulator - Farady<\/title>\n<meta name=\"description\" content=\"Farady produces apc line-r automatic voltage regulator and other series of transformer to meet the needs of different scenarios in various industries.\" \/>\n<meta name=\"robots\" content=\"index, follow, max-snippet:-1, max-image-preview:large, max-video-preview:-1\" \/>\n<link rel=\"canonical\" href=\"http:\/\/www.distribution-transformer.com\/es_ar\/producto\/regulador-automatico-de-tension-apc-line-r\/\" \/>\n<meta property=\"og:locale\" content=\"es_ES\" \/>\n<meta property=\"og:type\" content=\"article\" \/>\n<meta property=\"og:title\" content=\"apc line-r automatic voltage regulator - Farady\" \/>\n<meta property=\"og:description\" content=\"Farady produces apc line-r automatic voltage regulator and other series of transformer to meet the needs of different scenarios in various industries.\" \/>\n<meta property=\"og:url\" content=\"http:\/\/www.distribution-transformer.com\/es_ar\/producto\/regulador-automatico-de-tension-apc-line-r\/\" \/>\n<meta property=\"og:site_name\" content=\"FARADY\" \/>\n<meta property=\"article:modified_time\" content=\"2024-10-20T10:08:54+00:00\" \/>\n<meta property=\"og:image\" content=\"https:\/\/www.distribution-transformer.com\/wp-content\/uploads\/2024\/03\/icon_2.jpeg\" \/>\n\t<meta property=\"og:image:width\" content=\"400\" \/>\n\t<meta property=\"og:image:height\" content=\"270\" \/>\n\t<meta property=\"og:image:type\" content=\"image\/jpeg\" \/>\n<meta name=\"twitter:card\" content=\"summary_large_image\" \/>\n<meta name=\"twitter:label1\" content=\"Tiempo de lectura\" \/>\n\t<meta name=\"twitter:data1\" content=\"4 minutos\" \/>\n<script type=\"application\/ld+json\" class=\"yoast-schema-graph\">{\"@context\":\"https:\/\/schema.org\",\"@graph\":[{\"@type\":\"WebPage\",\"@id\":\"https:\/\/www.distribution-transformer.com\/product\/apc-line-r-automatic-voltage-regulator\/\",\"url\":\"https:\/\/www.distribution-transformer.com\/product\/apc-line-r-automatic-voltage-regulator\/\",\"name\":\"apc line-r automatic voltage regulator - Farady\",\"isPartOf\":{\"@id\":\"https:\/\/www.distribution-transformer.com\/#website\"},\"primaryImageOfPage\":{\"@id\":\"https:\/\/www.distribution-transformer.com\/product\/apc-line-r-automatic-voltage-regulator\/#primaryimage\"},\"image\":{\"@id\":\"https:\/\/www.distribution-transformer.com\/product\/apc-line-r-automatic-voltage-regulator\/#primaryimage\"},\"thumbnailUrl\":\"https:\/\/www.distribution-transformer.com\/wp-content\/uploads\/2024\/03\/icon_2.jpeg\",\"datePublished\":\"2024-05-20T14:14:42+00:00\",\"dateModified\":\"2024-10-20T10:08:54+00:00\",\"description\":\"Farady produces apc line-r automatic voltage regulator and other series of transformer to meet the needs of different scenarios in various industries.\",\"breadcrumb\":{\"@id\":\"https:\/\/www.distribution-transformer.com\/product\/apc-line-r-automatic-voltage-regulator\/#breadcrumb\"},\"inLanguage\":\"es-AR\",\"potentialAction\":[{\"@type\":\"ReadAction\",\"target\":[\"https:\/\/www.distribution-transformer.com\/product\/apc-line-r-automatic-voltage-regulator\/\"]}]},{\"@type\":\"ImageObject\",\"inLanguage\":\"es-AR\",\"@id\":\"https:\/\/www.distribution-transformer.com\/product\/apc-line-r-automatic-voltage-regulator\/#primaryimage\",\"url\":\"https:\/\/www.distribution-transformer.com\/wp-content\/uploads\/2024\/03\/icon_2.jpeg\",\"contentUrl\":\"https:\/\/www.distribution-transformer.com\/wp-content\/uploads\/2024\/03\/icon_2.jpeg\",\"width\":400,\"height\":270},{\"@type\":\"BreadcrumbList\",\"@id\":\"https:\/\/www.distribution-transformer.com\/product\/apc-line-r-automatic-voltage-regulator\/#breadcrumb\",\"itemListElement\":[{\"@type\":\"ListItem\",\"position\":1,\"name\":\"\u9996\u9875\",\"item\":\"https:\/\/www.distribution-transformer.com\/\"},{\"@type\":\"ListItem\",\"position\":2,\"name\":\"Products\",\"item\":\"https:\/\/www.distribution-transformer.com\/products\/\"},{\"@type\":\"ListItem\",\"position\":3,\"name\":\"apc line-r automatic voltage regulator\"}]},{\"@type\":\"WebSite\",\"@id\":\"https:\/\/www.distribution-transformer.com\/#website\",\"url\":\"https:\/\/www.distribution-transformer.com\/\",\"name\":\"FARADY\",\"description\":\"\",\"potentialAction\":[{\"@type\":\"SearchAction\",\"target\":{\"@type\":\"EntryPoint\",\"urlTemplate\":\"https:\/\/www.distribution-transformer.com\/?s={search_term_string}\"},\"query-input\":\"required name=search_term_string\"}],\"inLanguage\":\"es-AR\"}]}<\/script>\n<!-- \/ Yoast SEO plugin. -->","yoast_head_json":{"title":"apc line-r automatic voltage regulator - Farady","description":"Farady produces apc line-r automatic voltage regulator and other series of transformer to meet the needs of different scenarios in various industries.","robots":{"index":"index","follow":"follow","max-snippet":"max-snippet:-1","max-image-preview":"max-image-preview:large","max-video-preview":"max-video-preview:-1"},"canonical":"http:\/\/www.distribution-transformer.com\/es_ar\/producto\/regulador-automatico-de-tension-apc-line-r\/","og_locale":"es_ES","og_type":"article","og_title":"apc line-r automatic voltage regulator - Farady","og_description":"Farady produces apc line-r automatic voltage regulator and other series of transformer to meet the needs of different scenarios in various industries.","og_url":"http:\/\/www.distribution-transformer.com\/es_ar\/producto\/regulador-automatico-de-tension-apc-line-r\/","og_site_name":"FARADY","article_modified_time":"2024-10-20T10:08:54+00:00","og_image":[{"width":400,"height":270,"url":"https:\/\/www.distribution-transformer.com\/wp-content\/uploads\/2024\/03\/icon_2.jpeg","type":"image\/jpeg"}],"twitter_card":"summary_large_image","twitter_misc":{"Tiempo de lectura":"4 minutos"},"schema":{"@context":"https:\/\/schema.org","@graph":[{"@type":"WebPage","@id":"https:\/\/www.distribution-transformer.com\/product\/apc-line-r-automatic-voltage-regulator\/","url":"https:\/\/www.distribution-transformer.com\/product\/apc-line-r-automatic-voltage-regulator\/","name":"apc line-r automatic voltage regulator - Farady","isPartOf":{"@id":"https:\/\/www.distribution-transformer.com\/#website"},"primaryImageOfPage":{"@id":"https:\/\/www.distribution-transformer.com\/product\/apc-line-r-automatic-voltage-regulator\/#primaryimage"},"image":{"@id":"https:\/\/www.distribution-transformer.com\/product\/apc-line-r-automatic-voltage-regulator\/#primaryimage"},"thumbnailUrl":"https:\/\/www.distribution-transformer.com\/wp-content\/uploads\/2024\/03\/icon_2.jpeg","datePublished":"2024-05-20T14:14:42+00:00","dateModified":"2024-10-20T10:08:54+00:00","description":"Farady produces apc line-r automatic voltage regulator and other series of transformer to meet the needs of different scenarios in various industries.","breadcrumb":{"@id":"https:\/\/www.distribution-transformer.com\/product\/apc-line-r-automatic-voltage-regulator\/#breadcrumb"},"inLanguage":"es-AR","potentialAction":[{"@type":"ReadAction","target":["https:\/\/www.distribution-transformer.com\/product\/apc-line-r-automatic-voltage-regulator\/"]}]},{"@type":"ImageObject","inLanguage":"es-AR","@id":"https:\/\/www.distribution-transformer.com\/product\/apc-line-r-automatic-voltage-regulator\/#primaryimage","url":"https:\/\/www.distribution-transformer.com\/wp-content\/uploads\/2024\/03\/icon_2.jpeg","contentUrl":"https:\/\/www.distribution-transformer.com\/wp-content\/uploads\/2024\/03\/icon_2.jpeg","width":400,"height":270},{"@type":"BreadcrumbList","@id":"https:\/\/www.distribution-transformer.com\/product\/apc-line-r-automatic-voltage-regulator\/#breadcrumb","itemListElement":[{"@type":"ListItem","position":1,"name":"\u9996\u9875","item":"https:\/\/www.distribution-transformer.com\/"},{"@type":"ListItem","position":2,"name":"Products","item":"https:\/\/www.distribution-transformer.com\/products\/"},{"@type":"ListItem","position":3,"name":"apc line-r automatic voltage regulator"}]},{"@type":"WebSite","@id":"https:\/\/www.distribution-transformer.com\/#website","url":"https:\/\/www.distribution-transformer.com\/","name":"FARADY","description":"","potentialAction":[{"@type":"SearchAction","target":{"@type":"EntryPoint","urlTemplate":"https:\/\/www.distribution-transformer.com\/?s={search_term_string}"},"query-input":"required name=search_term_string"}],"inLanguage":"es-AR"}]}},"_links":{"self":[{"href":"http:\/\/www.distribution-transformer.com\/es_ar\/wp-json\/wp\/v2\/product\/3303","targetHints":{"allow":["GET"]}}],"collection":[{"href":"http:\/\/www.distribution-transformer.com\/es_ar\/wp-json\/wp\/v2\/product"}],"about":[{"href":"http:\/\/www.distribution-transformer.com\/es_ar\/wp-json\/wp\/v2\/types\/product"}],"replies":[{"embeddable":true,"href":"http:\/\/www.distribution-transformer.com\/es_ar\/wp-json\/wp\/v2\/comments?post=3303"}],"wp:featuredmedia":[{"embeddable":true,"href":"http:\/\/www.distribution-transformer.com\/es_ar\/wp-json\/wp\/v2\/media\/3015"}],"wp:attachment":[{"href":"http:\/\/www.distribution-transformer.com\/es_ar\/wp-json\/wp\/v2\/media?parent=3303"}],"wp:term":[{"taxonomy":"product_cat","embeddable":true,"href":"http:\/\/www.distribution-transformer.com\/es_ar\/wp-json\/wp\/v2\/product_cat?post=3303"},{"taxonomy":"product_tag","embeddable":true,"href":"http:\/\/www.distribution-transformer.com\/es_ar\/wp-json\/wp\/v2\/product_tag?post=3303"}],"curies":[{"name":"wp","href":"https:\/\/api.w.org\/{rel}","templated":true}]}}