{"id":3289,"date":"2024-05-20T21:51:53","date_gmt":"2024-05-20T13:51:53","guid":{"rendered":"https:\/\/www.distribution-transformer.com\/?post_type=product&#038;p=3289"},"modified":"2024-10-20T18:12:14","modified_gmt":"2024-10-20T10:12:14","slug":"3-phase-transformer-wiring-schematic","status":"publish","type":"product","link":"http:\/\/www.distribution-transformer.com\/es_ar\/product\/esquema-de-conexion-del-transformador-trifasico\/","title":{"rendered":"esquema de conexi\u00f3n del transformador trif\u00e1sico"},"content":{"rendered":"<p>Faraday Electric Co., Ltd. se fund\u00f3 en 1999. El taller de interruptores y transformadores se complet\u00f3 en 2000. En 2001, se desarrollaron el primer reconectador autom\u00e1tico y el primer LBS. En 2002, obtuvo la certificaci\u00f3n del sistema ISO 9001 y comenz\u00f3 el negocio de exportaci\u00f3n internacional en 2003. Tras casi 20 a\u00f1os de establecimiento y desarrollo, Faraday se ha convertido gradualmente en una empresa l\u00edder en la fabricaci\u00f3n de transformadores de potencia en China en la actualidad.<\/p>\n<p>Nuestros productos incluyen principalmente transformadores de potencia, reguladores de tensi\u00f3n, interruptores de interior y exterior, RMU y conmutadores, etc. El producto es ampliamente aceptado y utilizado por sus caracter\u00edsticas perfectas, alta calidad y dise\u00f1o moderno. Hasta ahora, ha suministrado energ\u00eda a m\u00e1s de 90 pa\u00edses y 50 empresas de servicios p\u00fablicos.<\/p>\n<p><iframe loading=\"lazy\" title=\"Reproductor de v\u00eddeo YouTube\" src=\"https:\/\/www.youtube.com\/embed\/TFTAHgcCZiA?si=SLwXKMvOKOzGyvsl\" width=\"560\" height=\"315\" frameborder=\"0\" allowfullscreen=\"allowfullscreen\"><\/iframe><\/p>\n<table class=\"table table-bordered text-center\" style=\"height: 260px;\" width=\"742\">\n<thead><\/thead>\n<tbody>\n<tr>\n<td>Nombre del producto<\/td>\n<td>esquema de conexi\u00f3n del transformador trif\u00e1sico<\/td>\n<\/tr>\n<tr>\n<td><span style=\"font-family: Poppins, Helvetica, sans-serif; font-size: 13px; font-style: normal; font-variant-ligatures: normal; font-variant-caps: normal; font-weight: 400; letter-spacing: 0.16px;\">Marca<\/span><\/td>\n<td>Farady<\/td>\n<\/tr>\n<tr>\n<td><span style=\"font-family: Poppins, Helvetica, sans-serif; font-size: 13px; font-style: normal; font-variant-ligatures: normal; font-variant-caps: normal; font-weight: 400; letter-spacing: 0.16px;\">Lugar de origen<\/span><\/td>\n<td><span style=\"font-family: Poppins, Helvetica, sans-serif; font-size: 13px; font-style: normal; font-variant-ligatures: normal; font-variant-caps: normal; font-weight: 400; letter-spacing: 0.16px;\">China<\/span><\/td>\n<\/tr>\n<tr>\n<td>Condici\u00f3n<\/td>\n<td>Nuevo<\/td>\n<\/tr>\n<tr>\n<td><span style=\"font-family: Poppins, Helvetica, sans-serif; font-size: 13px; font-style: normal; font-variant-ligatures: normal; font-variant-caps: normal; font-weight: 400; letter-spacing: 0.16px;\">Aplicaci\u00f3n<\/span><\/td>\n<td><span style=\"font-family: Poppins, Helvetica, sans-serif; font-size: 13px; font-style: normal; font-variant-ligatures: normal; font-variant-caps: normal; font-weight: 400; letter-spacing: 0.16px;\">hotel,unidad de barrio...etc<\/span><\/td>\n<\/tr>\n<tr>\n<td><span style=\"font-family: Poppins, Helvetica, sans-serif; font-size: 13px; font-style: normal; font-variant-ligatures: normal; font-variant-caps: normal; font-weight: 400; letter-spacing: 0.16px;\">Servicio posventa<\/span><\/td>\n<td>Asistencia t\u00e9cnica en l\u00ednea<\/td>\n<\/tr>\n<tr>\n<td>Socios<\/td>\n<td>STATE GRID,MERALCO,NESCO...<\/td>\n<\/tr>\n<tr>\n<td>Pa\u00edses exportadores<\/td>\n<td>Costa de Marfil, Bangladesh, Om\u00e1n, Ir\u00e1n, etc.<\/td>\n<\/tr>\n<tr>\n<td>Capacidad de suministro<\/td>\n<td>100 juegos\/juegos al mes<\/td>\n<\/tr>\n<\/tbody>\n<\/table>\n<p><span style=\"letter-spacing: 0.16px; color: #0000ff;\"><span style=\"font-weight: 600; font-size: 13px;\">Atenci\u00f3n<\/span><\/span><span style=\"font-family: Poppins, Helvetica, sans-serif; font-size: 13px; font-style: normal; font-variant-ligatures: normal; font-variant-caps: normal; font-weight: 400; letter-spacing: 0.16px;\">: Los datos de la tabla anterior son s\u00f3lo de referencia. Para informaci\u00f3n espec\u00edfica, por favor\u00a0<\/span>Contacto<span style=\"font-family: Poppins, Helvetica, sans-serif; font-size: 13px; font-style: normal; font-variant-ligatures: normal; font-variant-caps: normal; font-weight: 400; letter-spacing: 0.16px;\">.<\/span><\/p>\n<p>&nbsp;<\/p>\n<p style=\"text-align: center;\"><img decoding=\"async\" title=\"esquema de conexi\u00f3n del transformador trif\u00e1sico\" src=\"https:\/\/www.distribution-transformer.com\/wp-content\/uploads\/2024\/04\/Farady-1.jpg\" \/><\/p>\n<p>&nbsp;<\/p>\n<p style=\"text-align: center;\"><b>El programa del taller para el esquema el\u00e9ctrico del transformador trif\u00e1sico<\/b><\/p>\n<p style=\"text-align: center;\"><img decoding=\"async\" title=\"esquema de conexi\u00f3n del transformador trif\u00e1sico\" src=\"https:\/\/www.distribution-transformer.com\/wp-content\/uploads\/2024\/04\/Farady-2.jpg\" \/><\/p>\n<p>&nbsp;<\/p>\n<p style=\"text-align: center;\"><img decoding=\"async\" title=\"esquema de conexi\u00f3n del transformador trif\u00e1sico\" src=\"https:\/\/www.distribution-transformer.com\/wp-content\/uploads\/2024\/04\/Farady-3.jpg\" \/><\/p>\n<p>&nbsp;<\/p>\n<p style=\"text-align: center;\"><b>Nuestros clientes vienen a visitar los productos 3 phase transformer wiring schematic<\/b><\/p>\n<p style=\"text-align: center;\"><img decoding=\"async\" title=\"esquema de conexi\u00f3n del transformador trif\u00e1sico\" src=\"https:\/\/www.distribution-transformer.com\/wp-content\/uploads\/2024\/04\/Farady-3-1.jpg\" \/><\/p>\n<p>&nbsp;<\/p>\n<p style=\"text-align: center;\"><b>Este es el esquema de cableado del transformador trif\u00e1sico y otros productos<\/b><\/p>\n<p style=\"text-align: center;\"><img decoding=\"async\" title=\"esquema de conexi\u00f3n del transformador trif\u00e1sico\" src=\"https:\/\/www.distribution-transformer.com\/wp-content\/uploads\/2024\/04\/Farady-4.jpg\" \/><\/p>\n<p>&nbsp;<\/p>\n<p style=\"text-align: center;\"><img decoding=\"async\" title=\"esquema de conexi\u00f3n del transformador trif\u00e1sico\" src=\"https:\/\/www.distribution-transformer.com\/wp-content\/uploads\/2024\/04\/Farady-5.jpg\" \/><\/p>\n<p>&nbsp;<\/p>\n<p style=\"text-align: center;\"><img decoding=\"async\" title=\"esquema de conexi\u00f3n del transformador trif\u00e1sico\" src=\"https:\/\/www.distribution-transformer.com\/wp-content\/uploads\/2024\/04\/Farady-6.jpg\" \/><\/p>\n<p>&nbsp;<\/p>\n<p style=\"text-align: center;\"><b>Esta es nuestra pantalla de instalaci\u00f3n del producto del esquema de cableado del transformador trif\u00e1sico<\/b><\/p>\n<p style=\"text-align: center;\"><img decoding=\"async\" title=\"esquema de conexi\u00f3n del transformador trif\u00e1sico\" src=\"https:\/\/www.distribution-transformer.com\/wp-content\/uploads\/2024\/04\/Farady-7.jpg\" \/><\/p>\n<p>&nbsp;<\/p>\n<p style=\"text-align: center;\"><img decoding=\"async\" title=\"esquema de conexi\u00f3n del transformador trif\u00e1sico\" src=\"https:\/\/www.distribution-transformer.com\/wp-content\/uploads\/2024\/04\/Farady-8.jpg\" \/><\/p>\n<p>&nbsp;<\/p>\n<p style=\"text-align: center;\"><img decoding=\"async\" title=\"esquema de conexi\u00f3n del transformador trif\u00e1sico\" src=\"https:\/\/www.distribution-transformer.com\/wp-content\/uploads\/2024\/04\/Farady-9.jpg\" \/><\/p>\n<p>&nbsp;<\/p>\n<p style=\"text-align: center;\"><img decoding=\"async\" title=\"esquema de conexi\u00f3n del transformador trif\u00e1sico\" src=\"https:\/\/www.distribution-transformer.com\/wp-content\/uploads\/2024\/04\/Farady-10.jpg\" \/><\/p>\n<p>&nbsp;<\/p>\n<p style=\"text-align: center;\"><img decoding=\"async\" title=\"esquema de conexi\u00f3n del transformador trif\u00e1sico\" src=\"https:\/\/www.distribution-transformer.com\/wp-content\/uploads\/2024\/04\/Farady-11.jpg\" \/><\/p>\n<p>&nbsp;<\/p>\n<p style=\"text-align: center;\"><img decoding=\"async\" title=\"esquema de conexi\u00f3n del transformador trif\u00e1sico\" src=\"https:\/\/www.distribution-transformer.com\/wp-content\/uploads\/2024\/04\/Farady-12.jpg\" \/><\/p>\n<p>&nbsp;<\/p>","protected":false},"excerpt":{"rendered":"<p>Faraday Electric Co., Ltd. was established in 1999. The switchgear and transformer workshop were completed in 2000. In 2001, the first automatic recloser and LBS were developed. In 2002, it obtained ISO 9001 system certification and began international export business in 2003. After nearly 20 years of establishment and development, Faraday has gradually grown into [&hellip;]<\/p>","protected":false},"featured_media":3015,"comment_status":"open","ping_status":"closed","template":"","meta":[],"product_cat":[55],"product_tag":[],"class_list":["post-3289","product","type-product","status-publish","has-post-thumbnail","hentry","product_cat-other"],"yoast_head":"<!-- This site is optimized with the Yoast SEO plugin v22.3 - https:\/\/yoast.com\/wordpress\/plugins\/seo\/ -->\n<title>3 phase transformer wiring schematic - Farady<\/title>\n<meta name=\"description\" content=\"Farady produces 3 phase transformer wiring schematic and other series of transformer to meet the needs of different scenarios in various industries.\" \/>\n<meta name=\"robots\" content=\"index, follow, max-snippet:-1, max-image-preview:large, max-video-preview:-1\" \/>\n<link rel=\"canonical\" href=\"http:\/\/www.distribution-transformer.com\/es_ar\/producto\/esquema-de-conexion-del-transformador-trifasico\/\" \/>\n<meta property=\"og:locale\" content=\"es_ES\" \/>\n<meta property=\"og:type\" content=\"article\" \/>\n<meta property=\"og:title\" content=\"3 phase transformer wiring schematic - Farady\" \/>\n<meta property=\"og:description\" content=\"Farady produces 3 phase transformer wiring schematic and other series of transformer to meet the needs of different scenarios in various industries.\" \/>\n<meta property=\"og:url\" content=\"http:\/\/www.distribution-transformer.com\/es_ar\/producto\/esquema-de-conexion-del-transformador-trifasico\/\" \/>\n<meta property=\"og:site_name\" content=\"FARADY\" \/>\n<meta property=\"article:modified_time\" content=\"2024-10-20T10:12:14+00:00\" \/>\n<meta property=\"og:image\" content=\"https:\/\/www.distribution-transformer.com\/wp-content\/uploads\/2024\/03\/icon_2.jpeg\" \/>\n\t<meta property=\"og:image:width\" content=\"400\" \/>\n\t<meta property=\"og:image:height\" content=\"270\" \/>\n\t<meta property=\"og:image:type\" content=\"image\/jpeg\" \/>\n<meta name=\"twitter:card\" content=\"summary_large_image\" \/>\n<meta name=\"twitter:label1\" content=\"Tiempo de lectura\" \/>\n\t<meta name=\"twitter:data1\" content=\"4 minutos\" \/>\n<script type=\"application\/ld+json\" class=\"yoast-schema-graph\">{\"@context\":\"https:\/\/schema.org\",\"@graph\":[{\"@type\":\"WebPage\",\"@id\":\"https:\/\/www.distribution-transformer.com\/product\/3-phase-transformer-wiring-schematic\/\",\"url\":\"https:\/\/www.distribution-transformer.com\/product\/3-phase-transformer-wiring-schematic\/\",\"name\":\"3 phase transformer wiring schematic - Farady\",\"isPartOf\":{\"@id\":\"https:\/\/www.distribution-transformer.com\/#website\"},\"primaryImageOfPage\":{\"@id\":\"https:\/\/www.distribution-transformer.com\/product\/3-phase-transformer-wiring-schematic\/#primaryimage\"},\"image\":{\"@id\":\"https:\/\/www.distribution-transformer.com\/product\/3-phase-transformer-wiring-schematic\/#primaryimage\"},\"thumbnailUrl\":\"https:\/\/www.distribution-transformer.com\/wp-content\/uploads\/2024\/03\/icon_2.jpeg\",\"datePublished\":\"2024-05-20T13:51:53+00:00\",\"dateModified\":\"2024-10-20T10:12:14+00:00\",\"description\":\"Farady produces 3 phase transformer wiring schematic and other series of transformer to meet the needs of different scenarios in various industries.\",\"breadcrumb\":{\"@id\":\"https:\/\/www.distribution-transformer.com\/product\/3-phase-transformer-wiring-schematic\/#breadcrumb\"},\"inLanguage\":\"es-AR\",\"potentialAction\":[{\"@type\":\"ReadAction\",\"target\":[\"https:\/\/www.distribution-transformer.com\/product\/3-phase-transformer-wiring-schematic\/\"]}]},{\"@type\":\"ImageObject\",\"inLanguage\":\"es-AR\",\"@id\":\"https:\/\/www.distribution-transformer.com\/product\/3-phase-transformer-wiring-schematic\/#primaryimage\",\"url\":\"https:\/\/www.distribution-transformer.com\/wp-content\/uploads\/2024\/03\/icon_2.jpeg\",\"contentUrl\":\"https:\/\/www.distribution-transformer.com\/wp-content\/uploads\/2024\/03\/icon_2.jpeg\",\"width\":400,\"height\":270},{\"@type\":\"BreadcrumbList\",\"@id\":\"https:\/\/www.distribution-transformer.com\/product\/3-phase-transformer-wiring-schematic\/#breadcrumb\",\"itemListElement\":[{\"@type\":\"ListItem\",\"position\":1,\"name\":\"\u9996\u9875\",\"item\":\"https:\/\/www.distribution-transformer.com\/\"},{\"@type\":\"ListItem\",\"position\":2,\"name\":\"Products\",\"item\":\"https:\/\/www.distribution-transformer.com\/products\/\"},{\"@type\":\"ListItem\",\"position\":3,\"name\":\"3 phase transformer wiring schematic\"}]},{\"@type\":\"WebSite\",\"@id\":\"https:\/\/www.distribution-transformer.com\/#website\",\"url\":\"https:\/\/www.distribution-transformer.com\/\",\"name\":\"FARADY\",\"description\":\"\",\"potentialAction\":[{\"@type\":\"SearchAction\",\"target\":{\"@type\":\"EntryPoint\",\"urlTemplate\":\"https:\/\/www.distribution-transformer.com\/?s={search_term_string}\"},\"query-input\":\"required name=search_term_string\"}],\"inLanguage\":\"es-AR\"}]}<\/script>\n<!-- \/ Yoast SEO plugin. -->","yoast_head_json":{"title":"3 phase transformer wiring schematic - Farady","description":"Farady produces 3 phase transformer wiring schematic and other series of transformer to meet the needs of different scenarios in various industries.","robots":{"index":"index","follow":"follow","max-snippet":"max-snippet:-1","max-image-preview":"max-image-preview:large","max-video-preview":"max-video-preview:-1"},"canonical":"http:\/\/www.distribution-transformer.com\/es_ar\/producto\/esquema-de-conexion-del-transformador-trifasico\/","og_locale":"es_ES","og_type":"article","og_title":"3 phase transformer wiring schematic - Farady","og_description":"Farady produces 3 phase transformer wiring schematic and other series of transformer to meet the needs of different scenarios in various industries.","og_url":"http:\/\/www.distribution-transformer.com\/es_ar\/producto\/esquema-de-conexion-del-transformador-trifasico\/","og_site_name":"FARADY","article_modified_time":"2024-10-20T10:12:14+00:00","og_image":[{"width":400,"height":270,"url":"https:\/\/www.distribution-transformer.com\/wp-content\/uploads\/2024\/03\/icon_2.jpeg","type":"image\/jpeg"}],"twitter_card":"summary_large_image","twitter_misc":{"Tiempo de lectura":"4 minutos"},"schema":{"@context":"https:\/\/schema.org","@graph":[{"@type":"WebPage","@id":"https:\/\/www.distribution-transformer.com\/product\/3-phase-transformer-wiring-schematic\/","url":"https:\/\/www.distribution-transformer.com\/product\/3-phase-transformer-wiring-schematic\/","name":"3 phase transformer wiring schematic - Farady","isPartOf":{"@id":"https:\/\/www.distribution-transformer.com\/#website"},"primaryImageOfPage":{"@id":"https:\/\/www.distribution-transformer.com\/product\/3-phase-transformer-wiring-schematic\/#primaryimage"},"image":{"@id":"https:\/\/www.distribution-transformer.com\/product\/3-phase-transformer-wiring-schematic\/#primaryimage"},"thumbnailUrl":"https:\/\/www.distribution-transformer.com\/wp-content\/uploads\/2024\/03\/icon_2.jpeg","datePublished":"2024-05-20T13:51:53+00:00","dateModified":"2024-10-20T10:12:14+00:00","description":"Farady produces 3 phase transformer wiring schematic and other series of transformer to meet the needs of different scenarios in various industries.","breadcrumb":{"@id":"https:\/\/www.distribution-transformer.com\/product\/3-phase-transformer-wiring-schematic\/#breadcrumb"},"inLanguage":"es-AR","potentialAction":[{"@type":"ReadAction","target":["https:\/\/www.distribution-transformer.com\/product\/3-phase-transformer-wiring-schematic\/"]}]},{"@type":"ImageObject","inLanguage":"es-AR","@id":"https:\/\/www.distribution-transformer.com\/product\/3-phase-transformer-wiring-schematic\/#primaryimage","url":"https:\/\/www.distribution-transformer.com\/wp-content\/uploads\/2024\/03\/icon_2.jpeg","contentUrl":"https:\/\/www.distribution-transformer.com\/wp-content\/uploads\/2024\/03\/icon_2.jpeg","width":400,"height":270},{"@type":"BreadcrumbList","@id":"https:\/\/www.distribution-transformer.com\/product\/3-phase-transformer-wiring-schematic\/#breadcrumb","itemListElement":[{"@type":"ListItem","position":1,"name":"\u9996\u9875","item":"https:\/\/www.distribution-transformer.com\/"},{"@type":"ListItem","position":2,"name":"Products","item":"https:\/\/www.distribution-transformer.com\/products\/"},{"@type":"ListItem","position":3,"name":"3 phase transformer wiring schematic"}]},{"@type":"WebSite","@id":"https:\/\/www.distribution-transformer.com\/#website","url":"https:\/\/www.distribution-transformer.com\/","name":"FARADY","description":"","potentialAction":[{"@type":"SearchAction","target":{"@type":"EntryPoint","urlTemplate":"https:\/\/www.distribution-transformer.com\/?s={search_term_string}"},"query-input":"required name=search_term_string"}],"inLanguage":"es-AR"}]}},"_links":{"self":[{"href":"http:\/\/www.distribution-transformer.com\/es_ar\/wp-json\/wp\/v2\/product\/3289","targetHints":{"allow":["GET"]}}],"collection":[{"href":"http:\/\/www.distribution-transformer.com\/es_ar\/wp-json\/wp\/v2\/product"}],"about":[{"href":"http:\/\/www.distribution-transformer.com\/es_ar\/wp-json\/wp\/v2\/types\/product"}],"replies":[{"embeddable":true,"href":"http:\/\/www.distribution-transformer.com\/es_ar\/wp-json\/wp\/v2\/comments?post=3289"}],"wp:featuredmedia":[{"embeddable":true,"href":"http:\/\/www.distribution-transformer.com\/es_ar\/wp-json\/wp\/v2\/media\/3015"}],"wp:attachment":[{"href":"http:\/\/www.distribution-transformer.com\/es_ar\/wp-json\/wp\/v2\/media?parent=3289"}],"wp:term":[{"taxonomy":"product_cat","embeddable":true,"href":"http:\/\/www.distribution-transformer.com\/es_ar\/wp-json\/wp\/v2\/product_cat?post=3289"},{"taxonomy":"product_tag","embeddable":true,"href":"http:\/\/www.distribution-transformer.com\/es_ar\/wp-json\/wp\/v2\/product_tag?post=3289"}],"curies":[{"name":"wp","href":"https:\/\/api.w.org\/{rel}","templated":true}]}}