{"id":3331,"date":"2024-06-05T21:17:33","date_gmt":"2024-06-05T13:17:33","guid":{"rendered":"https:\/\/www.distribution-transformer.com\/?post_type=product&#038;p=3331"},"modified":"2024-10-20T18:06:25","modified_gmt":"2024-10-20T10:06:25","slug":"transformer-and-substation","status":"publish","type":"product","link":"http:\/\/www.distribution-transformer.com\/de\/product\/transformator-und-umspannwerk\/","title":{"rendered":"Transformator und Umspannwerk"},"content":{"rendered":"<p>Faraday hat seinen Sitz in Leqing, Zhejiang, China. Es wurde 1999 gegr\u00fcndet und ist einer der f\u00fchrenden Hersteller von Strom\u00fcbertragungs- und -umwandlungsanlagen in China. Wir verf\u00fcgen \u00fcber erstklassige inl\u00e4ndische Elektromechanik-Experten, Techniker und Facharbeiter. Gegenw\u00e4rtig produzieren wir haupts\u00e4chlich Leistungstransformatoren, Spannungsregler, Innen- und Au\u00dfenschalter, RMU und Schaltanlagen, etc.<\/p>\n<p>Wir verf\u00fcgen \u00fcber fortschrittliche Betriebsanlagen und Produktionsverfahren. Wir haben nach und nach fortschrittliche vollautomatische Produktionslinien, vollautomatische digitale Gie\u00dfsysteme, automatische Wickelmaschinen und andere Ger\u00e4te aus dem Ausland eingef\u00fchrt. Unsere Produkte haben Zertifizierungen wie ISO, KEMA, ASTA, CE, etc. erhalten. Zu unseren Partnern geh\u00f6ren ENSD, ISRAEL ELECTRIC, STATE GRID, PDVSA, usw.<\/p>\n<p><iframe loading=\"lazy\" width=\"560\" height=\"315\" src=\"https:\/\/www.youtube.com\/embed\/dfVSrDSW1uc?si=1XxnDlTC8hrGPu5U\" title=\"YouTube-Video-Player\" frameborder=\"0\" allow=\"accelerometer; autoplay; clipboard-write; encrypted-media; gyroscope; picture-in-picture; web-share\" referrerpolicy=\"strict-origin-when-cross-origin\" allowfullscreen><\/iframe><\/p>\n<table class=\"table  table-bordered text-center\">\n<thead>\n<\/thead>\n<tbody>\n<tr>\n<td><span style=\"font-family: Poppins, Helvetica, sans-serif; font-size: 13px; font-style: normal; font-variant-ligatures: normal; font-variant-caps: normal; font-weight: 400; letter-spacing: 0.16px;\">Produktname<\/span><\/td>\n<td><span style=\"font-family: Poppins, Helvetica, sans-serif; font-size: 13px; font-style: normal; font-variant-ligatures: normal; font-variant-caps: normal; font-weight: 400; letter-spacing: 0.16px;\">Transformator und Umspannwerk<\/span><\/td>\n<\/tr>\n<tr>\n<td>Ort der Herkunft<\/td>\n<td><span style=\"font-family: Poppins, Helvetica, sans-serif; font-size: 13px; font-style: normal; font-variant-ligatures: normal; font-variant-caps: normal; font-weight: 400; letter-spacing: 0.16px;\">China<\/span><\/td>\n<\/tr>\n<tr>\n<td>Markenname<\/td>\n<td>Farady<\/td>\n<\/tr>\n<tr>\n<td>Anmeldung<\/td>\n<td>Gro\u00dfbaustelle, Nachbarschaftseinheit ... usw.<\/td>\n<\/tr>\n<tr>\n<td>Zertifizierung<\/td>\n<td>CE,KEMA,ASTA...etc<\/td>\n<\/tr>\n<tr>\n<td>Verwendung<\/td>\n<td>POWER<\/td>\n<\/tr>\n<tr>\n<td><span style=\"font-family: Poppins, Helvetica, sans-serif; font-size: 13px; font-style: normal; font-variant-ligatures: normal; font-variant-caps: normal; font-weight: 400; letter-spacing: 0.16px;\">Details zur Verpackung<\/span><\/td>\n<td>Verpackt in Sperrholzkisten<\/td>\n<\/tr>\n<tr>\n<td><span style=\"font-family: Poppins, Helvetica, sans-serif; font-size: 13px; font-style: normal; font-variant-ligatures: normal; font-variant-caps: normal; font-weight: 400; letter-spacing: 0.16px; text-align: left;\">Vorlaufzeit (Tage)<\/span><\/td>\n<td><span style=\"font-family: Poppins, Helvetica, sans-serif; font-size: 13px; font-style: normal; font-variant-ligatures: normal; font-variant-caps: normal; font-weight: 400; letter-spacing: 0.16px; text-align: left;\">10-30 (noch zu verhandeln)<\/span><\/td>\n<\/tr>\n<tr>\n<td>Lieferf\u00e4higkeit<\/td>\n<td>100 Satz\/S\u00e4tze pro Monat<\/td>\n<\/tr>\n<\/tbody>\n<\/table>\n<p><font color=\"#0000ff\"><b>&nbsp;Bitte beachten Sie<\/b><\/font>: Die Daten in der obigen Tabelle dienen nur als Referenz. F\u00fcr spezifische Informationen, kontaktieren Sie uns bitte.<\/p>\n<p><strong><\/strong><\/p>\n<p style=\"text-align:center;\"><img decoding=\"async\" src=\"https:\/\/www.distribution-transformer.com\/wp-content\/uploads\/2024\/04\/Farady-1.jpg\" atl=\"transformer and substation\" title=\"Transformator und Umspannwerk\"><\/p>\n<p style=\"text-align: center;\"><b>Die Werkstattausstellung f\u00fcr Transformatoren und Umspannwerke<\/b><\/p>\n<p style=\"text-align:center;\"><img decoding=\"async\" src=\"https:\/\/www.distribution-transformer.com\/wp-content\/uploads\/2024\/04\/Farady-2.jpg\" atl=\"transformer and substation\" title=\"Transformator und Umspannwerk\"><\/p>\n<p><strong><\/strong><\/p>\n<p style=\"text-align:center;\"><img decoding=\"async\" src=\"https:\/\/www.distribution-transformer.com\/wp-content\/uploads\/2024\/04\/Farady-3.jpg\" atl=\"transformer and substation\" title=\"Transformator und Umspannwerk\"><\/p>\n<p style=\"text-align: center;\"><b>Unsere Kunden kommen, um die Produkte f\u00fcr Transformatoren und Umspannwerke zu besichtigen<\/b><\/p>\n<p style=\"text-align:center;\"><img decoding=\"async\" src=\"https:\/\/www.distribution-transformer.com\/wp-content\/uploads\/2024\/04\/Farady-3-1.jpg\" atl=\"transformer and substation\" title=\"Transformator und Umspannwerk\"><\/p>\n<p style=\"text-align: center;\"><b>Dies ist Transformator und Umspannwerk und andere Produkte<\/b><\/p>\n<p style=\"text-align:center;\"><img decoding=\"async\" src=\"https:\/\/www.distribution-transformer.com\/wp-content\/uploads\/2024\/04\/Farady-4.jpg\" atl=\"transformer and substation\" title=\"Transformator und Umspannwerk\"><\/p>\n<p><strong><\/strong><\/p>\n<p style=\"text-align:center;\"><img decoding=\"async\" src=\"https:\/\/www.distribution-transformer.com\/wp-content\/uploads\/2024\/04\/Farady-5.jpg\" atl=\"transformer and substation\" title=\"Transformator und Umspannwerk\"><\/p>\n<p><strong><\/strong><\/p>\n<p style=\"text-align:center;\"><img decoding=\"async\" src=\"https:\/\/www.distribution-transformer.com\/wp-content\/uploads\/2024\/04\/Farady-6.jpg\" atl=\"transformer and substation\" title=\"Transformator und Umspannwerk\"><\/p>\n<p style=\"text-align: center;\"><b>Dies ist unsere Ausstellung zur Installation von Transformatoren und Umspannwerken<\/b><\/p>\n<p style=\"text-align:center;\"><img decoding=\"async\" src=\"https:\/\/www.distribution-transformer.com\/wp-content\/uploads\/2024\/04\/Farady-7.jpg\" atl=\"transformer and substation\" title=\"Transformator und Umspannwerk\"><\/p>\n<p><strong><\/strong><\/p>\n<p style=\"text-align:center;\"><img decoding=\"async\" src=\"https:\/\/www.distribution-transformer.com\/wp-content\/uploads\/2024\/04\/Farady-8.jpg\" atl=\"transformer and substation\" title=\"Transformator und Umspannwerk\"><\/p>\n<p><strong><\/strong><\/p>\n<p style=\"text-align:center;\"><img decoding=\"async\" src=\"https:\/\/www.distribution-transformer.com\/wp-content\/uploads\/2024\/04\/Farady-9.jpg\" atl=\"transformer and substation\" title=\"Transformator und Umspannwerk\"><\/p>\n<p><strong><\/strong><\/p>\n<p style=\"text-align:center;\"><img decoding=\"async\" src=\"https:\/\/www.distribution-transformer.com\/wp-content\/uploads\/2024\/04\/Farady-10.jpg\" atl=\"transformer and substation\" title=\"Transformator und Umspannwerk\"><\/p>\n<p><strong><\/strong><\/p>\n<p style=\"text-align:center;\"><img decoding=\"async\" src=\"https:\/\/www.distribution-transformer.com\/wp-content\/uploads\/2024\/04\/Farady-11.jpg\" atl=\"transformer and substation\" title=\"Transformator und Umspannwerk\"><\/p>\n<p><strong><\/strong><\/p>\n<p style=\"text-align:center;\"><img decoding=\"async\" src=\"https:\/\/www.distribution-transformer.com\/wp-content\/uploads\/2024\/04\/Farady-12.jpg\" atl=\"transformer and substation\" title=\"Transformator und Umspannwerk\"><\/p>\n<p><\/p>","protected":false},"excerpt":{"rendered":"<p>Faraday is located in Leqing, Zhejiang, China. Founded in 1999, it is one of the leading manufacturers of power transmission and transformation equipment in China. We have top-notch domestic electromechanical experts, technicians, and skilled workers. At present, we mainly produce Power transformer,voltage regulator,indoor &#038; outdoor switch,RMU &#038; Switchgears, etc. We have advanced factory equipment and [&hellip;]<\/p>","protected":false},"featured_media":3015,"comment_status":"open","ping_status":"closed","template":"","meta":[],"product_cat":[55],"product_tag":[],"class_list":["post-3331","product","type-product","status-publish","has-post-thumbnail","hentry","product_cat-other"],"yoast_head":"<!-- This site is optimized with the Yoast SEO plugin v22.3 - https:\/\/yoast.com\/wordpress\/plugins\/seo\/ -->\n<title>transformer and substation - Farady<\/title>\n<meta name=\"description\" content=\"Farady produces transformer and substation and other series of transformer to meet the needs of different scenarios in various industries.\" \/>\n<meta name=\"robots\" content=\"index, follow, max-snippet:-1, max-image-preview:large, max-video-preview:-1\" \/>\n<link rel=\"canonical\" href=\"http:\/\/www.distribution-transformer.com\/de\/produkt\/transformator-und-umspannwerk\/\" \/>\n<meta property=\"og:locale\" content=\"de_DE\" \/>\n<meta property=\"og:type\" content=\"article\" \/>\n<meta property=\"og:title\" content=\"transformer and substation - Farady\" \/>\n<meta property=\"og:description\" content=\"Farady produces transformer and substation and other series of transformer to meet the needs of different scenarios in various industries.\" \/>\n<meta property=\"og:url\" content=\"http:\/\/www.distribution-transformer.com\/de\/produkt\/transformator-und-umspannwerk\/\" \/>\n<meta property=\"og:site_name\" content=\"FARADY\" \/>\n<meta property=\"article:modified_time\" content=\"2024-10-20T10:06:25+00:00\" \/>\n<meta property=\"og:image\" content=\"https:\/\/www.distribution-transformer.com\/wp-content\/uploads\/2024\/03\/icon_2.jpeg\" \/>\n\t<meta property=\"og:image:width\" content=\"400\" \/>\n\t<meta property=\"og:image:height\" content=\"270\" \/>\n\t<meta property=\"og:image:type\" content=\"image\/jpeg\" \/>\n<meta name=\"twitter:card\" content=\"summary_large_image\" \/>\n<meta name=\"twitter:label1\" content=\"Gesch\u00e4tzte Lesezeit\" \/>\n\t<meta name=\"twitter:data1\" content=\"4\u00a0Minuten\" \/>\n<script type=\"application\/ld+json\" class=\"yoast-schema-graph\">{\"@context\":\"https:\/\/schema.org\",\"@graph\":[{\"@type\":\"WebPage\",\"@id\":\"https:\/\/www.distribution-transformer.com\/product\/transformer-and-substation\/\",\"url\":\"https:\/\/www.distribution-transformer.com\/product\/transformer-and-substation\/\",\"name\":\"transformer and substation - Farady\",\"isPartOf\":{\"@id\":\"https:\/\/www.distribution-transformer.com\/#website\"},\"primaryImageOfPage\":{\"@id\":\"https:\/\/www.distribution-transformer.com\/product\/transformer-and-substation\/#primaryimage\"},\"image\":{\"@id\":\"https:\/\/www.distribution-transformer.com\/product\/transformer-and-substation\/#primaryimage\"},\"thumbnailUrl\":\"https:\/\/www.distribution-transformer.com\/wp-content\/uploads\/2024\/03\/icon_2.jpeg\",\"datePublished\":\"2024-06-05T13:17:33+00:00\",\"dateModified\":\"2024-10-20T10:06:25+00:00\",\"description\":\"Farady produces transformer and substation and other series of transformer to meet the needs of different scenarios in various industries.\",\"breadcrumb\":{\"@id\":\"https:\/\/www.distribution-transformer.com\/product\/transformer-and-substation\/#breadcrumb\"},\"inLanguage\":\"de\",\"potentialAction\":[{\"@type\":\"ReadAction\",\"target\":[\"https:\/\/www.distribution-transformer.com\/product\/transformer-and-substation\/\"]}]},{\"@type\":\"ImageObject\",\"inLanguage\":\"de\",\"@id\":\"https:\/\/www.distribution-transformer.com\/product\/transformer-and-substation\/#primaryimage\",\"url\":\"https:\/\/www.distribution-transformer.com\/wp-content\/uploads\/2024\/03\/icon_2.jpeg\",\"contentUrl\":\"https:\/\/www.distribution-transformer.com\/wp-content\/uploads\/2024\/03\/icon_2.jpeg\",\"width\":400,\"height\":270},{\"@type\":\"BreadcrumbList\",\"@id\":\"https:\/\/www.distribution-transformer.com\/product\/transformer-and-substation\/#breadcrumb\",\"itemListElement\":[{\"@type\":\"ListItem\",\"position\":1,\"name\":\"\u9996\u9875\",\"item\":\"https:\/\/www.distribution-transformer.com\/\"},{\"@type\":\"ListItem\",\"position\":2,\"name\":\"Products\",\"item\":\"https:\/\/www.distribution-transformer.com\/products\/\"},{\"@type\":\"ListItem\",\"position\":3,\"name\":\"transformer and substation\"}]},{\"@type\":\"WebSite\",\"@id\":\"https:\/\/www.distribution-transformer.com\/#website\",\"url\":\"https:\/\/www.distribution-transformer.com\/\",\"name\":\"FARADY\",\"description\":\"\",\"potentialAction\":[{\"@type\":\"SearchAction\",\"target\":{\"@type\":\"EntryPoint\",\"urlTemplate\":\"https:\/\/www.distribution-transformer.com\/?s={search_term_string}\"},\"query-input\":\"required name=search_term_string\"}],\"inLanguage\":\"de\"}]}<\/script>\n<!-- \/ Yoast SEO plugin. -->","yoast_head_json":{"title":"transformer and substation - Farady","description":"Farady produces transformer and substation and other series of transformer to meet the needs of different scenarios in various industries.","robots":{"index":"index","follow":"follow","max-snippet":"max-snippet:-1","max-image-preview":"max-image-preview:large","max-video-preview":"max-video-preview:-1"},"canonical":"http:\/\/www.distribution-transformer.com\/de\/produkt\/transformator-und-umspannwerk\/","og_locale":"de_DE","og_type":"article","og_title":"transformer and substation - Farady","og_description":"Farady produces transformer and substation and other series of transformer to meet the needs of different scenarios in various industries.","og_url":"http:\/\/www.distribution-transformer.com\/de\/produkt\/transformator-und-umspannwerk\/","og_site_name":"FARADY","article_modified_time":"2024-10-20T10:06:25+00:00","og_image":[{"width":400,"height":270,"url":"https:\/\/www.distribution-transformer.com\/wp-content\/uploads\/2024\/03\/icon_2.jpeg","type":"image\/jpeg"}],"twitter_card":"summary_large_image","twitter_misc":{"Gesch\u00e4tzte Lesezeit":"4\u00a0Minuten"},"schema":{"@context":"https:\/\/schema.org","@graph":[{"@type":"WebPage","@id":"https:\/\/www.distribution-transformer.com\/product\/transformer-and-substation\/","url":"https:\/\/www.distribution-transformer.com\/product\/transformer-and-substation\/","name":"transformer and substation - Farady","isPartOf":{"@id":"https:\/\/www.distribution-transformer.com\/#website"},"primaryImageOfPage":{"@id":"https:\/\/www.distribution-transformer.com\/product\/transformer-and-substation\/#primaryimage"},"image":{"@id":"https:\/\/www.distribution-transformer.com\/product\/transformer-and-substation\/#primaryimage"},"thumbnailUrl":"https:\/\/www.distribution-transformer.com\/wp-content\/uploads\/2024\/03\/icon_2.jpeg","datePublished":"2024-06-05T13:17:33+00:00","dateModified":"2024-10-20T10:06:25+00:00","description":"Farady produces transformer and substation and other series of transformer to meet the needs of different scenarios in various industries.","breadcrumb":{"@id":"https:\/\/www.distribution-transformer.com\/product\/transformer-and-substation\/#breadcrumb"},"inLanguage":"de","potentialAction":[{"@type":"ReadAction","target":["https:\/\/www.distribution-transformer.com\/product\/transformer-and-substation\/"]}]},{"@type":"ImageObject","inLanguage":"de","@id":"https:\/\/www.distribution-transformer.com\/product\/transformer-and-substation\/#primaryimage","url":"https:\/\/www.distribution-transformer.com\/wp-content\/uploads\/2024\/03\/icon_2.jpeg","contentUrl":"https:\/\/www.distribution-transformer.com\/wp-content\/uploads\/2024\/03\/icon_2.jpeg","width":400,"height":270},{"@type":"BreadcrumbList","@id":"https:\/\/www.distribution-transformer.com\/product\/transformer-and-substation\/#breadcrumb","itemListElement":[{"@type":"ListItem","position":1,"name":"\u9996\u9875","item":"https:\/\/www.distribution-transformer.com\/"},{"@type":"ListItem","position":2,"name":"Products","item":"https:\/\/www.distribution-transformer.com\/products\/"},{"@type":"ListItem","position":3,"name":"transformer and substation"}]},{"@type":"WebSite","@id":"https:\/\/www.distribution-transformer.com\/#website","url":"https:\/\/www.distribution-transformer.com\/","name":"FARADY","description":"","potentialAction":[{"@type":"SearchAction","target":{"@type":"EntryPoint","urlTemplate":"https:\/\/www.distribution-transformer.com\/?s={search_term_string}"},"query-input":"required name=search_term_string"}],"inLanguage":"de"}]}},"_links":{"self":[{"href":"http:\/\/www.distribution-transformer.com\/de\/wp-json\/wp\/v2\/product\/3331","targetHints":{"allow":["GET"]}}],"collection":[{"href":"http:\/\/www.distribution-transformer.com\/de\/wp-json\/wp\/v2\/product"}],"about":[{"href":"http:\/\/www.distribution-transformer.com\/de\/wp-json\/wp\/v2\/types\/product"}],"replies":[{"embeddable":true,"href":"http:\/\/www.distribution-transformer.com\/de\/wp-json\/wp\/v2\/comments?post=3331"}],"wp:featuredmedia":[{"embeddable":true,"href":"http:\/\/www.distribution-transformer.com\/de\/wp-json\/wp\/v2\/media\/3015"}],"wp:attachment":[{"href":"http:\/\/www.distribution-transformer.com\/de\/wp-json\/wp\/v2\/media?parent=3331"}],"wp:term":[{"taxonomy":"product_cat","embeddable":true,"href":"http:\/\/www.distribution-transformer.com\/de\/wp-json\/wp\/v2\/product_cat?post=3331"},{"taxonomy":"product_tag","embeddable":true,"href":"http:\/\/www.distribution-transformer.com\/de\/wp-json\/wp\/v2\/product_tag?post=3331"}],"curies":[{"name":"wp","href":"https:\/\/api.w.org\/{rel}","templated":true}]}}