{"id":3304,"date":"2024-05-20T22:15:25","date_gmt":"2024-05-20T14:15:25","guid":{"rendered":"https:\/\/www.distribution-transformer.com\/?post_type=product&#038;p=3304"},"modified":"2024-10-20T18:08:42","modified_gmt":"2024-10-20T10:08:42","slug":"automatic-voltage-regulator-for-home","status":"publish","type":"product","link":"http:\/\/www.distribution-transformer.com\/de\/product\/automatischer-spannungsregler-fur-haushalte\/","title":{"rendered":"automatischer Spannungsregler f\u00fcr Haushalte"},"content":{"rendered":"<p>Faraday Electric ist ein nationales High-Tech-Unternehmen, das sich auf die Entwicklung, Konstruktion, Produktion und den Vertrieb von Leistungstransformatoren, Spannungsreglern, Innen- und Au\u00dfenschaltern, RMU und Schaltanlagen spezialisiert hat. Das Produkt ist weit verbreitet in der Nachbarschaft Einheit, Hotel, gro\u00dfe Baustelle, hohe Geb\u00e4ude, etc.<\/p>\n<p>Wir bieten unseren Kunden einen vereinfachten Beschaffungsprozess, der ihnen hilft, die beste L\u00f6sung f\u00fcr ihre spezifischen Anforderungen zu finden. Wir haben bereits \u00fcber 90 L\u00e4nder und 50 Versorgungsunternehmen mit Strom versorgt und haben KEMA-, ASTA-, CE- und andere Zertifizierungen erhalten. Das Produkt wurde nach Europa, Ozeanien, Afrika, Amerika und in andere Regionen exportiert.<\/p>\n<p><iframe loading=\"lazy\" title=\"YouTube-Video-Player\" src=\"https:\/\/www.youtube.com\/embed\/TFTAHgcCZiA?si=SLwXKMvOKOzGyvsl\" width=\"560\" height=\"315\" frameborder=\"0\" allowfullscreen=\"allowfullscreen\"><\/iframe><\/p>\n<table class=\"table table-bordered text-center\" style=\"height: 276px;\" width=\"744\">\n<thead><\/thead>\n<tbody>\n<tr>\n<td><span style=\"font-family: Poppins, Helvetica, sans-serif; font-size: 13px; font-style: normal; font-variant-ligatures: normal; font-variant-caps: normal; font-weight: 400; letter-spacing: 0.16px;\">Produktname<\/span><\/td>\n<td><span style=\"font-family: Poppins, Helvetica, sans-serif; font-size: 13px; font-style: normal; font-variant-ligatures: normal; font-variant-caps: normal; font-weight: 400; letter-spacing: 0.16px;\">automatischer Spannungsregler f\u00fcr Haushalte<\/span><\/td>\n<\/tr>\n<tr>\n<td>Ort der Herkunft<\/td>\n<td><span style=\"font-family: Poppins, Helvetica, sans-serif; font-size: 13px; font-style: normal; font-variant-ligatures: normal; font-variant-caps: normal; font-weight: 400; letter-spacing: 0.16px;\">Zhejiang, China<\/span><\/td>\n<\/tr>\n<tr>\n<td>Markenname<\/td>\n<td>Farady<\/td>\n<\/tr>\n<tr>\n<td>Anmeldung<\/td>\n<td>Gro\u00dfbaustelle, Hotel...etc<\/td>\n<\/tr>\n<tr>\n<td>Zertifizierung<\/td>\n<td>ASTA, ISO 9001...usw.<\/td>\n<\/tr>\n<tr>\n<td>Verwendung<\/td>\n<td>POWER<\/td>\n<\/tr>\n<tr>\n<td><span style=\"font-family: Poppins, Helvetica, sans-serif; font-size: 13px; font-style: normal; font-variant-ligatures: normal; font-variant-caps: normal; font-weight: 400; letter-spacing: 0.16px;\">Details zur Verpackung<\/span><\/td>\n<td>Verpackt in Sperrholzkisten<\/td>\n<\/tr>\n<tr>\n<td><span style=\"font-family: Poppins, Helvetica, sans-serif; font-size: 13px; font-style: normal; font-variant-ligatures: normal; font-variant-caps: normal; font-weight: 400; letter-spacing: 0.16px; text-align: left;\">Vorlaufzeit (Tage)<\/span><\/td>\n<td><span style=\"font-family: Poppins, Helvetica, sans-serif; font-size: 13px; font-style: normal; font-variant-ligatures: normal; font-variant-caps: normal; font-weight: 400; letter-spacing: 0.16px; text-align: left;\">10-30 (noch zu verhandeln)<\/span><\/td>\n<\/tr>\n<tr>\n<td>Lieferf\u00e4higkeit<\/td>\n<td>100 Satz\/S\u00e4tze pro Monat<\/td>\n<\/tr>\n<\/tbody>\n<\/table>\n<p><span style=\"color: #0000ff;\"><b>\u00a0Bitte beachten Sie<\/b><\/span>: Die Daten in der obigen Tabelle dienen nur als Referenz. F\u00fcr spezifische Informationen, kontaktieren Sie uns bitte.<\/p>\n<p>&nbsp;<\/p>\n<p style=\"text-align: center;\"><img decoding=\"async\" title=\"automatischer Spannungsregler f\u00fcr Haushalte\" src=\"https:\/\/www.distribution-transformer.com\/wp-content\/uploads\/2024\/04\/Farady-1.jpg\" \/><\/p>\n<p>&nbsp;<\/p>\n<p style=\"text-align: center;\"><b>Die Werkstattausstellung f\u00fcr automatische Spannungsregler f\u00fcr den Haushalt<\/b><\/p>\n<p style=\"text-align: center;\"><img decoding=\"async\" title=\"automatischer Spannungsregler f\u00fcr Haushalte\" src=\"https:\/\/www.distribution-transformer.com\/wp-content\/uploads\/2024\/04\/Farady-2.jpg\" \/><\/p>\n<p>&nbsp;<\/p>\n<p style=\"text-align: center;\"><img decoding=\"async\" title=\"automatischer Spannungsregler f\u00fcr Haushalte\" src=\"https:\/\/www.distribution-transformer.com\/wp-content\/uploads\/2024\/04\/Farady-3.jpg\" \/><\/p>\n<p>&nbsp;<\/p>\n<p style=\"text-align: center;\"><b>Unsere Kunden kommen, um automatische Spannungsregler f\u00fcr Haushaltsprodukte zu besuchen<\/b><\/p>\n<p style=\"text-align: center;\"><img decoding=\"async\" title=\"automatischer Spannungsregler f\u00fcr Haushalte\" src=\"https:\/\/www.distribution-transformer.com\/wp-content\/uploads\/2024\/04\/Farady-3-1.jpg\" \/><\/p>\n<p>&nbsp;<\/p>\n<p style=\"text-align: center;\"><b>Dies ist ein automatischer Spannungsregler f\u00fcr den Haushalt und andere Produkte<\/b><\/p>\n<p style=\"text-align: center;\"><img decoding=\"async\" title=\"automatischer Spannungsregler f\u00fcr Haushalte\" src=\"https:\/\/www.distribution-transformer.com\/wp-content\/uploads\/2024\/04\/Farady-4.jpg\" \/><\/p>\n<p>&nbsp;<\/p>\n<p style=\"text-align: center;\"><img decoding=\"async\" title=\"automatischer Spannungsregler f\u00fcr Haushalte\" src=\"https:\/\/www.distribution-transformer.com\/wp-content\/uploads\/2024\/04\/Farady-5.jpg\" \/><\/p>\n<p>&nbsp;<\/p>\n<p style=\"text-align: center;\"><img decoding=\"async\" title=\"automatischer Spannungsregler f\u00fcr Haushalte\" src=\"https:\/\/www.distribution-transformer.com\/wp-content\/uploads\/2024\/04\/Farady-6.jpg\" \/><\/p>\n<p>&nbsp;<\/p>\n<p style=\"text-align: center;\"><b>Dies ist unser automatischer Spannungsregler f\u00fcr die Anzeige von Heimprodukten<\/b><\/p>\n<p style=\"text-align: center;\"><img decoding=\"async\" title=\"automatischer Spannungsregler f\u00fcr Haushalte\" src=\"https:\/\/www.distribution-transformer.com\/wp-content\/uploads\/2024\/04\/Farady-7.jpg\" \/><\/p>\n<p>&nbsp;<\/p>\n<p style=\"text-align: center;\"><img decoding=\"async\" title=\"automatischer Spannungsregler f\u00fcr Haushalte\" src=\"https:\/\/www.distribution-transformer.com\/wp-content\/uploads\/2024\/04\/Farady-8.jpg\" \/><\/p>\n<p>&nbsp;<\/p>\n<p style=\"text-align: center;\"><img decoding=\"async\" title=\"automatischer Spannungsregler f\u00fcr Haushalte\" src=\"https:\/\/www.distribution-transformer.com\/wp-content\/uploads\/2024\/04\/Farady-9.jpg\" \/><\/p>\n<p>&nbsp;<\/p>\n<p style=\"text-align: center;\"><img decoding=\"async\" title=\"automatischer Spannungsregler f\u00fcr Haushalte\" src=\"https:\/\/www.distribution-transformer.com\/wp-content\/uploads\/2024\/04\/Farady-10.jpg\" \/><\/p>\n<p>&nbsp;<\/p>\n<p style=\"text-align: center;\"><img decoding=\"async\" title=\"automatischer Spannungsregler f\u00fcr Haushalte\" src=\"https:\/\/www.distribution-transformer.com\/wp-content\/uploads\/2024\/04\/Farady-11.jpg\" \/><\/p>\n<p>&nbsp;<\/p>\n<p style=\"text-align: center;\"><img decoding=\"async\" title=\"automatischer Spannungsregler f\u00fcr Haushalte\" src=\"https:\/\/www.distribution-transformer.com\/wp-content\/uploads\/2024\/04\/Farady-12.jpg\" \/><\/p>\n<p>&nbsp;<\/p>","protected":false},"excerpt":{"rendered":"<p>Faraday Electric ist ein nationales High-Tech-Unternehmen, das sich auf die Entwicklung, Konstruktion, Produktion und den Vertrieb von Leistungstransformatoren, Spannungsreglern, Innen- und Au\u00dfenschaltern, RMU und Schaltanlagen spezialisiert hat. Das Produkt ist weit verbreitet in Wohneinheiten, Hotels, Gro\u00dfbaustellen, Hochh\u00e4usern, etc. Wir bieten unseren Kunden einen vereinfachten Beschaffungsprozess, der ihnen bei der Auswahl der besten [...]<\/p>","protected":false},"featured_media":3015,"comment_status":"open","ping_status":"closed","template":"","meta":[],"product_cat":[55],"product_tag":[],"class_list":["post-3304","product","type-product","status-publish","has-post-thumbnail","hentry","product_cat-other"],"yoast_head":"<!-- This site is optimized with the Yoast SEO plugin v22.3 - https:\/\/yoast.com\/wordpress\/plugins\/seo\/ -->\n<title>automatic voltage regulator for home - Farady<\/title>\n<meta name=\"description\" content=\"Farady produces automatic voltage regulator for home and other series of transformer to meet the needs of different scenarios in various industries.\" \/>\n<meta name=\"robots\" content=\"index, follow, max-snippet:-1, max-image-preview:large, max-video-preview:-1\" \/>\n<link rel=\"canonical\" href=\"http:\/\/www.distribution-transformer.com\/de\/produkt\/automatischer-spannungsregler-fur-haushalte\/\" \/>\n<meta property=\"og:locale\" content=\"de_DE\" \/>\n<meta property=\"og:type\" content=\"article\" \/>\n<meta property=\"og:title\" content=\"automatic voltage regulator for home - Farady\" \/>\n<meta property=\"og:description\" content=\"Farady produces automatic voltage regulator for home and other series of transformer to meet the needs of different scenarios in various industries.\" \/>\n<meta property=\"og:url\" content=\"http:\/\/www.distribution-transformer.com\/de\/produkt\/automatischer-spannungsregler-fur-haushalte\/\" \/>\n<meta property=\"og:site_name\" content=\"FARADY\" \/>\n<meta property=\"article:modified_time\" content=\"2024-10-20T10:08:42+00:00\" \/>\n<meta property=\"og:image\" content=\"https:\/\/www.distribution-transformer.com\/wp-content\/uploads\/2024\/03\/icon_2.jpeg\" \/>\n\t<meta property=\"og:image:width\" content=\"400\" \/>\n\t<meta property=\"og:image:height\" content=\"270\" \/>\n\t<meta property=\"og:image:type\" content=\"image\/jpeg\" \/>\n<meta name=\"twitter:card\" content=\"summary_large_image\" \/>\n<meta name=\"twitter:label1\" content=\"Gesch\u00e4tzte Lesezeit\" \/>\n\t<meta name=\"twitter:data1\" content=\"4\u00a0Minuten\" \/>\n<script type=\"application\/ld+json\" class=\"yoast-schema-graph\">{\"@context\":\"https:\/\/schema.org\",\"@graph\":[{\"@type\":\"WebPage\",\"@id\":\"https:\/\/www.distribution-transformer.com\/product\/automatic-voltage-regulator-for-home\/\",\"url\":\"https:\/\/www.distribution-transformer.com\/product\/automatic-voltage-regulator-for-home\/\",\"name\":\"automatic voltage regulator for home - Farady\",\"isPartOf\":{\"@id\":\"https:\/\/www.distribution-transformer.com\/#website\"},\"primaryImageOfPage\":{\"@id\":\"https:\/\/www.distribution-transformer.com\/product\/automatic-voltage-regulator-for-home\/#primaryimage\"},\"image\":{\"@id\":\"https:\/\/www.distribution-transformer.com\/product\/automatic-voltage-regulator-for-home\/#primaryimage\"},\"thumbnailUrl\":\"https:\/\/www.distribution-transformer.com\/wp-content\/uploads\/2024\/03\/icon_2.jpeg\",\"datePublished\":\"2024-05-20T14:15:25+00:00\",\"dateModified\":\"2024-10-20T10:08:42+00:00\",\"description\":\"Farady produces automatic voltage regulator for home and other series of transformer to meet the needs of different scenarios in various industries.\",\"breadcrumb\":{\"@id\":\"https:\/\/www.distribution-transformer.com\/product\/automatic-voltage-regulator-for-home\/#breadcrumb\"},\"inLanguage\":\"de\",\"potentialAction\":[{\"@type\":\"ReadAction\",\"target\":[\"https:\/\/www.distribution-transformer.com\/product\/automatic-voltage-regulator-for-home\/\"]}]},{\"@type\":\"ImageObject\",\"inLanguage\":\"de\",\"@id\":\"https:\/\/www.distribution-transformer.com\/product\/automatic-voltage-regulator-for-home\/#primaryimage\",\"url\":\"https:\/\/www.distribution-transformer.com\/wp-content\/uploads\/2024\/03\/icon_2.jpeg\",\"contentUrl\":\"https:\/\/www.distribution-transformer.com\/wp-content\/uploads\/2024\/03\/icon_2.jpeg\",\"width\":400,\"height\":270},{\"@type\":\"BreadcrumbList\",\"@id\":\"https:\/\/www.distribution-transformer.com\/product\/automatic-voltage-regulator-for-home\/#breadcrumb\",\"itemListElement\":[{\"@type\":\"ListItem\",\"position\":1,\"name\":\"\u9996\u9875\",\"item\":\"https:\/\/www.distribution-transformer.com\/\"},{\"@type\":\"ListItem\",\"position\":2,\"name\":\"Products\",\"item\":\"https:\/\/www.distribution-transformer.com\/products\/\"},{\"@type\":\"ListItem\",\"position\":3,\"name\":\"automatic voltage regulator for home\"}]},{\"@type\":\"WebSite\",\"@id\":\"https:\/\/www.distribution-transformer.com\/#website\",\"url\":\"https:\/\/www.distribution-transformer.com\/\",\"name\":\"FARADY\",\"description\":\"\",\"potentialAction\":[{\"@type\":\"SearchAction\",\"target\":{\"@type\":\"EntryPoint\",\"urlTemplate\":\"https:\/\/www.distribution-transformer.com\/?s={search_term_string}\"},\"query-input\":\"required name=search_term_string\"}],\"inLanguage\":\"de\"}]}<\/script>\n<!-- \/ Yoast SEO plugin. -->","yoast_head_json":{"title":"automatic voltage regulator for home - Farady","description":"Farady produces automatic voltage regulator for home and other series of transformer to meet the needs of different scenarios in various industries.","robots":{"index":"index","follow":"follow","max-snippet":"max-snippet:-1","max-image-preview":"max-image-preview:large","max-video-preview":"max-video-preview:-1"},"canonical":"http:\/\/www.distribution-transformer.com\/de\/produkt\/automatischer-spannungsregler-fur-haushalte\/","og_locale":"de_DE","og_type":"article","og_title":"automatic voltage regulator for home - Farady","og_description":"Farady produces automatic voltage regulator for home and other series of transformer to meet the needs of different scenarios in various industries.","og_url":"http:\/\/www.distribution-transformer.com\/de\/produkt\/automatischer-spannungsregler-fur-haushalte\/","og_site_name":"FARADY","article_modified_time":"2024-10-20T10:08:42+00:00","og_image":[{"width":400,"height":270,"url":"https:\/\/www.distribution-transformer.com\/wp-content\/uploads\/2024\/03\/icon_2.jpeg","type":"image\/jpeg"}],"twitter_card":"summary_large_image","twitter_misc":{"Gesch\u00e4tzte Lesezeit":"4\u00a0Minuten"},"schema":{"@context":"https:\/\/schema.org","@graph":[{"@type":"WebPage","@id":"https:\/\/www.distribution-transformer.com\/product\/automatic-voltage-regulator-for-home\/","url":"https:\/\/www.distribution-transformer.com\/product\/automatic-voltage-regulator-for-home\/","name":"automatic voltage regulator for home - Farady","isPartOf":{"@id":"https:\/\/www.distribution-transformer.com\/#website"},"primaryImageOfPage":{"@id":"https:\/\/www.distribution-transformer.com\/product\/automatic-voltage-regulator-for-home\/#primaryimage"},"image":{"@id":"https:\/\/www.distribution-transformer.com\/product\/automatic-voltage-regulator-for-home\/#primaryimage"},"thumbnailUrl":"https:\/\/www.distribution-transformer.com\/wp-content\/uploads\/2024\/03\/icon_2.jpeg","datePublished":"2024-05-20T14:15:25+00:00","dateModified":"2024-10-20T10:08:42+00:00","description":"Farady produces automatic voltage regulator for home and other series of transformer to meet the needs of different scenarios in various industries.","breadcrumb":{"@id":"https:\/\/www.distribution-transformer.com\/product\/automatic-voltage-regulator-for-home\/#breadcrumb"},"inLanguage":"de","potentialAction":[{"@type":"ReadAction","target":["https:\/\/www.distribution-transformer.com\/product\/automatic-voltage-regulator-for-home\/"]}]},{"@type":"ImageObject","inLanguage":"de","@id":"https:\/\/www.distribution-transformer.com\/product\/automatic-voltage-regulator-for-home\/#primaryimage","url":"https:\/\/www.distribution-transformer.com\/wp-content\/uploads\/2024\/03\/icon_2.jpeg","contentUrl":"https:\/\/www.distribution-transformer.com\/wp-content\/uploads\/2024\/03\/icon_2.jpeg","width":400,"height":270},{"@type":"BreadcrumbList","@id":"https:\/\/www.distribution-transformer.com\/product\/automatic-voltage-regulator-for-home\/#breadcrumb","itemListElement":[{"@type":"ListItem","position":1,"name":"\u9996\u9875","item":"https:\/\/www.distribution-transformer.com\/"},{"@type":"ListItem","position":2,"name":"Products","item":"https:\/\/www.distribution-transformer.com\/products\/"},{"@type":"ListItem","position":3,"name":"automatic voltage regulator for home"}]},{"@type":"WebSite","@id":"https:\/\/www.distribution-transformer.com\/#website","url":"https:\/\/www.distribution-transformer.com\/","name":"FARADY","description":"","potentialAction":[{"@type":"SearchAction","target":{"@type":"EntryPoint","urlTemplate":"https:\/\/www.distribution-transformer.com\/?s={search_term_string}"},"query-input":"required name=search_term_string"}],"inLanguage":"de"}]}},"_links":{"self":[{"href":"http:\/\/www.distribution-transformer.com\/de\/wp-json\/wp\/v2\/product\/3304","targetHints":{"allow":["GET"]}}],"collection":[{"href":"http:\/\/www.distribution-transformer.com\/de\/wp-json\/wp\/v2\/product"}],"about":[{"href":"http:\/\/www.distribution-transformer.com\/de\/wp-json\/wp\/v2\/types\/product"}],"replies":[{"embeddable":true,"href":"http:\/\/www.distribution-transformer.com\/de\/wp-json\/wp\/v2\/comments?post=3304"}],"wp:featuredmedia":[{"embeddable":true,"href":"http:\/\/www.distribution-transformer.com\/de\/wp-json\/wp\/v2\/media\/3015"}],"wp:attachment":[{"href":"http:\/\/www.distribution-transformer.com\/de\/wp-json\/wp\/v2\/media?parent=3304"}],"wp:term":[{"taxonomy":"product_cat","embeddable":true,"href":"http:\/\/www.distribution-transformer.com\/de\/wp-json\/wp\/v2\/product_cat?post=3304"},{"taxonomy":"product_tag","embeddable":true,"href":"http:\/\/www.distribution-transformer.com\/de\/wp-json\/wp\/v2\/product_tag?post=3304"}],"curies":[{"name":"wp","href":"https:\/\/api.w.org\/{rel}","templated":true}]}}