{"id":3303,"date":"2024-05-20T22:14:42","date_gmt":"2024-05-20T14:14:42","guid":{"rendered":"https:\/\/www.distribution-transformer.com\/?post_type=product&#038;p=3303"},"modified":"2024-10-20T18:08:54","modified_gmt":"2024-10-20T10:08:54","slug":"apc-line-r-automatic-voltage-regulator","status":"publish","type":"product","link":"http:\/\/www.distribution-transformer.com\/de\/product\/apc-line-r-automatischer-spannungsregler\/","title":{"rendered":"apc line-r automatischer spannungsregler"},"content":{"rendered":"<p>Faraday verf\u00fcgt \u00fcber 20 Jahre Erfahrung in der professionellen Herstellung von Elektroger\u00e4ten. Zu unseren Hauptprodukten geh\u00f6ren RMU und Schaltanlagen, Innen- und Au\u00dfenschalter, Leistungstransformatoren usw. Wir haben Zertifizierungen wie ISO, KEMA, ASTA, CE, etc. bestanden.<\/p>\n<p>Dank unserer ausgezeichneten Qualit\u00e4t, den g\u00fcnstigsten Preisen und der p\u00fcnktlichen Lieferung haben wir sowohl auf dem nationalen als auch auf dem internationalen Markt gro\u00dfes Lob erhalten. Wir haben \u00fcber 90 L\u00e4nder und 50 Versorgungsunternehmen mit Strom beliefert. Basierend auf den Werten von , glauben wir, dass unsere Zukunft noch besser sein wird.<\/p>\n<p><iframe loading=\"lazy\" title=\"YouTube-Video-Player\" src=\"https:\/\/www.youtube.com\/embed\/TFTAHgcCZiA?si=SLwXKMvOKOzGyvsl\" width=\"560\" height=\"315\" frameborder=\"0\" allowfullscreen=\"allowfullscreen\"><\/iframe><\/p>\n<table class=\"table table-bordered text-center\" style=\"height: 308px;\" width=\"704\">\n<thead><\/thead>\n<tbody>\n<tr>\n<td>Produktname<\/td>\n<td>apc line-r automatischer spannungsregler<\/td>\n<\/tr>\n<tr>\n<td><span style=\"font-family: Poppins, Helvetica, sans-serif; font-size: 13px; font-style: normal; font-variant-ligatures: normal; font-variant-caps: normal; font-weight: 400; letter-spacing: 0.16px;\">Markenname<\/span><\/td>\n<td>Farady<\/td>\n<\/tr>\n<tr>\n<td><span style=\"font-family: Poppins, Helvetica, sans-serif; font-size: 13px; font-style: normal; font-variant-ligatures: normal; font-variant-caps: normal; font-weight: 400; letter-spacing: 0.16px;\">Ort der Herkunft<\/span><\/td>\n<td><span style=\"font-family: Poppins, Helvetica, sans-serif; font-size: 13px; font-style: normal; font-variant-ligatures: normal; font-variant-caps: normal; font-weight: 400; letter-spacing: 0.16px;\">Yueqing,Zhejiang<\/span><\/td>\n<\/tr>\n<tr>\n<td><span style=\"font-family: Poppins, Helvetica, sans-serif; font-size: 13px; font-style: normal; font-variant-ligatures: normal; font-variant-caps: normal; font-weight: 400; letter-spacing: 0.16px;\">Produkttyp<\/span><\/td>\n<td>Elektrisch<\/td>\n<\/tr>\n<tr>\n<td><span style=\"font-family: Poppins, Helvetica, sans-serif; font-size: 13px; font-style: normal; font-variant-ligatures: normal; font-variant-caps: normal; font-weight: 400; letter-spacing: 0.16px;\">Zertifikat<\/span><\/td>\n<td><span style=\"font-family: Poppins, Helvetica, sans-serif; font-size: 13px; font-style: normal; font-variant-ligatures: normal; font-variant-caps: normal; font-weight: 400; letter-spacing: normal;\">ISO 9001,CE,KEMA...etc<\/span><\/td>\n<\/tr>\n<tr>\n<td>Details zur Verpackung<\/td>\n<td>Verpackt in Sperrholzkisten<\/td>\n<\/tr>\n<tr>\n<td>Hafen<\/td>\n<td>Ningbo oder Shanghai<\/td>\n<\/tr>\n<tr>\n<td><span style=\"font-family: Poppins, Helvetica, sans-serif; font-size: 13px; font-style: normal; font-variant-ligatures: normal; font-variant-caps: normal; font-weight: 400; letter-spacing: 0.16px;\">Anmeldung<\/span><\/td>\n<td><span style=\"font-family: Poppins, Helvetica, sans-serif; font-size: 13px; font-style: normal; font-variant-ligatures: normal; font-variant-caps: normal; font-weight: 400; letter-spacing: 0.16px;\">Gro\u00dfbaustelle, Nachbarschaftseinheit ... usw.<\/span><\/td>\n<\/tr>\n<tr>\n<td><span style=\"font-family: Poppins, Helvetica, sans-serif; font-size: 13px; font-style: normal; font-variant-ligatures: normal; font-variant-caps: normal; font-weight: 400; letter-spacing: 0.16px;\">Nachverkaufs-Service<\/span><\/td>\n<td>24-Stunden-Dienst<\/td>\n<\/tr>\n<tr>\n<td>Vorlaufzeit (Tage)<\/td>\n<td>10-30(Noch zu verhandeln)<\/td>\n<\/tr>\n<\/tbody>\n<\/table>\n<p><span style=\"letter-spacing: 0.16px; color: #0000ff;\"><span style=\"font-weight: 600; font-size: 13px;\">Bitte beachten Sie<\/span><\/span><span style=\"font-family: Poppins, Helvetica, sans-serif; font-size: 13px; font-style: normal; font-variant-ligatures: normal; font-variant-caps: normal; font-weight: 400; letter-spacing: 0.16px;\">: Die Daten in der obigen Tabelle dienen nur als Referenz. F\u00fcr spezifische Informationen, bitte\u00a0<\/span>Kontaktieren Sie uns<span style=\"font-family: Poppins, Helvetica, sans-serif; font-size: 13px; font-style: normal; font-variant-ligatures: normal; font-variant-caps: normal; font-weight: 400; letter-spacing: 0.16px;\">.<\/span><\/p>\n<p>&nbsp;<\/p>\n<p style=\"text-align: center;\"><img decoding=\"async\" title=\"apc line-r automatischer spannungsregler\" src=\"https:\/\/www.distribution-transformer.com\/wp-content\/uploads\/2024\/04\/Farady-1.jpg\" \/><\/p>\n<p>&nbsp;<\/p>\n<p style=\"text-align: center;\"><b>Die Werkstattshow f\u00fcr den automatischen Spannungsregler apc line-r<\/b><\/p>\n<p style=\"text-align: center;\"><img decoding=\"async\" title=\"apc line-r automatischer spannungsregler\" src=\"https:\/\/www.distribution-transformer.com\/wp-content\/uploads\/2024\/04\/Farady-2.jpg\" \/><\/p>\n<p>&nbsp;<\/p>\n<p style=\"text-align: center;\"><img decoding=\"async\" title=\"apc line-r automatischer spannungsregler\" src=\"https:\/\/www.distribution-transformer.com\/wp-content\/uploads\/2024\/04\/Farady-3.jpg\" \/><\/p>\n<p>&nbsp;<\/p>\n<p style=\"text-align: center;\"><b>Unsere Kunden kommen, um die Produkte des automatischen Spannungsreglers apc line-r zu besuchen<\/b><\/p>\n<p style=\"text-align: center;\"><img decoding=\"async\" title=\"apc line-r automatischer spannungsregler\" src=\"https:\/\/www.distribution-transformer.com\/wp-content\/uploads\/2024\/04\/Farady-3-1.jpg\" \/><\/p>\n<p>&nbsp;<\/p>\n<p style=\"text-align: center;\"><b>Dies ist apc line-r automatischer Spannungsregler und andere Produkte<\/b><\/p>\n<p style=\"text-align: center;\"><img decoding=\"async\" title=\"apc line-r automatischer spannungsregler\" src=\"https:\/\/www.distribution-transformer.com\/wp-content\/uploads\/2024\/04\/Farady-4.jpg\" \/><\/p>\n<p>&nbsp;<\/p>\n<p style=\"text-align: center;\"><img decoding=\"async\" title=\"apc line-r automatischer spannungsregler\" src=\"https:\/\/www.distribution-transformer.com\/wp-content\/uploads\/2024\/04\/Farady-5.jpg\" \/><\/p>\n<p>&nbsp;<\/p>\n<p style=\"text-align: center;\"><img decoding=\"async\" title=\"apc line-r automatischer spannungsregler\" src=\"https:\/\/www.distribution-transformer.com\/wp-content\/uploads\/2024\/04\/Farady-6.jpg\" \/><\/p>\n<p>&nbsp;<\/p>\n<p style=\"text-align: center;\"><b>Dies ist unser Produkt apc line-r automatischer Spannungsregler Installationsanzeige<\/b><\/p>\n<p style=\"text-align: center;\"><img decoding=\"async\" title=\"apc line-r automatischer spannungsregler\" src=\"https:\/\/www.distribution-transformer.com\/wp-content\/uploads\/2024\/04\/Farady-7.jpg\" \/><\/p>\n<p>&nbsp;<\/p>\n<p style=\"text-align: center;\"><img decoding=\"async\" title=\"apc line-r automatischer spannungsregler\" src=\"https:\/\/www.distribution-transformer.com\/wp-content\/uploads\/2024\/04\/Farady-8.jpg\" \/><\/p>\n<p>&nbsp;<\/p>\n<p style=\"text-align: center;\"><img decoding=\"async\" title=\"apc line-r automatischer spannungsregler\" src=\"https:\/\/www.distribution-transformer.com\/wp-content\/uploads\/2024\/04\/Farady-9.jpg\" \/><\/p>\n<p>&nbsp;<\/p>\n<p style=\"text-align: center;\"><img decoding=\"async\" title=\"apc line-r automatischer spannungsregler\" src=\"https:\/\/www.distribution-transformer.com\/wp-content\/uploads\/2024\/04\/Farady-10.jpg\" \/><\/p>\n<p>&nbsp;<\/p>\n<p style=\"text-align: center;\"><img decoding=\"async\" title=\"apc line-r automatischer spannungsregler\" src=\"https:\/\/www.distribution-transformer.com\/wp-content\/uploads\/2024\/04\/Farady-11.jpg\" \/><\/p>\n<p>&nbsp;<\/p>\n<p style=\"text-align: center;\"><img decoding=\"async\" title=\"apc line-r automatischer spannungsregler\" src=\"https:\/\/www.distribution-transformer.com\/wp-content\/uploads\/2024\/04\/Farady-12.jpg\" \/><\/p>\n<p>&nbsp;<\/p>","protected":false},"excerpt":{"rendered":"<p>Faraday has 20 years of experience in professional production of electrical equipment. Our main products include RMU &amp; Switchgears,indoor &amp; outdoor switch,Power transformer, etc. We have passed certifications such as ISO, KEMA, ASTA, CE, etc. With excellent quality, the most favorable prices, and timely delivery, we have received high praise in both domestic and international [&hellip;]<\/p>","protected":false},"featured_media":3015,"comment_status":"open","ping_status":"closed","template":"","meta":[],"product_cat":[55],"product_tag":[],"class_list":["post-3303","product","type-product","status-publish","has-post-thumbnail","hentry","product_cat-other"],"yoast_head":"<!-- This site is optimized with the Yoast SEO plugin v22.3 - https:\/\/yoast.com\/wordpress\/plugins\/seo\/ -->\n<title>apc line-r automatic voltage regulator - Farady<\/title>\n<meta name=\"description\" content=\"Farady produces apc line-r automatic voltage regulator and other series of transformer to meet the needs of different scenarios in various industries.\" \/>\n<meta name=\"robots\" content=\"index, follow, max-snippet:-1, max-image-preview:large, max-video-preview:-1\" \/>\n<link rel=\"canonical\" href=\"http:\/\/www.distribution-transformer.com\/de\/produkt\/apc-line-r-automatischer-spannungsregler\/\" \/>\n<meta property=\"og:locale\" content=\"de_DE\" \/>\n<meta property=\"og:type\" content=\"article\" \/>\n<meta property=\"og:title\" content=\"apc line-r automatic voltage regulator - Farady\" \/>\n<meta property=\"og:description\" content=\"Farady produces apc line-r automatic voltage regulator and other series of transformer to meet the needs of different scenarios in various industries.\" \/>\n<meta property=\"og:url\" content=\"http:\/\/www.distribution-transformer.com\/de\/produkt\/apc-line-r-automatischer-spannungsregler\/\" \/>\n<meta property=\"og:site_name\" content=\"FARADY\" \/>\n<meta property=\"article:modified_time\" content=\"2024-10-20T10:08:54+00:00\" \/>\n<meta property=\"og:image\" content=\"https:\/\/www.distribution-transformer.com\/wp-content\/uploads\/2024\/03\/icon_2.jpeg\" \/>\n\t<meta property=\"og:image:width\" content=\"400\" \/>\n\t<meta property=\"og:image:height\" content=\"270\" \/>\n\t<meta property=\"og:image:type\" content=\"image\/jpeg\" \/>\n<meta name=\"twitter:card\" content=\"summary_large_image\" \/>\n<meta name=\"twitter:label1\" content=\"Gesch\u00e4tzte Lesezeit\" \/>\n\t<meta name=\"twitter:data1\" content=\"4\u00a0Minuten\" \/>\n<script type=\"application\/ld+json\" class=\"yoast-schema-graph\">{\"@context\":\"https:\/\/schema.org\",\"@graph\":[{\"@type\":\"WebPage\",\"@id\":\"https:\/\/www.distribution-transformer.com\/product\/apc-line-r-automatic-voltage-regulator\/\",\"url\":\"https:\/\/www.distribution-transformer.com\/product\/apc-line-r-automatic-voltage-regulator\/\",\"name\":\"apc line-r automatic voltage regulator - Farady\",\"isPartOf\":{\"@id\":\"https:\/\/www.distribution-transformer.com\/#website\"},\"primaryImageOfPage\":{\"@id\":\"https:\/\/www.distribution-transformer.com\/product\/apc-line-r-automatic-voltage-regulator\/#primaryimage\"},\"image\":{\"@id\":\"https:\/\/www.distribution-transformer.com\/product\/apc-line-r-automatic-voltage-regulator\/#primaryimage\"},\"thumbnailUrl\":\"https:\/\/www.distribution-transformer.com\/wp-content\/uploads\/2024\/03\/icon_2.jpeg\",\"datePublished\":\"2024-05-20T14:14:42+00:00\",\"dateModified\":\"2024-10-20T10:08:54+00:00\",\"description\":\"Farady produces apc line-r automatic voltage regulator and other series of transformer to meet the needs of different scenarios in various industries.\",\"breadcrumb\":{\"@id\":\"https:\/\/www.distribution-transformer.com\/product\/apc-line-r-automatic-voltage-regulator\/#breadcrumb\"},\"inLanguage\":\"de\",\"potentialAction\":[{\"@type\":\"ReadAction\",\"target\":[\"https:\/\/www.distribution-transformer.com\/product\/apc-line-r-automatic-voltage-regulator\/\"]}]},{\"@type\":\"ImageObject\",\"inLanguage\":\"de\",\"@id\":\"https:\/\/www.distribution-transformer.com\/product\/apc-line-r-automatic-voltage-regulator\/#primaryimage\",\"url\":\"https:\/\/www.distribution-transformer.com\/wp-content\/uploads\/2024\/03\/icon_2.jpeg\",\"contentUrl\":\"https:\/\/www.distribution-transformer.com\/wp-content\/uploads\/2024\/03\/icon_2.jpeg\",\"width\":400,\"height\":270},{\"@type\":\"BreadcrumbList\",\"@id\":\"https:\/\/www.distribution-transformer.com\/product\/apc-line-r-automatic-voltage-regulator\/#breadcrumb\",\"itemListElement\":[{\"@type\":\"ListItem\",\"position\":1,\"name\":\"\u9996\u9875\",\"item\":\"https:\/\/www.distribution-transformer.com\/\"},{\"@type\":\"ListItem\",\"position\":2,\"name\":\"Products\",\"item\":\"https:\/\/www.distribution-transformer.com\/products\/\"},{\"@type\":\"ListItem\",\"position\":3,\"name\":\"apc line-r automatic voltage regulator\"}]},{\"@type\":\"WebSite\",\"@id\":\"https:\/\/www.distribution-transformer.com\/#website\",\"url\":\"https:\/\/www.distribution-transformer.com\/\",\"name\":\"FARADY\",\"description\":\"\",\"potentialAction\":[{\"@type\":\"SearchAction\",\"target\":{\"@type\":\"EntryPoint\",\"urlTemplate\":\"https:\/\/www.distribution-transformer.com\/?s={search_term_string}\"},\"query-input\":\"required name=search_term_string\"}],\"inLanguage\":\"de\"}]}<\/script>\n<!-- \/ Yoast SEO plugin. -->","yoast_head_json":{"title":"apc line-r automatic voltage regulator - Farady","description":"Farady produces apc line-r automatic voltage regulator and other series of transformer to meet the needs of different scenarios in various industries.","robots":{"index":"index","follow":"follow","max-snippet":"max-snippet:-1","max-image-preview":"max-image-preview:large","max-video-preview":"max-video-preview:-1"},"canonical":"http:\/\/www.distribution-transformer.com\/de\/produkt\/apc-line-r-automatischer-spannungsregler\/","og_locale":"de_DE","og_type":"article","og_title":"apc line-r automatic voltage regulator - Farady","og_description":"Farady produces apc line-r automatic voltage regulator and other series of transformer to meet the needs of different scenarios in various industries.","og_url":"http:\/\/www.distribution-transformer.com\/de\/produkt\/apc-line-r-automatischer-spannungsregler\/","og_site_name":"FARADY","article_modified_time":"2024-10-20T10:08:54+00:00","og_image":[{"width":400,"height":270,"url":"https:\/\/www.distribution-transformer.com\/wp-content\/uploads\/2024\/03\/icon_2.jpeg","type":"image\/jpeg"}],"twitter_card":"summary_large_image","twitter_misc":{"Gesch\u00e4tzte Lesezeit":"4\u00a0Minuten"},"schema":{"@context":"https:\/\/schema.org","@graph":[{"@type":"WebPage","@id":"https:\/\/www.distribution-transformer.com\/product\/apc-line-r-automatic-voltage-regulator\/","url":"https:\/\/www.distribution-transformer.com\/product\/apc-line-r-automatic-voltage-regulator\/","name":"apc line-r automatic voltage regulator - Farady","isPartOf":{"@id":"https:\/\/www.distribution-transformer.com\/#website"},"primaryImageOfPage":{"@id":"https:\/\/www.distribution-transformer.com\/product\/apc-line-r-automatic-voltage-regulator\/#primaryimage"},"image":{"@id":"https:\/\/www.distribution-transformer.com\/product\/apc-line-r-automatic-voltage-regulator\/#primaryimage"},"thumbnailUrl":"https:\/\/www.distribution-transformer.com\/wp-content\/uploads\/2024\/03\/icon_2.jpeg","datePublished":"2024-05-20T14:14:42+00:00","dateModified":"2024-10-20T10:08:54+00:00","description":"Farady produces apc line-r automatic voltage regulator and other series of transformer to meet the needs of different scenarios in various industries.","breadcrumb":{"@id":"https:\/\/www.distribution-transformer.com\/product\/apc-line-r-automatic-voltage-regulator\/#breadcrumb"},"inLanguage":"de","potentialAction":[{"@type":"ReadAction","target":["https:\/\/www.distribution-transformer.com\/product\/apc-line-r-automatic-voltage-regulator\/"]}]},{"@type":"ImageObject","inLanguage":"de","@id":"https:\/\/www.distribution-transformer.com\/product\/apc-line-r-automatic-voltage-regulator\/#primaryimage","url":"https:\/\/www.distribution-transformer.com\/wp-content\/uploads\/2024\/03\/icon_2.jpeg","contentUrl":"https:\/\/www.distribution-transformer.com\/wp-content\/uploads\/2024\/03\/icon_2.jpeg","width":400,"height":270},{"@type":"BreadcrumbList","@id":"https:\/\/www.distribution-transformer.com\/product\/apc-line-r-automatic-voltage-regulator\/#breadcrumb","itemListElement":[{"@type":"ListItem","position":1,"name":"\u9996\u9875","item":"https:\/\/www.distribution-transformer.com\/"},{"@type":"ListItem","position":2,"name":"Products","item":"https:\/\/www.distribution-transformer.com\/products\/"},{"@type":"ListItem","position":3,"name":"apc line-r automatic voltage regulator"}]},{"@type":"WebSite","@id":"https:\/\/www.distribution-transformer.com\/#website","url":"https:\/\/www.distribution-transformer.com\/","name":"FARADY","description":"","potentialAction":[{"@type":"SearchAction","target":{"@type":"EntryPoint","urlTemplate":"https:\/\/www.distribution-transformer.com\/?s={search_term_string}"},"query-input":"required name=search_term_string"}],"inLanguage":"de"}]}},"_links":{"self":[{"href":"http:\/\/www.distribution-transformer.com\/de\/wp-json\/wp\/v2\/product\/3303","targetHints":{"allow":["GET"]}}],"collection":[{"href":"http:\/\/www.distribution-transformer.com\/de\/wp-json\/wp\/v2\/product"}],"about":[{"href":"http:\/\/www.distribution-transformer.com\/de\/wp-json\/wp\/v2\/types\/product"}],"replies":[{"embeddable":true,"href":"http:\/\/www.distribution-transformer.com\/de\/wp-json\/wp\/v2\/comments?post=3303"}],"wp:featuredmedia":[{"embeddable":true,"href":"http:\/\/www.distribution-transformer.com\/de\/wp-json\/wp\/v2\/media\/3015"}],"wp:attachment":[{"href":"http:\/\/www.distribution-transformer.com\/de\/wp-json\/wp\/v2\/media?parent=3303"}],"wp:term":[{"taxonomy":"product_cat","embeddable":true,"href":"http:\/\/www.distribution-transformer.com\/de\/wp-json\/wp\/v2\/product_cat?post=3303"},{"taxonomy":"product_tag","embeddable":true,"href":"http:\/\/www.distribution-transformer.com\/de\/wp-json\/wp\/v2\/product_tag?post=3303"}],"curies":[{"name":"wp","href":"https:\/\/api.w.org\/{rel}","templated":true}]}}