{"id":3295,"date":"2024-05-20T22:08:34","date_gmt":"2024-05-20T14:08:34","guid":{"rendered":"https:\/\/www.distribution-transformer.com\/?post_type=product&#038;p=3295"},"modified":"2024-10-20T18:11:05","modified_gmt":"2024-10-20T10:11:05","slug":"25-kva-distribution-transformer","status":"publish","type":"product","link":"http:\/\/www.distribution-transformer.com\/de\/product\/25-kva-verteiltransformator\/","title":{"rendered":"25 kva Verteiltransformator"},"content":{"rendered":"<p>Farady bietet eine Reihe von Leistungstransformatoren, Spannungsreglern, Innen- und Au\u00dfenschaltern, RMU und Schaltanlagen, etc. Unser Ziel ist es, die Zuverl\u00e4ssigkeit, Langlebigkeit und Effizienz zu gew\u00e4hrleisten, die f\u00fcr Versorgungsunternehmen, industrielle und kommerzielle Anwendungen erforderlich sind. Wir verf\u00fcgen \u00fcber rund 20 Jahre Erfahrung im Mittelspannungsbereich und haben Zertifizierungen wie KEMA\/Asta\/CE erhalten.<\/p>\n<p>Die Werte unseres Unternehmens sind: . Wir sind bestrebt, ein Weltklasse-Experte f\u00fcr Ger\u00e4te und Elektrotechnik zu werden, unseren Mitarbeitern ein Gef\u00fchl der Zugeh\u00f6rigkeit zu geben und kontinuierlich Werte f\u00fcr die Gesellschaft zu schaffen.<\/p>\n<p><iframe loading=\"lazy\" title=\"YouTube-Video-Player\" src=\"https:\/\/www.youtube.com\/embed\/TFTAHgcCZiA?si=SLwXKMvOKOzGyvsl\" width=\"560\" height=\"315\" frameborder=\"0\" allowfullscreen=\"allowfullscreen\"><\/iframe><\/p>\n<table class=\"table table-bordered text-center\" style=\"height: 269px;\" width=\"717\">\n<thead><\/thead>\n<tbody>\n<tr>\n<td>Produktname<\/td>\n<td>25 kva Verteiltransformator<\/td>\n<\/tr>\n<tr>\n<td><span style=\"font-family: Poppins, Helvetica, sans-serif; font-size: 13px; font-style: normal; font-variant-ligatures: normal; font-variant-caps: normal; font-weight: 400; letter-spacing: 0.16px;\">Markenname<\/span><\/td>\n<td>Farady<\/td>\n<\/tr>\n<tr>\n<td><span style=\"font-family: Poppins, Helvetica, sans-serif; font-size: 13px; font-style: normal; font-variant-ligatures: normal; font-variant-caps: normal; font-weight: 400; letter-spacing: 0.16px;\">Ort der Herkunft<\/span><\/td>\n<td><span style=\"font-family: Poppins, Helvetica, sans-serif; font-size: 13px; font-style: normal; font-variant-ligatures: normal; font-variant-caps: normal; font-weight: 400; letter-spacing: 0.16px;\">Yueqing, Zhejiang, China<\/span><\/td>\n<\/tr>\n<tr>\n<td>Zustand<\/td>\n<td>Neu<\/td>\n<\/tr>\n<tr>\n<td><span style=\"font-family: Poppins, Helvetica, sans-serif; font-size: 13px; font-style: normal; font-variant-ligatures: normal; font-variant-caps: normal; font-weight: 400; letter-spacing: 0.16px;\">Anmeldung<\/span><\/td>\n<td><span style=\"font-family: Poppins, Helvetica, sans-serif; font-size: 13px; font-style: normal; font-variant-ligatures: normal; font-variant-caps: normal; font-weight: 400; letter-spacing: 0.16px;\">Hotel, Hochhaus ... usw.<\/span><\/td>\n<\/tr>\n<tr>\n<td><span style=\"font-family: Poppins, Helvetica, sans-serif; font-size: 13px; font-style: normal; font-variant-ligatures: normal; font-variant-caps: normal; font-weight: 400; letter-spacing: 0.16px;\">Nachverkaufs-Service<\/span><\/td>\n<td>Technische Online-Unterst\u00fctzung<\/td>\n<\/tr>\n<tr>\n<td>Partner<\/td>\n<td>SIEMSENS,PDVSA,ZESCO...<\/td>\n<\/tr>\n<tr>\n<td>Exportl\u00e4nder<\/td>\n<td>Afghanistan, Elfenbeink\u00fcste, Iran, Bangladesch... usw.<\/td>\n<\/tr>\n<tr>\n<td>Lieferf\u00e4higkeit<\/td>\n<td>100 Satz\/S\u00e4tze pro Monat<\/td>\n<\/tr>\n<\/tbody>\n<\/table>\n<p><span style=\"letter-spacing: 0.16px; color: #0000ff;\"><span style=\"font-weight: 600; font-size: 13px;\">Bitte beachten Sie<\/span><\/span><span style=\"font-family: Poppins, Helvetica, sans-serif; font-size: 13px; font-style: normal; font-variant-ligatures: normal; font-variant-caps: normal; font-weight: 400; letter-spacing: 0.16px;\">: Die Daten in der obigen Tabelle dienen nur als Referenz. F\u00fcr spezifische Informationen, bitte\u00a0<\/span>Kontaktieren Sie uns<span style=\"font-family: Poppins, Helvetica, sans-serif; font-size: 13px; font-style: normal; font-variant-ligatures: normal; font-variant-caps: normal; font-weight: 400; letter-spacing: 0.16px;\">.<\/span><\/p>\n<p>&nbsp;<\/p>\n<p style=\"text-align: center;\"><img decoding=\"async\" title=\"25 kva Verteiltransformator\" src=\"https:\/\/www.distribution-transformer.com\/wp-content\/uploads\/2024\/04\/Farady-1.jpg\" \/><\/p>\n<p>&nbsp;<\/p>\n<p style=\"text-align: center;\"><b>Die Werkstattausstellung f\u00fcr 25 kva-Verteilungstransformatoren<\/b><\/p>\n<p style=\"text-align: center;\"><img decoding=\"async\" title=\"25 kva Verteiltransformator\" src=\"https:\/\/www.distribution-transformer.com\/wp-content\/uploads\/2024\/04\/Farady-2.jpg\" \/><\/p>\n<p>&nbsp;<\/p>\n<p style=\"text-align: center;\"><img decoding=\"async\" title=\"25 kva Verteiltransformator\" src=\"https:\/\/www.distribution-transformer.com\/wp-content\/uploads\/2024\/04\/Farady-3.jpg\" \/><\/p>\n<p>&nbsp;<\/p>\n<p style=\"text-align: center;\"><b>Unsere Kunden kommen, um 25 kva Verteiltransformatoren zu besichtigen<\/b><\/p>\n<p style=\"text-align: center;\"><img decoding=\"async\" title=\"25 kva Verteiltransformator\" src=\"https:\/\/www.distribution-transformer.com\/wp-content\/uploads\/2024\/04\/Farady-3-1.jpg\" \/><\/p>\n<p>&nbsp;<\/p>\n<p style=\"text-align: center;\"><b>Dies ist ein 25 kva Verteiltransformator und andere Produkte<\/b><\/p>\n<p style=\"text-align: center;\"><img decoding=\"async\" title=\"25 kva Verteiltransformator\" src=\"https:\/\/www.distribution-transformer.com\/wp-content\/uploads\/2024\/04\/Farady-4.jpg\" \/><\/p>\n<p>&nbsp;<\/p>\n<p style=\"text-align: center;\"><img decoding=\"async\" title=\"25 kva Verteiltransformator\" src=\"https:\/\/www.distribution-transformer.com\/wp-content\/uploads\/2024\/04\/Farady-5.jpg\" \/><\/p>\n<p>&nbsp;<\/p>\n<p style=\"text-align: center;\"><img decoding=\"async\" title=\"25 kva Verteiltransformator\" src=\"https:\/\/www.distribution-transformer.com\/wp-content\/uploads\/2024\/04\/Farady-6.jpg\" \/><\/p>\n<p>&nbsp;<\/p>\n<p style=\"text-align: center;\"><b>Dies ist unsere 25 kva Verteilertransformator Produktinstallationsanzeige<\/b><\/p>\n<p style=\"text-align: center;\"><img decoding=\"async\" title=\"25 kva Verteiltransformator\" src=\"https:\/\/www.distribution-transformer.com\/wp-content\/uploads\/2024\/04\/Farady-7.jpg\" \/><\/p>\n<p>&nbsp;<\/p>\n<p style=\"text-align: center;\"><img decoding=\"async\" title=\"25 kva Verteiltransformator\" src=\"https:\/\/www.distribution-transformer.com\/wp-content\/uploads\/2024\/04\/Farady-8.jpg\" \/><\/p>\n<p>&nbsp;<\/p>\n<p style=\"text-align: center;\"><img decoding=\"async\" title=\"25 kva Verteiltransformator\" src=\"https:\/\/www.distribution-transformer.com\/wp-content\/uploads\/2024\/04\/Farady-9.jpg\" \/><\/p>\n<p>&nbsp;<\/p>\n<p style=\"text-align: center;\"><img decoding=\"async\" title=\"25 kva Verteiltransformator\" src=\"https:\/\/www.distribution-transformer.com\/wp-content\/uploads\/2024\/04\/Farady-10.jpg\" \/><\/p>\n<p>&nbsp;<\/p>\n<p style=\"text-align: center;\"><img decoding=\"async\" title=\"25 kva Verteiltransformator\" src=\"https:\/\/www.distribution-transformer.com\/wp-content\/uploads\/2024\/04\/Farady-11.jpg\" \/><\/p>\n<p>&nbsp;<\/p>\n<p style=\"text-align: center;\"><img decoding=\"async\" title=\"25 kva Verteiltransformator\" src=\"https:\/\/www.distribution-transformer.com\/wp-content\/uploads\/2024\/04\/Farady-12.jpg\" \/><\/p>\n<p>&nbsp;<\/p>","protected":false},"excerpt":{"rendered":"<p>Farady bietet eine Reihe von Leistungstransformatoren, Spannungsreglern, Innen- und Au\u00dfenschaltern, RMU und Schaltanlagen, etc. Unser Ziel ist es, die Zuverl\u00e4ssigkeit, Langlebigkeit und Effizienz zu gew\u00e4hrleisten, die f\u00fcr Versorgungsunternehmen, industrielle und kommerzielle Anwendungen erforderlich sind. Wir verf\u00fcgen \u00fcber rund 20 Jahre Erfahrung im Mittelspannungsbereich und haben Zertifizierungen wie KEMA\/Asta\/CE erhalten. Die Werte unseres Unternehmens sind: . Wir sind [...]<\/p>","protected":false},"featured_media":3015,"comment_status":"open","ping_status":"closed","template":"","meta":[],"product_cat":[55],"product_tag":[],"class_list":["post-3295","product","type-product","status-publish","has-post-thumbnail","hentry","product_cat-other"],"yoast_head":"<!-- This site is optimized with the Yoast SEO plugin v22.3 - https:\/\/yoast.com\/wordpress\/plugins\/seo\/ -->\n<title>25 kva distribution transformer - Farady<\/title>\n<meta name=\"description\" content=\"Farady produces 25 kva distribution transformer and other series of transformer to meet the needs of different scenarios in various industries.\" \/>\n<meta name=\"robots\" content=\"index, follow, max-snippet:-1, max-image-preview:large, max-video-preview:-1\" \/>\n<link rel=\"canonical\" href=\"http:\/\/www.distribution-transformer.com\/de\/produkt\/25-kva-verteiltransformator\/\" \/>\n<meta property=\"og:locale\" content=\"de_DE\" \/>\n<meta property=\"og:type\" content=\"article\" \/>\n<meta property=\"og:title\" content=\"25 kva distribution transformer - Farady\" \/>\n<meta property=\"og:description\" content=\"Farady produces 25 kva distribution transformer and other series of transformer to meet the needs of different scenarios in various industries.\" \/>\n<meta property=\"og:url\" content=\"http:\/\/www.distribution-transformer.com\/de\/produkt\/25-kva-verteiltransformator\/\" \/>\n<meta property=\"og:site_name\" content=\"FARADY\" \/>\n<meta property=\"article:modified_time\" content=\"2024-10-20T10:11:05+00:00\" \/>\n<meta property=\"og:image\" content=\"https:\/\/www.distribution-transformer.com\/wp-content\/uploads\/2024\/03\/icon_2.jpeg\" \/>\n\t<meta property=\"og:image:width\" content=\"400\" \/>\n\t<meta property=\"og:image:height\" content=\"270\" \/>\n\t<meta property=\"og:image:type\" content=\"image\/jpeg\" \/>\n<meta name=\"twitter:card\" content=\"summary_large_image\" \/>\n<meta name=\"twitter:label1\" content=\"Gesch\u00e4tzte Lesezeit\" \/>\n\t<meta name=\"twitter:data1\" content=\"4\u00a0Minuten\" \/>\n<script type=\"application\/ld+json\" class=\"yoast-schema-graph\">{\"@context\":\"https:\/\/schema.org\",\"@graph\":[{\"@type\":\"WebPage\",\"@id\":\"https:\/\/www.distribution-transformer.com\/product\/25-kva-distribution-transformer\/\",\"url\":\"https:\/\/www.distribution-transformer.com\/product\/25-kva-distribution-transformer\/\",\"name\":\"25 kva distribution transformer - Farady\",\"isPartOf\":{\"@id\":\"https:\/\/www.distribution-transformer.com\/#website\"},\"primaryImageOfPage\":{\"@id\":\"https:\/\/www.distribution-transformer.com\/product\/25-kva-distribution-transformer\/#primaryimage\"},\"image\":{\"@id\":\"https:\/\/www.distribution-transformer.com\/product\/25-kva-distribution-transformer\/#primaryimage\"},\"thumbnailUrl\":\"https:\/\/www.distribution-transformer.com\/wp-content\/uploads\/2024\/03\/icon_2.jpeg\",\"datePublished\":\"2024-05-20T14:08:34+00:00\",\"dateModified\":\"2024-10-20T10:11:05+00:00\",\"description\":\"Farady produces 25 kva distribution transformer and other series of transformer to meet the needs of different scenarios in various industries.\",\"breadcrumb\":{\"@id\":\"https:\/\/www.distribution-transformer.com\/product\/25-kva-distribution-transformer\/#breadcrumb\"},\"inLanguage\":\"de\",\"potentialAction\":[{\"@type\":\"ReadAction\",\"target\":[\"https:\/\/www.distribution-transformer.com\/product\/25-kva-distribution-transformer\/\"]}]},{\"@type\":\"ImageObject\",\"inLanguage\":\"de\",\"@id\":\"https:\/\/www.distribution-transformer.com\/product\/25-kva-distribution-transformer\/#primaryimage\",\"url\":\"https:\/\/www.distribution-transformer.com\/wp-content\/uploads\/2024\/03\/icon_2.jpeg\",\"contentUrl\":\"https:\/\/www.distribution-transformer.com\/wp-content\/uploads\/2024\/03\/icon_2.jpeg\",\"width\":400,\"height\":270},{\"@type\":\"BreadcrumbList\",\"@id\":\"https:\/\/www.distribution-transformer.com\/product\/25-kva-distribution-transformer\/#breadcrumb\",\"itemListElement\":[{\"@type\":\"ListItem\",\"position\":1,\"name\":\"\u9996\u9875\",\"item\":\"https:\/\/www.distribution-transformer.com\/\"},{\"@type\":\"ListItem\",\"position\":2,\"name\":\"Products\",\"item\":\"https:\/\/www.distribution-transformer.com\/products\/\"},{\"@type\":\"ListItem\",\"position\":3,\"name\":\"25 kva distribution transformer\"}]},{\"@type\":\"WebSite\",\"@id\":\"https:\/\/www.distribution-transformer.com\/#website\",\"url\":\"https:\/\/www.distribution-transformer.com\/\",\"name\":\"FARADY\",\"description\":\"\",\"potentialAction\":[{\"@type\":\"SearchAction\",\"target\":{\"@type\":\"EntryPoint\",\"urlTemplate\":\"https:\/\/www.distribution-transformer.com\/?s={search_term_string}\"},\"query-input\":\"required name=search_term_string\"}],\"inLanguage\":\"de\"}]}<\/script>\n<!-- \/ Yoast SEO plugin. -->","yoast_head_json":{"title":"25 kva distribution transformer - Farady","description":"Farady produces 25 kva distribution transformer and other series of transformer to meet the needs of different scenarios in various industries.","robots":{"index":"index","follow":"follow","max-snippet":"max-snippet:-1","max-image-preview":"max-image-preview:large","max-video-preview":"max-video-preview:-1"},"canonical":"http:\/\/www.distribution-transformer.com\/de\/produkt\/25-kva-verteiltransformator\/","og_locale":"de_DE","og_type":"article","og_title":"25 kva distribution transformer - Farady","og_description":"Farady produces 25 kva distribution transformer and other series of transformer to meet the needs of different scenarios in various industries.","og_url":"http:\/\/www.distribution-transformer.com\/de\/produkt\/25-kva-verteiltransformator\/","og_site_name":"FARADY","article_modified_time":"2024-10-20T10:11:05+00:00","og_image":[{"width":400,"height":270,"url":"https:\/\/www.distribution-transformer.com\/wp-content\/uploads\/2024\/03\/icon_2.jpeg","type":"image\/jpeg"}],"twitter_card":"summary_large_image","twitter_misc":{"Gesch\u00e4tzte Lesezeit":"4\u00a0Minuten"},"schema":{"@context":"https:\/\/schema.org","@graph":[{"@type":"WebPage","@id":"https:\/\/www.distribution-transformer.com\/product\/25-kva-distribution-transformer\/","url":"https:\/\/www.distribution-transformer.com\/product\/25-kva-distribution-transformer\/","name":"25 kva distribution transformer - Farady","isPartOf":{"@id":"https:\/\/www.distribution-transformer.com\/#website"},"primaryImageOfPage":{"@id":"https:\/\/www.distribution-transformer.com\/product\/25-kva-distribution-transformer\/#primaryimage"},"image":{"@id":"https:\/\/www.distribution-transformer.com\/product\/25-kva-distribution-transformer\/#primaryimage"},"thumbnailUrl":"https:\/\/www.distribution-transformer.com\/wp-content\/uploads\/2024\/03\/icon_2.jpeg","datePublished":"2024-05-20T14:08:34+00:00","dateModified":"2024-10-20T10:11:05+00:00","description":"Farady produces 25 kva distribution transformer and other series of transformer to meet the needs of different scenarios in various industries.","breadcrumb":{"@id":"https:\/\/www.distribution-transformer.com\/product\/25-kva-distribution-transformer\/#breadcrumb"},"inLanguage":"de","potentialAction":[{"@type":"ReadAction","target":["https:\/\/www.distribution-transformer.com\/product\/25-kva-distribution-transformer\/"]}]},{"@type":"ImageObject","inLanguage":"de","@id":"https:\/\/www.distribution-transformer.com\/product\/25-kva-distribution-transformer\/#primaryimage","url":"https:\/\/www.distribution-transformer.com\/wp-content\/uploads\/2024\/03\/icon_2.jpeg","contentUrl":"https:\/\/www.distribution-transformer.com\/wp-content\/uploads\/2024\/03\/icon_2.jpeg","width":400,"height":270},{"@type":"BreadcrumbList","@id":"https:\/\/www.distribution-transformer.com\/product\/25-kva-distribution-transformer\/#breadcrumb","itemListElement":[{"@type":"ListItem","position":1,"name":"\u9996\u9875","item":"https:\/\/www.distribution-transformer.com\/"},{"@type":"ListItem","position":2,"name":"Products","item":"https:\/\/www.distribution-transformer.com\/products\/"},{"@type":"ListItem","position":3,"name":"25 kva distribution transformer"}]},{"@type":"WebSite","@id":"https:\/\/www.distribution-transformer.com\/#website","url":"https:\/\/www.distribution-transformer.com\/","name":"FARADY","description":"","potentialAction":[{"@type":"SearchAction","target":{"@type":"EntryPoint","urlTemplate":"https:\/\/www.distribution-transformer.com\/?s={search_term_string}"},"query-input":"required name=search_term_string"}],"inLanguage":"de"}]}},"_links":{"self":[{"href":"http:\/\/www.distribution-transformer.com\/de\/wp-json\/wp\/v2\/product\/3295","targetHints":{"allow":["GET"]}}],"collection":[{"href":"http:\/\/www.distribution-transformer.com\/de\/wp-json\/wp\/v2\/product"}],"about":[{"href":"http:\/\/www.distribution-transformer.com\/de\/wp-json\/wp\/v2\/types\/product"}],"replies":[{"embeddable":true,"href":"http:\/\/www.distribution-transformer.com\/de\/wp-json\/wp\/v2\/comments?post=3295"}],"wp:featuredmedia":[{"embeddable":true,"href":"http:\/\/www.distribution-transformer.com\/de\/wp-json\/wp\/v2\/media\/3015"}],"wp:attachment":[{"href":"http:\/\/www.distribution-transformer.com\/de\/wp-json\/wp\/v2\/media?parent=3295"}],"wp:term":[{"taxonomy":"product_cat","embeddable":true,"href":"http:\/\/www.distribution-transformer.com\/de\/wp-json\/wp\/v2\/product_cat?post=3295"},{"taxonomy":"product_tag","embeddable":true,"href":"http:\/\/www.distribution-transformer.com\/de\/wp-json\/wp\/v2\/product_tag?post=3295"}],"curies":[{"name":"wp","href":"https:\/\/api.w.org\/{rel}","templated":true}]}}