{"id":3286,"date":"2024-05-20T20:16:28","date_gmt":"2024-05-20T12:16:28","guid":{"rendered":"https:\/\/www.distribution-transformer.com\/?post_type=product&#038;p=3286"},"modified":"2024-10-20T18:12:43","modified_gmt":"2024-10-20T10:12:43","slug":"3-phase-to-single-phase-transformer","status":"publish","type":"product","link":"http:\/\/www.distribution-transformer.com\/de\/product\/3-phasen-zu-einphasen-transformator\/","title":{"rendered":"3-Phasen-zu-Einphasen-Transformator"},"content":{"rendered":"<p>Faraday Electric wurde im Jahr 1999 gegr\u00fcndet. 50% der Mitarbeiter unseres Unternehmens haben einen Abschluss von Universit\u00e4ten und Fachhochschulen. Das Unternehmen erstreckt sich \u00fcber eine Fl\u00e4che von \u00fcber 200 Hektar und hat einen Jahresumsatz von 40 Millionen US-Dollar. Die State Grid Corporation of China hat unser Unternehmen als Hauptlieferant von Mittelspannungstransformatoren ausgew\u00e4hlt. Das Produkt kann weithin in Wohneinheiten, Hotels, gro\u00dfen Baustellen, Hochh\u00e4usern usw. eingesetzt werden.<\/p>\n<p>Aufgrund ihrer hervorragenden Qualit\u00e4t wurden unsere Produkte in mehr als 90 L\u00e4nder und Regionen wie Asien, Ozeanien, Europa und Amerika verkauft. Wir sind der Hauptlieferant von Leistungstransformatoren und Verteilungstransformatoren in China. Unser Unternehmen konzentriert sich auf die Forschung und Herstellung von hochwertigen, energiesparenden und umweltfreundlichen Transformatoren. Zu den Hauptprodukten geh\u00f6ren Innen- und Au\u00dfenschalter, Leistungstransformatoren und Spannungsregler. In unserem Produktionsprozess h\u00e4lt sich unser Unternehmen streng an die Bestimmungen des ISO-Qualit\u00e4tskontrollsystems und bietet den Kunden den besten Kundendienst, um die Kundenzufriedenheit zu gew\u00e4hrleisten.<\/p>\n<p><iframe loading=\"lazy\" title=\"YouTube-Video-Player\" src=\"https:\/\/www.youtube.com\/embed\/dfVSrDSW1uc?si=1XxnDlTC8hrGPu5U\" width=\"560\" height=\"315\" frameborder=\"0\" allowfullscreen=\"allowfullscreen\"><\/iframe><\/p>\n<table class=\"table table-bordered text-center\" style=\"height: 281px;\" width=\"810\">\n<thead><\/thead>\n<tbody>\n<tr>\n<td><span style=\"font-family: Poppins, Helvetica, sans-serif; font-size: 13px; font-style: normal; font-variant-ligatures: normal; font-variant-caps: normal; font-weight: 400; letter-spacing: 0.16px;\">Produktname<\/span><\/td>\n<td><span style=\"font-family: Poppins, Helvetica, sans-serif; font-size: 13px; font-style: normal; font-variant-ligatures: normal; font-variant-caps: normal; font-weight: 400; letter-spacing: 0.16px;\">3-Phasen-zu-Einphasen-Transformator<\/span><\/td>\n<\/tr>\n<tr>\n<td>Ort der Herkunft<\/td>\n<td><span style=\"font-family: Poppins, Helvetica, sans-serif; font-size: 13px; font-style: normal; font-variant-ligatures: normal; font-variant-caps: normal; font-weight: 400; letter-spacing: 0.16px;\">China<\/span><\/td>\n<\/tr>\n<tr>\n<td>Markenname<\/td>\n<td>Farady<\/td>\n<\/tr>\n<tr>\n<td>Anmeldung<\/td>\n<td>hohes Geb\u00e4ude, Nachbarschaftseinheit...etc<\/td>\n<\/tr>\n<tr>\n<td>Zertifizierung<\/td>\n<td>KEMA, ISO 9001...usw.<\/td>\n<\/tr>\n<tr>\n<td>Verwendung<\/td>\n<td>POWER<\/td>\n<\/tr>\n<tr>\n<td><span style=\"font-family: Poppins, Helvetica, sans-serif; font-size: 13px; font-style: normal; font-variant-ligatures: normal; font-variant-caps: normal; font-weight: 400; letter-spacing: 0.16px;\">Details zur Verpackung<\/span><\/td>\n<td>Verpackt in Sperrholzkisten<\/td>\n<\/tr>\n<tr>\n<td><span style=\"font-family: Poppins, Helvetica, sans-serif; font-size: 13px; font-style: normal; font-variant-ligatures: normal; font-variant-caps: normal; font-weight: 400; letter-spacing: 0.16px; text-align: left;\">Vorlaufzeit (Tage)<\/span><\/td>\n<td><span style=\"font-family: Poppins, Helvetica, sans-serif; font-size: 13px; font-style: normal; font-variant-ligatures: normal; font-variant-caps: normal; font-weight: 400; letter-spacing: 0.16px; text-align: left;\">10-30 (noch zu verhandeln)<\/span><\/td>\n<\/tr>\n<tr>\n<td>Lieferf\u00e4higkeit<\/td>\n<td>100 Satz\/S\u00e4tze pro Monat<\/td>\n<\/tr>\n<\/tbody>\n<\/table>\n<p><span style=\"color: #0000ff;\"><b>\u00a0Bitte beachten Sie<\/b><\/span>: Die Daten in der obigen Tabelle dienen nur als Referenz. F\u00fcr spezifische Informationen, kontaktieren Sie uns bitte.<\/p>\n<p>&nbsp;<\/p>\n<p style=\"text-align: center;\"><img decoding=\"async\" title=\"3-Phasen-zu-Einphasen-Transformator\" src=\"https:\/\/www.distribution-transformer.com\/wp-content\/uploads\/2024\/04\/Farady-1.jpg\" \/><\/p>\n<p>&nbsp;<\/p>\n<p style=\"text-align: center;\"><b>Die Werkstattausstellung f\u00fcr 3-Phasen-zu-Einphasen-Transformator<\/b><\/p>\n<p style=\"text-align: center;\"><img decoding=\"async\" title=\"3-Phasen-zu-Einphasen-Transformator\" src=\"https:\/\/www.distribution-transformer.com\/wp-content\/uploads\/2024\/04\/Farady-2.jpg\" \/><\/p>\n<p>&nbsp;<\/p>\n<p style=\"text-align: center;\"><img decoding=\"async\" title=\"3-Phasen-zu-Einphasen-Transformator\" src=\"https:\/\/www.distribution-transformer.com\/wp-content\/uploads\/2024\/04\/Farady-3.jpg\" \/><\/p>\n<p>&nbsp;<\/p>\n<p style=\"text-align: center;\"><b>Unsere Kunden kommen, um 3-Phasen-zu-Einphasen-Transformator-Produkte zu besichtigen<\/b><\/p>\n<p style=\"text-align: center;\"><img decoding=\"async\" title=\"3-Phasen-zu-Einphasen-Transformator\" src=\"https:\/\/www.distribution-transformer.com\/wp-content\/uploads\/2024\/04\/Farady-3-1.jpg\" \/><\/p>\n<p>&nbsp;<\/p>\n<p style=\"text-align: center;\"><b>Dies ist 3-Phasen-zu-Einphasen-Transformator und andere Produkte<\/b><\/p>\n<p style=\"text-align: center;\"><img decoding=\"async\" title=\"3-Phasen-zu-Einphasen-Transformator\" src=\"https:\/\/www.distribution-transformer.com\/wp-content\/uploads\/2024\/04\/Farady-4.jpg\" \/><\/p>\n<p>&nbsp;<\/p>\n<p style=\"text-align: center;\"><img decoding=\"async\" title=\"3-Phasen-zu-Einphasen-Transformator\" src=\"https:\/\/www.distribution-transformer.com\/wp-content\/uploads\/2024\/04\/Farady-5.jpg\" \/><\/p>\n<p>&nbsp;<\/p>\n<p style=\"text-align: center;\"><img decoding=\"async\" title=\"3-Phasen-zu-Einphasen-Transformator\" src=\"https:\/\/www.distribution-transformer.com\/wp-content\/uploads\/2024\/04\/Farady-6.jpg\" \/><\/p>\n<p>&nbsp;<\/p>\n<p style=\"text-align: center;\"><b>Dies ist unsere Produktanzeige f\u00fcr die Installation von 3-Phasen-zu-Ein-Phasen-Transformatoren<\/b><\/p>\n<p style=\"text-align: center;\"><img decoding=\"async\" title=\"3-Phasen-zu-Einphasen-Transformator\" src=\"https:\/\/www.distribution-transformer.com\/wp-content\/uploads\/2024\/04\/Farady-7.jpg\" \/><\/p>\n<p>&nbsp;<\/p>\n<p style=\"text-align: center;\"><img decoding=\"async\" title=\"3-Phasen-zu-Einphasen-Transformator\" src=\"https:\/\/www.distribution-transformer.com\/wp-content\/uploads\/2024\/04\/Farady-8.jpg\" \/><\/p>\n<p>&nbsp;<\/p>\n<p style=\"text-align: center;\"><img decoding=\"async\" title=\"3-Phasen-zu-Einphasen-Transformator\" src=\"https:\/\/www.distribution-transformer.com\/wp-content\/uploads\/2024\/04\/Farady-9.jpg\" \/><\/p>\n<p>&nbsp;<\/p>\n<p style=\"text-align: center;\"><img decoding=\"async\" title=\"3-Phasen-zu-Einphasen-Transformator\" src=\"https:\/\/www.distribution-transformer.com\/wp-content\/uploads\/2024\/04\/Farady-10.jpg\" \/><\/p>\n<p>&nbsp;<\/p>\n<p style=\"text-align: center;\"><img decoding=\"async\" title=\"3-Phasen-zu-Einphasen-Transformator\" src=\"https:\/\/www.distribution-transformer.com\/wp-content\/uploads\/2024\/04\/Farady-11.jpg\" \/><\/p>\n<p>&nbsp;<\/p>\n<p style=\"text-align: center;\"><img decoding=\"async\" title=\"3-Phasen-zu-Einphasen-Transformator\" src=\"https:\/\/www.distribution-transformer.com\/wp-content\/uploads\/2024\/04\/Farady-12.jpg\" \/><\/p>\n<p>&nbsp;<\/p>","protected":false},"excerpt":{"rendered":"<p>Faraday Electric wurde im Jahr 1999 gegr\u00fcndet. 50% der Mitarbeiter unseres Unternehmens haben einen Abschluss von Universit\u00e4ten und technischen Hochschulen. Das Unternehmen erstreckt sich \u00fcber eine Fl\u00e4che von \u00fcber 200 Hektar und hat einen Jahresumsatz von 40 Millionen US-Dollar. Die State Grid Corporation of China hat unser Unternehmen als Hauptlieferant von Mittelspannungstransformatoren ausgew\u00e4hlt. Das Produkt [...]<\/p>","protected":false},"featured_media":3015,"comment_status":"open","ping_status":"closed","template":"","meta":[],"product_cat":[55],"product_tag":[],"class_list":["post-3286","product","type-product","status-publish","has-post-thumbnail","hentry","product_cat-other"],"yoast_head":"<!-- This site is optimized with the Yoast SEO plugin v22.3 - https:\/\/yoast.com\/wordpress\/plugins\/seo\/ -->\n<title>3 phase to single phase transformer - Farady<\/title>\n<meta name=\"description\" content=\"Farady produces 3 phase to single phase transformer and other series of transformer to meet the needs of different scenarios in various industries.\" \/>\n<meta name=\"robots\" content=\"index, follow, max-snippet:-1, max-image-preview:large, max-video-preview:-1\" \/>\n<link rel=\"canonical\" href=\"http:\/\/www.distribution-transformer.com\/de\/produkt\/3-phasen-zu-einphasen-transformator\/\" \/>\n<meta property=\"og:locale\" content=\"de_DE\" \/>\n<meta property=\"og:type\" content=\"article\" \/>\n<meta property=\"og:title\" content=\"3 phase to single phase transformer - Farady\" \/>\n<meta property=\"og:description\" content=\"Farady produces 3 phase to single phase transformer and other series of transformer to meet the needs of different scenarios in various industries.\" \/>\n<meta property=\"og:url\" content=\"http:\/\/www.distribution-transformer.com\/de\/produkt\/3-phasen-zu-einphasen-transformator\/\" \/>\n<meta property=\"og:site_name\" content=\"FARADY\" \/>\n<meta property=\"article:modified_time\" content=\"2024-10-20T10:12:43+00:00\" \/>\n<meta property=\"og:image\" content=\"https:\/\/www.distribution-transformer.com\/wp-content\/uploads\/2024\/03\/icon_2.jpeg\" \/>\n\t<meta property=\"og:image:width\" content=\"400\" \/>\n\t<meta property=\"og:image:height\" content=\"270\" \/>\n\t<meta property=\"og:image:type\" content=\"image\/jpeg\" \/>\n<meta name=\"twitter:card\" content=\"summary_large_image\" \/>\n<meta name=\"twitter:label1\" content=\"Gesch\u00e4tzte Lesezeit\" \/>\n\t<meta name=\"twitter:data1\" content=\"5\u00a0Minuten\" \/>\n<script type=\"application\/ld+json\" class=\"yoast-schema-graph\">{\"@context\":\"https:\/\/schema.org\",\"@graph\":[{\"@type\":\"WebPage\",\"@id\":\"https:\/\/www.distribution-transformer.com\/product\/3-phase-to-single-phase-transformer\/\",\"url\":\"https:\/\/www.distribution-transformer.com\/product\/3-phase-to-single-phase-transformer\/\",\"name\":\"3 phase to single phase transformer - Farady\",\"isPartOf\":{\"@id\":\"https:\/\/www.distribution-transformer.com\/#website\"},\"primaryImageOfPage\":{\"@id\":\"https:\/\/www.distribution-transformer.com\/product\/3-phase-to-single-phase-transformer\/#primaryimage\"},\"image\":{\"@id\":\"https:\/\/www.distribution-transformer.com\/product\/3-phase-to-single-phase-transformer\/#primaryimage\"},\"thumbnailUrl\":\"https:\/\/www.distribution-transformer.com\/wp-content\/uploads\/2024\/03\/icon_2.jpeg\",\"datePublished\":\"2024-05-20T12:16:28+00:00\",\"dateModified\":\"2024-10-20T10:12:43+00:00\",\"description\":\"Farady produces 3 phase to single phase transformer and other series of transformer to meet the needs of different scenarios in various industries.\",\"breadcrumb\":{\"@id\":\"https:\/\/www.distribution-transformer.com\/product\/3-phase-to-single-phase-transformer\/#breadcrumb\"},\"inLanguage\":\"de\",\"potentialAction\":[{\"@type\":\"ReadAction\",\"target\":[\"https:\/\/www.distribution-transformer.com\/product\/3-phase-to-single-phase-transformer\/\"]}]},{\"@type\":\"ImageObject\",\"inLanguage\":\"de\",\"@id\":\"https:\/\/www.distribution-transformer.com\/product\/3-phase-to-single-phase-transformer\/#primaryimage\",\"url\":\"https:\/\/www.distribution-transformer.com\/wp-content\/uploads\/2024\/03\/icon_2.jpeg\",\"contentUrl\":\"https:\/\/www.distribution-transformer.com\/wp-content\/uploads\/2024\/03\/icon_2.jpeg\",\"width\":400,\"height\":270},{\"@type\":\"BreadcrumbList\",\"@id\":\"https:\/\/www.distribution-transformer.com\/product\/3-phase-to-single-phase-transformer\/#breadcrumb\",\"itemListElement\":[{\"@type\":\"ListItem\",\"position\":1,\"name\":\"\u9996\u9875\",\"item\":\"https:\/\/www.distribution-transformer.com\/\"},{\"@type\":\"ListItem\",\"position\":2,\"name\":\"Products\",\"item\":\"https:\/\/www.distribution-transformer.com\/products\/\"},{\"@type\":\"ListItem\",\"position\":3,\"name\":\"3 phase to single phase transformer\"}]},{\"@type\":\"WebSite\",\"@id\":\"https:\/\/www.distribution-transformer.com\/#website\",\"url\":\"https:\/\/www.distribution-transformer.com\/\",\"name\":\"FARADY\",\"description\":\"\",\"potentialAction\":[{\"@type\":\"SearchAction\",\"target\":{\"@type\":\"EntryPoint\",\"urlTemplate\":\"https:\/\/www.distribution-transformer.com\/?s={search_term_string}\"},\"query-input\":\"required name=search_term_string\"}],\"inLanguage\":\"de\"}]}<\/script>\n<!-- \/ Yoast SEO plugin. -->","yoast_head_json":{"title":"3 phase to single phase transformer - Farady","description":"Farady produces 3 phase to single phase transformer and other series of transformer to meet the needs of different scenarios in various industries.","robots":{"index":"index","follow":"follow","max-snippet":"max-snippet:-1","max-image-preview":"max-image-preview:large","max-video-preview":"max-video-preview:-1"},"canonical":"http:\/\/www.distribution-transformer.com\/de\/produkt\/3-phasen-zu-einphasen-transformator\/","og_locale":"de_DE","og_type":"article","og_title":"3 phase to single phase transformer - Farady","og_description":"Farady produces 3 phase to single phase transformer and other series of transformer to meet the needs of different scenarios in various industries.","og_url":"http:\/\/www.distribution-transformer.com\/de\/produkt\/3-phasen-zu-einphasen-transformator\/","og_site_name":"FARADY","article_modified_time":"2024-10-20T10:12:43+00:00","og_image":[{"width":400,"height":270,"url":"https:\/\/www.distribution-transformer.com\/wp-content\/uploads\/2024\/03\/icon_2.jpeg","type":"image\/jpeg"}],"twitter_card":"summary_large_image","twitter_misc":{"Gesch\u00e4tzte Lesezeit":"5\u00a0Minuten"},"schema":{"@context":"https:\/\/schema.org","@graph":[{"@type":"WebPage","@id":"https:\/\/www.distribution-transformer.com\/product\/3-phase-to-single-phase-transformer\/","url":"https:\/\/www.distribution-transformer.com\/product\/3-phase-to-single-phase-transformer\/","name":"3 phase to single phase transformer - Farady","isPartOf":{"@id":"https:\/\/www.distribution-transformer.com\/#website"},"primaryImageOfPage":{"@id":"https:\/\/www.distribution-transformer.com\/product\/3-phase-to-single-phase-transformer\/#primaryimage"},"image":{"@id":"https:\/\/www.distribution-transformer.com\/product\/3-phase-to-single-phase-transformer\/#primaryimage"},"thumbnailUrl":"https:\/\/www.distribution-transformer.com\/wp-content\/uploads\/2024\/03\/icon_2.jpeg","datePublished":"2024-05-20T12:16:28+00:00","dateModified":"2024-10-20T10:12:43+00:00","description":"Farady produces 3 phase to single phase transformer and other series of transformer to meet the needs of different scenarios in various industries.","breadcrumb":{"@id":"https:\/\/www.distribution-transformer.com\/product\/3-phase-to-single-phase-transformer\/#breadcrumb"},"inLanguage":"de","potentialAction":[{"@type":"ReadAction","target":["https:\/\/www.distribution-transformer.com\/product\/3-phase-to-single-phase-transformer\/"]}]},{"@type":"ImageObject","inLanguage":"de","@id":"https:\/\/www.distribution-transformer.com\/product\/3-phase-to-single-phase-transformer\/#primaryimage","url":"https:\/\/www.distribution-transformer.com\/wp-content\/uploads\/2024\/03\/icon_2.jpeg","contentUrl":"https:\/\/www.distribution-transformer.com\/wp-content\/uploads\/2024\/03\/icon_2.jpeg","width":400,"height":270},{"@type":"BreadcrumbList","@id":"https:\/\/www.distribution-transformer.com\/product\/3-phase-to-single-phase-transformer\/#breadcrumb","itemListElement":[{"@type":"ListItem","position":1,"name":"\u9996\u9875","item":"https:\/\/www.distribution-transformer.com\/"},{"@type":"ListItem","position":2,"name":"Products","item":"https:\/\/www.distribution-transformer.com\/products\/"},{"@type":"ListItem","position":3,"name":"3 phase to single phase transformer"}]},{"@type":"WebSite","@id":"https:\/\/www.distribution-transformer.com\/#website","url":"https:\/\/www.distribution-transformer.com\/","name":"FARADY","description":"","potentialAction":[{"@type":"SearchAction","target":{"@type":"EntryPoint","urlTemplate":"https:\/\/www.distribution-transformer.com\/?s={search_term_string}"},"query-input":"required name=search_term_string"}],"inLanguage":"de"}]}},"_links":{"self":[{"href":"http:\/\/www.distribution-transformer.com\/de\/wp-json\/wp\/v2\/product\/3286","targetHints":{"allow":["GET"]}}],"collection":[{"href":"http:\/\/www.distribution-transformer.com\/de\/wp-json\/wp\/v2\/product"}],"about":[{"href":"http:\/\/www.distribution-transformer.com\/de\/wp-json\/wp\/v2\/types\/product"}],"replies":[{"embeddable":true,"href":"http:\/\/www.distribution-transformer.com\/de\/wp-json\/wp\/v2\/comments?post=3286"}],"wp:featuredmedia":[{"embeddable":true,"href":"http:\/\/www.distribution-transformer.com\/de\/wp-json\/wp\/v2\/media\/3015"}],"wp:attachment":[{"href":"http:\/\/www.distribution-transformer.com\/de\/wp-json\/wp\/v2\/media?parent=3286"}],"wp:term":[{"taxonomy":"product_cat","embeddable":true,"href":"http:\/\/www.distribution-transformer.com\/de\/wp-json\/wp\/v2\/product_cat?post=3286"},{"taxonomy":"product_tag","embeddable":true,"href":"http:\/\/www.distribution-transformer.com\/de\/wp-json\/wp\/v2\/product_tag?post=3286"}],"curies":[{"name":"wp","href":"https:\/\/api.w.org\/{rel}","templated":true}]}}