{"id":3253,"date":"2024-04-26T19:54:23","date_gmt":"2024-04-26T11:54:23","guid":{"rendered":"https:\/\/www.distribution-transformer.com\/?post_type=product&#038;p=3253"},"modified":"2024-10-16T15:21:45","modified_gmt":"2024-10-16T07:21:45","slug":"1-phase-to-3-phase-transformer","status":"publish","type":"product","link":"http:\/\/www.distribution-transformer.com\/de\/product\/1-phasen-zu-3-phasen-transformator\/","title":{"rendered":"Automatischer 3-Phasen-Spannungsregler"},"content":{"rendered":"<p>Faraday is a production enterprise company that integrates research and development, design, production, and sales. The company&#8217;s main products include voltage regulator,RMU &amp; Switchgears,Power transformer, etc. The company has a complete quality and production guarantee system.<\/p>\n<p>Die Produkte unseres Unternehmens werden nach Asien, Afrika, Amerika und in andere Regionen exportiert. Wir verf\u00fcgen \u00fcber eine komplette Produktionslinie, Produktpr\u00fcfungseinrichtungen und eine fortschrittliche Gusstechnologie, um die Produktqualit\u00e4t zu gew\u00e4hrleisten. Wir haben \u00fcber 90 L\u00e4nder und 50 Versorgungsunternehmen mit Strom versorgt. Das Produkt kann in Wohnanlagen, Hotels, Gro\u00dfbaustellen, Hochh\u00e4usern usw. eingesetzt werden.<\/p>\n<p><iframe loading=\"lazy\" title=\"YouTube-Video-Player\" src=\"https:\/\/www.youtube.com\/embed\/TFTAHgcCZiA?si=SLwXKMvOKOzGyvsl\" width=\"560\" height=\"315\" frameborder=\"0\" allowfullscreen=\"allowfullscreen\"><\/iframe><\/p>\n<table class=\"table table-bordered text-center\">\n<thead><\/thead>\n<tbody>\n<tr>\n<td><span style=\"font-family: Poppins, Helvetica, sans-serif; font-size: 13px; font-style: normal; font-variant-ligatures: normal; font-variant-caps: normal; font-weight: 400; letter-spacing: 0.16px;\">Produktname<\/span><\/td>\n<td><span style=\"font-family: Poppins, Helvetica, sans-serif; font-size: 13px; font-style: normal; font-variant-ligatures: normal; font-variant-caps: normal; font-weight: 400; letter-spacing: 0.16px;\">Automatischer 3-Phasen-Spannungsregler<\/span><\/td>\n<\/tr>\n<tr>\n<td>Ort der Herkunft<\/td>\n<td><span style=\"font-family: Poppins, Helvetica, sans-serif; font-size: 13px; font-style: normal; font-variant-ligatures: normal; font-variant-caps: normal; font-weight: 400; letter-spacing: 0.16px;\">China<\/span><\/td>\n<\/tr>\n<tr>\n<td>Markenname<\/td>\n<td>Farady<\/td>\n<\/tr>\n<tr>\n<td>Anmeldung<\/td>\n<td>Gro\u00dfbaustelle, Hotel...etc<\/td>\n<\/tr>\n<tr>\n<td>Zertifizierung<\/td>\n<td>CE,KEMA...etc<\/td>\n<\/tr>\n<tr>\n<td>Verwendung<\/td>\n<td>POWER<\/td>\n<\/tr>\n<tr>\n<td><span style=\"font-family: Poppins, Helvetica, sans-serif; font-size: 13px; font-style: normal; font-variant-ligatures: normal; font-variant-caps: normal; font-weight: 400; letter-spacing: 0.16px;\">Details zur Verpackung<\/span><\/td>\n<td>Verpackt in Sperrholzkisten<\/td>\n<\/tr>\n<tr>\n<td><span style=\"font-family: Poppins, Helvetica, sans-serif; font-size: 13px; font-style: normal; font-variant-ligatures: normal; font-variant-caps: normal; font-weight: 400; letter-spacing: 0.16px; text-align: left;\">Vorlaufzeit (Tage)<\/span><\/td>\n<td><span style=\"font-family: Poppins, Helvetica, sans-serif; font-size: 13px; font-style: normal; font-variant-ligatures: normal; font-variant-caps: normal; font-weight: 400; letter-spacing: 0.16px; text-align: left;\">10-30 (noch zu verhandeln)<\/span><\/td>\n<\/tr>\n<tr>\n<td>Lieferf\u00e4higkeit<\/td>\n<td>100 Satz\/S\u00e4tze pro Monat<\/td>\n<\/tr>\n<\/tbody>\n<\/table>\n<p><span style=\"color: #0000ff;\"><b>\u00a0Bitte beachten Sie<\/b><\/span>: Die Daten in der obigen Tabelle dienen nur als Referenz. F\u00fcr spezifische Informationen, kontaktieren Sie uns bitte.<\/p>\n<p>&nbsp;<\/p>\n<p style=\"text-align: center;\"><img decoding=\"async\" title=\"Automatischer 3-Phasen-Spannungsregler\" src=\"https:\/\/www.distribution-transformer.com\/wp-content\/uploads\/2024\/04\/Farady-1.jpg\" \/><\/p>\n<p>&nbsp;<\/p>\n<p style=\"text-align: center;\"><b>Die Werkstattshow f\u00fcr 3-phasige automatische Spannungsregler<\/b><\/p>\n<p style=\"text-align: center;\"><img decoding=\"async\" title=\"Automatischer 3-Phasen-Spannungsregler\" src=\"https:\/\/www.distribution-transformer.com\/wp-content\/uploads\/2024\/04\/Farady-2.jpg\" \/><\/p>\n<p>&nbsp;<\/p>\n<p style=\"text-align: center;\"><img decoding=\"async\" title=\"Automatischer 3-Phasen-Spannungsregler\" src=\"https:\/\/www.distribution-transformer.com\/wp-content\/uploads\/2024\/04\/Farady-3.jpg\" \/><\/p>\n<p>&nbsp;<\/p>\n<p style=\"text-align: center;\"><b>Unsere Kunden kommen, um die Produkte des automatischen 3-Phasen-Spannungsreglers zu besichtigen<\/b><\/p>\n<p style=\"text-align: center;\"><img decoding=\"async\" title=\"Automatischer 3-Phasen-Spannungsregler\" src=\"https:\/\/www.distribution-transformer.com\/wp-content\/uploads\/2024\/04\/Farady-3-1.jpg\" \/><\/p>\n<p>&nbsp;<\/p>\n<p style=\"text-align: center;\"><b>Dies ist ein automatischer 3-Phasen-Spannungsregler und andere Produkte<\/b><\/p>\n<p style=\"text-align: center;\"><img decoding=\"async\" title=\"Automatischer 3-Phasen-Spannungsregler\" src=\"https:\/\/www.distribution-transformer.com\/wp-content\/uploads\/2024\/04\/Farady-4.jpg\" \/><\/p>\n<p>&nbsp;<\/p>\n<p style=\"text-align: center;\"><img decoding=\"async\" title=\"Automatischer 3-Phasen-Spannungsregler\" src=\"https:\/\/www.distribution-transformer.com\/wp-content\/uploads\/2024\/04\/Farady-5.jpg\" \/><\/p>\n<p>&nbsp;<\/p>\n<p style=\"text-align: center;\"><img decoding=\"async\" title=\"Automatischer 3-Phasen-Spannungsregler\" src=\"https:\/\/www.distribution-transformer.com\/wp-content\/uploads\/2024\/04\/Farady-6.jpg\" \/><\/p>\n<p>&nbsp;<\/p>\n<p style=\"text-align: center;\"><b>Dies ist unser 3-Phasen-Spannungsregler Produkt-Installations-Display<\/b><\/p>\n<p style=\"text-align: center;\"><img decoding=\"async\" title=\"Automatischer 3-Phasen-Spannungsregler\" src=\"https:\/\/www.distribution-transformer.com\/wp-content\/uploads\/2024\/04\/Farady-7.jpg\" \/><\/p>\n<p>&nbsp;<\/p>\n<p style=\"text-align: center;\"><img decoding=\"async\" title=\"Automatischer 3-Phasen-Spannungsregler\" src=\"https:\/\/www.distribution-transformer.com\/wp-content\/uploads\/2024\/04\/Farady-8.jpg\" \/><\/p>\n<p>&nbsp;<\/p>\n<p style=\"text-align: center;\"><img decoding=\"async\" title=\"Automatischer 3-Phasen-Spannungsregler\" src=\"https:\/\/www.distribution-transformer.com\/wp-content\/uploads\/2024\/04\/Farady-9.jpg\" \/><\/p>\n<p>&nbsp;<\/p>\n<p style=\"text-align: center;\"><img decoding=\"async\" title=\"Automatischer 3-Phasen-Spannungsregler\" src=\"https:\/\/www.distribution-transformer.com\/wp-content\/uploads\/2024\/04\/Farady-10.jpg\" \/><\/p>\n<p>&nbsp;<\/p>\n<p style=\"text-align: center;\"><img decoding=\"async\" title=\"Automatischer 3-Phasen-Spannungsregler\" src=\"https:\/\/www.distribution-transformer.com\/wp-content\/uploads\/2024\/04\/Farady-11.jpg\" \/><\/p>\n<p>&nbsp;<\/p>\n<p style=\"text-align: center;\"><img decoding=\"async\" title=\"Automatischer 3-Phasen-Spannungsregler\" src=\"https:\/\/www.distribution-transformer.com\/wp-content\/uploads\/2024\/04\/Farady-12.jpg\" \/><\/p>\n<p>&nbsp;<\/p>","protected":false},"excerpt":{"rendered":"<p>Faraday is a production enterprise company that integrates research and development, design, production, and sales. The company&#8217;s main products include voltage regulator,RMU &amp; Switchgears,Power transformer, etc. The company has a complete quality and production guarantee system. Our company&#8217;s products are exported to Asia,Africa,America and other regions. We have a complete production line, product testing facilities, [&hellip;]<\/p>","protected":false},"featured_media":2882,"comment_status":"open","ping_status":"closed","template":"","meta":[],"product_cat":[55],"product_tag":[],"class_list":["post-3253","product","type-product","status-publish","has-post-thumbnail","hentry","product_cat-other"],"yoast_head":"<!-- This site is optimized with the Yoast SEO plugin v22.3 - https:\/\/yoast.com\/wordpress\/plugins\/seo\/ -->\n<title>3 phase automatic voltage regulator - Farady<\/title>\n<meta name=\"description\" content=\"Farady Electric enjoys about 20 years\u2019 experience in medium voltage section, with KEMA\/ASTA\/CE certificated, we supply 3 phase automatic voltage regulator with Competitive price and top quality.\" \/>\n<meta name=\"robots\" content=\"index, follow, max-snippet:-1, max-image-preview:large, max-video-preview:-1\" \/>\n<link rel=\"canonical\" href=\"http:\/\/www.distribution-transformer.com\/de\/produkt\/1-phasen-zu-3-phasen-transformator\/\" \/>\n<meta property=\"og:locale\" content=\"de_DE\" \/>\n<meta property=\"og:type\" content=\"article\" \/>\n<meta property=\"og:title\" content=\"3 phase automatic voltage regulator - Farady\" \/>\n<meta property=\"og:description\" content=\"Farady Electric enjoys about 20 years\u2019 experience in medium voltage section, with KEMA\/ASTA\/CE certificated, we supply 3 phase automatic voltage regulator with Competitive price and top quality.\" \/>\n<meta property=\"og:url\" content=\"http:\/\/www.distribution-transformer.com\/de\/produkt\/1-phasen-zu-3-phasen-transformator\/\" \/>\n<meta property=\"og:site_name\" content=\"FARADY\" \/>\n<meta property=\"article:modified_time\" content=\"2024-10-16T07:21:45+00:00\" \/>\n<meta property=\"og:image\" content=\"https:\/\/www.distribution-transformer.com\/wp-content\/uploads\/2024\/03\/thumbnail.jpg\" \/>\n\t<meta property=\"og:image:width\" content=\"550\" \/>\n\t<meta property=\"og:image:height\" content=\"550\" \/>\n\t<meta property=\"og:image:type\" content=\"image\/jpeg\" \/>\n<meta name=\"twitter:card\" content=\"summary_large_image\" \/>\n<meta name=\"twitter:label1\" content=\"Gesch\u00e4tzte Lesezeit\" \/>\n\t<meta name=\"twitter:data1\" content=\"4\u00a0Minuten\" \/>\n<script type=\"application\/ld+json\" class=\"yoast-schema-graph\">{\"@context\":\"https:\/\/schema.org\",\"@graph\":[{\"@type\":\"WebPage\",\"@id\":\"https:\/\/www.distribution-transformer.com\/product\/1-phase-to-3-phase-transformer\/\",\"url\":\"https:\/\/www.distribution-transformer.com\/product\/1-phase-to-3-phase-transformer\/\",\"name\":\"3 phase automatic voltage regulator - Farady\",\"isPartOf\":{\"@id\":\"https:\/\/www.distribution-transformer.com\/#website\"},\"primaryImageOfPage\":{\"@id\":\"https:\/\/www.distribution-transformer.com\/product\/1-phase-to-3-phase-transformer\/#primaryimage\"},\"image\":{\"@id\":\"https:\/\/www.distribution-transformer.com\/product\/1-phase-to-3-phase-transformer\/#primaryimage\"},\"thumbnailUrl\":\"https:\/\/www.distribution-transformer.com\/wp-content\/uploads\/2024\/03\/thumbnail.jpg\",\"datePublished\":\"2024-04-26T11:54:23+00:00\",\"dateModified\":\"2024-10-16T07:21:45+00:00\",\"description\":\"Farady Electric enjoys about 20 years\u2019 experience in medium voltage section, with KEMA\/ASTA\/CE certificated, we supply 3 phase automatic voltage regulator with Competitive price and top quality.\",\"breadcrumb\":{\"@id\":\"https:\/\/www.distribution-transformer.com\/product\/1-phase-to-3-phase-transformer\/#breadcrumb\"},\"inLanguage\":\"de\",\"potentialAction\":[{\"@type\":\"ReadAction\",\"target\":[\"https:\/\/www.distribution-transformer.com\/product\/1-phase-to-3-phase-transformer\/\"]}]},{\"@type\":\"ImageObject\",\"inLanguage\":\"de\",\"@id\":\"https:\/\/www.distribution-transformer.com\/product\/1-phase-to-3-phase-transformer\/#primaryimage\",\"url\":\"https:\/\/www.distribution-transformer.com\/wp-content\/uploads\/2024\/03\/thumbnail.jpg\",\"contentUrl\":\"https:\/\/www.distribution-transformer.com\/wp-content\/uploads\/2024\/03\/thumbnail.jpg\",\"width\":550,\"height\":550},{\"@type\":\"BreadcrumbList\",\"@id\":\"https:\/\/www.distribution-transformer.com\/product\/1-phase-to-3-phase-transformer\/#breadcrumb\",\"itemListElement\":[{\"@type\":\"ListItem\",\"position\":1,\"name\":\"\u9996\u9875\",\"item\":\"https:\/\/www.distribution-transformer.com\/\"},{\"@type\":\"ListItem\",\"position\":2,\"name\":\"Products\",\"item\":\"https:\/\/www.distribution-transformer.com\/products\/\"},{\"@type\":\"ListItem\",\"position\":3,\"name\":\"3 phase automatic voltage regulator\"}]},{\"@type\":\"WebSite\",\"@id\":\"https:\/\/www.distribution-transformer.com\/#website\",\"url\":\"https:\/\/www.distribution-transformer.com\/\",\"name\":\"FARADY\",\"description\":\"\",\"potentialAction\":[{\"@type\":\"SearchAction\",\"target\":{\"@type\":\"EntryPoint\",\"urlTemplate\":\"https:\/\/www.distribution-transformer.com\/?s={search_term_string}\"},\"query-input\":\"required name=search_term_string\"}],\"inLanguage\":\"de\"}]}<\/script>\n<!-- \/ Yoast SEO plugin. -->","yoast_head_json":{"title":"3 phase automatic voltage regulator - Farady","description":"Farady Electric enjoys about 20 years\u2019 experience in medium voltage section, with KEMA\/ASTA\/CE certificated, we supply 3 phase automatic voltage regulator with Competitive price and top quality.","robots":{"index":"index","follow":"follow","max-snippet":"max-snippet:-1","max-image-preview":"max-image-preview:large","max-video-preview":"max-video-preview:-1"},"canonical":"http:\/\/www.distribution-transformer.com\/de\/produkt\/1-phasen-zu-3-phasen-transformator\/","og_locale":"de_DE","og_type":"article","og_title":"3 phase automatic voltage regulator - Farady","og_description":"Farady Electric enjoys about 20 years\u2019 experience in medium voltage section, with KEMA\/ASTA\/CE certificated, we supply 3 phase automatic voltage regulator with Competitive price and top quality.","og_url":"http:\/\/www.distribution-transformer.com\/de\/produkt\/1-phasen-zu-3-phasen-transformator\/","og_site_name":"FARADY","article_modified_time":"2024-10-16T07:21:45+00:00","og_image":[{"width":550,"height":550,"url":"https:\/\/www.distribution-transformer.com\/wp-content\/uploads\/2024\/03\/thumbnail.jpg","type":"image\/jpeg"}],"twitter_card":"summary_large_image","twitter_misc":{"Gesch\u00e4tzte Lesezeit":"4\u00a0Minuten"},"schema":{"@context":"https:\/\/schema.org","@graph":[{"@type":"WebPage","@id":"https:\/\/www.distribution-transformer.com\/product\/1-phase-to-3-phase-transformer\/","url":"https:\/\/www.distribution-transformer.com\/product\/1-phase-to-3-phase-transformer\/","name":"3 phase automatic voltage regulator - Farady","isPartOf":{"@id":"https:\/\/www.distribution-transformer.com\/#website"},"primaryImageOfPage":{"@id":"https:\/\/www.distribution-transformer.com\/product\/1-phase-to-3-phase-transformer\/#primaryimage"},"image":{"@id":"https:\/\/www.distribution-transformer.com\/product\/1-phase-to-3-phase-transformer\/#primaryimage"},"thumbnailUrl":"https:\/\/www.distribution-transformer.com\/wp-content\/uploads\/2024\/03\/thumbnail.jpg","datePublished":"2024-04-26T11:54:23+00:00","dateModified":"2024-10-16T07:21:45+00:00","description":"Farady Electric enjoys about 20 years\u2019 experience in medium voltage section, with KEMA\/ASTA\/CE certificated, we supply 3 phase automatic voltage regulator with Competitive price and top quality.","breadcrumb":{"@id":"https:\/\/www.distribution-transformer.com\/product\/1-phase-to-3-phase-transformer\/#breadcrumb"},"inLanguage":"de","potentialAction":[{"@type":"ReadAction","target":["https:\/\/www.distribution-transformer.com\/product\/1-phase-to-3-phase-transformer\/"]}]},{"@type":"ImageObject","inLanguage":"de","@id":"https:\/\/www.distribution-transformer.com\/product\/1-phase-to-3-phase-transformer\/#primaryimage","url":"https:\/\/www.distribution-transformer.com\/wp-content\/uploads\/2024\/03\/thumbnail.jpg","contentUrl":"https:\/\/www.distribution-transformer.com\/wp-content\/uploads\/2024\/03\/thumbnail.jpg","width":550,"height":550},{"@type":"BreadcrumbList","@id":"https:\/\/www.distribution-transformer.com\/product\/1-phase-to-3-phase-transformer\/#breadcrumb","itemListElement":[{"@type":"ListItem","position":1,"name":"\u9996\u9875","item":"https:\/\/www.distribution-transformer.com\/"},{"@type":"ListItem","position":2,"name":"Products","item":"https:\/\/www.distribution-transformer.com\/products\/"},{"@type":"ListItem","position":3,"name":"3 phase automatic voltage regulator"}]},{"@type":"WebSite","@id":"https:\/\/www.distribution-transformer.com\/#website","url":"https:\/\/www.distribution-transformer.com\/","name":"FARADY","description":"","potentialAction":[{"@type":"SearchAction","target":{"@type":"EntryPoint","urlTemplate":"https:\/\/www.distribution-transformer.com\/?s={search_term_string}"},"query-input":"required name=search_term_string"}],"inLanguage":"de"}]}},"_links":{"self":[{"href":"http:\/\/www.distribution-transformer.com\/de\/wp-json\/wp\/v2\/product\/3253","targetHints":{"allow":["GET"]}}],"collection":[{"href":"http:\/\/www.distribution-transformer.com\/de\/wp-json\/wp\/v2\/product"}],"about":[{"href":"http:\/\/www.distribution-transformer.com\/de\/wp-json\/wp\/v2\/types\/product"}],"replies":[{"embeddable":true,"href":"http:\/\/www.distribution-transformer.com\/de\/wp-json\/wp\/v2\/comments?post=3253"}],"wp:featuredmedia":[{"embeddable":true,"href":"http:\/\/www.distribution-transformer.com\/de\/wp-json\/wp\/v2\/media\/2882"}],"wp:attachment":[{"href":"http:\/\/www.distribution-transformer.com\/de\/wp-json\/wp\/v2\/media?parent=3253"}],"wp:term":[{"taxonomy":"product_cat","embeddable":true,"href":"http:\/\/www.distribution-transformer.com\/de\/wp-json\/wp\/v2\/product_cat?post=3253"},{"taxonomy":"product_tag","embeddable":true,"href":"http:\/\/www.distribution-transformer.com\/de\/wp-json\/wp\/v2\/product_tag?post=3253"}],"curies":[{"name":"wp","href":"https:\/\/api.w.org\/{rel}","templated":true}]}}