{"id":2897,"date":"2024-03-25T11:37:02","date_gmt":"2024-03-25T03:37:02","guid":{"rendered":"http:\/\/www.distribution-transformer.com\/?post_type=product&#038;p=2897"},"modified":"2024-04-20T14:57:14","modified_gmt":"2024-04-20T06:57:14","slug":"kiosk-compact-substation","status":"publish","type":"product","link":"http:\/\/www.distribution-transformer.com\/de\/product\/kiosk-kompaktes-umspannwerk\/","title":{"rendered":"Kiosk Kompakt-Unterstation"},"content":{"rendered":"<div class=\"col-12\">\n<h2 id=\"general\">Allgemein<\/h2>\n<p><img loading=\"lazy\" decoding=\"async\" class=\"alignnone size-full wp-image-2902\" src=\"http:\/\/www.distribution-transformer.com\/wp-content\/uploads\/2024\/03\/kiosk.jpg\" alt=\"\" width=\"500\" height=\"500\" srcset=\"https:\/\/www.distribution-transformer.com\/wp-content\/uploads\/2024\/03\/kiosk.jpg 500w, https:\/\/www.distribution-transformer.com\/wp-content\/uploads\/2024\/03\/kiosk-300x300.jpg 300w, https:\/\/www.distribution-transformer.com\/wp-content\/uploads\/2024\/03\/kiosk-150x150.jpg 150w, https:\/\/www.distribution-transformer.com\/wp-content\/uploads\/2024\/03\/kiosk-12x12.jpg 12w, https:\/\/www.distribution-transformer.com\/wp-content\/uploads\/2024\/03\/kiosk-75x75.jpg 75w, https:\/\/www.distribution-transformer.com\/wp-content\/uploads\/2024\/03\/kiosk-100x100.jpg 100w\" sizes=\"auto, (max-width: 500px) 100vw, 500px\" \/><\/p>\n<p>Der vorgefertigte Kompakttransformator der Serie YBW ist eine Art Ausr\u00fcstungssatz, der die MS-Schaltanlage, den vorgefertigten Kompakttransformator und die NS-Verteilungsausr\u00fcstung nach einem festen Anschlussschema zusammenf\u00fcgt. Diese Serie Umspannwerk eignet sich f\u00fcr die Nachbarschaft Einheit, Hotel, gro\u00dfe Baustelle und hohe Geb\u00e4ude, dass die Spannung 11kV \/15kV\/17.5kV\/34.5kV vorgefertigten kompakten Transformator, die Frequenz ist 50\/60Hz und die vorgefertigten kompakten Transformator Kapazit\u00e4t ist unter 2500kVA<br \/>\nNormen: IEC60076,IEC1330,<br \/>\nANSI\/IEEE C57.12.00 ,C57.12.20 ,C57.12.90,BS171,SABS 780<\/p>\n<h2 id=\"service-condition\">Zustand der Dienstleistung<\/h2>\n<p>a) Sowohl drinnen als auch drau\u00dfen<br \/>\nb) Lufttemperatur: Maximale Temperatur: +40\u2103; Minimum Temperatur:-25\u2103<br \/>\nc) Luftfeuchtigkeit: Monatliche durchschnittliche Luftfeuchtigkeit 95%; t\u00e4gliche durchschnittliche Luftfeuchtigkeit 90% .<br \/>\nd) H\u00f6he \u00fcber dem Meeresspiegel: Maximale Aufstellungsh\u00f6he: 2000 m.<br \/>\ne) Die Umgebungsluft darf nicht durch \u00e4tzende und brennbare Gase, D\u00e4mpfe usw. verunreinigt sein.<br \/>\nf) Kein h\u00e4ufiges heftiges Sch\u00fctteln<\/p>\n<h2 id=\"technical-data\">Technische Daten<\/h2>\n<p><img loading=\"lazy\" decoding=\"async\" class=\"alignnone size-full wp-image-2903\" src=\"http:\/\/www.distribution-transformer.com\/wp-content\/uploads\/2024\/03\/image-20220328111508526.png\" alt=\"\" width=\"689\" height=\"333\" srcset=\"https:\/\/www.distribution-transformer.com\/wp-content\/uploads\/2024\/03\/image-20220328111508526.png 689w, https:\/\/www.distribution-transformer.com\/wp-content\/uploads\/2024\/03\/image-20220328111508526-300x145.png 300w, https:\/\/www.distribution-transformer.com\/wp-content\/uploads\/2024\/03\/image-20220328111508526-18x9.png 18w, https:\/\/www.distribution-transformer.com\/wp-content\/uploads\/2024\/03\/image-20220328111508526-600x290.png 600w\" sizes=\"auto, (max-width: 689px) 100vw, 689px\" \/><\/p>\n<h2 id=\"structure-characteristics\">Struktur Merkmale<\/h2>\n<ul>\n<li>Zwei Arten von Kasten-Transformator-Umspannwerken, Korridor-Typ und Nicht-Korridor-Typ, geschwei\u00dfter Rahmen durch hervorragende<\/li>\n<li>Korrosionsbest\u00e4ndiger Stahl, Basis aus feuerverzinktem Stahl:<\/li>\n<li>Box-Typ Transformator Umspannwerk hat 3 R\u00e4ume, HV-Schr\u00e4nke, LV, Schrank, Transformator Schrank, Layout kann angepasst werden<\/li>\n<li>Zweischichtiges Dach mit Luft im Inneren, um einen Temperaturanstieg wirksam zu verhindern.<\/li>\n<li>Nat\u00fcrliche Luftk\u00fchlung, optional forcierte Luftk\u00fchlung, optional automatische Antikondensationsausr\u00fcstung.<\/li>\n<li>Unterschiedliche Typen von Lastschaltern und Sicherungskombinationen zum Schutz des Transformators<\/li>\n<li>Klemmenstromversorgung, Ringspeisung und Doppelstromversorgung geschwei\u00dftes Geh\u00e4use des Niederspannungsschranks, Typenschild mit Bildschirm<\/li>\n<li>Das Kabinett ist am Tank befestigt.<strong>HV-Raum<\/strong><\/li>\n<\/ul>\n<p><!-- raw HTML omitted --><\/p>\n<p><strong>Transformatorraum<\/strong><\/p>\n<p><!-- raw HTML omitted --><\/p>\n<p><strong>LV-Raum<\/strong><\/p>\n<p><img loading=\"lazy\" decoding=\"async\" class=\"alignnone size-full wp-image-2904\" src=\"http:\/\/www.distribution-transformer.com\/wp-content\/uploads\/2024\/03\/DSCN5989.jpg\" alt=\"\" width=\"1024\" height=\"768\" srcset=\"https:\/\/www.distribution-transformer.com\/wp-content\/uploads\/2024\/03\/DSCN5989.jpg 1024w, https:\/\/www.distribution-transformer.com\/wp-content\/uploads\/2024\/03\/DSCN5989-300x225.jpg 300w, https:\/\/www.distribution-transformer.com\/wp-content\/uploads\/2024\/03\/DSCN5989-768x576.jpg 768w, https:\/\/www.distribution-transformer.com\/wp-content\/uploads\/2024\/03\/DSCN5989-16x12.jpg 16w, https:\/\/www.distribution-transformer.com\/wp-content\/uploads\/2024\/03\/DSCN5989-600x450.jpg 600w\" sizes=\"auto, (max-width: 1024px) 100vw, 1024px\" \/><\/p>\n<\/div>","protected":false},"excerpt":{"rendered":"<p>Allgemein YBW Serie vorgefertigte kompakte Transformator ist eine Art von Ausr\u00fcstung, die die MV-Schaltanlage, vorgefertigte kompakte Transformator, LV-Verteilung Ausr\u00fcstung zusammen nach festen Anschluss-Schema montiert. Diese Serie Umspannwerk ist geeignet f\u00fcr die Nachbarschaft Einheit, Hotel, gro\u00dfe Baustelle und hohe Geb\u00e4ude, dass die Spannung 11kV \/15kV\/17.5kV\/34.5kV vorgefertigten kompakten Transformator, [...]<\/p>","protected":false},"featured_media":2900,"comment_status":"open","ping_status":"closed","template":"","meta":[],"product_cat":[60],"product_tag":[],"class_list":["post-2897","product","type-product","status-publish","has-post-thumbnail","hentry","product_cat-distribution-transformer"],"yoast_head":"<!-- This site is optimized with the Yoast SEO plugin v22.3 - https:\/\/yoast.com\/wordpress\/plugins\/seo\/ -->\n<title>Kiosk Compact Substation - Farady<\/title>\n<meta name=\"description\" content=\"Farady Electric enjoys about 20 years\u2019 experience in medium voltage section, with KEMA\/ASTA\/CE certificated, we supply Kiosk Compact Substation with Competitive price and top quality.\" \/>\n<meta name=\"robots\" content=\"index, follow, max-snippet:-1, max-image-preview:large, max-video-preview:-1\" \/>\n<link rel=\"canonical\" href=\"http:\/\/www.distribution-transformer.com\/de\/produkt\/kiosk-kompaktes-umspannwerk\/\" \/>\n<meta property=\"og:locale\" content=\"de_DE\" \/>\n<meta property=\"og:type\" content=\"article\" \/>\n<meta property=\"og:title\" content=\"Kiosk Compact Substation - Farady\" \/>\n<meta property=\"og:description\" content=\"Farady Electric enjoys about 20 years\u2019 experience in medium voltage section, with KEMA\/ASTA\/CE certificated, we supply Kiosk Compact Substation with Competitive price and top quality.\" \/>\n<meta property=\"og:url\" content=\"http:\/\/www.distribution-transformer.com\/de\/produkt\/kiosk-kompaktes-umspannwerk\/\" \/>\n<meta property=\"og:site_name\" content=\"FARADY\" \/>\n<meta property=\"article:modified_time\" content=\"2024-04-20T06:57:14+00:00\" \/>\n<meta property=\"og:image\" content=\"https:\/\/www.distribution-transformer.com\/wp-content\/uploads\/2024\/03\/4gwYUD0ZxTqNq6XnNAdHIV5xqCWzQVDdSwY2A7zA.jpg\" \/>\n\t<meta property=\"og:image:width\" content=\"550\" \/>\n\t<meta property=\"og:image:height\" content=\"550\" \/>\n\t<meta property=\"og:image:type\" content=\"image\/jpeg\" \/>\n<meta name=\"twitter:card\" content=\"summary_large_image\" \/>\n<meta name=\"twitter:label1\" content=\"Gesch\u00e4tzte Lesezeit\" \/>\n\t<meta name=\"twitter:data1\" content=\"2\u00a0Minuten\" \/>\n<script type=\"application\/ld+json\" class=\"yoast-schema-graph\">{\"@context\":\"https:\/\/schema.org\",\"@graph\":[{\"@type\":\"WebPage\",\"@id\":\"https:\/\/www.distribution-transformer.com\/product\/kiosk-compact-substation\/\",\"url\":\"https:\/\/www.distribution-transformer.com\/product\/kiosk-compact-substation\/\",\"name\":\"Kiosk Compact Substation - Farady\",\"isPartOf\":{\"@id\":\"https:\/\/www.distribution-transformer.com\/#website\"},\"primaryImageOfPage\":{\"@id\":\"https:\/\/www.distribution-transformer.com\/product\/kiosk-compact-substation\/#primaryimage\"},\"image\":{\"@id\":\"https:\/\/www.distribution-transformer.com\/product\/kiosk-compact-substation\/#primaryimage\"},\"thumbnailUrl\":\"https:\/\/www.distribution-transformer.com\/wp-content\/uploads\/2024\/03\/4gwYUD0ZxTqNq6XnNAdHIV5xqCWzQVDdSwY2A7zA.jpg\",\"datePublished\":\"2024-03-25T03:37:02+00:00\",\"dateModified\":\"2024-04-20T06:57:14+00:00\",\"description\":\"Farady Electric enjoys about 20 years\u2019 experience in medium voltage section, with KEMA\/ASTA\/CE certificated, we supply Kiosk Compact Substation with Competitive price and top quality.\",\"breadcrumb\":{\"@id\":\"https:\/\/www.distribution-transformer.com\/product\/kiosk-compact-substation\/#breadcrumb\"},\"inLanguage\":\"de\",\"potentialAction\":[{\"@type\":\"ReadAction\",\"target\":[\"https:\/\/www.distribution-transformer.com\/product\/kiosk-compact-substation\/\"]}]},{\"@type\":\"ImageObject\",\"inLanguage\":\"de\",\"@id\":\"https:\/\/www.distribution-transformer.com\/product\/kiosk-compact-substation\/#primaryimage\",\"url\":\"https:\/\/www.distribution-transformer.com\/wp-content\/uploads\/2024\/03\/4gwYUD0ZxTqNq6XnNAdHIV5xqCWzQVDdSwY2A7zA.jpg\",\"contentUrl\":\"https:\/\/www.distribution-transformer.com\/wp-content\/uploads\/2024\/03\/4gwYUD0ZxTqNq6XnNAdHIV5xqCWzQVDdSwY2A7zA.jpg\",\"width\":550,\"height\":550},{\"@type\":\"BreadcrumbList\",\"@id\":\"https:\/\/www.distribution-transformer.com\/product\/kiosk-compact-substation\/#breadcrumb\",\"itemListElement\":[{\"@type\":\"ListItem\",\"position\":1,\"name\":\"\u9996\u9875\",\"item\":\"https:\/\/www.distribution-transformer.com\/\"},{\"@type\":\"ListItem\",\"position\":2,\"name\":\"Products\",\"item\":\"https:\/\/www.distribution-transformer.com\/products\/\"},{\"@type\":\"ListItem\",\"position\":3,\"name\":\"Kiosk Compact Substation\"}]},{\"@type\":\"WebSite\",\"@id\":\"https:\/\/www.distribution-transformer.com\/#website\",\"url\":\"https:\/\/www.distribution-transformer.com\/\",\"name\":\"FARADY\",\"description\":\"\",\"potentialAction\":[{\"@type\":\"SearchAction\",\"target\":{\"@type\":\"EntryPoint\",\"urlTemplate\":\"https:\/\/www.distribution-transformer.com\/?s={search_term_string}\"},\"query-input\":\"required name=search_term_string\"}],\"inLanguage\":\"de\"}]}<\/script>\n<!-- \/ Yoast SEO plugin. -->","yoast_head_json":{"title":"Kiosk Compact Substation - Farady","description":"Farady Electric enjoys about 20 years\u2019 experience in medium voltage section, with KEMA\/ASTA\/CE certificated, we supply Kiosk Compact Substation with Competitive price and top quality.","robots":{"index":"index","follow":"follow","max-snippet":"max-snippet:-1","max-image-preview":"max-image-preview:large","max-video-preview":"max-video-preview:-1"},"canonical":"http:\/\/www.distribution-transformer.com\/de\/produkt\/kiosk-kompaktes-umspannwerk\/","og_locale":"de_DE","og_type":"article","og_title":"Kiosk Compact Substation - Farady","og_description":"Farady Electric enjoys about 20 years\u2019 experience in medium voltage section, with KEMA\/ASTA\/CE certificated, we supply Kiosk Compact Substation with Competitive price and top quality.","og_url":"http:\/\/www.distribution-transformer.com\/de\/produkt\/kiosk-kompaktes-umspannwerk\/","og_site_name":"FARADY","article_modified_time":"2024-04-20T06:57:14+00:00","og_image":[{"width":550,"height":550,"url":"https:\/\/www.distribution-transformer.com\/wp-content\/uploads\/2024\/03\/4gwYUD0ZxTqNq6XnNAdHIV5xqCWzQVDdSwY2A7zA.jpg","type":"image\/jpeg"}],"twitter_card":"summary_large_image","twitter_misc":{"Gesch\u00e4tzte Lesezeit":"2\u00a0Minuten"},"schema":{"@context":"https:\/\/schema.org","@graph":[{"@type":"WebPage","@id":"https:\/\/www.distribution-transformer.com\/product\/kiosk-compact-substation\/","url":"https:\/\/www.distribution-transformer.com\/product\/kiosk-compact-substation\/","name":"Kiosk Compact Substation - Farady","isPartOf":{"@id":"https:\/\/www.distribution-transformer.com\/#website"},"primaryImageOfPage":{"@id":"https:\/\/www.distribution-transformer.com\/product\/kiosk-compact-substation\/#primaryimage"},"image":{"@id":"https:\/\/www.distribution-transformer.com\/product\/kiosk-compact-substation\/#primaryimage"},"thumbnailUrl":"https:\/\/www.distribution-transformer.com\/wp-content\/uploads\/2024\/03\/4gwYUD0ZxTqNq6XnNAdHIV5xqCWzQVDdSwY2A7zA.jpg","datePublished":"2024-03-25T03:37:02+00:00","dateModified":"2024-04-20T06:57:14+00:00","description":"Farady Electric enjoys about 20 years\u2019 experience in medium voltage section, with KEMA\/ASTA\/CE certificated, we supply Kiosk Compact Substation with Competitive price and top quality.","breadcrumb":{"@id":"https:\/\/www.distribution-transformer.com\/product\/kiosk-compact-substation\/#breadcrumb"},"inLanguage":"de","potentialAction":[{"@type":"ReadAction","target":["https:\/\/www.distribution-transformer.com\/product\/kiosk-compact-substation\/"]}]},{"@type":"ImageObject","inLanguage":"de","@id":"https:\/\/www.distribution-transformer.com\/product\/kiosk-compact-substation\/#primaryimage","url":"https:\/\/www.distribution-transformer.com\/wp-content\/uploads\/2024\/03\/4gwYUD0ZxTqNq6XnNAdHIV5xqCWzQVDdSwY2A7zA.jpg","contentUrl":"https:\/\/www.distribution-transformer.com\/wp-content\/uploads\/2024\/03\/4gwYUD0ZxTqNq6XnNAdHIV5xqCWzQVDdSwY2A7zA.jpg","width":550,"height":550},{"@type":"BreadcrumbList","@id":"https:\/\/www.distribution-transformer.com\/product\/kiosk-compact-substation\/#breadcrumb","itemListElement":[{"@type":"ListItem","position":1,"name":"\u9996\u9875","item":"https:\/\/www.distribution-transformer.com\/"},{"@type":"ListItem","position":2,"name":"Products","item":"https:\/\/www.distribution-transformer.com\/products\/"},{"@type":"ListItem","position":3,"name":"Kiosk Compact Substation"}]},{"@type":"WebSite","@id":"https:\/\/www.distribution-transformer.com\/#website","url":"https:\/\/www.distribution-transformer.com\/","name":"FARADY","description":"","potentialAction":[{"@type":"SearchAction","target":{"@type":"EntryPoint","urlTemplate":"https:\/\/www.distribution-transformer.com\/?s={search_term_string}"},"query-input":"required name=search_term_string"}],"inLanguage":"de"}]}},"_links":{"self":[{"href":"http:\/\/www.distribution-transformer.com\/de\/wp-json\/wp\/v2\/product\/2897","targetHints":{"allow":["GET"]}}],"collection":[{"href":"http:\/\/www.distribution-transformer.com\/de\/wp-json\/wp\/v2\/product"}],"about":[{"href":"http:\/\/www.distribution-transformer.com\/de\/wp-json\/wp\/v2\/types\/product"}],"replies":[{"embeddable":true,"href":"http:\/\/www.distribution-transformer.com\/de\/wp-json\/wp\/v2\/comments?post=2897"}],"wp:featuredmedia":[{"embeddable":true,"href":"http:\/\/www.distribution-transformer.com\/de\/wp-json\/wp\/v2\/media\/2900"}],"wp:attachment":[{"href":"http:\/\/www.distribution-transformer.com\/de\/wp-json\/wp\/v2\/media?parent=2897"}],"wp:term":[{"taxonomy":"product_cat","embeddable":true,"href":"http:\/\/www.distribution-transformer.com\/de\/wp-json\/wp\/v2\/product_cat?post=2897"},{"taxonomy":"product_tag","embeddable":true,"href":"http:\/\/www.distribution-transformer.com\/de\/wp-json\/wp\/v2\/product_tag?post=2897"}],"curies":[{"name":"wp","href":"https:\/\/api.w.org\/{rel}","templated":true}]}}