{"id":2880,"date":"2024-03-25T11:34:21","date_gmt":"2024-03-25T03:34:21","guid":{"rendered":"http:\/\/www.distribution-transformer.com\/?post_type=product&#038;p=2880"},"modified":"2024-04-20T15:00:26","modified_gmt":"2024-04-20T07:00:26","slug":"three-phase-oil-immersed-transformer","status":"publish","type":"product","link":"http:\/\/www.distribution-transformer.com\/de\/product\/drehstromtransformator-mit-olbad\/","title":{"rendered":"Dreiphasiger \u00f6lgef\u00fcllter Transformator"},"content":{"rendered":"<div class=\"col-12\">\n<h2 id=\"general\">Allgemein<\/h2>\n<p><img loading=\"lazy\" decoding=\"async\" class=\"alignnone size-full wp-image-2883\" src=\"http:\/\/www.distribution-transformer.com\/wp-content\/uploads\/2024\/03\/image-20220328100012821.png\" alt=\"\" width=\"326\" height=\"316\" srcset=\"https:\/\/www.distribution-transformer.com\/wp-content\/uploads\/2024\/03\/image-20220328100012821.png 326w, https:\/\/www.distribution-transformer.com\/wp-content\/uploads\/2024\/03\/image-20220328100012821-300x291.png 300w, https:\/\/www.distribution-transformer.com\/wp-content\/uploads\/2024\/03\/image-20220328100012821-12x12.png 12w\" sizes=\"auto, (max-width: 326px) 100vw, 326px\" \/><\/p>\n<p><strong>Farady<\/strong> bietet ein komplettes Sortiment an Verteilertransformatoren, die f\u00fcr die Zuverl\u00e4ssigkeit, Langlebigkeit und Effizienz ausgelegt sind, die in Versorgungsunternehmen, in der Industrie und im Handel ben\u00f6tigt werden. Die fl\u00fcssigkeitsgef\u00fcllten Transformatoren von Farady werden in \u00dcbereinstimmung mit den anspruchsvollsten industriellen und internationalen Standards hergestellt. Die Einhaltung wichtiger Normen, von IEC bis VDE, ist ebenso selbstverst\u00e4ndlich wie die ausschlie\u00dfliche Verwendung hochwertiger Materialien. Qualifizierte Mitarbeiter setzen die anspruchsvollen Normen in der t\u00e4glichen Praxis um.<\/p>\n<h2 id=\"standard--features\">Standard &amp; Merkmale<\/h2>\n<p>-Produktbereich:15kVA-20MVA, bis zu 44kV<\/p>\n<p>-Systemspannung: max. 36 kVA 200 BIL<\/p>\n<p>-K\u00fchler: gewellte Wand oder Heizk\u00f6rper<\/p>\n<p>-\u00d6lkonservierung: hermetisch versiegelt oder Konservierungsmittel\/frei atmend<\/p>\n<p>-Abzweigwechsler: au\u00dfer Betrieb oder unter Last<\/p>\n<p>-K\u00fchlmedium: Mineral\u00f6l, Midel<\/p>\n<p>-Stahlkernspannsystem<\/p>\n<p>-Hochspannungs-Mehrlagenwicklung (HV)<\/p>\n<p>Niederspannungs-Folien- oder Lagenwicklung (LV)<\/p>\n<p>-Werkstoffe Aluminium oder Kupfer<\/p>\n<p>-Transformatoren der Hochtemperaturklasse<\/p>\n<p>-Ger\u00e4uscharme L\u00f6sung<\/p>\n<p>-Effiziente Transformatoren mit geringeren Verlusten<\/p>\n<p>-K\u00fchlung: ONAN, ONAN\/ONAF, KFAF, KFW<\/p>\n<h2 id=\"service-condition\">Servicebedingungen<\/h2>\n<p>a) Geeignet f\u00fcr Innen- und Au\u00dfenanwendungen<\/p>\n<p>b) Lufttemperatur: Maximale Temperatur: +40\u2103; Minimum Temperatur:-30\u2103<\/p>\n<p>c) Luftfeuchtigkeit: Monatliche durchschnittliche Luftfeuchtigkeit 95%; t\u00e4gliche durchschnittliche Luftfeuchtigkeit 90% .<\/p>\n<p>d) H\u00f6he \u00fcber dem Meeresspiegel: Maximale Aufstellungsh\u00f6he: 2000 m.<\/p>\n<p>e)Maximale Windgeschwindigkeit:35M\/s<\/p>\n<p>f) Die Umgebungsluft ist nicht offensichtlich durch \u00e4tzende und brennbare Gase, D\u00e4mpfe usw. verunreinigt.<\/p>\n<p>g) Kein h\u00e4ufiges heftiges Sch\u00fctteln<\/p>\n<p><strong>Hinweis: \u00dcber diese Leistungen hinausgehende Bedingungen sollten bei der Bestellung bei der technischen Abteilung des Herstellers erfragt werden.<\/strong><\/p>\n<h2 id=\"technical-data\">Technische Daten<\/h2>\n<p><img loading=\"lazy\" decoding=\"async\" class=\"alignnone size-full wp-image-2884\" src=\"http:\/\/www.distribution-transformer.com\/wp-content\/uploads\/2024\/03\/image-20220328101357954.png\" alt=\"\" width=\"1600\" height=\"618\" srcset=\"https:\/\/www.distribution-transformer.com\/wp-content\/uploads\/2024\/03\/image-20220328101357954.png 1600w, https:\/\/www.distribution-transformer.com\/wp-content\/uploads\/2024\/03\/image-20220328101357954-300x116.png 300w, https:\/\/www.distribution-transformer.com\/wp-content\/uploads\/2024\/03\/image-20220328101357954-1024x396.png 1024w, https:\/\/www.distribution-transformer.com\/wp-content\/uploads\/2024\/03\/image-20220328101357954-768x297.png 768w, https:\/\/www.distribution-transformer.com\/wp-content\/uploads\/2024\/03\/image-20220328101357954-1536x593.png 1536w, https:\/\/www.distribution-transformer.com\/wp-content\/uploads\/2024\/03\/image-20220328101357954-18x7.png 18w, https:\/\/www.distribution-transformer.com\/wp-content\/uploads\/2024\/03\/image-20220328101357954-600x232.png 600w\" sizes=\"auto, (max-width: 1600px) 100vw, 1600px\" \/> <img loading=\"lazy\" decoding=\"async\" class=\"alignnone size-full wp-image-2885\" src=\"http:\/\/www.distribution-transformer.com\/wp-content\/uploads\/2024\/03\/image-20220328102546064.png\" alt=\"\" width=\"718\" height=\"562\" srcset=\"https:\/\/www.distribution-transformer.com\/wp-content\/uploads\/2024\/03\/image-20220328102546064.png 718w, https:\/\/www.distribution-transformer.com\/wp-content\/uploads\/2024\/03\/image-20220328102546064-300x235.png 300w, https:\/\/www.distribution-transformer.com\/wp-content\/uploads\/2024\/03\/image-20220328102546064-15x12.png 15w, https:\/\/www.distribution-transformer.com\/wp-content\/uploads\/2024\/03\/image-20220328102546064-600x470.png 600w\" sizes=\"auto, (max-width: 718px) 100vw, 718px\" \/> <img loading=\"lazy\" decoding=\"async\" class=\"alignnone size-full wp-image-2886\" src=\"http:\/\/www.distribution-transformer.com\/wp-content\/uploads\/2024\/03\/image-20220328102605151.png\" alt=\"\" width=\"716\" height=\"558\" srcset=\"https:\/\/www.distribution-transformer.com\/wp-content\/uploads\/2024\/03\/image-20220328102605151.png 716w, https:\/\/www.distribution-transformer.com\/wp-content\/uploads\/2024\/03\/image-20220328102605151-300x234.png 300w, https:\/\/www.distribution-transformer.com\/wp-content\/uploads\/2024\/03\/image-20220328102605151-15x12.png 15w, https:\/\/www.distribution-transformer.com\/wp-content\/uploads\/2024\/03\/image-20220328102605151-600x468.png 600w\" sizes=\"auto, (max-width: 716px) 100vw, 716px\" \/> <img loading=\"lazy\" decoding=\"async\" class=\"alignnone size-full wp-image-2887\" src=\"http:\/\/www.distribution-transformer.com\/wp-content\/uploads\/2024\/03\/image-20220328102646766.png\" alt=\"\" width=\"727\" height=\"292\" srcset=\"https:\/\/www.distribution-transformer.com\/wp-content\/uploads\/2024\/03\/image-20220328102646766.png 727w, https:\/\/www.distribution-transformer.com\/wp-content\/uploads\/2024\/03\/image-20220328102646766-300x120.png 300w, https:\/\/www.distribution-transformer.com\/wp-content\/uploads\/2024\/03\/image-20220328102646766-18x7.png 18w, https:\/\/www.distribution-transformer.com\/wp-content\/uploads\/2024\/03\/image-20220328102646766-600x241.png 600w\" sizes=\"auto, (max-width: 727px) 100vw, 727px\" \/> <img loading=\"lazy\" decoding=\"async\" class=\"alignnone size-full wp-image-2888\" src=\"http:\/\/www.distribution-transformer.com\/wp-content\/uploads\/2024\/03\/image-20220328102616420.png\" alt=\"\" width=\"729\" height=\"553\" srcset=\"https:\/\/www.distribution-transformer.com\/wp-content\/uploads\/2024\/03\/image-20220328102616420.png 729w, https:\/\/www.distribution-transformer.com\/wp-content\/uploads\/2024\/03\/image-20220328102616420-300x228.png 300w, https:\/\/www.distribution-transformer.com\/wp-content\/uploads\/2024\/03\/image-20220328102616420-16x12.png 16w, https:\/\/www.distribution-transformer.com\/wp-content\/uploads\/2024\/03\/image-20220328102616420-600x455.png 600w\" sizes=\"auto, (max-width: 729px) 100vw, 729px\" \/><\/p>\n<h2 id=\"factory-test\">Fabrik-Test<\/h2>\n<p>- Spannungsverh\u00e4ltnis. Pr\u00fcfung der Polarit\u00e4t und des Phasenverh\u00e4ltnisses an jeder Abzweigung<\/p>\n<p>- Widerstand aller Wicklungen<\/p>\n<p>- Messung von Leerlaufstrom und Leerlaufverlusten<\/p>\n<p>- Messung der Lastverluste bei Nennstrom und Frequenz<\/p>\n<p>- Impedanzspannungsmessung<\/p>\n<p>- Pr\u00fcfung der induzierten \u00dcberspannung und der Widerstandsf\u00e4higkeit gegen\u00fcber separater Quellenspannung<\/p>\n<p>- Pr\u00fcfung der Sto\u00dfspannungsfestigkeit.<\/p>\n<p>- Pr\u00fcfung des Ger\u00e4uschpegels<\/p>\n<p>- Pr\u00fcfung auf \u00d6lleckage<\/p>\n<p>- \u00dcberlastpr\u00fcfung bei 150% Nennstrom f\u00fcr eine Stunde nach Temperaturanstiegspr\u00fcfung und Messung des Hei\u00dfwiderstands von (HV - LV)<\/p>\n<\/div>","protected":false},"excerpt":{"rendered":"<p>General Farady offers a complete range of distribution transformers designed to grant the reliability, durability, and efficiency required in utility, industrial, and commercial applications. Farady\u2019s liquid-filled transformers are manufactured in accordance with the most demanding industry and international standards. Compliance with important standards, from IEC to VDE, is a matter of course, just as much [&hellip;]<\/p>","protected":false},"featured_media":2882,"comment_status":"open","ping_status":"closed","template":"","meta":[],"product_cat":[60],"product_tag":[],"class_list":["post-2880","product","type-product","status-publish","has-post-thumbnail","hentry","product_cat-distribution-transformer"],"yoast_head":"<!-- This site is optimized with the Yoast SEO plugin v22.3 - https:\/\/yoast.com\/wordpress\/plugins\/seo\/ -->\n<title>Three Phase Oil Immersed Transformer - Farady<\/title>\n<meta name=\"description\" content=\"Farady Electric enjoys about 20 years\u2019 experience in medium voltage section, with KEMA\/ASTA\/CE certificated, we supply Three Phase Oil Immersed Transformer with Competitive price and top quality.\" \/>\n<meta name=\"robots\" content=\"index, follow, max-snippet:-1, max-image-preview:large, max-video-preview:-1\" \/>\n<link rel=\"canonical\" href=\"http:\/\/www.distribution-transformer.com\/de\/produkt\/drehstromtransformator-mit-olbad\/\" \/>\n<meta property=\"og:locale\" content=\"de_DE\" \/>\n<meta property=\"og:type\" content=\"article\" \/>\n<meta property=\"og:title\" content=\"Three Phase Oil Immersed Transformer - Farady\" \/>\n<meta property=\"og:description\" content=\"Farady Electric enjoys about 20 years\u2019 experience in medium voltage section, with KEMA\/ASTA\/CE certificated, we supply Three Phase Oil Immersed Transformer with Competitive price and top quality.\" \/>\n<meta property=\"og:url\" content=\"http:\/\/www.distribution-transformer.com\/de\/produkt\/drehstromtransformator-mit-olbad\/\" \/>\n<meta property=\"og:site_name\" content=\"FARADY\" \/>\n<meta property=\"article:modified_time\" content=\"2024-04-20T07:00:26+00:00\" \/>\n<meta property=\"og:image\" content=\"https:\/\/www.distribution-transformer.com\/wp-content\/uploads\/2024\/03\/thumbnail.jpg\" \/>\n\t<meta property=\"og:image:width\" content=\"550\" \/>\n\t<meta property=\"og:image:height\" content=\"550\" \/>\n\t<meta property=\"og:image:type\" content=\"image\/jpeg\" \/>\n<meta name=\"twitter:card\" content=\"summary_large_image\" \/>\n<meta name=\"twitter:label1\" content=\"Gesch\u00e4tzte Lesezeit\" \/>\n\t<meta name=\"twitter:data1\" content=\"3\u00a0Minuten\" \/>\n<script type=\"application\/ld+json\" class=\"yoast-schema-graph\">{\"@context\":\"https:\/\/schema.org\",\"@graph\":[{\"@type\":\"WebPage\",\"@id\":\"https:\/\/www.distribution-transformer.com\/product\/three-phase-oil-immersed-transformer\/\",\"url\":\"https:\/\/www.distribution-transformer.com\/product\/three-phase-oil-immersed-transformer\/\",\"name\":\"Three Phase Oil Immersed Transformer - Farady\",\"isPartOf\":{\"@id\":\"https:\/\/www.distribution-transformer.com\/#website\"},\"primaryImageOfPage\":{\"@id\":\"https:\/\/www.distribution-transformer.com\/product\/three-phase-oil-immersed-transformer\/#primaryimage\"},\"image\":{\"@id\":\"https:\/\/www.distribution-transformer.com\/product\/three-phase-oil-immersed-transformer\/#primaryimage\"},\"thumbnailUrl\":\"https:\/\/www.distribution-transformer.com\/wp-content\/uploads\/2024\/03\/thumbnail.jpg\",\"datePublished\":\"2024-03-25T03:34:21+00:00\",\"dateModified\":\"2024-04-20T07:00:26+00:00\",\"description\":\"Farady Electric enjoys about 20 years\u2019 experience in medium voltage section, with KEMA\/ASTA\/CE certificated, we supply Three Phase Oil Immersed Transformer with Competitive price and top quality.\",\"breadcrumb\":{\"@id\":\"https:\/\/www.distribution-transformer.com\/product\/three-phase-oil-immersed-transformer\/#breadcrumb\"},\"inLanguage\":\"de\",\"potentialAction\":[{\"@type\":\"ReadAction\",\"target\":[\"https:\/\/www.distribution-transformer.com\/product\/three-phase-oil-immersed-transformer\/\"]}]},{\"@type\":\"ImageObject\",\"inLanguage\":\"de\",\"@id\":\"https:\/\/www.distribution-transformer.com\/product\/three-phase-oil-immersed-transformer\/#primaryimage\",\"url\":\"https:\/\/www.distribution-transformer.com\/wp-content\/uploads\/2024\/03\/thumbnail.jpg\",\"contentUrl\":\"https:\/\/www.distribution-transformer.com\/wp-content\/uploads\/2024\/03\/thumbnail.jpg\",\"width\":550,\"height\":550},{\"@type\":\"BreadcrumbList\",\"@id\":\"https:\/\/www.distribution-transformer.com\/product\/three-phase-oil-immersed-transformer\/#breadcrumb\",\"itemListElement\":[{\"@type\":\"ListItem\",\"position\":1,\"name\":\"\u9996\u9875\",\"item\":\"https:\/\/www.distribution-transformer.com\/\"},{\"@type\":\"ListItem\",\"position\":2,\"name\":\"Products\",\"item\":\"https:\/\/www.distribution-transformer.com\/products\/\"},{\"@type\":\"ListItem\",\"position\":3,\"name\":\"Three Phase Oil Immersed Transformer\"}]},{\"@type\":\"WebSite\",\"@id\":\"https:\/\/www.distribution-transformer.com\/#website\",\"url\":\"https:\/\/www.distribution-transformer.com\/\",\"name\":\"FARADY\",\"description\":\"\",\"potentialAction\":[{\"@type\":\"SearchAction\",\"target\":{\"@type\":\"EntryPoint\",\"urlTemplate\":\"https:\/\/www.distribution-transformer.com\/?s={search_term_string}\"},\"query-input\":\"required name=search_term_string\"}],\"inLanguage\":\"de\"}]}<\/script>\n<!-- \/ Yoast SEO plugin. -->","yoast_head_json":{"title":"Three Phase Oil Immersed Transformer - Farady","description":"Farady Electric enjoys about 20 years\u2019 experience in medium voltage section, with KEMA\/ASTA\/CE certificated, we supply Three Phase Oil Immersed Transformer with Competitive price and top quality.","robots":{"index":"index","follow":"follow","max-snippet":"max-snippet:-1","max-image-preview":"max-image-preview:large","max-video-preview":"max-video-preview:-1"},"canonical":"http:\/\/www.distribution-transformer.com\/de\/produkt\/drehstromtransformator-mit-olbad\/","og_locale":"de_DE","og_type":"article","og_title":"Three Phase Oil Immersed Transformer - Farady","og_description":"Farady Electric enjoys about 20 years\u2019 experience in medium voltage section, with KEMA\/ASTA\/CE certificated, we supply Three Phase Oil Immersed Transformer with Competitive price and top quality.","og_url":"http:\/\/www.distribution-transformer.com\/de\/produkt\/drehstromtransformator-mit-olbad\/","og_site_name":"FARADY","article_modified_time":"2024-04-20T07:00:26+00:00","og_image":[{"width":550,"height":550,"url":"https:\/\/www.distribution-transformer.com\/wp-content\/uploads\/2024\/03\/thumbnail.jpg","type":"image\/jpeg"}],"twitter_card":"summary_large_image","twitter_misc":{"Gesch\u00e4tzte Lesezeit":"3\u00a0Minuten"},"schema":{"@context":"https:\/\/schema.org","@graph":[{"@type":"WebPage","@id":"https:\/\/www.distribution-transformer.com\/product\/three-phase-oil-immersed-transformer\/","url":"https:\/\/www.distribution-transformer.com\/product\/three-phase-oil-immersed-transformer\/","name":"Three Phase Oil Immersed Transformer - Farady","isPartOf":{"@id":"https:\/\/www.distribution-transformer.com\/#website"},"primaryImageOfPage":{"@id":"https:\/\/www.distribution-transformer.com\/product\/three-phase-oil-immersed-transformer\/#primaryimage"},"image":{"@id":"https:\/\/www.distribution-transformer.com\/product\/three-phase-oil-immersed-transformer\/#primaryimage"},"thumbnailUrl":"https:\/\/www.distribution-transformer.com\/wp-content\/uploads\/2024\/03\/thumbnail.jpg","datePublished":"2024-03-25T03:34:21+00:00","dateModified":"2024-04-20T07:00:26+00:00","description":"Farady Electric enjoys about 20 years\u2019 experience in medium voltage section, with KEMA\/ASTA\/CE certificated, we supply Three Phase Oil Immersed Transformer with Competitive price and top quality.","breadcrumb":{"@id":"https:\/\/www.distribution-transformer.com\/product\/three-phase-oil-immersed-transformer\/#breadcrumb"},"inLanguage":"de","potentialAction":[{"@type":"ReadAction","target":["https:\/\/www.distribution-transformer.com\/product\/three-phase-oil-immersed-transformer\/"]}]},{"@type":"ImageObject","inLanguage":"de","@id":"https:\/\/www.distribution-transformer.com\/product\/three-phase-oil-immersed-transformer\/#primaryimage","url":"https:\/\/www.distribution-transformer.com\/wp-content\/uploads\/2024\/03\/thumbnail.jpg","contentUrl":"https:\/\/www.distribution-transformer.com\/wp-content\/uploads\/2024\/03\/thumbnail.jpg","width":550,"height":550},{"@type":"BreadcrumbList","@id":"https:\/\/www.distribution-transformer.com\/product\/three-phase-oil-immersed-transformer\/#breadcrumb","itemListElement":[{"@type":"ListItem","position":1,"name":"\u9996\u9875","item":"https:\/\/www.distribution-transformer.com\/"},{"@type":"ListItem","position":2,"name":"Products","item":"https:\/\/www.distribution-transformer.com\/products\/"},{"@type":"ListItem","position":3,"name":"Three Phase Oil Immersed Transformer"}]},{"@type":"WebSite","@id":"https:\/\/www.distribution-transformer.com\/#website","url":"https:\/\/www.distribution-transformer.com\/","name":"FARADY","description":"","potentialAction":[{"@type":"SearchAction","target":{"@type":"EntryPoint","urlTemplate":"https:\/\/www.distribution-transformer.com\/?s={search_term_string}"},"query-input":"required name=search_term_string"}],"inLanguage":"de"}]}},"_links":{"self":[{"href":"http:\/\/www.distribution-transformer.com\/de\/wp-json\/wp\/v2\/product\/2880","targetHints":{"allow":["GET"]}}],"collection":[{"href":"http:\/\/www.distribution-transformer.com\/de\/wp-json\/wp\/v2\/product"}],"about":[{"href":"http:\/\/www.distribution-transformer.com\/de\/wp-json\/wp\/v2\/types\/product"}],"replies":[{"embeddable":true,"href":"http:\/\/www.distribution-transformer.com\/de\/wp-json\/wp\/v2\/comments?post=2880"}],"wp:featuredmedia":[{"embeddable":true,"href":"http:\/\/www.distribution-transformer.com\/de\/wp-json\/wp\/v2\/media\/2882"}],"wp:attachment":[{"href":"http:\/\/www.distribution-transformer.com\/de\/wp-json\/wp\/v2\/media?parent=2880"}],"wp:term":[{"taxonomy":"product_cat","embeddable":true,"href":"http:\/\/www.distribution-transformer.com\/de\/wp-json\/wp\/v2\/product_cat?post=2880"},{"taxonomy":"product_tag","embeddable":true,"href":"http:\/\/www.distribution-transformer.com\/de\/wp-json\/wp\/v2\/product_tag?post=2880"}],"curies":[{"name":"wp","href":"https:\/\/api.w.org\/{rel}","templated":true}]}}